{"id":35754,"date":"2021-08-17T09:22:54","date_gmt":"2021-08-17T09:22:54","guid":{"rendered":"https:\/\/www.headshop.nl\/?post_type=product&#038;p=35754"},"modified":"2026-01-20T13:52:31","modified_gmt":"2026-01-20T13:52:31","slug":"trip-e-happycaps","status":"publish","type":"product","link":"https:\/\/www.headshop.nl\/it\/trip-e-happycaps\/","title":{"rendered":"Trip E Happy Caps"},"content":{"rendered":"<h2>4 Partypills di Trip E da HappyCaps<\/h2>\n<p>Se state cercando un'esperienza psichedelica e meditativa con la vostra pillola delle feste, questa sar\u00e0 perfetta. Iniziate lentamente (massimo 2 capsule) in modo da non essere sopraffatti la prima volta!<\/p>\n<p>Questa alternativa a base di erbe \u00e8 ottima per il suo viaggio introspettivo che \u00e8 disponibile per chiunque si prenda cura della propria mente prima di imbarcarsi in un'avventura trippy!<\/p>\n<p>Trip-E offre un'esperienza psichedelica unica e intensa. La formula \u00e8 perfetta per coloro che desiderano fare il passo successivo nel loro viaggio verso l'esplorazione della coscienza e l'espansione della consapevolezza attraverso un viaggio indimenticabile senza distrazioni.<\/p>\n<p>Trip-E, una capsula psichedelica che vi porter\u00e0 in un indimenticabile viaggio meditativo. Questa formula \u00e8 perfetta per qualsiasi ambiente in cui nulla pu\u00f2 distrarre dall'esperienza spettacolare e intensa del trip.<\/p>","protected":false},"excerpt":{"rendered":"<p>Trip E Happy Caps \u00e8 la pillola da party pi\u00f9 trippy che ci sia. Questa formula naturale a base di erbe vi aprir\u00e0 le porte di un incredibile mondo psichedelico, con tanto di immagini luminose!<\/p>","protected":false},"featured_media":47998,"template":"","meta":[],"product_brand":[],"product_cat":[412,297,707,409,397,386,384],"product_tag":[],"class_list":{"0":"post-35754","1":"product","2":"type-product","3":"status-publish","4":"has-post-thumbnail","6":"product_cat-trippy-pills","7":"product_cat-all-products","8":"product_cat-buy-xtc","9":"product_cat-happy-caps","10":"product_cat-party","11":"product_cat-party-pills","12":"product_cat-smartshop","13":"product_shipping_class-not-allowed-group-3","15":"first","16":"instock","17":"taxable","18":"shipping-taxable","19":"purchasable","20":"product-type-variable","21":"has-default-attributes"},"_links":{"self":[{"href":"https:\/\/www.headshop.nl\/it\/wp-json\/wp\/v2\/product\/35754","targetHints":{"allow":["GET"]}}],"collection":[{"href":"https:\/\/www.headshop.nl\/it\/wp-json\/wp\/v2\/product"}],"about":[{"href":"https:\/\/www.headshop.nl\/it\/wp-json\/wp\/v2\/types\/product"}],"wp:featuredmedia":[{"embeddable":true,"href":"https:\/\/www.headshop.nl\/it\/wp-json\/wp\/v2\/media\/47998"}],"wp:attachment":[{"href":"https:\/\/www.headshop.nl\/it\/wp-json\/wp\/v2\/media?parent=35754"}],"wp:term":[{"taxonomy":"product_brand","embeddable":true,"href":"https:\/\/www.headshop.nl\/it\/wp-json\/wp\/v2\/product_brand?post=35754"},{"taxonomy":"product_cat","embeddable":true,"href":"https:\/\/www.headshop.nl\/it\/wp-json\/wp\/v2\/product_cat?post=35754"},{"taxonomy":"product_tag","embeddable":true,"href":"https:\/\/www.headshop.nl\/it\/wp-json\/wp\/v2\/product_tag?post=35754"}],"curies":[{"name":"wp","href":"https:\/\/api.w.org\/{rel}","templated":true}]}}