{"id":35751,"date":"2021-08-17T08:58:20","date_gmt":"2021-08-17T08:58:20","guid":{"rendered":"https:\/\/www.headshop.nl\/?post_type=product&#038;p=35751"},"modified":"2022-09-19T14:03:24","modified_gmt":"2022-09-19T14:03:24","slug":"space-e-happycaps","status":"publish","type":"product","link":"https:\/\/www.headshop.nl\/it\/space-e-happycaps\/","title":{"rendered":"Space E Happy Caps"},"content":{"rendered":"<h2>4 Partypills di Space E da HappyCaps<\/h2>\n<p>La soluzione perfetta per qualsiasi festival o rave, Space E \u00e8 la pillola erboristica psichedelica che vi dar\u00e0 molta energia e una nuova prospettiva psichedelica sulla vita.<\/p>\n<p>La Space E \u00e8 la soluzione erboristica perfetta per i frequentatori di rave party che desiderano scatenarsi. \u00c8 in grado di risollevare l'umore, di fornire molta energia e di offrire un'esperienza psichedelica unica. Perfetto se state uscendo e volete un po' di euforia in pi\u00f9! Psy it up!<\/p>\n<p>La Space-e di Happy Caps \u00e8 una pillola per feste che \u00e8 stata progettata per farvi sentire sia rilassati che su di giri. \u00c8 perfetta per quando si \u00e8 in vena di un'intensa notte di festa o per rilassarsi a casa con gli amici. Aspettatevi un'esperienza spaziale e un po' trippy, ma energica!<\/p>","protected":false},"excerpt":{"rendered":"<p>L'Space E \u00e8 la pillola perfetta per le feste, per eliminare le tensioni. Per questo motivo \u00e8 particolarmente indicata per le feste trance, in quanto la vostra energia aumenter\u00e0 e vivrete un'esperienza euforica e leggermente psichedelica! Tutto questo senza gli effetti collaterali di altre droghe: solo ingredienti naturali nella Happy Caps.<\/p>","protected":false},"featured_media":47996,"template":"","meta":[],"product_brand":[],"product_cat":[412,297,707,409,397,386,384],"product_tag":[],"class_list":{"0":"post-35751","1":"product","2":"type-product","3":"status-publish","4":"has-post-thumbnail","6":"product_cat-trippy-pills","7":"product_cat-all-products","8":"product_cat-buy-xtc","9":"product_cat-happy-caps","10":"product_cat-party","11":"product_cat-party-pills","12":"product_cat-smartshop","14":"first","15":"instock","16":"taxable","17":"shipping-taxable","18":"purchasable","19":"product-type-variable","20":"has-default-attributes"},"_links":{"self":[{"href":"https:\/\/www.headshop.nl\/it\/wp-json\/wp\/v2\/product\/35751","targetHints":{"allow":["GET"]}}],"collection":[{"href":"https:\/\/www.headshop.nl\/it\/wp-json\/wp\/v2\/product"}],"about":[{"href":"https:\/\/www.headshop.nl\/it\/wp-json\/wp\/v2\/types\/product"}],"wp:featuredmedia":[{"embeddable":true,"href":"https:\/\/www.headshop.nl\/it\/wp-json\/wp\/v2\/media\/47996"}],"wp:attachment":[{"href":"https:\/\/www.headshop.nl\/it\/wp-json\/wp\/v2\/media?parent=35751"}],"wp:term":[{"taxonomy":"product_brand","embeddable":true,"href":"https:\/\/www.headshop.nl\/it\/wp-json\/wp\/v2\/product_brand?post=35751"},{"taxonomy":"product_cat","embeddable":true,"href":"https:\/\/www.headshop.nl\/it\/wp-json\/wp\/v2\/product_cat?post=35751"},{"taxonomy":"product_tag","embeddable":true,"href":"https:\/\/www.headshop.nl\/it\/wp-json\/wp\/v2\/product_tag?post=35751"}],"curies":[{"name":"wp","href":"https:\/\/api.w.org\/{rel}","templated":true}]}}