{"id":35749,"date":"2021-08-17T08:03:43","date_gmt":"2021-08-17T08:03:43","guid":{"rendered":"https:\/\/www.headshop.nl\/?post_type=product&#038;p=35749"},"modified":"2026-02-21T01:26:16","modified_gmt":"2026-02-21T01:26:16","slug":"sex-e-happycaps","status":"publish","type":"product","link":"https:\/\/www.headshop.nl\/it\/sex-e-happycaps\/","title":{"rendered":"Sex E Happy Caps"},"content":{"rendered":"<h2>4 Partypills di Sex E da HappyCaps<\/h2>\n<p>Il Sex E Happy Caps sar\u00e0 l'aggiunta perfetta a qualsiasi serata romantica. Questa formula naturale a base di erbe agisce come afrodisiaco e pu\u00f2 aumentare la libido, migliorare le prestazioni a letto e molto altro ancora!<\/p>\n<p>Per chi \u00e8 alla ricerca di un potenziamento della libido e della sensualit\u00e0, questo \u00e8 un afrodisiaco perfetto che pu\u00f2 essere usato da entrambi i partner! Se state programmando una serata romantica con il vostro partner e volete riempire l'aria di energia lussuriosa, tirate fuori questi potenti ingredienti.<\/p>\n<p>Aiuteranno tutte le persone che vogliono che la loro vita sessuale esploda in qualcosa di pi\u00f9 appassionato di quanto abbiano mai sperimentato prima - questa formula funziona anche per le persone che non hanno esperienza di altri stimolanti o droghe - basta aprirla e godersi le sensazioni il prima possibile!<\/p>\n<p>Per chi ha intenzione di utilizzare un afrodisiaco, questo integratore \u00e8 perfetto per il potenziamento sensuale. Lo stimolante della libido sar\u00e0 un flusso d'amore e di eccitazione durante i momenti di intimit\u00e0 romantica. Chi non ha esperienza in altri tipi di stimolazione, pu\u00f2 semplicemente assumerlo quando desidera una spinta in pi\u00f9!<\/p>","protected":false},"excerpt":{"rendered":"<p>Quando voi e il vostro partner vi sentite un po' eccitati, prendete il Sex E Happy Caps! Questa formula naturale a base di erbe agisce come afrodisiaco. Ci\u00f2 significa che pu\u00f2 aumentare la libido e migliorare le prestazioni a letto, tra le altre cose. Se questo non si trasforma in romanticismo in men che non si dica, non sappiamo cosa possa fare al caso vostro!<\/p>","protected":false},"featured_media":47994,"template":"","meta":[],"product_brand":[],"product_cat":[395,297,707,411,409,386,705,384],"product_tag":[],"class_list":{"0":"post-35749","1":"product","2":"type-product","3":"status-publish","4":"has-post-thumbnail","6":"product_cat-aphrodisiacs","7":"product_cat-all-products","8":"product_cat-buy-xtc","9":"product_cat-energy-pills","10":"product_cat-happy-caps","11":"product_cat-party-pills","12":"product_cat-sex-shop","13":"product_cat-smartshop","15":"first","16":"instock","17":"taxable","18":"shipping-taxable","19":"purchasable","20":"product-type-variable","21":"has-default-attributes"},"_links":{"self":[{"href":"https:\/\/www.headshop.nl\/it\/wp-json\/wp\/v2\/product\/35749","targetHints":{"allow":["GET"]}}],"collection":[{"href":"https:\/\/www.headshop.nl\/it\/wp-json\/wp\/v2\/product"}],"about":[{"href":"https:\/\/www.headshop.nl\/it\/wp-json\/wp\/v2\/types\/product"}],"wp:featuredmedia":[{"embeddable":true,"href":"https:\/\/www.headshop.nl\/it\/wp-json\/wp\/v2\/media\/47994"}],"wp:attachment":[{"href":"https:\/\/www.headshop.nl\/it\/wp-json\/wp\/v2\/media?parent=35749"}],"wp:term":[{"taxonomy":"product_brand","embeddable":true,"href":"https:\/\/www.headshop.nl\/it\/wp-json\/wp\/v2\/product_brand?post=35749"},{"taxonomy":"product_cat","embeddable":true,"href":"https:\/\/www.headshop.nl\/it\/wp-json\/wp\/v2\/product_cat?post=35749"},{"taxonomy":"product_tag","embeddable":true,"href":"https:\/\/www.headshop.nl\/it\/wp-json\/wp\/v2\/product_tag?post=35749"}],"curies":[{"name":"wp","href":"https:\/\/api.w.org\/{rel}","templated":true}]}}