{"id":35741,"date":"2021-08-17T07:33:56","date_gmt":"2021-08-17T07:33:56","guid":{"rendered":"https:\/\/www.headshop.nl\/?post_type=product&#038;p=35741"},"modified":"2025-06-06T06:34:21","modified_gmt":"2025-06-06T06:34:21","slug":"atomic-partypills","status":"publish","type":"product","link":"https:\/\/www.headshop.nl\/it\/atomic-partypills\/","title":{"rendered":"Atomic Partypills"},"content":{"rendered":"<h2>6 Atomic Partypills da HPA<\/h2>\n<p>Vi \u00e8 mai capitato di essere cos\u00ec carichi di energia che le persone intorno a voi sentono le vostre vibrazioni? Bene, queste pillole vi regaleranno ore di festa ad alta energia senza sosta! Offrono una spinta alla mente e al corpo per qualsiasi occasione. Che sia perch\u00e9 il lavoro ha prosciugato tutta la vostra resistenza o perch\u00e9 volete semplicemente fare festa con gli amici, questa pillola \u00e8 perfetta in qualsiasi momento di una notte!<\/p>\n<p>Come suggerisce il nome, se siete alla ricerca di una bomba energetica, non cercate oltre le pillole Atomic Party. Questo incredibile integratore contiene ingredienti naturali che possono contribuire a migliorare le capacit\u00e0 cognitive, come la concentrazione, e a dare agli utenti una scarica di energia di lunga durata per tutta la giornata, senza dover subire crolli a causa dei suoi effetti pi\u00f9 avanti nel tempo.<\/p>\n<p>Queste pillole per le feste hanno il potenziale per essere una vera e propria bomba energetica e sono ricche di ingredienti naturali in grado di potenziare le capacit\u00e0 cognitive. Se volete fare festa sul serio, queste pillole faranno sicuramente al caso vostro!<\/p>","protected":false},"excerpt":{"rendered":"<p>Se state cercando un modo semplice e veloce per ottenere l'energia di una bomba atomica, le pillole per feste Atomic sono ci\u00f2 che fa per voi! Queste pillole non solo potenziano le vostre capacit\u00e0 cognitive, ma contengono anche ingredienti naturali che aiutano a tenere a bada i fastidiosi postumi della sbornia. Quando si tratta di fare festa o di stare svegli fino a tardi per studiare per gli esami, queste capsule notturne sono utili nel campus come in qualsiasi altra occasione, quindi provatele oggi stesso!<\/p>","protected":false},"featured_media":35828,"template":"","meta":[],"product_brand":[],"product_cat":[386,297,707,411,494,397,384],"product_tag":[],"class_list":{"0":"post-35741","1":"product","2":"type-product","3":"status-publish","4":"has-post-thumbnail","6":"product_cat-party-pills","7":"product_cat-all-products","8":"product_cat-buy-xtc","9":"product_cat-energy-pills","10":"product_cat-hpa","11":"product_cat-party","12":"product_cat-smartshop","13":"product_shipping_class-not-allowed-group-1","15":"first","16":"instock","17":"taxable","18":"shipping-taxable","19":"purchasable","20":"product-type-variable","21":"has-default-attributes"},"_links":{"self":[{"href":"https:\/\/www.headshop.nl\/it\/wp-json\/wp\/v2\/product\/35741","targetHints":{"allow":["GET"]}}],"collection":[{"href":"https:\/\/www.headshop.nl\/it\/wp-json\/wp\/v2\/product"}],"about":[{"href":"https:\/\/www.headshop.nl\/it\/wp-json\/wp\/v2\/types\/product"}],"wp:featuredmedia":[{"embeddable":true,"href":"https:\/\/www.headshop.nl\/it\/wp-json\/wp\/v2\/media\/35828"}],"wp:attachment":[{"href":"https:\/\/www.headshop.nl\/it\/wp-json\/wp\/v2\/media?parent=35741"}],"wp:term":[{"taxonomy":"product_brand","embeddable":true,"href":"https:\/\/www.headshop.nl\/it\/wp-json\/wp\/v2\/product_brand?post=35741"},{"taxonomy":"product_cat","embeddable":true,"href":"https:\/\/www.headshop.nl\/it\/wp-json\/wp\/v2\/product_cat?post=35741"},{"taxonomy":"product_tag","embeddable":true,"href":"https:\/\/www.headshop.nl\/it\/wp-json\/wp\/v2\/product_tag?post=35741"}],"curies":[{"name":"wp","href":"https:\/\/api.w.org\/{rel}","templated":true}]}}