{"id":35737,"date":"2021-08-17T07:33:52","date_gmt":"2021-08-17T07:33:52","guid":{"rendered":"https:\/\/www.headshop.nl\/?post_type=product&#038;p=35737"},"modified":"2025-12-31T01:26:25","modified_gmt":"2025-12-31T01:26:25","slug":"party-e-happycaps","status":"publish","type":"product","link":"https:\/\/www.headshop.nl\/it\/party-e-happycaps\/","title":{"rendered":"Party E Happy Caps"},"content":{"rendered":"<h2>4 Partypills di Party E da HappyCaps<\/h2>\n<p>Le capsule Party E di Happy Caps sono state sviluppate appositamente per farvi vivere una serata fantastica. Con le pillole Party E, si fornisce pi\u00f9 energia e umore per una festa divertente tutto in uno! E s\u00ec, sono anche legali, quindi non c'\u00e8 bisogno di preoccuparsi di finire nei guai con quel fastidioso ufficiale delle forze dell'ordine a casa vostra.<\/p>\n<p>Potrebbe essere arrivato il momento di dare un po' di pepe alla vostra vita sociale, e se volete un metodo a base di erbe che vi dia molta energia quando la festa \u00e8 in corso, non cercate oltre! L'esaltatore dell'umore pi\u00f9 coinvolgente dal punto di vista sociale \u00e8 anche un'ottima alternativa perch\u00e9 si adatta alla quantit\u00e0 di festeggiamenti che fate. Questa pillola favorisce l'euforia in qualsiasi festa, rinforzandovi con molte erbe diverse come la foglia Damiana e la Passion Flower Extract.<\/p>\n<p>Se volete fare festa come se non ci fosse un domani, non cercate altro che questo stimolante dell'umore! Questa alternativa a base di erbe vi far\u00e0 scorrere l'energia e vi dar\u00e0 molta euforia.<\/p>","protected":false},"excerpt":{"rendered":"<p>Tempo di Party! Le capsule Party E di Happy Caps vi coprono per una grande serata. Con le pillole, avrete pi\u00f9 energia e vi sentirete meglio in generale, oltre a fare una festa fantastica con tutti i vostri amici. Inoltre, sono a base naturale, quindi \u00e8 una notizia ancora migliore, oltre ad essere legale!<\/p>","protected":false},"featured_media":47988,"template":"","meta":[],"product_brand":[],"product_cat":[386,297,707,411,409,397,384],"product_tag":[],"class_list":{"0":"post-35737","1":"product","2":"type-product","3":"status-publish","4":"has-post-thumbnail","6":"product_cat-party-pills","7":"product_cat-all-products","8":"product_cat-buy-xtc","9":"product_cat-energy-pills","10":"product_cat-happy-caps","11":"product_cat-party","12":"product_cat-smartshop","14":"first","15":"instock","16":"taxable","17":"shipping-taxable","18":"purchasable","19":"product-type-variable","20":"has-default-attributes"},"_links":{"self":[{"href":"https:\/\/www.headshop.nl\/it\/wp-json\/wp\/v2\/product\/35737","targetHints":{"allow":["GET"]}}],"collection":[{"href":"https:\/\/www.headshop.nl\/it\/wp-json\/wp\/v2\/product"}],"about":[{"href":"https:\/\/www.headshop.nl\/it\/wp-json\/wp\/v2\/types\/product"}],"wp:featuredmedia":[{"embeddable":true,"href":"https:\/\/www.headshop.nl\/it\/wp-json\/wp\/v2\/media\/47988"}],"wp:attachment":[{"href":"https:\/\/www.headshop.nl\/it\/wp-json\/wp\/v2\/media?parent=35737"}],"wp:term":[{"taxonomy":"product_brand","embeddable":true,"href":"https:\/\/www.headshop.nl\/it\/wp-json\/wp\/v2\/product_brand?post=35737"},{"taxonomy":"product_cat","embeddable":true,"href":"https:\/\/www.headshop.nl\/it\/wp-json\/wp\/v2\/product_cat?post=35737"},{"taxonomy":"product_tag","embeddable":true,"href":"https:\/\/www.headshop.nl\/it\/wp-json\/wp\/v2\/product_tag?post=35737"}],"curies":[{"name":"wp","href":"https:\/\/api.w.org\/{rel}","templated":true}]}}