{"id":35735,"date":"2021-08-17T07:33:50","date_gmt":"2021-08-17T07:33:50","guid":{"rendered":"https:\/\/www.headshop.nl\/?post_type=product&#038;p=35735"},"modified":"2025-12-31T01:26:25","modified_gmt":"2025-12-31T01:26:25","slug":"euphory-e-happycaps","status":"publish","type":"product","link":"https:\/\/www.headshop.nl\/it\/euphory-e-happycaps\/","title":{"rendered":"Euphory E Happy Caps"},"content":{"rendered":"<h2>4 Partypills di Euphory E da HappyCaps<\/h2>\n<p>Euphory E non \u00e8 la tipica pillola da festa. Questo integratore a base di erbe vi dar\u00e0 una sensazione di euforia, che potrebbe essere ci\u00f2 di cui alcune persone hanno bisogno per rendere la loro notte ancora pi\u00f9 speciale!<\/p>\n<p>Le pillole per feste Euphory E di Happy Caps renderanno indimenticabile la vostra prossima serata. La formula naturale a base di erbe fornisce una sensazione piacevole ed energica che \u00e8 accompagnata da grande soddisfazione, quindi potete usare questi tappi alla festa per rendere l'atmosfera ancora pi\u00f9 bella di quanto non sia gi\u00e0.<\/p>\n<p>Euphory E \u00e8 una pillola per feste che far\u00e0 passare la vostra serata da bella a bella! Ha un effetto stimolante sull'umore per chi ha bisogno di una spinta in pi\u00f9 e aiuta a sentirsi pi\u00f9 sicuri durante i festeggiamenti. Se queste sono le caratteristiche che cercate in questa occasione speciale, Euphory E \u00e8 la soluzione che fa per voi.<\/p>","protected":false},"excerpt":{"rendered":"<p>Le pillole per feste Euphory E sono il modo perfetto per godersi qualsiasi evento. La formula naturale a base di erbe fornisce una sensazione piacevole ed energica, accompagnata da una grande soddisfazione, in modo che possiate sentirvi meravigliosi al vostro prossimo incontro sociale senza dovervi preoccupare della dipendenza o di altri effetti collaterali.<\/p>","protected":false},"featured_media":47982,"template":"","meta":[],"product_brand":[],"product_cat":[386,297,707,411,409,384],"product_tag":[],"class_list":{"0":"post-35735","1":"product","2":"type-product","3":"status-publish","4":"has-post-thumbnail","6":"product_cat-party-pills","7":"product_cat-all-products","8":"product_cat-buy-xtc","9":"product_cat-energy-pills","10":"product_cat-happy-caps","11":"product_cat-smartshop","12":"product_shipping_class-not-allowed-group-1","14":"first","15":"instock","16":"taxable","17":"shipping-taxable","18":"purchasable","19":"product-type-variable","20":"has-default-attributes"},"_links":{"self":[{"href":"https:\/\/www.headshop.nl\/it\/wp-json\/wp\/v2\/product\/35735","targetHints":{"allow":["GET"]}}],"collection":[{"href":"https:\/\/www.headshop.nl\/it\/wp-json\/wp\/v2\/product"}],"about":[{"href":"https:\/\/www.headshop.nl\/it\/wp-json\/wp\/v2\/types\/product"}],"wp:featuredmedia":[{"embeddable":true,"href":"https:\/\/www.headshop.nl\/it\/wp-json\/wp\/v2\/media\/47982"}],"wp:attachment":[{"href":"https:\/\/www.headshop.nl\/it\/wp-json\/wp\/v2\/media?parent=35735"}],"wp:term":[{"taxonomy":"product_brand","embeddable":true,"href":"https:\/\/www.headshop.nl\/it\/wp-json\/wp\/v2\/product_brand?post=35735"},{"taxonomy":"product_cat","embeddable":true,"href":"https:\/\/www.headshop.nl\/it\/wp-json\/wp\/v2\/product_cat?post=35735"},{"taxonomy":"product_tag","embeddable":true,"href":"https:\/\/www.headshop.nl\/it\/wp-json\/wp\/v2\/product_tag?post=35735"}],"curies":[{"name":"wp","href":"https:\/\/api.w.org\/{rel}","templated":true}]}}