{"id":35733,"date":"2021-08-17T07:33:49","date_gmt":"2021-08-17T07:33:49","guid":{"rendered":"https:\/\/www.headshop.nl\/?post_type=product&#038;p=35733"},"modified":"2022-09-19T14:06:37","modified_gmt":"2022-09-19T14:06:37","slug":"dance-e-happycaps","status":"publish","type":"product","link":"https:\/\/www.headshop.nl\/it\/dance-e-happycaps\/","title":{"rendered":"Dance E Happy Caps"},"content":{"rendered":"<h2>4 Partypills di Dance E da HappyCaps<\/h2>\n<p>Ballate tutta la notte con queste pillole per feste Dance E di Happy Caps. Potrete godere di un'enorme spinta energetica e, come sempre, potete aspettarvi che il vostro umore migliori in modo significativo! Inoltre, le capsule sono completamente naturali, quindi non c'\u00e8 da preoccuparsi che qualcosa di artificiale si intrufoli in questo prodotto.<\/p>\n<p>Dopo pochi minuti dall'assunzione di una o due capsule (a seconda della quantit\u00e0 di danza desiderata), inizia a fare i suoi miracoli nel corpo, dando una carica di energia e risollevando l'umore.<\/p>\n<p>Immaginate i suoni dei ritmi dei DJ che pulsano nelle vostre vene e sentite le vibrazioni felici e festaiole. Forse non vi eravate resi conto che tutti i problemi del lavoro vi stavano facendo perdere la testa fino ad ora! Ecco perch\u00e9 \u00e8 indispensabile mantenere l'energia il pi\u00f9 possibile con questa pillola euforizzante, in modo che il divertimento non si fermi a mezzanotte!<\/p>","protected":false},"excerpt":{"rendered":"<p>Ogni festa ha bisogno di un po' di energia in pi\u00f9! E con queste capsule Happy Caps Dance E, non c'\u00e8 bisogno di preoccuparsi di perdere energia. Queste pillole vi daranno la spinta di motivazione e felicit\u00e0 che la vostra pista da ballo ha desiderato per tutta la notte, quindi continuate fino alla fine! Battete i piedi come matti!<\/p>","protected":false},"featured_media":47978,"template":"","meta":[],"product_brand":[],"product_cat":[386,297,707,411,409,397,384],"product_tag":[],"class_list":{"0":"post-35733","1":"product","2":"type-product","3":"status-publish","4":"has-post-thumbnail","6":"product_cat-party-pills","7":"product_cat-all-products","8":"product_cat-buy-xtc","9":"product_cat-energy-pills","10":"product_cat-happy-caps","11":"product_cat-party","12":"product_cat-smartshop","14":"first","15":"instock","16":"taxable","17":"shipping-taxable","18":"purchasable","19":"product-type-variable","20":"has-default-attributes"},"_links":{"self":[{"href":"https:\/\/www.headshop.nl\/it\/wp-json\/wp\/v2\/product\/35733","targetHints":{"allow":["GET"]}}],"collection":[{"href":"https:\/\/www.headshop.nl\/it\/wp-json\/wp\/v2\/product"}],"about":[{"href":"https:\/\/www.headshop.nl\/it\/wp-json\/wp\/v2\/types\/product"}],"wp:featuredmedia":[{"embeddable":true,"href":"https:\/\/www.headshop.nl\/it\/wp-json\/wp\/v2\/media\/47978"}],"wp:attachment":[{"href":"https:\/\/www.headshop.nl\/it\/wp-json\/wp\/v2\/media?parent=35733"}],"wp:term":[{"taxonomy":"product_brand","embeddable":true,"href":"https:\/\/www.headshop.nl\/it\/wp-json\/wp\/v2\/product_brand?post=35733"},{"taxonomy":"product_cat","embeddable":true,"href":"https:\/\/www.headshop.nl\/it\/wp-json\/wp\/v2\/product_cat?post=35733"},{"taxonomy":"product_tag","embeddable":true,"href":"https:\/\/www.headshop.nl\/it\/wp-json\/wp\/v2\/product_tag?post=35733"}],"curies":[{"name":"wp","href":"https:\/\/api.w.org\/{rel}","templated":true}]}}