{"id":35636,"date":"2021-08-17T06:41:42","date_gmt":"2021-08-17T06:41:42","guid":{"rendered":"https:\/\/www.headshop.nl\/?post_type=product&#038;p=35636"},"modified":"2025-12-31T01:26:25","modified_gmt":"2025-12-31T01:26:25","slug":"energy-e-happycaps","status":"publish","type":"product","link":"https:\/\/www.headshop.nl\/it\/energy-e-happycaps\/","title":{"rendered":"Energy E Happy Caps"},"content":{"rendered":"<h2>4 Partypills di Energy E da HappyCaps<\/h2>\n<p>La notte \u00e8 ancora giovane quando la festa inizia a diventare un po' noiosa. \u00c8 ora di avere un po' di carburante ed energia in pi\u00f9, ma a chi rivolgersi? Per fortuna ci sono queste capsule Energy E che vi aiuteranno a dare un nuovo senso alla vostra vita o almeno a intrattenere tutti i vostri ospiti fino a quando non saranno pronti per tornare a casa!<\/p>\n<p>Queste HappyCaps contengono erbe naturali che forniscono una spinta istantanea, senza dare una sensazione di nervosismo come la maggior parte degli altri integratori. Quindi cosa stiamo aspettando? Prendetene subito una, prima che sia troppo tardi: potrebbe essere la soluzione giusta per trasformare questa serata in un'avventura piena di divertimento e di ricordi indelebili!<\/p>\n<p>Se siete alla ricerca di una carica di energia, non cercate oltre! Questa alternativa alle erbe per le feste vi dar\u00e0 la carica necessaria per superare qualsiasi notte di festa. Alcuni si rivolgono a queste pillole anche quando hanno bisogno di un aiuto per concentrarsi sui compiti al lavoro o a scuola. Qualunque sia il vostro piano per il fine settimana - purch\u00e9 preveda che siate vigili e pronti a partire - queste pillole per feste sono perfette per organizzare ore di divertimento!<\/p>","protected":false},"excerpt":{"rendered":"<p>L'unica cosa peggiore di una festa in cui ci si sente affaticati \u00e8 quando il livello di energia inizia a diminuire. La formula naturale a base di erbe contenuta in Energy E Happy Caps garantisce l'energia necessaria per tutta la notte, in modo da poter ballare come se nessuno ci stesse guardando!<\/p>","protected":false},"featured_media":47980,"template":"","meta":[],"product_brand":[],"product_cat":[386,297,707,411,409,397,384],"product_tag":[],"class_list":{"0":"post-35636","1":"product","2":"type-product","3":"status-publish","4":"has-post-thumbnail","6":"product_cat-party-pills","7":"product_cat-all-products","8":"product_cat-buy-xtc","9":"product_cat-energy-pills","10":"product_cat-happy-caps","11":"product_cat-party","12":"product_cat-smartshop","14":"first","15":"instock","16":"taxable","17":"shipping-taxable","18":"purchasable","19":"product-type-variable","20":"has-default-attributes"},"_links":{"self":[{"href":"https:\/\/www.headshop.nl\/it\/wp-json\/wp\/v2\/product\/35636","targetHints":{"allow":["GET"]}}],"collection":[{"href":"https:\/\/www.headshop.nl\/it\/wp-json\/wp\/v2\/product"}],"about":[{"href":"https:\/\/www.headshop.nl\/it\/wp-json\/wp\/v2\/types\/product"}],"wp:featuredmedia":[{"embeddable":true,"href":"https:\/\/www.headshop.nl\/it\/wp-json\/wp\/v2\/media\/47980"}],"wp:attachment":[{"href":"https:\/\/www.headshop.nl\/it\/wp-json\/wp\/v2\/media?parent=35636"}],"wp:term":[{"taxonomy":"product_brand","embeddable":true,"href":"https:\/\/www.headshop.nl\/it\/wp-json\/wp\/v2\/product_brand?post=35636"},{"taxonomy":"product_cat","embeddable":true,"href":"https:\/\/www.headshop.nl\/it\/wp-json\/wp\/v2\/product_cat?post=35636"},{"taxonomy":"product_tag","embeddable":true,"href":"https:\/\/www.headshop.nl\/it\/wp-json\/wp\/v2\/product_tag?post=35636"}],"curies":[{"name":"wp","href":"https:\/\/api.w.org\/{rel}","templated":true}]}}