{"id":35611,"date":"2022-09-13T10:36:55","date_gmt":"2022-09-13T10:36:55","guid":{"rendered":"https:\/\/www.headshop.nl\/?post_type=product&#038;p=35611"},"modified":"2025-10-31T08:53:41","modified_gmt":"2025-10-31T08:53:41","slug":"chaga-extract-capsules","status":"publish","type":"product","link":"https:\/\/www.headshop.nl\/it\/chaga-extract-capsules\/","title":{"rendered":"Chaga Extract Capsules"},"content":{"rendered":"<h2>Che cos'\u00e8 l'Chaga?<\/h2>\n<p>Chaga (Inonotus obliquus) \u00e8 un fungo medicinale che prospera nei climi freddi dell'emisfero settentrionale. Cresce principalmente sulle betulle, formando un esterno nero, simile al carbone, mentre rivela un ricco interno arancione. Spesso chiamato \"oro nero\" in Russia, l'Chaga \u00e8 apprezzato per le sue notevoli propriet\u00e0 salutari.<\/p>\n<p>Ricco di composti benefici come i polisaccaridi, la betulina, l'acido betulinico e gli steroli, l'Chaga \u00e8 stato tradizionalmente utilizzato per promuovere il benessere generale. Le nostre capsule di Chaga contengono un estratto di alta qualit\u00e0 a spettro completo dal corpo fruttifero del fungo, che garantisce la massima efficacia.<\/p>\n<h2>Storia di Chaga<\/h2>\n<p>L'Chaga \u00e8 stato utilizzato per secoli, in particolare nella medicina popolare siberiana e russa. Le comunit\u00e0 siberiane indigene preparavano il t\u00e8 Chaga per migliorare la resistenza e la salute generale. Nella medicina tradizionale cinese \u00e8 stato riconosciuto come un adattogeno, che aiuta l'organismo a gestire lo stress e la fatica.<\/p>\n<p>La ricerca moderna evidenzia i composti bioattivi dell'Chaga, rafforzando il suo ruolo nel benessere olistico. Con la sua ricca concentrazione di polisaccaridi, betulina e acido betulinico, l'Chaga rimane un rimedio naturale popolare, noto per le sue propriet\u00e0 immunitarie e antiossidanti.<\/p>\n<h2>Come utilizzare Chaga<\/h2>\n<p>L'aggiunta di Chaga alla vostra routine quotidiana \u00e8 semplice ed efficace. Ogni capsula contiene 400 mg di estratto biologico di Chaga, arricchito con vitamina C e zinco per ottenere maggiori benefici.<\/p>\n<p>La dose consigliata \u00e8 di due capsule al giorno, da assumere durante i pasti e con acqua. Per ottenere risultati ottimali, la costanza \u00e8 fondamentale. Chaga pu\u00f2 essere combinato con altri funghi medicinali per un approccio pi\u00f9 completo al benessere. Queste capsule vegane sono facili da assumere e adatte all'uso quotidiano.<\/p>\n<h2>Ingredienti di Chaga Capsules<\/h2>\n<p>Ogni capsula vegana \u00e8 formulata con 400 mg di estratto organico di Chaga, ricavato esclusivamente dal corpo fruttifero (sclerozi) del fungo. L'estratto a spettro completo viene sottoposto a estrazione sia in acqua che in etanolo per massimizzare la biodisponibilit\u00e0.<\/p>\n<p>La formula \u00e8 ulteriormente arricchita con Vitamina C e Zinco, entrambi noti per le loro propriet\u00e0 immunitarie. La vitamina C favorisce il metabolismo energetico, mentre lo zinco contribuisce alla salute del sistema immunitario e alla vitalit\u00e0 generale. Altri ingredienti includono il citrato di magnesio e il biossido di silicio per la stabilit\u00e0 della capsula.<\/p>\n<p><strong>Avvertenze<\/strong><\/p>\n<p>Chaga by McMyco \u00e8 un integratore alimentare e deve essere usato di conseguenza. Tenere fuori dalla portata dei bambini. Consultare un professionista della salute prima dell'uso in caso di gravidanza, allattamento o condizioni di salute sottostanti. Non superare la dose giornaliera raccomandata.<\/p>","protected":false},"excerpt":{"rendered":"<p>L'Chaga, noto anche come diamante della foresta, \u00e8 stato usato per secoli per sostenere l'immunit\u00e0 e combattere i virus. L'Chaga contiene forti antiossidanti che possono aiutare a combattere alcune forme di cancro grazie agli acidi betulinici, all'ergosterolo, al fecosterolo e all'epsterolo presenti sulla sua superficie, come le cumarine che, a dosi elevate, sono ritenute cancerogene o anticancerogene.<\/p>","protected":false},"featured_media":87983,"template":"","meta":[],"product_brand":[],"product_cat":[813,297,461,455,630,404,462,398,399,384,458,456],"product_tag":[978],"class_list":{"0":"post-35611","1":"product","2":"type-product","3":"status-publish","4":"has-post-thumbnail","6":"product_cat-mcmyco","7":"product_cat-all-products","8":"product_cat-detox","9":"product_cat-healthshop","10":"product_cat-healthshop-top-10","11":"product_cat-medicinal-mushrooms-supplements","12":"product_cat-medicinal-mushrooms-healthshop","13":"product_cat-mushrooms","14":"product_cat-shroomshop","15":"product_cat-smartshop","16":"product_cat-superfoods","17":"product_cat-supplements","18":"product_tag-shrdeal","19":"product_shipping_class-creditcard-on","21":"first","22":"instock","23":"taxable","24":"shipping-taxable","25":"purchasable","26":"product-type-variable","27":"has-default-attributes"},"_links":{"self":[{"href":"https:\/\/www.headshop.nl\/it\/wp-json\/wp\/v2\/product\/35611","targetHints":{"allow":["GET"]}}],"collection":[{"href":"https:\/\/www.headshop.nl\/it\/wp-json\/wp\/v2\/product"}],"about":[{"href":"https:\/\/www.headshop.nl\/it\/wp-json\/wp\/v2\/types\/product"}],"wp:featuredmedia":[{"embeddable":true,"href":"https:\/\/www.headshop.nl\/it\/wp-json\/wp\/v2\/media\/87983"}],"wp:attachment":[{"href":"https:\/\/www.headshop.nl\/it\/wp-json\/wp\/v2\/media?parent=35611"}],"wp:term":[{"taxonomy":"product_brand","embeddable":true,"href":"https:\/\/www.headshop.nl\/it\/wp-json\/wp\/v2\/product_brand?post=35611"},{"taxonomy":"product_cat","embeddable":true,"href":"https:\/\/www.headshop.nl\/it\/wp-json\/wp\/v2\/product_cat?post=35611"},{"taxonomy":"product_tag","embeddable":true,"href":"https:\/\/www.headshop.nl\/it\/wp-json\/wp\/v2\/product_tag?post=35611"}],"curies":[{"name":"wp","href":"https:\/\/api.w.org\/{rel}","templated":true}]}}