{"id":35552,"date":"2024-08-12T11:39:30","date_gmt":"2024-08-12T11:39:30","guid":{"rendered":"https:\/\/www.headshop.nl\/?post_type=product&#038;p=35552"},"modified":"2026-03-28T01:26:15","modified_gmt":"2026-03-28T01:26:15","slug":"high-hawaiians-magic-truffles","status":"publish","type":"product","link":"https:\/\/www.headshop.nl\/it\/high-hawaiians-magic-truffles\/","title":{"rendered":"High Hawaiians"},"content":{"rendered":"<h2 class=\"\" dir=\"auto\">Cosa sono i tartufi magici High Hawaiians?<\/h2>\n<p class=\"break-words\" dir=\"auto\">I tartufi magici High Hawaiians sono sclerozi, una fitta rete di micelio che si forma nel sottosuolo da funghi specifici quando condizioni come temperature pi\u00f9 basse e maggiore umidit\u00e0 ritardano la crescita dei funghi. Questi tartufi immagazzinano le sostanze nutritive, consentendo ai funghi di spuntare pi\u00f9 tardi quando le condizioni migliorano, e contengono psilocibina, che si converte in psilocina nel corpo, influenzando i livelli di serotonina per allucinazioni vivide e percezioni alterate.<\/p>\n<p class=\"break-words\" dir=\"auto\">Rinomate per la loro potenza, le High Hawaiians sono preferite dai consumatori esperti che cercano esperienze psichedeliche profonde, con effetti che variano in base al dosaggio e alla sensibilit\u00e0 individuale, offrendo intuizioni visive, emotive e filosofiche. Il loro profilo nutrizionale, che comprende energia, proteine e minerali, completa le loro propriet\u00e0 psicoattive, rendendole un prodotto unico che favorisce la scoperta di s\u00e9 e una connessione pi\u00f9 profonda con il mondo.<\/p>\n<h2 class=\"\" dir=\"auto\">Storia dei tartufi magici High Hawaiians<\/h2>\n<p class=\"break-words\" dir=\"auto\">L'uso dei tartufi magici, tra cui l'High Hawaiians, risale alle antiche culture dell'America centrale e meridionale, dove i funghi contenenti psilocibina venivano utilizzati nei rituali spirituali e sciamanici per entrare in contatto con il divino. Nell'era moderna, i tartufi magici hanno guadagnato terreno nei Paesi Bassi, dove rimangono legali grazie alla distinzione dai funghi, con il ceppo Psilocybe Tampelandia dell'High Hawaiians che si \u00e8 distinto per la sua notevole potenza.<\/p>\n<p class=\"break-words\" dir=\"auto\">Coltivata per replicare la formazione naturale di sclerozi, la High Hawaiians \u00e8 diventata popolare durante il movimento psichedelico della fine del XX secolo, riflettendo un cambiamento culturale verso l'esplorazione della coscienza. Oggi sono ricercate in tutto il mondo e fondono l'antica saggezza con le moderne tecniche di coltivazione per offrire un'esperienza costante e potente agli psiconauti.<\/p>\n<h2 class=\"\" dir=\"auto\">Come utilizzare i tartufi magici High Hawaiians<\/h2>\n<p class=\"break-words\" dir=\"auto\">Per un consumo sicuro, assumere i tartufi magici High Hawaiians in un ambiente tranquillo e fidato, iniziando con mezza confezione da 25 grammi, data la loro forza, e valutare gli effetti dopo 30-45 minuti prima di consumarne altri. Masticare accuratamente per un migliore assorbimento, oppure preparare un t\u00e8 o una zuppa, possibilmente a stomaco vuoto, con effetti che raggiungono il picco 1-3 ore dopo l'ingestione e svaniscono dopo 5-6 ore.<\/p>\n<p class=\"break-words\" dir=\"auto\">Conservare i tartufi a una temperatura compresa tra i 2\u00b0C e i 4\u00b0C in un luogo buio e fresco ed evitare di associarli ad alcolici, farmaci o altre droghe; non usare in caso di gravidanza, allattamento o sotto i 18 anni. Adatto a persone in buona salute fisica e mentale, una piccola dose aggiuntiva pu\u00f2 potenziare gli effetti, ma non superare mai una confezione per sessione per un viaggio unico e sicuro.<\/p>\n<h2 class=\"\" dir=\"auto\">Ingredienti dei tartufi magici High Hawaiians<\/h2>\n<p class=\"break-words\" dir=\"auto\">I tartufi magici High Hawaiians, derivati dalla variet\u00e0 Psilocybe Tampelandia, sono ricchi di psilocibina e psilocina, i composti che ne determinano gli effetti allucinogeni. Per 100 grammi, forniscono 464,7 kJ (110,5 kcal) di energia, 13,2 grammi di carboidrati, 5,3 grammi di proteine, 0,4 grammi di grassi e 16,7 grammi di fibre alimentari, a sostegno della salute dell'apparato digerente.<\/p>\n<p class=\"break-words\" dir=\"auto\">Il loro contenuto minerale comprende 210 mg di potassio, 169,3 mg di fosforo, 13,6 mg di sodio, 12,5 mg di calcio e 0,7 mg di ferro, oltre a 10 UI di vitamina D e 0,3 grammi di sale. Questa composizione naturale a partire dal micelio garantisce un prodotto puro con valore psicoattivo e nutrizionale.<\/p>\n<p dir=\"auto\"><strong>Avvertenze<\/strong><\/p>\n<p class=\"break-words\" dir=\"auto\">High Hawaiians I tartufi magici contengono psilocibina e psilocina, potenti allucinogeni che alterano la coscienza e i livelli di serotonina, causando intensi cambiamenti emotivi e percettivi. Usare con cautela in un ambiente sicuro, soprattutto se inesperti, e tenere lontano dai bambini a causa dei loro potenti effetti.<\/p>\n<p class=\"break-words\" dir=\"auto\">Evitare l'uso in caso di problemi di salute mentale, patologie cardiache o polmonari, diabete, pressione sanguigna alta o bassa, gravidanza o allattamento, e non mescolare con altre sostanze o svolgere attivit\u00e0 come la guida. Consultare un professionista sanitario in caso di dubbi sull'idoneit\u00e0 all'uso.<\/p>","protected":false},"excerpt":{"rendered":"<p>La potenza dei tartufi magici High Hawaiians \u00e8 innegabile, quindi attenzione agli acquirenti. Questi tartufi magici allucinogeni hanno una potenza notevole e non sono adatti a psiconauti inesperti! Gli effetti di questi Psilocybe Tampelandia possono durare fino a 8 ore e la loro potenza farebbe applaudire Albert Hoffman se ne avesse un po' in giro!<\/p>\n<p><strong>Esperienza completa: una scatola, una persona<\/strong><\/p>","protected":false},"featured_media":76255,"template":"","meta":[],"product_brand":[],"product_cat":[402,297,812,706,398,399,626,384,625,832],"product_tag":[1039],"class_list":{"0":"post-35552","1":"product","2":"type-product","3":"status-publish","4":"has-post-thumbnail","6":"product_cat-magic-truffles","7":"product_cat-all-products","8":"product_cat-mcsmart-truffles","9":"product_cat-microdosing-truffles","10":"product_cat-mushrooms","11":"product_cat-shroomshop","12":"product_cat-shroomshop-top-10","13":"product_cat-smartshop","14":"product_cat-smartshop-top-10","15":"product_cat-strong-magic-truffles","16":"product_tag-triple-deal","17":"product_shipping_class-group-7","19":"first","20":"instock","21":"taxable","22":"shipping-taxable","23":"purchasable","24":"product-type-variable","25":"has-default-attributes"},"_links":{"self":[{"href":"https:\/\/www.headshop.nl\/it\/wp-json\/wp\/v2\/product\/35552","targetHints":{"allow":["GET"]}}],"collection":[{"href":"https:\/\/www.headshop.nl\/it\/wp-json\/wp\/v2\/product"}],"about":[{"href":"https:\/\/www.headshop.nl\/it\/wp-json\/wp\/v2\/types\/product"}],"wp:featuredmedia":[{"embeddable":true,"href":"https:\/\/www.headshop.nl\/it\/wp-json\/wp\/v2\/media\/76255"}],"wp:attachment":[{"href":"https:\/\/www.headshop.nl\/it\/wp-json\/wp\/v2\/media?parent=35552"}],"wp:term":[{"taxonomy":"product_brand","embeddable":true,"href":"https:\/\/www.headshop.nl\/it\/wp-json\/wp\/v2\/product_brand?post=35552"},{"taxonomy":"product_cat","embeddable":true,"href":"https:\/\/www.headshop.nl\/it\/wp-json\/wp\/v2\/product_cat?post=35552"},{"taxonomy":"product_tag","embeddable":true,"href":"https:\/\/www.headshop.nl\/it\/wp-json\/wp\/v2\/product_tag?post=35552"}],"curies":[{"name":"wp","href":"https:\/\/api.w.org\/{rel}","templated":true}]}}