{"id":35193,"date":"2021-08-10T10:24:17","date_gmt":"2021-08-10T10:24:17","guid":{"rendered":"https:\/\/www.headshop.nl\/?post_type=product&#038;p=35193"},"modified":"2025-02-14T09:11:53","modified_gmt":"2025-02-14T09:11:53","slug":"kanna-20x-extract","status":"publish","type":"product","link":"https:\/\/www.headshop.nl\/it\/kanna-20x-extract\/","title":{"rendered":"Kanna 20x Extract"},"content":{"rendered":"<h2 data-start=\"343\" data-end=\"362\">Che cos'\u00e8 l'Kanna?<\/h2>\n<p data-start=\"363\" data-end=\"988\">Kanna, scientificamente noto come Sceletium Tortuosum, \u00e8 un estratto vegetale naturale dai molteplici usi. Originario del Sudafrica, \u00e8 stato tradizionalmente masticato per le sue propriet\u00e0 stimolanti e di miglioramento dell'umore. Oggi l'Kanna \u00e8 disponibile in varie forme, compresi potenti estratti come la versione 20x, che \u00e8 circa 20 volte pi\u00f9 potente delle normali foglie essiccate. L'attrattiva principale dell'Kanna risiede nella sua capacit\u00e0 di aumentare l'energia, ridurre l'ansia, aumentare la pace interiore e persino sostenere la salute sessuale. Ci\u00f2 la rende un'opzione interessante per chi cerca un modo naturale per migliorare il proprio benessere generale.<\/p>\n<p data-start=\"990\" data-end=\"1490\">In Sudafrica, l'Kanna \u00e8 utilizzato da secoli, ma la sua popolarit\u00e0 \u00e8 cresciuta a livello internazionale man mano che un numero sempre maggiore di persone ne scopre i benefici. L'estratto \u00e8 particolarmente ricercato per la sua maggiore potenza, che offre un effetto pi\u00f9 forte e immediato rispetto ai metodi tradizionali. La Kanna \u00e8 utilizzata da molti per la sua capacit\u00e0 di promuovere il rilassamento, aumentare la vigilanza e aiutare gli utenti a sentirsi pi\u00f9 centrati. Grazie ai suoi potenti effetti, l'Kanna continua a essere riconosciuto come un rimedio naturale versatile e prezioso.<\/p>\n<h2 data-start=\"1492\" data-end=\"1513\">Storia di Kanna<\/h2>\n<p data-start=\"1514\" data-end=\"1987\">La storia della Kanna risale alla fine del XIX secolo, quando fu scoperta per la prima volta da botanici olandesi in Sudafrica. Le popolazioni indigene della regione utilizzavano da tempo la pianta masticandone le foglie per sperimentare i suoi effetti calmanti e di miglioramento dell'umore. Quando i botanici olandesi si accorsero di questa pratica, riportarono la pianta in Europa per ulteriori studi. Nel corso del tempo, la Kanna \u00e8 stata raffinata in estratti, che sono molto pi\u00f9 forti del semplice consumo di foglie essiccate.<\/p>\n<p data-start=\"1989\" data-end=\"2499\">I composti attivi della pianta sono stati gradualmente isolati, portando allo sviluppo di estratti concentrati, come la versione 20x. Queste forme moderne di Kanna sono molto pi\u00f9 potenti e consentono agli utenti di sperimentare i suoi effetti in modo pi\u00f9 rapido e intenso. Mentre il suo uso era inizialmente localizzato in Sudafrica, l'interesse globale per l'Kanna \u00e8 aumentato con la diffusione dei suoi benefici. La Kanna \u00e8 ora disponibile in varie forme in tutto il mondo, offrendo un modo accessibile per esplorare i suoi diversi effetti.<\/p>\n<h2 data-start=\"2501\" data-end=\"2522\">Come utilizzare l'Kanna<\/h2>\n<p data-start=\"2523\" data-end=\"2930\">La Kanna pu\u00f2 essere utilizzata in diversi modi, tra cui il t\u00e8 \u00e8 uno dei metodi pi\u00f9 popolari. L'estratto 20x pu\u00f2 essere preparato in un t\u00e8, con un dosaggio comune di circa 150 mg per un effetto moderato. Questo metodo consente agli utenti di provare una sensazione calmante ed energizzante che dura per ore. L'estratto pu\u00f2 anche essere masticato, come facevano gli indigeni sudafricani, anche se questo metodo potrebbe richiedere pi\u00f9 tempo per mostrare gli effetti.<\/p>\n<p data-start=\"2932\" data-end=\"3384\">La bellezza dell'Kanna risiede nella sua versatilit\u00e0. Poich\u00e9 l'estratto 20x \u00e8 pi\u00f9 forte della Kanna standard, gli utenti possono iniziare con piccole quantit\u00e0 e regolare il dosaggio in base alle loro preferenze. \u00c8 essenziale accumulare gradualmente la tolleranza per evitare effetti eccessivi. La Kanna \u00e8 disponibile anche in capsule o polveri, che possono essere mescolate con altre sostanze per potenziarne gli effetti. La scelta del metodo dipende dalle preferenze individuali e dai risultati desiderati.<\/p>\n<p data-start=\"3386\" data-end=\"3613\">L'Kanna non induce allucinazioni, rendendolo adatto a chi cerca un cambiamento di umore e di energia lieve ma percepibile. La sperimentazione \u00e8 incoraggiata, consentendo agli utenti di scoprire il dosaggio e il metodo perfetto per le loro esigenze.<\/p>\n<h2 data-start=\"3615\" data-end=\"3640\">Ingredienti di Kanna<\/h2>\n<p data-start=\"3641\" data-end=\"4016\">Lo Sceletium Tortuosum, o Kanna, contiene diversi composti attivi che contribuiscono ai suoi effetti terapeutici e di miglioramento dell'umore. Questi composti includono alcaloidi come la mesembrina, il mesembrenone e la tortuosamina. Questi alcaloidi sono noti per la loro capacit\u00e0 di influenzare i recettori cerebrali della serotonina e della dopamina, provocando effetti di miglioramento dell'umore, energizzanti e calmanti.<\/p>\n<p data-start=\"4018\" data-end=\"4395\">L'estratto 20x di Kanna \u00e8 concentrato, cio\u00e8 contiene una maggiore concentrazione di questi composti attivi rispetto alle foglie essiccate. Questo rende l'estratto molto pi\u00f9 potente, fornendo risultati pi\u00f9 forti e pi\u00f9 rapidi. La specifica combinazione di alcaloidi della Kanna \u00e8 responsabile della sua capacit\u00e0 unica di migliorare l'umore e i livelli di energia senza provocare effetti psichedelici.<\/p>\n<p data-start=\"4397\" data-end=\"4731\">Sebbene la Kanna sia stata tradizionalmente utilizzata per ridurre l'ansia, migliorare il rilassamento e promuovere un senso di benessere, si ritiene che aiuti anche la libido. La complessa miscela di composti della pianta la rende efficace per diversi scopi, offrendo agli utenti un modo naturale per sostenere la salute mentale, i livelli di energia e la funzione sessuale.<\/p>\n<p data-start=\"4733\" data-end=\"4972\" data-is-last-node=\"\"><strong data-start=\"4733\" data-end=\"4744\">Avvertenze<\/strong><br data-start=\"4744\" data-end=\"4747\" \/>\u00c8 consigliabile iniziare con una dose ridotta quando si usa Kanna, soprattutto l'estratto 20x, poich\u00e9 la sua forza pu\u00f2 essere eccessiva per alcuni individui. Monitorare sempre la risposta del corpo e aumentare gradualmente la dose, se necessario.<\/p>","protected":false},"excerpt":{"rendered":"<p>Lo Sceletium Tortuosum, noto anche come Kanna, \u00e8 un potente prodotto naturale che offre diversi benefici, come l'aumento dell'energia, la riduzione dell'ansia, il miglioramento della calma interiore e persino il potenziamento della libido. Questo estratto 20x \u00e8 20 volte pi\u00f9 forte dell'Kanna standard, il che lo rende un'opzione eccellente per chi cerca effetti pi\u00f9 potenti.<\/p>","protected":false},"featured_media":81942,"template":"","meta":[],"product_brand":[],"product_cat":[297,391,389,385,818,397,384,625],"product_tag":[],"class_list":{"0":"post-35193","1":"product","2":"type-product","3":"status-publish","4":"has-post-thumbnail","6":"product_cat-all-products","7":"product_cat-extracts","8":"product_cat-herbs","9":"product_cat-kanna","10":"product_cat-mcmystic","11":"product_cat-party","12":"product_cat-smartshop","13":"product_cat-smartshop-top-10","15":"first","16":"instock","17":"taxable","18":"shipping-taxable","19":"purchasable","20":"product-type-variable","21":"has-default-attributes"},"_links":{"self":[{"href":"https:\/\/www.headshop.nl\/it\/wp-json\/wp\/v2\/product\/35193","targetHints":{"allow":["GET"]}}],"collection":[{"href":"https:\/\/www.headshop.nl\/it\/wp-json\/wp\/v2\/product"}],"about":[{"href":"https:\/\/www.headshop.nl\/it\/wp-json\/wp\/v2\/types\/product"}],"wp:featuredmedia":[{"embeddable":true,"href":"https:\/\/www.headshop.nl\/it\/wp-json\/wp\/v2\/media\/81942"}],"wp:attachment":[{"href":"https:\/\/www.headshop.nl\/it\/wp-json\/wp\/v2\/media?parent=35193"}],"wp:term":[{"taxonomy":"product_brand","embeddable":true,"href":"https:\/\/www.headshop.nl\/it\/wp-json\/wp\/v2\/product_brand?post=35193"},{"taxonomy":"product_cat","embeddable":true,"href":"https:\/\/www.headshop.nl\/it\/wp-json\/wp\/v2\/product_cat?post=35193"},{"taxonomy":"product_tag","embeddable":true,"href":"https:\/\/www.headshop.nl\/it\/wp-json\/wp\/v2\/product_tag?post=35193"}],"curies":[{"name":"wp","href":"https:\/\/api.w.org\/{rel}","templated":true}]}}