{"id":29916,"date":"2019-12-31T00:33:03","date_gmt":"2019-12-31T00:33:03","guid":{"rendered":"https:\/\/headshop.nl\/?post_type=product&#038;p=29916"},"modified":"2024-09-17T11:02:04","modified_gmt":"2024-09-17T11:02:04","slug":"slx-silver-grinder-non-stick","status":"publish","type":"product","link":"https:\/\/www.headshop.nl\/it\/slx-silver-grinder-non-stick\/","title":{"rendered":"SLX Argento Grinder Antiaderente"},"content":{"rendered":"<h2>SLX Grigio Argento Antiaderente<\/h2>\n<p>Alluminio di qualit\u00e0 aerospaziale Lavorato in alluminio 7075 T6 per evitare filettature incrociate, denti piegati e rotti o altri danni. La maggior parte dei macinini \u00e8 realizzata in alluminio serie 6, pi\u00f9 debole. La serie 7 \u00e8 pi\u00f9 costosa da lavorare, ma garantisce che il macinino per erbe SLX duri a lungo.<\/p>\n<p><strong>Disponibile in formato tascabile da 50,8 mm e in formato domestico da 62 mm.<\/strong><\/p>","protected":false},"excerpt":{"rendered":"<p>Rivestimento antiaderente Ceramic La versione 2.0 di SLX \u00e8 rivestita internamente ed esternamente con la nostra ceramica non-stick. Ogni labbro, ogni dente, persino la camera del polline. <\/p>\n<p>Non si attacca mai, non ha bisogno di essere pulito, \u00e8 100% atossico, non brucia e non rilascia sostanze chimiche nocive. <strong>Disponibile in formato tascabile da 50,8 mm e in formato domestico da 62 mm.<\/strong><\/p>","protected":false},"featured_media":29921,"template":"","meta":[],"product_brand":[],"product_cat":[440,297,420,414,437],"product_tag":[],"class_list":{"0":"post-29916","1":"product","2":"type-product","3":"status-publish","4":"has-post-thumbnail","6":"product_cat-4-part-grinders","7":"product_cat-all-products","8":"product_cat-grinders","9":"product_cat-headshop","10":"product_cat-metal","11":"product_shipping_class-creditcard-on","13":"first","14":"instock","15":"taxable","16":"shipping-taxable","17":"purchasable","18":"product-type-variable","19":"has-default-attributes"},"_links":{"self":[{"href":"https:\/\/www.headshop.nl\/it\/wp-json\/wp\/v2\/product\/29916","targetHints":{"allow":["GET"]}}],"collection":[{"href":"https:\/\/www.headshop.nl\/it\/wp-json\/wp\/v2\/product"}],"about":[{"href":"https:\/\/www.headshop.nl\/it\/wp-json\/wp\/v2\/types\/product"}],"wp:featuredmedia":[{"embeddable":true,"href":"https:\/\/www.headshop.nl\/it\/wp-json\/wp\/v2\/media\/29921"}],"wp:attachment":[{"href":"https:\/\/www.headshop.nl\/it\/wp-json\/wp\/v2\/media?parent=29916"}],"wp:term":[{"taxonomy":"product_brand","embeddable":true,"href":"https:\/\/www.headshop.nl\/it\/wp-json\/wp\/v2\/product_brand?post=29916"},{"taxonomy":"product_cat","embeddable":true,"href":"https:\/\/www.headshop.nl\/it\/wp-json\/wp\/v2\/product_cat?post=29916"},{"taxonomy":"product_tag","embeddable":true,"href":"https:\/\/www.headshop.nl\/it\/wp-json\/wp\/v2\/product_tag?post=29916"}],"curies":[{"name":"wp","href":"https:\/\/api.w.org\/{rel}","templated":true}]}}