{"id":29763,"date":"2019-12-30T18:59:56","date_gmt":"2019-12-30T18:59:56","guid":{"rendered":"https:\/\/headshop.nl\/?post_type=product&#038;p=29763"},"modified":"2024-09-17T11:02:19","modified_gmt":"2024-09-17T11:02:19","slug":"headshop-grey-grinder","status":"publish","type":"product","link":"https:\/\/www.headshop.nl\/it\/headshop-grey-grinder\/","title":{"rendered":"Headshop Grigio Grinder"},"content":{"rendered":"<h2>Headshop Grigio Grinder<\/h2>\n<p>Il macinino metallico a 4 parti The Headshop \u00e8 realizzato in alluminio anodizzato di alta qualit\u00e0, lavorato a CNC per creare una camera di macinazione con denti diamantati e affilati come rasoi. Questo evita che le erbe vengano schiacciate o compattate, anche quando sono umide, e garantisce che solo le erbe finemente triturate cadano nella camera di raccolta sottostante.<\/p>\n<p>Al di sotto della camera di raccolta iniziale si trova un'ulteriore sezione, separata da un filtro a maglia fine, dove vengono raccolti i cristalli. Questa sezione pu\u00f2 essere rimossa, se si desidera, per trasformare il macinino in un modello a tre pezzi, pi\u00f9 sottile.<\/p>\n<p>Il coperchio \u00e8 dotato di un forte magnete che lo rende sicuro per il trasporto e le dimensioni ridotte lo rendono pi\u00f9 portatile. \u00c8 inciso al laser con il nostro logo Headshop, il che lo rende un'aggiunta bella e funzionale al kit di strumenti di ogni fumatore, che durer\u00e0 per anni.<\/p>","protected":false},"excerpt":{"rendered":"<p>Se siete alla ricerca di un macinino Headshop fresco e piccolo o avete intenzione di usarlo per piccole quantit\u00e0 di erbe, questa \u00e8 un'ottima scelta per un macinino da 40 mm.<\/p>","protected":false},"featured_media":29762,"template":"","meta":[],"product_brand":[],"product_cat":[440,297,420,414,437],"product_tag":[],"class_list":{"0":"post-29763","1":"product","2":"type-product","3":"status-publish","4":"has-post-thumbnail","6":"product_cat-4-part-grinders","7":"product_cat-all-products","8":"product_cat-grinders","9":"product_cat-headshop","10":"product_cat-metal","11":"product_shipping_class-creditcard-on","13":"first","14":"instock","15":"taxable","16":"shipping-taxable","17":"purchasable","18":"product-type-simple"},"_links":{"self":[{"href":"https:\/\/www.headshop.nl\/it\/wp-json\/wp\/v2\/product\/29763","targetHints":{"allow":["GET"]}}],"collection":[{"href":"https:\/\/www.headshop.nl\/it\/wp-json\/wp\/v2\/product"}],"about":[{"href":"https:\/\/www.headshop.nl\/it\/wp-json\/wp\/v2\/types\/product"}],"wp:featuredmedia":[{"embeddable":true,"href":"https:\/\/www.headshop.nl\/it\/wp-json\/wp\/v2\/media\/29762"}],"wp:attachment":[{"href":"https:\/\/www.headshop.nl\/it\/wp-json\/wp\/v2\/media?parent=29763"}],"wp:term":[{"taxonomy":"product_brand","embeddable":true,"href":"https:\/\/www.headshop.nl\/it\/wp-json\/wp\/v2\/product_brand?post=29763"},{"taxonomy":"product_cat","embeddable":true,"href":"https:\/\/www.headshop.nl\/it\/wp-json\/wp\/v2\/product_cat?post=29763"},{"taxonomy":"product_tag","embeddable":true,"href":"https:\/\/www.headshop.nl\/it\/wp-json\/wp\/v2\/product_tag?post=29763"}],"curies":[{"name":"wp","href":"https:\/\/api.w.org\/{rel}","templated":true}]}}