{"id":12402,"date":"2018-02-26T12:30:44","date_gmt":"2018-02-26T12:30:44","guid":{"rendered":"http:\/\/headshop.nl\/?post_type=product&#038;p=12402"},"modified":"2024-09-17T10:49:24","modified_gmt":"2024-09-17T10:49:24","slug":"solinder-grinder-blue","status":"publish","type":"product","link":"https:\/\/www.headshop.nl\/it\/solinder-grinder-blue\/","title":{"rendered":"Solinder Grinder, Blu"},"content":{"rendered":"<h2>Solinder Grinder, Blu<\/h2>\n<p><span style=\"color: #000000;\"> Impossibile non notare il Solinder negli ultimi anni: Una smerigliatrice dalla finitura perfetta che offre una macinatura di qualit\u00e0 incomparabile. Il suo design \u00e8 un po' pi\u00f9 sobrio rispetto alla Thorinder, ma svolge lo stesso lavoro. I denti sono a forma di pinna di squalo, proprio come il suo predecessore.<\/span><\/p>\n<p><span style=\"color: #000000;\">Composto da 4 parti, viene fornito in una scatola con una spatola per il recupero delle particelle.<\/span><\/p>","protected":false},"excerpt":{"rendered":"<p><span style=\"color: #000000;\">Questo macinino Blue Solinder Red potrebbe ricordarvi qualcosa con le sue finiture impeccabili e il suo logo distintivo. Ecco il nuovo modello del marchio. Il Solinder \u00e8 realizzato in alluminio anodizzato che vi lascer\u00e0 a bocca aperta!<\/span><\/p>","protected":false},"featured_media":12403,"template":"","meta":[],"product_brand":[],"product_cat":[440,297,420,414,437],"product_tag":[],"class_list":{"0":"post-12402","1":"product","2":"type-product","3":"status-publish","4":"has-post-thumbnail","6":"product_cat-4-part-grinders","7":"product_cat-all-products","8":"product_cat-grinders","9":"product_cat-headshop","10":"product_cat-metal","11":"product_shipping_class-creditcard-on","13":"first","14":"instock","15":"taxable","16":"shipping-taxable","17":"purchasable","18":"product-type-simple"},"_links":{"self":[{"href":"https:\/\/www.headshop.nl\/it\/wp-json\/wp\/v2\/product\/12402","targetHints":{"allow":["GET"]}}],"collection":[{"href":"https:\/\/www.headshop.nl\/it\/wp-json\/wp\/v2\/product"}],"about":[{"href":"https:\/\/www.headshop.nl\/it\/wp-json\/wp\/v2\/types\/product"}],"wp:featuredmedia":[{"embeddable":true,"href":"https:\/\/www.headshop.nl\/it\/wp-json\/wp\/v2\/media\/12403"}],"wp:attachment":[{"href":"https:\/\/www.headshop.nl\/it\/wp-json\/wp\/v2\/media?parent=12402"}],"wp:term":[{"taxonomy":"product_brand","embeddable":true,"href":"https:\/\/www.headshop.nl\/it\/wp-json\/wp\/v2\/product_brand?post=12402"},{"taxonomy":"product_cat","embeddable":true,"href":"https:\/\/www.headshop.nl\/it\/wp-json\/wp\/v2\/product_cat?post=12402"},{"taxonomy":"product_tag","embeddable":true,"href":"https:\/\/www.headshop.nl\/it\/wp-json\/wp\/v2\/product_tag?post=12402"}],"curies":[{"name":"wp","href":"https:\/\/api.w.org\/{rel}","templated":true}]}}