{"id":11817,"date":"2018-02-19T20:51:05","date_gmt":"2018-02-19T20:51:05","guid":{"rendered":"http:\/\/headshop.nl\/?post_type=product&#038;p=11817"},"modified":"2024-09-17T10:49:27","modified_gmt":"2024-09-17T10:49:27","slug":"triton-t3-shockproof-scale","status":"publish","type":"product","link":"https:\/\/www.headshop.nl\/it\/triton-t3-shockproof-scale\/","title":{"rendered":"Bilancia antiurto Triton T3"},"content":{"rendered":"<h2>Bilancia antiurto Triton T3<\/h2>\n<p><span style=\"color: #000000;\">Questa copertura protettiva rigida \u00e8 ideale per tenere al sicuro la bilancia quando non la si usa... e funge anche da vassoio di pesatura. Poich\u00e9 ha i bordi, \u00e8 possibile pesare tutti i tipi di oggetti che normalmente cadrebbero dalla piattaforma.<\/span><\/p>\n<p><span style=\"color: #000000;\">La serie offre diverse capacit\u00e0 e risoluzioni per soddisfare ogni esigenza.<\/span><\/p>\n<p><span style=\"color: #000000;\">Perfetta per chi fa cadere o maltratta continuamente la propria bilancia. Altre caratteristiche standard sono il coperchio protettivo rimovibile e il funzionamento a batteria (con batterie AAA).<br \/><\/span><\/p>\n<table style=\"height: 223px;\" border=\"1\" width=\"490\" cellspacing=\"0\" cellpadding=\"2\">\n<tbody>\n<tr>\n<td><span style=\"color: #000000;\"><b>\u00a0 Potenza<\/b><\/span><\/td>\n<td>\u00a0<span style=\"color: #000000;\">2 batterie AAA (incluse)<\/span><\/td>\n<\/tr>\n<tr>\n<td><b>\u00a0 <span style=\"color: #000000;\">Display<\/span><\/b><\/td>\n<td>\u00a0<span style=\"color: #000000;\">LCD retroilluminato<\/span><\/td>\n<\/tr>\n<tr>\n<td><b>\u00a0 <span style=\"color: #000000;\">Funzione di tara<\/span><\/b><\/td>\n<td>\u00a0<span style=\"color: #000000;\">S\u00ec<\/span><\/td>\n<\/tr>\n<tr>\n<td><span style=\"color: #000000;\"><b>\u00a0 Calibrazione<br \/><\/b><\/span><\/td>\n<td><span style=\"color: #000000;\">\u00a0S\u00ec<\/span><\/td>\n<\/tr>\n<tr>\n<td><span style=\"color: #000000;\"><b>\u00a0 Caratteristica del conteggio<\/b><\/span><\/td>\n<td><span style=\"color: #000000;\">\u00a0No<\/span><\/td>\n<\/tr>\n<tr>\n<td><b>\u00a0 <span style=\"color: #000000;\">Dimensioni della piattaforma<\/span><\/b><\/td>\n<td>\u00a0<span style=\"color: #000000;\">2.25\u2033 x 3.125\u2033<\/span><\/td>\n<\/tr>\n<tr>\n<td><span style=\"color: #000000;\"><b>\u00a0 Dimensione della scala<\/b><\/span><\/td>\n<td>\u00a0<span style=\"color: #000000;\">5,5\u2033 x 3,25\u2033 x 1\u2033<\/span><\/td>\n<\/tr>\n<tr>\n<td><span style=\"color: #000000;\"><b>\u00a0 Modalit\u00e0 di pesatura<\/b><\/span><\/td>\n<td>\u00a0<span style=\"color: #000000;\">6<\/span><\/td>\n<\/tr>\n<\/tbody>\n<\/table>","protected":false},"excerpt":{"rendered":"<div class=\"wpb_wrapper\"><span style=\"color: #000000;\">La bilancia digitale Triton T3 \u00e8 una bilancia resistente! Il suo design unico \u00e8 caratterizzato da una custodia esterna in gomma completamente imbottita. Tutti i componenti interni sono stati rinforzati e fissati agli urti. Il risultato \u00e8 una bilancia digitale tascabile pi\u00f9 resistente di qualsiasi altra al mondo.<\/span><\/div>","protected":false},"featured_media":13422,"template":"","meta":[],"product_brand":[],"product_cat":[297,414,627,418],"product_tag":[],"class_list":{"0":"post-11817","1":"product","2":"type-product","3":"status-publish","4":"has-post-thumbnail","6":"product_cat-all-products","7":"product_cat-headshop","8":"product_cat-headshop-top-10","9":"product_cat-scales","10":"product_shipping_class-creditcard-on","12":"first","13":"instock","14":"taxable","15":"shipping-taxable","16":"purchasable","17":"product-type-simple"},"_links":{"self":[{"href":"https:\/\/www.headshop.nl\/it\/wp-json\/wp\/v2\/product\/11817","targetHints":{"allow":["GET"]}}],"collection":[{"href":"https:\/\/www.headshop.nl\/it\/wp-json\/wp\/v2\/product"}],"about":[{"href":"https:\/\/www.headshop.nl\/it\/wp-json\/wp\/v2\/types\/product"}],"wp:featuredmedia":[{"embeddable":true,"href":"https:\/\/www.headshop.nl\/it\/wp-json\/wp\/v2\/media\/13422"}],"wp:attachment":[{"href":"https:\/\/www.headshop.nl\/it\/wp-json\/wp\/v2\/media?parent=11817"}],"wp:term":[{"taxonomy":"product_brand","embeddable":true,"href":"https:\/\/www.headshop.nl\/it\/wp-json\/wp\/v2\/product_brand?post=11817"},{"taxonomy":"product_cat","embeddable":true,"href":"https:\/\/www.headshop.nl\/it\/wp-json\/wp\/v2\/product_cat?post=11817"},{"taxonomy":"product_tag","embeddable":true,"href":"https:\/\/www.headshop.nl\/it\/wp-json\/wp\/v2\/product_tag?post=11817"}],"curies":[{"name":"wp","href":"https:\/\/api.w.org\/{rel}","templated":true}]}}