{"id":999,"date":"2017-08-20T16:02:04","date_gmt":"2017-08-20T16:02:04","guid":{"rendered":"http:\/\/headshop.nl\/?page_id=999"},"modified":"2021-08-24T08:05:22","modified_gmt":"2021-08-24T08:05:22","slug":"payment-methods","status":"publish","type":"page","link":"https:\/\/www.headshop.nl\/it\/payment-methods\/","title":{"rendered":"Metodi di pagamento"},"content":{"rendered":"<div id=\"gap-76847352\" class=\"gap-element clearfix\" style=\"display:block; height:auto;\">\n\t\t\n<style>\n#gap-76847352 {\n  padding-top: 50px;\n}\n<\/style>\n\t<\/div>\n\t\n\n<div class=\"container section-title-container\" ><h1 class=\"section-title section-title-bold-center\"><b aria-hidden=\"true\"><\/b><span class=\"section-title-main\" style=\"font-size:131%;\">Pagamento Methods<\/span><b aria-hidden=\"true\"><\/b><\/h1><\/div>\n\n<div class=\"row\"  id=\"row-2015318462\">\n\n\n\t<div id=\"col-1673015480\" class=\"col small-12 large-12\"  >\n\t\t\t\t<div class=\"col-inner text-center\"  >\n\t\t\t\n\t\t\t\n\n<p>Su The Headshop \u00e8 possibile scegliere tra diversi metodi di pagamento. Tutti sono sicuri e discreti. Date un'occhiata alle opzioni che vi offriamo e scegliete quella pi\u00f9 adatta alle vostre esigenze e alla vostra posizione.<\/p>\n\t<div class=\"img has-hover x md-x lg-x y md-y lg-y\" id=\"image_812277670\">\n\t\t\t\t\t\t\t\t<div class=\"img-inner dark\" style=\"margin:0px 300px 0px 300px;\">\n\t\t\t<img loading=\"lazy\" decoding=\"async\" width=\"800\" height=\"125\" src=\"https:\/\/www.headshop.nl\/wp-content\/uploads\/2021\/08\/Betaalmethodes-800x125.png\" class=\"attachment-large size-large\" alt=\"\" srcset=\"https:\/\/www.headshop.nl\/wp-content\/uploads\/2021\/08\/Betaalmethodes-800x125.png 800w, https:\/\/www.headshop.nl\/wp-content\/uploads\/2021\/08\/Betaalmethodes-420x66.png 420w, https:\/\/www.headshop.nl\/wp-content\/uploads\/2021\/08\/Betaalmethodes-64x10.png 64w, https:\/\/www.headshop.nl\/wp-content\/uploads\/2021\/08\/Betaalmethodes-600x94.png 600w, https:\/\/www.headshop.nl\/wp-content\/uploads\/2021\/08\/Betaalmethodes-380x59.png 380w, https:\/\/www.headshop.nl\/wp-content\/uploads\/2021\/08\/Betaalmethodes-768x120.png 768w, https:\/\/www.headshop.nl\/wp-content\/uploads\/2021\/08\/Betaalmethodes-1536x240.png 1536w, https:\/\/www.headshop.nl\/wp-content\/uploads\/2021\/08\/Betaalmethodes.png 1920w\" sizes=\"auto, (max-width: 800px) 100vw, 800px\">\t\t\t\t\t\t\n\t\t\t\t\t<\/div>\n\t\t\t\t\t\t\t\t\n<style>\n#image_812277670 {\n  width: 100%;\n}\n<\/style>\n\t<\/div>\n\t\n\n\n\t\t<\/div>\n\t\t\t\t\t<\/div>\n\n\t\n\n<\/div>\n\t<div id=\"gap-1990584258\" class=\"gap-element clearfix\" style=\"display:block; height:auto;\">\n\t\t\n<style>\n#gap-1990584258 {\n  padding-top: 30px;\n}\n<\/style>\n\t<\/div>\n\t\n\n<div class=\"container section-title-container\" ><h2 class=\"section-title section-title-bold-center\"><b aria-hidden=\"true\"><\/b><span class=\"section-title-main\" >1. iDEAL \/ MisterCash \/ Bancontact \/ Eps-\u00dcberweisung \/ Giropay<\/span><b aria-hidden=\"true\"><\/b><\/h2><\/div>\n\n\t<div id=\"gap-1381093885\" class=\"gap-element clearfix\" style=\"display:block; height:auto;\">\n\t\t\n<style>\n#gap-1381093885 {\n  padding-top: 30px;\n}\n<\/style>\n\t<\/div>\n\t\n\n<div class=\"row\"  id=\"row-866008658\">\n\n\n\t<div id=\"col-481262885\" class=\"col small-12 large-12\"  >\n\t\t\t\t<div class=\"col-inner text-center\"  >\n\t\t\t\n\t\t\t\n\n<p>Questo \u00e8 il modo pi\u00f9 rapido e semplice per completare il pagamento. Selezionate l'opzione pi\u00f9 adatta alla vostra banca e completate le fasi del processo. Il nostro fornitore di servizi di pagamento facilita un ambiente di pagamento sicuro e protetto.<\/p>\n<p>Una volta completato il pagamento, riceverete subito una notifica. Il nostro team inizier\u00e0 a elaborare l'ordine per spedirlo il prima possibile. Vi terremo aggiornati sullo stato dell'ordine tramite e-mail.<\/p>\n\n\t\t<\/div>\n\t\t\t\t\t<\/div>\n\n\t\n\n<\/div>\n\t<div id=\"gap-2061401658\" class=\"gap-element clearfix\" style=\"display:block; height:auto;\">\n\t\t\n<style>\n#gap-2061401658 {\n  padding-top: 40px;\n}\n<\/style>\n\t<\/div>\n\t\n\n<div class=\"container section-title-container\" ><h2 class=\"section-title section-title-bold-center\"><b aria-hidden=\"true\"><\/b><span class=\"section-title-main\" >2. Bonifico bancario diretto<\/span><b aria-hidden=\"true\"><\/b><\/h2><\/div>\n\n\t<div id=\"gap-1498009170\" class=\"gap-element clearfix\" style=\"display:block; height:auto;\">\n\t\t\n<style>\n#gap-1498009170 {\n  padding-top: 30px;\n}\n<\/style>\n\t<\/div>\n\t\n\n<div class=\"row\"  id=\"row-1029724097\">\n\n\n\t<div id=\"col-1567808425\" class=\"col small-12 large-12\"  >\n\t\t\t\t<div class=\"col-inner text-center\"  >\n\t\t\t\n\t\t\t\n\n<p>\u00c8 possibile completare il pagamento tramite bonifico bancario. Selezionare l'opzione \"Bonifico bancario diretto\" e seguire la procedura. Dopo aver completato l'ordine, riceverete un'e-mail con le informazioni necessarie e i dettagli del pagamento.<\/p>\n<p>Si prega di notare che dopo aver trasferito il pagamento, potrebbero essere necessari 1-3 giorni prima di ricevere il denaro. Pertanto, potrebbe essere necessario un po' pi\u00f9 di tempo prima che l'ordine venga spedito. Sarete aggiornati sullo stato dell'ordine tramite e-mail.<\/p>\n\n\t\t<\/div>\n\t\t\t\t\t<\/div>\n\n\t\n\n<\/div>\n\t<div id=\"gap-2104145302\" class=\"gap-element clearfix\" style=\"display:block; height:auto;\">\n\t\t\n<style>\n#gap-2104145302 {\n  padding-top: 30px;\n}\n<\/style>\n\t<\/div>\n\t\n\n<div class=\"container section-title-container\" ><h2 class=\"section-title section-title-bold-center\"><b aria-hidden=\"true\"><\/b><span class=\"section-title-main\" >3. Criptovalute<\/span><b aria-hidden=\"true\"><\/b><\/h2><\/div>\n\n\t<div id=\"gap-2055493948\" class=\"gap-element clearfix\" style=\"display:block; height:auto;\">\n\t\t\n<style>\n#gap-2055493948 {\n  padding-top: 30px;\n}\n<\/style>\n\t<\/div>\n\t\n\n<div class=\"row\"  id=\"row-597456390\">\n\n\n\t<div id=\"col-1209645326\" class=\"col small-12 large-12\"  >\n\t\t\t\t<div class=\"col-inner text-center\"  >\n\t\t\t\n\t\t\t\n\n<p>Accettiamo pagamenti con diversi tipi di criptovalute. Questi pagamenti vengono elaborati con Coinbase, il pi\u00f9 grande exchange e broker di Bitcoin al mondo. Per pagare con le criptovalute \u00e8 possibile selezionare l'opzione di pagamento \"Bitcoin e altre criptovalute\".<\/p>\n<p>Attualmente accettiamo Bitcoin, Ethereum, USD Coin, Litecoin e Bitcoin cash.<\/p>\n\t<div class=\"img has-hover x md-x lg-x y md-y lg-y\" id=\"image_1382773956\">\n\t\t\t\t\t\t\t\t<div class=\"img-inner dark\" style=\"margin:0px 300px 0px 300px;\">\n\t\t\t<img loading=\"lazy\" decoding=\"async\" width=\"800\" height=\"125\" src=\"https:\/\/www.headshop.nl\/wp-content\/uploads\/2021\/08\/Crypto-icons-800x125.png\" class=\"attachment-large size-large\" alt=\"Monete cripto accettate\" srcset=\"https:\/\/www.headshop.nl\/wp-content\/uploads\/2021\/08\/Crypto-icons-800x125.png 800w, https:\/\/www.headshop.nl\/wp-content\/uploads\/2021\/08\/Crypto-icons-420x66.png 420w, https:\/\/www.headshop.nl\/wp-content\/uploads\/2021\/08\/Crypto-icons-64x10.png 64w, https:\/\/www.headshop.nl\/wp-content\/uploads\/2021\/08\/Crypto-icons-600x94.png 600w, https:\/\/www.headshop.nl\/wp-content\/uploads\/2021\/08\/Crypto-icons-380x59.png 380w, https:\/\/www.headshop.nl\/wp-content\/uploads\/2021\/08\/Crypto-icons-768x120.png 768w, https:\/\/www.headshop.nl\/wp-content\/uploads\/2021\/08\/Crypto-icons-1536x240.png 1536w, https:\/\/www.headshop.nl\/wp-content\/uploads\/2021\/08\/Crypto-icons.png 1920w\" sizes=\"auto, (max-width: 800px) 100vw, 800px\" \/>\t\t\t\t\t\t\n\t\t\t\t\t<\/div>\n\t\t\t\t\t\t\t\t\n<style>\n#image_1382773956 {\n  width: 100%;\n}\n<\/style>\n\t<\/div>\n\t\n\n\n\t\t<\/div>\n\t\t\t\t\t<\/div>\n\n\t\n\n<\/div>\n\t<div id=\"gap-451023259\" class=\"gap-element clearfix\" style=\"display:block; height:auto;\">\n\t\t\n<style>\n#gap-451023259 {\n  padding-top: 30px;\n}\n<\/style>\n\t<\/div>","protected":false},"excerpt":{"rendered":"","protected":false},"author":807,"featured_media":0,"parent":0,"menu_order":0,"comment_status":"closed","ping_status":"closed","template":"page-blank.php","meta":{"footnotes":""},"class_list":["post-999","page","type-page","status-publish","hentry"],"_links":{"self":[{"href":"https:\/\/www.headshop.nl\/it\/wp-json\/wp\/v2\/pages\/999","targetHints":{"allow":["GET"]}}],"collection":[{"href":"https:\/\/www.headshop.nl\/it\/wp-json\/wp\/v2\/pages"}],"about":[{"href":"https:\/\/www.headshop.nl\/it\/wp-json\/wp\/v2\/types\/page"}],"author":[{"embeddable":true,"href":"https:\/\/www.headshop.nl\/it\/wp-json\/wp\/v2\/users\/807"}],"replies":[{"embeddable":true,"href":"https:\/\/www.headshop.nl\/it\/wp-json\/wp\/v2\/comments?post=999"}],"version-history":[{"count":0,"href":"https:\/\/www.headshop.nl\/it\/wp-json\/wp\/v2\/pages\/999\/revisions"}],"wp:attachment":[{"href":"https:\/\/www.headshop.nl\/it\/wp-json\/wp\/v2\/media?parent=999"}],"curies":[{"name":"wp","href":"https:\/\/api.w.org\/{rel}","templated":true}]}}