{"id":85313,"date":"2025-07-15T08:01:32","date_gmt":"2025-07-15T08:01:32","guid":{"rendered":"https:\/\/www.headshop.nl\/?page_id=85313"},"modified":"2026-03-25T10:29:35","modified_gmt":"2026-03-25T10:29:35","slug":"discount","status":"publish","type":"page","link":"https:\/\/www.headshop.nl\/it\/discount\/","title":{"rendered":"Sconto"},"content":{"rendered":"<div id=\"text-2358666296\" class=\"text\">\n\t\t\n\n<h1>Ultimi sconti<\/h1>\n\t\t\n<style>\n#text-2358666296 {\n  text-align: center;\n}\n<\/style>\n\t<\/div>\n\t\n<p style=\"text-align: center;\">Godetevi un grande risparmio sui vostri prodotti preferiti The Headshop con i nostri ultimi codici sconto. Aggiorniamo regolarmente questa pagina per portarvi le offerte pi\u00f9 attuali, quindi controllate spesso. Afferra il tuo sconto finch\u00e9 dura. Buon shopping e buon risparmio!<\/p>\n<div class=\"is-divider divider clearfix\" style=\"max-width:100%;height:1px;\"><\/div>\n\n<div class=\"row\"  id=\"row-1583413321\">\n\n\n\t<div id=\"col-1130940084\" class=\"col medium-6 small-12 large-6\"  >\n\t\t\t\t<div class=\"col-inner\"  >\n\t\t\t\n\t\t\t\n\n\n  <div class=\"banner has-hover\" id=\"banner-1319827046\">\n          <div class=\"banner-inner fill\">\n        <div class=\"banner-bg fill\" >\n            <img loading=\"lazy\" decoding=\"async\" width=\"2560\" height=\"732\" src=\"https:\/\/www.headshop.nl\/wp-content\/uploads\/2026\/03\/Bunnys-Best-Shroomdeals_Wide_Steve_V4-scaled.png\" class=\"bg attachment-original size-original\" alt=\"\">                                    \n                    <\/div>\n\t\t\n        <div class=\"banner-layers container\">\n            <a class=\"fill\" href=\"https:\/\/www.headshop.nl\/it\/shroomshop\/\"><div class=\"fill banner-link\"><\/div><\/a>            \n\n\n        <\/div>\n      <\/div>\n\n            \n<style>\n#banner-1319827046 {\n  padding-top: 146px;\n}\n<\/style>\n  <\/div>\n\n\n<div class=\"is-divider divider clearfix\" style=\"height:0px;\"><\/div>\n\n<h2>Bunny&#8217;s Best Shroomdeals<\/h2>\n<p class=\"p1\">Spring is here! Enjoy 25% off the entire shroomshop* and discover or stock up on your favorite products. Don\u2019t miss this seasonal deal! This promotion is active until the 20th of April.<\/p>\n<p><em>* Non valido in combinazione con altre promozioni.\u00a0<\/em><\/p>\n<div class=\"row\"  id=\"row-27405933\">\n\n\n\t<div id=\"col-263321902\" class=\"col medium-6 small-6 large-6\"  >\n\t\t\t\t<div class=\"col-inner\"  >\n\t\t\t\n\t\t\t\n\n<a href=\"https:\/\/www.headshop.nl\/it\/shroomshop\/\" class=\"button primary\" >\n\t\t<span>Vai allo sconto<\/span>\n\t<\/a>\n\n\n\n\t\t<\/div>\n\t\t\t\t\t<\/div>\n\n\t\n\n\t<div id=\"col-162351655\" class=\"col medium-6 small-6 large-6\"  >\n\t\t\t\t<div class=\"col-inner text-right\"  >\n\t\t\t\n\t\t\t\n\n<a href=\"https:\/\/www.headshop.nl\/it\/shroomshop\/\" class=\"button success\" >\n\t\t<span>Attivo<\/span>\n\t<i class=\"icon-checkmark\" aria-hidden=\"true\"><\/i><\/a>\n\n\n\n\t\t<\/div>\n\t\t\t\t\t<\/div>\n\n\t\n\n<\/div>\n<div class=\"is-divider divider clearfix\" style=\"max-width:100%;height:1px;\"><\/div>\n\n\n\t\t<\/div>\n\t\t\t\t\t<\/div>\n\n\t\n\n\t<div id=\"col-463268263\" class=\"col medium-6 small-12 large-6\"  >\n\t\t\t\t<div class=\"col-inner\"  >\n\t\t\t\n\t\t\t\n\n\n  <div class=\"banner has-hover\" id=\"banner-407682036\">\n          <div class=\"banner-inner fill\">\n        <div class=\"banner-bg fill\" >\n            <img loading=\"lazy\" decoding=\"async\" width=\"1610\" height=\"460\" src=\"https:\/\/www.headshop.nl\/wp-content\/uploads\/2025\/07\/Bulkactie_wide_v2.jpg\" class=\"bg attachment-original size-original\" alt=\"\">                                    \n                    <\/div>\n\t\t\n        <div class=\"banner-layers container\">\n            <a class=\"fill\" href=\"https:\/\/www.headshop.nl\/it\/shroomshop\/magic-mushroom-grow-kits\/\"><div class=\"fill banner-link\"><\/div><\/a>            \n\n\n        <\/div>\n      <\/div>\n\n            \n<style>\n#banner-407682036 {\n  padding-top: 146px;\n}\n<\/style>\n  <\/div>\n\n\n<div class=\"is-divider divider clearfix\" style=\"height:0px;\"><\/div>\n\n<h2><strong>Kit per la coltivazione di funghi magici sconto all'ingrosso<\/strong><\/h2>\n<p>Per gli amanti del fai-da-te e della natura. Vivete un'esperienza magica con i nostri tartufi di alta qualit\u00e0. \u00c8 semplice: pi\u00f9 si acquista, pi\u00f9 si risparmia*.<\/p>\n<p><em>* Non valido in combinazione con altre promozioni.\u00a0<\/em><\/p>\n<div class=\"row\"  id=\"row-1863673776\">\n\n\n\t<div id=\"col-787597783\" class=\"col medium-6 small-6 large-6\"  >\n\t\t\t\t<div class=\"col-inner\"  >\n\t\t\t\n\t\t\t\n\n<a href=\"https:\/\/www.headshop.nl\/it\/shroomshop\/magic-mushroom-grow-kits\/\" class=\"button primary\" >\n\t\t<span>Vai allo sconto<\/span>\n\t<\/a>\n\n\n\n\t\t<\/div>\n\t\t\t\t\t<\/div>\n\n\t\n\n\t<div id=\"col-1432298005\" class=\"col medium-6 small-6 large-6\"  >\n\t\t\t\t<div class=\"col-inner text-right\"  >\n\t\t\t\n\t\t\t\n\n<a href=\"https:\/\/www.headshop.nl\/it\/shroomshop\/\" class=\"button success\" >\n\t\t<span>Attivo<\/span>\n\t<i class=\"icon-checkmark\" aria-hidden=\"true\"><\/i><\/a>\n\n\n\n\t\t<\/div>\n\t\t\t\t\t<\/div>\n\n\t\n\n<\/div>\n<div class=\"is-divider divider clearfix\" style=\"max-width:100%;height:1px;\"><\/div>\n\n\n\t\t<\/div>\n\t\t\t\t\t<\/div>\n\n\t\n\n<\/div>\n<div class=\"row\"  id=\"row-78067820\">\n\n\n\t<div id=\"col-128622559\" class=\"col medium-6 small-12 large-6\"  >\n\t\t\t\t<div class=\"col-inner\"  >\n\t\t\t\n\t\t\t\n\n\n  <div class=\"banner has-hover\" id=\"banner-471672146\">\n          <div class=\"banner-inner fill\">\n        <div class=\"banner-bg fill\" >\n            <img loading=\"lazy\" decoding=\"async\" width=\"1610\" height=\"460\" src=\"https:\/\/www.headshop.nl\/wp-content\/uploads\/2025\/07\/Bulkactie_wide_v3.jpg\" class=\"bg attachment-original size-original\" alt=\"\">                                    \n                    <\/div>\n\t\t\n        <div class=\"banner-layers container\">\n            <a class=\"fill\" href=\"https:\/\/www.headshop.nl\/it\/shroomshop\/magic-truffles\/\"><div class=\"fill banner-link\"><\/div><\/a>            \n\n\n        <\/div>\n      <\/div>\n\n            \n<style>\n#banner-471672146 {\n  padding-top: 146px;\n}\n<\/style>\n  <\/div>\n\n\n<div class=\"is-divider divider clearfix\" style=\"height:0px;\"><\/div>\n\n<h2><strong>Tartufi magici sconto all'ingrosso<\/strong><\/h2>\n<p>Per gli avventurieri e gli esploratori. Vivi un'esperienza magica con i nostri tartufi di alta qualit\u00e0. \u00c8 semplice: pi\u00f9 si acquista, pi\u00f9 si risparmia*.\u00a0<\/p>\n<p><em>* Non valido in combinazione con altre promozioni.<\/em><\/p>\n<div class=\"row\"  id=\"row-724323517\">\n\n\n\t<div id=\"col-1672374987\" class=\"col medium-6 small-6 large-6\"  >\n\t\t\t\t<div class=\"col-inner\"  >\n\t\t\t\n\t\t\t\n\n<a href=\"https:\/\/www.headshop.nl\/it\/shroomshop\/magic-truffles\/\" class=\"button primary\" >\n\t\t<span>Vai allo sconto<\/span>\n\t<\/a>\n\n\n\n\t\t<\/div>\n\t\t\t\t\t<\/div>\n\n\t\n\n\t<div id=\"col-2082658456\" class=\"col medium-6 small-6 large-6\"  >\n\t\t\t\t<div class=\"col-inner text-right\"  >\n\t\t\t\n\t\t\t\n\n<a href=\"https:\/\/www.headshop.nl\/it\/shroomshop\/\" class=\"button success\" >\n\t\t<span>Attivo<\/span>\n\t<i class=\"icon-checkmark\" aria-hidden=\"true\"><\/i><\/a>\n\n\n\n\t\t<\/div>\n\t\t\t\t\t<\/div>\n\n\t\n\n<\/div>\n<div class=\"is-divider divider clearfix\" style=\"max-width:100%;height:1px;\"><\/div>\n\n\n\t\t<\/div>\n\t\t\t\t\t<\/div>\n\n\t\n\n\t<div id=\"col-905651364\" class=\"col medium-6 small-12 large-6\"  >\n\t\t\t\t<div class=\"col-inner\"  >\n\t\t\t\n\t\t\t\n\n\n  <div class=\"banner has-hover\" id=\"banner-1705675802\">\n          <div class=\"banner-inner fill\">\n        <div class=\"banner-bg fill\" >\n            <img loading=\"lazy\" decoding=\"async\" width=\"1610\" height=\"460\" src=\"https:\/\/www.headshop.nl\/wp-content\/uploads\/2025\/07\/Bulkactie_wide_v1.jpg\" class=\"bg attachment-original size-original\" alt=\"\">                                    \n                    <\/div>\n\t\t\n        <div class=\"banner-layers container\">\n            <a class=\"fill\" href=\"https:\/\/www.headshop.nl\/it\/shroomshop\/magic-mushroom-spore-prints\/\"><div class=\"fill banner-link\"><\/div><\/a>            \n\n\n        <\/div>\n      <\/div>\n\n            \n<style>\n#banner-1705675802 {\n  padding-top: 146px;\n}\n<\/style>\n  <\/div>\n\n\n<div class=\"is-divider divider clearfix\" style=\"height:0px;\"><\/div>\n\n<h2><strong>Spore di funghi magici sconto all'ingrosso<\/strong><\/h2>\n<p>Per gli intenditori e i collezionisti esperti. Vivete un'esperienza magica con i nostri tartufi di alta qualit\u00e0. \u00c8 semplice: pi\u00f9 si acquista, pi\u00f9 si risparmia*.\u00a0<\/p>\n<p><em>* Non valido in combinazione con altre promozioni.<\/em><\/p>\n<div class=\"row\"  id=\"row-265064616\">\n\n\n\t<div id=\"col-395343702\" class=\"col medium-6 small-6 large-6\"  >\n\t\t\t\t<div class=\"col-inner\"  >\n\t\t\t\n\t\t\t\n\n<a href=\"https:\/\/www.headshop.nl\/it\/shroomshop\/magic-mushroom-spore-syringes\/\" class=\"button primary\" >\n\t\t<span>Vai allo sconto<\/span>\n\t<\/a>\n\n\n\n\t\t<\/div>\n\t\t\t\t\t<\/div>\n\n\t\n\n\t<div id=\"col-2049197062\" class=\"col medium-6 small-6 large-6\"  >\n\t\t\t\t<div class=\"col-inner text-right\"  >\n\t\t\t\n\t\t\t\n\n<a href=\"https:\/\/www.headshop.nl\/it\/shroomshop\/\" class=\"button success\" >\n\t\t<span>Attivo<\/span>\n\t<i class=\"icon-checkmark\" aria-hidden=\"true\"><\/i><\/a>\n\n\n\n\t\t<\/div>\n\t\t\t\t\t<\/div>\n\n\t\n\n<\/div>\n<div class=\"is-divider divider clearfix\" style=\"max-width:100%;height:1px;\"><\/div>\n\n\n\t\t<\/div>\n\t\t\t\t\t<\/div>\n\n\t\n\n<\/div>\n\n\t<div id=\"text-780277278\" class=\"text\">\n\t\t\n\n<h3><strong>Termini e condizioni<\/strong><\/h3>\n\t\t\n<style>\n#text-780277278 {\n  font-size: 1.55rem;\n  line-height: 0.75;\n}\n<\/style>\n\t<\/div>\n\t\n<p>Sappiamo che tutti amano i buoni affari, ed \u00e8 per questo che abbiamo fatto la nostra missione di portare codici sconto speciali Tatanka a voi. Per essere sicuri che tutti comprendano gli sconti di Tatanks, sotto troverete i termini e le condizioni degli sconti.\u00a0<\/p>\n<p>Tutte le offerte sono soggette a disponibilit\u00e0 e possono cambiare durante il periodo promozionale specificato. Gli ordini devono essere effettuati mentre l'offerta \u00e8 attiva e disponibile. Le offerte in corso non possono essere scambiate con prodotti alternativi o con denaro. Gli articoli in promozione sono destinati esclusivamente all'uso promozionale. Gli sconti per grandi quantit\u00e0 saranno applicati automaticamente. Gli sconti per grandi quantit\u00e0 sono uno sconto solo online. Durante le grandi promozioni, gli sconti per grandi quantit\u00e0 sono temporaneamente disabilitati. Ci impegniamo a fornire sempre informazioni accurate, ma non siamo responsabili di eventuali errori o omissioni. Ci riserviamo il diritto di modificare dettagli, descrizioni e disponibilit\u00e0 di offerte e prodotti.<\/p>","protected":false},"excerpt":{"rendered":"","protected":false},"author":3768,"featured_media":0,"parent":0,"menu_order":0,"comment_status":"closed","ping_status":"closed","template":"","meta":{"footnotes":""},"class_list":["post-85313","page","type-page","status-publish","hentry"],"_links":{"self":[{"href":"https:\/\/www.headshop.nl\/it\/wp-json\/wp\/v2\/pages\/85313","targetHints":{"allow":["GET"]}}],"collection":[{"href":"https:\/\/www.headshop.nl\/it\/wp-json\/wp\/v2\/pages"}],"about":[{"href":"https:\/\/www.headshop.nl\/it\/wp-json\/wp\/v2\/types\/page"}],"author":[{"embeddable":true,"href":"https:\/\/www.headshop.nl\/it\/wp-json\/wp\/v2\/users\/3768"}],"replies":[{"embeddable":true,"href":"https:\/\/www.headshop.nl\/it\/wp-json\/wp\/v2\/comments?post=85313"}],"version-history":[{"count":63,"href":"https:\/\/www.headshop.nl\/it\/wp-json\/wp\/v2\/pages\/85313\/revisions"}],"predecessor-version":[{"id":90742,"href":"https:\/\/www.headshop.nl\/it\/wp-json\/wp\/v2\/pages\/85313\/revisions\/90742"}],"wp:attachment":[{"href":"https:\/\/www.headshop.nl\/it\/wp-json\/wp\/v2\/media?parent=85313"}],"curies":[{"name":"wp","href":"https:\/\/api.w.org\/{rel}","templated":true}]}}