{"id":36757,"date":"2021-09-20T13:47:44","date_gmt":"2021-09-20T13:47:44","guid":{"rendered":"https:\/\/www.headshop.nl\/?page_id=36757"},"modified":"2024-08-20T10:03:27","modified_gmt":"2024-08-20T10:03:27","slug":"partners","status":"publish","type":"page","link":"https:\/\/www.headshop.nl\/it\/partners\/","title":{"rendered":"Partner"},"content":{"rendered":"<div id=\"gap-1697664117\" class=\"gap-element clearfix\" style=\"display:block; height:auto;\">\n\t\t\n<style>\n#gap-1697664117 {\n  padding-top: 30px;\n}\n<\/style>\n\t<\/div>\n\t\n\n<div class=\"container section-title-container\" ><h1 class=\"section-title section-title-normal\"><b aria-hidden=\"true\"><\/b><span class=\"section-title-main\" style=\"font-size:149%;\">Partner<\/span><b aria-hidden=\"true\"><\/b><\/h1><\/div>\n\n<div class=\"row\"  id=\"row-193345612\">\n\n\n\t<div id=\"col-255796541\" class=\"col medium-8 small-12 large-8\"  >\n\t\t\t\t<div class=\"col-inner\"  >\n\t\t\t\n\t\t\t\n\n<h2 data-animated=\"true\" data-animate=\"fadeInLeft\">The Headshop x Tatanka x Smartific<\/h2>\n<p data-animated=\"true\" data-animate=\"fadeInLeft\">Se avete sentito parlare di un solo smartshop o headshop, quello \u00e8 The Headshop. Per decenni abbiamo lavorato duramente per offrire la migliore esperienza e questo ha creato la nostra grande reputazione, e siamo orgogliosi di dirlo! Ma sapevate che anche gli smartshop Tatanka fanno parte della nostra famiglia? Anche questi smartshop sono ben conosciuti in tutta Europa e insieme continuiamo a lavorare per soddisfare tutte le vostre esigenze.<\/p>\n<p data-animated=\"true\" data-animate=\"fadeInLeft\">Naturalmente non tutti possono recarsi ad Amsterdam per visitare i nostri negozi. Poich\u00e9 vogliamo assistere anche coloro che non possono venire in negozio, abbiamo stretto una collaborazione con uno dei migliori smartshop online d'Europa: Smartific.<\/p>\n<p data-animated=\"true\" data-animate=\"fadeInLeft\">Smartific \u00e8 uno dei principali operatori del mercato olandese ed \u00e8 specializzato in tutti i tipi di prodotti. Inoltre, si concentra sulla fornitura di informazioni chiare su tutti i prodotti. Siamo d'accordo: l'educazione \u00e8 molto importante nel nostro campo di gioco! I loro coinvolgenti articoli informativi sono molto approfonditi e impressionanti. Date assolutamente un'occhiata alla loro fantastica Smartwiki.<\/p>\n<p data-animated=\"true\" data-animate=\"fadeInLeft\">Siete curiosi di conoscere Smartific? Date un'occhiata al loro sito web olandese: <span style=\"text-decoration: underline;\"><a href=\"https:\/\/www.smartific.nl\/\" target=\"_blank\" rel=\"noopener\">https:\/\/www.smartific.nl\/<\/a><\/span> o per il resto dell'Europa: <span style=\"text-decoration: underline;\"><a href=\"https:\/\/www.smartific.com\" target=\"_blank\" rel=\"noopener\">https:\/\/www.smartific.com<\/a>\/<\/span>. E non dimenticate il fantastico negozio Tatanka: <a href=\"https:\/\/www.tatanka.nl\/\" target=\"_blank\" rel=\"noopener\">https:\/\/www.tatanka.nl\/<\/a>.<\/p>\n<h3 data-animated=\"true\" data-animate=\"fadeInLeft\">The Headshop x MagicTruffels.Shop X Paddo.shop<\/h3>\n<p>L'The Headshop \u00e8 pieno di ottimi prodotti smart e headshop. Probabilmente i pi\u00f9 popolari di questi prodotti sono i famosi Magic Truffles. Abbiamo avviato una collaborazione con gli specialisti olandesi dei tartufi magici online di MagicTruffels.shop. Sono esperti di prodotti contenenti psilocibina. Insieme utilizziamo le nostre conoscenze e i risultati delle nostre ricerche per offrire a tutti i nostri clienti la migliore esperienza possibile. Date un'occhiata al loro sito web: <span style=\"text-decoration: underline;\"><a href=\"https:\/\/www.magictruffels.shop\/\" target=\"_blank\" rel=\"noopener\">https:\/\/www.magictruffels.shop\/<\/a><\/span>.<\/p>\n<p>Preferite coltivare i vostri prodotti psichedelici? Siete fortunati! Hanno anche un grande negozio web dedicato, completamente costruito intorno ai kit per la coltivazione dei funghi magici. Questo \u00e8 il loro sito web: <span style=\"text-decoration: underline;\"><a href=\"https:\/\/www.paddo.shop\/\" target=\"_blank\" rel=\"noopener\">https:\/\/www.paddo.shop\/<\/a><\/span><\/p>\n<h2 data-pm-slice=\"1 1 &#091;&#093;\">The Headshop x McSmart<\/h2>\n<p>Noi di Headshop siamo pronti a collaborare con noi. <a href=\"https:\/\/www.mcsmart.com\/\" target=\"_blank\" rel=\"noopener\">McSmart<\/a>, il pi\u00f9 grande gruppo di negozi intelligenti. Grazie a questa collaborazione possiamo offrire una scala di prodotti di qualit\u00e0 superiore, tra cui Magic Truffels, Growkits e integratori alimentari. McSmart si distingue per la sua qualit\u00e0 superiore e per i suoi prodotti innovativi, che noi offriamo con successo ai nostri clienti. Grazie alla combinazione di questi prodotti con l'McSmart, siamo in grado di offrire i migliori prodotti smartshop sul mercato e di sostenere i nostri clienti con la massima qualit\u00e0. Consultate da oggi l'ampia selezione di McSmart e scoprite la differenza.<\/p>\n\n\t\t<\/div>\n\t\t\t\t\t<\/div>\n\n\t\n\n\t<div id=\"col-2065224412\" class=\"col medium-4 small-12 large-4 small-col-first\"  >\n\t\t\t\t<div class=\"col-inner\"  >\n\t\t\t\n\t\t\t\n\n\t<div class=\"img has-hover x md-x lg-x y md-y lg-y\" id=\"image_194963532\">\n\t\t\t\t\t\t\t\t<div class=\"img-inner dark\" >\n\t\t\t<img loading=\"lazy\" decoding=\"async\" width=\"1500\" height=\"768\" src=\"https:\/\/www.headshop.nl\/wp-content\/uploads\/2019\/08\/Logo-The-Headshop-DEF.png\" class=\"attachment-original size-original\" alt=\"Logo The Headshop\" srcset=\"https:\/\/www.headshop.nl\/wp-content\/uploads\/2019\/08\/Logo-The-Headshop-DEF.png 1500w, https:\/\/www.headshop.nl\/wp-content\/uploads\/2019\/08\/Logo-The-Headshop-DEF-420x215.png 420w, https:\/\/www.headshop.nl\/wp-content\/uploads\/2019\/08\/Logo-The-Headshop-DEF-64x33.png 64w, https:\/\/www.headshop.nl\/wp-content\/uploads\/2019\/08\/Logo-The-Headshop-DEF-380x195.png 380w, https:\/\/www.headshop.nl\/wp-content\/uploads\/2019\/08\/Logo-The-Headshop-DEF-600x307.png 600w, https:\/\/www.headshop.nl\/wp-content\/uploads\/2019\/08\/Logo-The-Headshop-DEF-768x393.png 768w, https:\/\/www.headshop.nl\/wp-content\/uploads\/2019\/08\/Logo-The-Headshop-DEF-800x410.png 800w\" sizes=\"auto, (max-width: 1500px) 100vw, 1500px\" \/>\t\t\t\t\t\t\n\t\t\t\t\t<\/div>\n\t\t\t\t\t\t\t\t\n<style>\n#image_194963532 {\n  width: 100%;\n}\n<\/style>\n\t<\/div>\n\t\n\n\t<div id=\"gap-830685104\" class=\"gap-element clearfix\" style=\"display:block; height:auto;\">\n\t\t\n<style>\n#gap-830685104 {\n  padding-top: 10px;\n}\n<\/style>\n\t<\/div>\n\t\n\n\n\t\t<\/div>\n\t\t\t\t\t<\/div>\n\n\t\n\n<\/div>","protected":false},"excerpt":{"rendered":"","protected":false},"author":807,"featured_media":0,"parent":0,"menu_order":0,"comment_status":"closed","ping_status":"closed","template":"page-blank.php","meta":{"footnotes":""},"class_list":["post-36757","page","type-page","status-publish","hentry"],"_links":{"self":[{"href":"https:\/\/www.headshop.nl\/it\/wp-json\/wp\/v2\/pages\/36757","targetHints":{"allow":["GET"]}}],"collection":[{"href":"https:\/\/www.headshop.nl\/it\/wp-json\/wp\/v2\/pages"}],"about":[{"href":"https:\/\/www.headshop.nl\/it\/wp-json\/wp\/v2\/types\/page"}],"author":[{"embeddable":true,"href":"https:\/\/www.headshop.nl\/it\/wp-json\/wp\/v2\/users\/807"}],"replies":[{"embeddable":true,"href":"https:\/\/www.headshop.nl\/it\/wp-json\/wp\/v2\/comments?post=36757"}],"version-history":[{"count":1,"href":"https:\/\/www.headshop.nl\/it\/wp-json\/wp\/v2\/pages\/36757\/revisions"}],"predecessor-version":[{"id":80977,"href":"https:\/\/www.headshop.nl\/it\/wp-json\/wp\/v2\/pages\/36757\/revisions\/80977"}],"wp:attachment":[{"href":"https:\/\/www.headshop.nl\/it\/wp-json\/wp\/v2\/media?parent=36757"}],"curies":[{"name":"wp","href":"https:\/\/api.w.org\/{rel}","templated":true}]}}