{"id":1784,"date":"2017-09-13T15:56:09","date_gmt":"2017-09-13T15:56:09","guid":{"rendered":"http:\/\/headshop.nl\/?page_id=1784"},"modified":"2021-08-30T09:43:44","modified_gmt":"2021-08-30T09:43:44","slug":"privacy-policy","status":"publish","type":"page","link":"https:\/\/www.headshop.nl\/it\/privacy-policy\/","title":{"rendered":"Informativa sulla privacy"},"content":{"rendered":"<div class=\"container section-title-container\" ><h1 class=\"section-title section-title-bold-center\"><b aria-hidden=\"true\"><\/b><span class=\"section-title-main\" style=\"font-size:131%;\">Informativa sulla privacy<\/span><b aria-hidden=\"true\"><\/b><\/h1><\/div>\n\n\n\n<p><strong>Informativa sulla privacy Headshop.nl \/ PePePe BV<\/strong><\/p>\n\n\n\n<figure class=\"wp-block-embed is-type-wp-embed is-provider-tatanka-amsterdam-webshop wp-block-embed-tatanka-amsterdam-webshop\"><div class=\"wp-block-embed__wrapper\">\n<blockquote class=\"wp-embedded-content\" data-secret=\"X33Y55XFXD\"><a href=\"https:\/\/www.headshop.nl\/it\/\">Homepage<\/a><\/blockquote><iframe loading=\"lazy\" class=\"wp-embedded-content\" sandbox=\"allow-scripts\" security=\"restricted\" style=\"position: absolute; clip: rect(1px, 1px, 1px, 1px);\" title=\"&quot;Homepage&quot; - Headshop Amsterdam Webshop\" src=\"https:\/\/www.headshop.nl\/embed\/#?secret=X33Y55XFXD\" data-secret=\"X33Y55XFXD\" width=\"600\" height=\"338\" frameborder=\"0\" marginwidth=\"0\" marginheight=\"0\" scrolling=\"no\"><\/iframe>\n<\/div><\/figure>\n\n\n\n<p><strong>Informazioni sulla nostra politica sulla privacy<\/strong><\/p>\n\n\n\n<p>PePePe BV ha molto a cuore la vostra privacy. Trattiamo esclusivamente i dati necessari per migliorare i nostri servizi e gestiamo con cura tutte le informazioni raccolte su di voi e sul vostro utilizzo dei nostri servizi. I vostri dati non vengono condivisi con terze parti per scopi commerciali. La presente informativa sulla privacy si applica all'utilizzo del sito web e dei servizi forniti da PePePe BV. La data di inizio della validit\u00e0 di questi termini e condizioni \u00e8 il 07\/07\/2021, con la pubblicazione di una nuova versione viene annullata la validit\u00e0 di tutte le versioni precedenti. La presente informativa sulla privacy descrive quali informazioni sull'utente vengono raccolte da PePePe BV, per quali scopi vengono utilizzate e con chi e a quali condizioni tali dati potrebbero essere condivisi con terze parti. Vi spieghiamo inoltre come archiviamo i vostri dati, come li proteggiamo da un uso improprio e quali diritti avete in merito ai dati personali che ci fornite.<\/p>\n\n\n\n<p>In caso di domande sulla nostra politica sulla privacy, si prega di contattare il nostro referente per la privacy, i cui dati sono riportati alla fine della nostra politica sulla privacy.<\/p>\n\n\n\n<p><strong>Informazioni sull'elaborazione dei dati<\/strong><\/p>\n\n\n\n<p>Di seguito potete leggere come trattiamo i vostri dati, dove li salviamo, quali tecniche di sicurezza utilizziamo e a chi sono visibili i dati.<\/p>\n\n\n\n<p><strong>Webshopsoftware<\/strong><\/p>\n\n\n\n<p><strong>WooCommerce<\/strong><\/p>\n\n\n\n<p>Utilizziamo servizi di webhosting e di posta elettronica forniti da WooCommerce, mentre per il webhosting utilizziamo i servizi di OtherDigital Ocean. I dati personali raccolti con l'utilizzo del nostro sito web e dei nostri servizi vengono condivisi con OtherDigital Ocean, che ha bisogno di accedere a questi dati per offrire assistenza (tecnica). La societ\u00e0 non utilizzer\u00e0 questi dati per altri scopi. OtherDigital Ocean ha l'obbligo, in base all'accordo stipulato con loro, di adottare le precauzioni e le misure di sicurezza necessarie quando si tratta dei dati personali degli utenti.<\/p>\n\n\n\n<p><strong>WooCommerce<\/strong><\/p>\n\n\n\n<p>Il nostro negozio web \u00e8 stato sviluppato utilizzando il software WooCommerce. Il nostro negozio web \u00e8 ospitato su un server gestito in proprio. Abbiamo preso le necessarie precauzioni e misure di sicurezza per quanto riguarda i vostri dati personali, come la crittografia SSL e una forte politica di password.<\/p>\n\n\n\n<p><strong>E-mail e mailing list <\/strong><strong>MailChimp<\/strong><\/p>\n\n\n\n<p>Utilizziamo i servizi di posta elettronica di MailChimp, una terza parte che facilita il traffico e-mail del nostro sito web ed eventuali newsletter. Tutte le e-mail di conferma che ricevete dal nostro sito web e dai moduli web vi vengono inviate dai server di MailChimp. MailChimp non utilizzer\u00e0 il vostro nome e indirizzo e-mail per i propri scopi. In fondo a ogni e-mail automatica inviata dal nostro sito web troverete un link di \"annullamento dell'iscrizione\". Facendo clic su questo link non si riceveranno pi\u00f9 e-mail automatiche dal nostro sito web; si noti che ci\u00f2 pu\u00f2 influire notevolmente sulla funzionalit\u00e0 del nostro sito web. I vostri dati personali saranno archiviati, inviati e bloccati in modo sicuro da MailChimp. MailChimp utilizza cookie e altre tecnologie internet che tengono traccia dell'apertura e della lettura delle e-mail. Inoltre, MailChimp raccoglie informazioni su di te come destinatario e sui soggetti di queste e-mail allo scopo di migliorare la qualit\u00e0 del servizio; questi dati vengono conservati per 30 giorni. MailChimp si riserva il diritto di utilizzare le informazioni personali per migliorare ulteriormente il proprio servizio.<\/p>\n\n\n\n<p>servizi e, in questo contesto, condividerli con terzi.<\/p>\n\n\n\n<p><strong>Webhost digitale<\/strong><\/p>\n\n\n\n<p>Per le nostre e-mail aziendali regolari, utilizziamo i servizi di posta elettronica di Digital Ocean. Questa societ\u00e0 ha implementato misure tecniche e organizzative adeguate per prevenire l'uso improprio, la perdita o la corruzione dei vostri dati. Digital Webhost non ha accesso alla nostra casella di posta elettronica e il nostro traffico e-mail viene trattato in modo confidenziale.<\/p>\n\n\n\n<p><strong>Processori di pagamento<\/strong><\/p>\n\n\n\n<p><strong>Pay.nl<\/strong><\/p>\n\n\n\n<p>Per la conclusione e l'elaborazione di (parte dei) pagamenti nel nostro negozio web utilizziamo il fornitore di pagamenti Pay.nl. Pay.nl elabora i dati relativi al vostro nome, indirizzo e residenza. Inoltre, elabora le informazioni relative al pagamento, come il numero di conto bancario o il numero di carta di credito. Pay.nl ha implementato misure tecniche e organizzative adeguate per proteggere i vostri dati personali. Pay.nl si riserva il diritto di utilizzare i vostri dati personali (anonimizzati) per migliorare ulteriormente i propri servizi e, in questo contesto, di condividerli con terzi. In caso di richiesta di un pagamento posticipato (credito agevolato), Pay.nl condivider\u00e0 i dati personali e dell'ordine con il fornitore di pagamento appropriato. Tutte le garanzie di cui sopra in merito alla protezione dei vostri dati personali sono applicabili anche a qualsiasi servizio di Pay.nl che utilizzi terze parti. Pay.nl non conserva i vostri dati per un periodo di tempo superiore a quello consentito dalle relative motivazioni legali.<\/p>\n\n\n\n<p><strong>Recensioni<\/strong><\/p>\n\n\n\n<p><strong>WebwinkelKeur<\/strong><\/p>\n\n\n\n<p>Utilizziamo WebwinkelKeur per raccogliere recensioni. Per lasciare una recensione \u00e8 necessario inserire il proprio indirizzo e-mail, il nome e il luogo di residenza. WebwinkelKeur condivide con noi alcuni dati necessari per abbinare la recensione all'ordine. Inoltre, WebwinkelKeur pubblica il nome e il luogo di residenza dell'utente sul proprio sito web. In alcuni casi, WebwinkelKeur pu\u00f2 contattarvi per chiedervi di chiarire, elaborare o commentare la vostra recensione. Nel caso di una nostra richiesta di recensione, condividiamo il vostro nome e indirizzo e-mail con WebwinkelKeur, che utilizza queste informazioni al solo scopo di invitarvi a lasciare una recensione. WebwinkelKeur ha implementato misure tecniche e organizzative adeguate per proteggere i vostri dati personali. WebwinkelKeur si riserva il diritto di utilizzare le informazioni personali dell'utente per offrire i propri servizi e di condividerle con terzi, in quanto abbiamo dato a WebwinkelKeur il permesso di farlo. Tutte le garanzie di cui sopra in materia di protezione dei dati personali sono applicabili anche a qualsiasi servizio di WebwinkelKeur che si avvalga di terzi.<\/p>\n\n\n\n<p><strong>Trasporti e logistica Contabilit\u00e0 e contabilit\u00e0 Canali di vendita esterni<\/strong><\/p>\n\n\n\n<p><strong>Finalit\u00e0 del trattamento dei dati<\/strong><\/p>\n\n\n\n<p><strong>Finalit\u00e0 generale del trattamento dei dati<\/strong><\/p>\n\n\n\n<p>Utilizziamo i vostri dati al solo scopo di fornirvi i nostri servizi. Ci\u00f2 significa che l'obiettivo dell'elaborazione di questi dati \u00e8 in relazione diretta con l'incarico o il compito che ci offrite. Non utilizziamo questi dati per scopi di marketing (indirizzati). Se condividete informazioni con noi e le utilizziamo per contattarvi in un secondo momento, non sulla base di una richiesta, vi chiederemo prima un consenso esplicito. I vostri dati non vengono condivisi con terze parti,<\/p>\n\n\n\n<p>per qualsiasi altro scopo che non sia l'adempimento di obblighi contabili e amministrativi. Tutti questi terzi sono tenuti a un obbligo di riservatezza in base all'accordo stipulato con loro, a un giuramento o a un obbligo legale.<\/p>\n\n\n\n<p><strong>Dati raccolti automaticamente<\/strong><\/p>\n\n\n\n<p>Le informazioni raccolte automaticamente dal nostro sito web vengono elaborate al solo scopo di fornirvi e\/o migliorare ulteriormente i nostri servizi. Queste informazioni (ad esempio l'indirizzo IP (anonimizzato), il browser web e il sistema operativo) non sono informazioni personali.<\/p>\n\n\n\n<p><strong>Cooperazione nelle indagini fiscali e penali<\/strong><\/p>\n\n\n\n<p>In alcuni casi, potremmo essere obbligati dal governo a condividere le vostre informazioni per assistere in un'indagine fiscale o penale. In questi casi siamo obbligati a rispettare e ad assistere, ma, sulla base di possibilit\u00e0 lecite, ci opporremo.<\/p>\n\n\n\n<p><strong>Periodi di conservazione<\/strong><\/p>\n\n\n\n<p>Conserviamo i vostri dati per tutto il tempo in cui sarete nostri clienti. Ci\u00f2 significa che manteniamo e conserviamo il vostro profilo di cliente finch\u00e9 non ci comunicate che non desiderate pi\u00f9 usufruire dei nostri servizi. Tale messaggio funge anche da richiesta di oblio. Siamo tenuti a conservare le fatture con i vostri dati (personali) a causa di obblighi amministrativi rilevanti; tali informazioni vengono conservate in modo sicuro finch\u00e9 non \u00e8 ancora trascorso il termine previsto per tali obblighi. Il personale non ha pi\u00f9 accesso al vostro profilo di cliente e a tutti i documenti realizzati per il vostro incarico o la vostra mansione.<\/p>\n\n\n\n<p><strong>I vostri diritti<\/strong><\/p>\n\n\n\n<p>In base alle leggi olandesi ed europee in vigore, l'utente, in qualit\u00e0 di interessato, ha determinati diritti in merito ai dati personali trattati da noi o per nostro conto. Di seguito troverete una spiegazione di questi diritti e di come voi, in qualit\u00e0 di interessati, possiate farli valere. In linea di principio, per evitare abusi, inviamo fatture e copie dei vostri dati solo agli indirizzi e-mail che ci avete comunicato. Se desiderate ricevere questi dati su un altro indirizzo e-mail o, ad esempio, per posta, vi chiederemo di identificarvi di conseguenza. Manteniamo una gestione delle richieste concluse, in caso di richiesta di oblio manteniamo una gestione dei dati anonimizzati. Riceverete tutte le fatture e le copie dei dati in file strutturati in un formato leggibile a macchina in base alle classificazioni dei dati che utilizziamo nel nostro sistema. L'utente ha sempre il diritto di presentare un reclamo all'Autoriteit Persoonsgegevens se sospetta che i suoi dati personali siano stati trattati o utilizzati in modo improprio.<\/p>\n\n\n\n<p><strong>Diritto di ispezione<\/strong><\/p>\n\n\n\n<p>In ogni momento avete il diritto di prendere visione dei dati da noi trattati che hanno una relazione o possono essere riconducibili alla vostra persona. Potete richiedere tale visione al nostro referente per la privacy. Riceverete una risposta alla vostra richiesta entro 30 giorni. Se la vostra richiesta viene accolta, vi invieremo, tramite l'indirizzo e-mail a noi noto, una copia di tutti i dati con una panoramica aggiuntiva dei responsabili del trattamento che gestiscono questi dati, indicando anche le categorie sotto le quali li conserviamo.<\/p>\n\n\n\n<p><strong>Diritto di rettifica<\/strong><\/p>\n\n\n\n<p>Avete sempre il diritto di far rettificare i dati da noi trattati che hanno una relazione o possono essere riconducibili alla vostra persona. Potete richiedere tale adeguamento al nostro referente per la privacy. Riceverete una risposta alla vostra richiesta entro 30 giorni. Se la vostra richiesta viene accolta, vi invieremo, tramite l'indirizzo e-mail a noi noto, una conferma dell'avvenuta rettifica dei dati.<\/p>\n\n\n\n<p><strong>Diritto alla limitazione del trattamento<\/strong><\/p>\n\n\n\n<p>Avete sempre il diritto di limitare i dati da noi trattati che hanno una relazione o possono essere riconducibili alla vostra persona. Potete richiedere tale limitazione al nostro contatto responsabile della privacy. Riceverete una risposta alla vostra richiesta entro 30 giorni. Se la vostra richiesta viene approvata, vi invieremo, tramite l'indirizzo e-mail a noi noto, una conferma che il trattamento dei vostri dati \u00e8 limitato fino a quando non deciderete di annullare tale limitazione.<\/p>\n\n\n\n<p><strong>Diritto di trasferibilit\u00e0<\/strong><\/p>\n\n\n\n<p>Avete sempre il diritto di richiedere che i dati da noi trattati che hanno una relazione o possono essere riconducibili alla vostra persona siano trattati da un terzo di vostra scelta. Potete inviare tale richiesta al nostro referente per la privacy. Riceverete una risposta alla vostra richiesta entro 30 giorni. Se la vostra richiesta viene approvata, vi invieremo, tramite l'indirizzo e-mail a noi noto, le vostre fatture (personali) o le copie dei dati che noi, o terzi per nostro conto, abbiamo trattato. \u00c8 molto probabile che in tal caso non potremo pi\u00f9 offrirvi i nostri servizi perch\u00e9 non possiamo pi\u00f9 garantire la sicurezza dei dati precedenti.<\/p>\n\n\n\n<p><strong>Diritto di opposizione e altri diritti<\/strong><\/p>\n\n\n\n<p>L'utente mantiene in ogni momento il diritto di opporsi al trattamento da parte nostra, o per nostro conto da parte di terzi, del suo<\/p>\n\n\n\n<p>dati personali. In caso di obiezione, interromperemo immediatamente il trattamento dei vostri dati mentre la vostra obiezione viene esaminata e gestita. In caso di obiezione giustificata, restituiremo tutte le fatture e\/o le copie dei dati personali che noi, o terzi per nostro conto, abbiamo elaborato fino a quel momento e cesseremo il trattamento in seguito. Avete anche il diritto di non essere soggetti a processi decisionali automatizzati o di profilazione. Trattiamo i vostri dati in modo tale da non applicare questo diritto. Se ritenete che questo diritto sia applicabile, vi chiediamo di contattare il nostro referente per la privacy.<\/p>\n\n\n\n<p><strong>Biscotti<\/strong><\/p>\n\n\n\n<p><strong>Google Analytics<\/strong><\/p>\n\n\n\n<p>Sul nostro sito web vengono installati cookie della societ\u00e0 americana Google, nell'ambito del servizio \"Analytics\".<\/p>\n\n\n\n<p>Utilizziamo questo servizio per tenere traccia e ottenere rapporti sull'utilizzo del sito web da parte dei visitatori. Questo elaboratore potrebbe essere obbligato per legge a fornire l'accesso a questi dati. Raccogliamo informazioni sul vostro comportamento di navigazione e le condividiamo con Google. Google pu\u00f2 avviare queste informazioni insieme ad altre serie di dati e quindi tracciare i vostri movimenti su Internet. Google utilizza queste informazioni per offrire, tra l'altro, annunci pubblicitari mirati (Adwords) e altri servizi e prodotti di Google.<\/p>\n\n\n\n<p><strong>Cookie di terze parti Party<\/strong><\/p>\n\n\n\n<p>Nel caso in cui le soluzioni software di terze parti utilizzino i cookie indicati nella presente informativa sulla privacy.<\/p>\n\n\n\n<p><strong>Modifiche all'informativa sulla privacy<\/strong><\/p>\n\n\n\n<p>Ci riserviamo il diritto di modificare in qualsiasi momento la nostra politica sulla privacy. In questa pagina, tuttavia, viene sempre riportata la versione pi\u00f9 recente della nostra informativa sulla privacy. Se una nuova politica sulla privacy dovesse avere conseguenze sul modo in cui elaboriamo i dati raccolti di recente in relazione alla vostra persona, ve lo comunicheremo via e-mail.<\/p>\n\n\n\n<p><strong>Dettagli dell'azienda <\/strong><strong>PePePe BV<\/strong><\/p>\n\n\n\n<p>Sulky 6 J Zeewolde Nederland | <strong>T <\/strong>(0031)(0)20-6249061 | <strong>E <\/strong>info@headshop.nl<\/p>","protected":false},"excerpt":{"rendered":"<p>Informativa sulla privacy Headshop.nl \/ PePePe BV Informazioni sulla nostra informativa sulla privacy PePePe BV tiene molto alla vostra privacy. Trattiamo esclusivamente i dati necessari per migliorare i nostri servizi e gestiamo con cura tutte le informazioni raccolte su di voi e sul vostro utilizzo dei nostri servizi. I vostri dati non vengono condivisi con terze parti per scopi commerciali. Questa privacy...<\/p>","protected":false},"author":807,"featured_media":0,"parent":0,"menu_order":0,"comment_status":"closed","ping_status":"closed","template":"","meta":{"footnotes":""},"class_list":["post-1784","page","type-page","status-publish","hentry"],"_links":{"self":[{"href":"https:\/\/www.headshop.nl\/it\/wp-json\/wp\/v2\/pages\/1784","targetHints":{"allow":["GET"]}}],"collection":[{"href":"https:\/\/www.headshop.nl\/it\/wp-json\/wp\/v2\/pages"}],"about":[{"href":"https:\/\/www.headshop.nl\/it\/wp-json\/wp\/v2\/types\/page"}],"author":[{"embeddable":true,"href":"https:\/\/www.headshop.nl\/it\/wp-json\/wp\/v2\/users\/807"}],"replies":[{"embeddable":true,"href":"https:\/\/www.headshop.nl\/it\/wp-json\/wp\/v2\/comments?post=1784"}],"version-history":[{"count":0,"href":"https:\/\/www.headshop.nl\/it\/wp-json\/wp\/v2\/pages\/1784\/revisions"}],"wp:attachment":[{"href":"https:\/\/www.headshop.nl\/it\/wp-json\/wp\/v2\/media?parent=1784"}],"curies":[{"name":"wp","href":"https:\/\/api.w.org\/{rel}","templated":true}]}}