{"id":1001,"date":"2017-08-20T16:03:41","date_gmt":"2017-08-20T16:03:41","guid":{"rendered":"http:\/\/headshop.nl\/?page_id=1001"},"modified":"2025-05-02T09:00:46","modified_gmt":"2025-05-02T09:00:46","slug":"shipping-psychedelics","status":"publish","type":"page","link":"https:\/\/www.headshop.nl\/it\/shipping-psychedelics\/","title":{"rendered":"Spedizione Meodi"},"content":{"rendered":"<div id=\"gap-837285190\" class=\"gap-element clearfix\" style=\"display:block; height:auto;\">\n\t\t\n<style>\n#gap-837285190 {\n  padding-top: 70px;\n}\n<\/style>\n\t<\/div>\n\t\n\n<div class=\"row row-large\"  id=\"row-233890068\">\n\n\n\t<div id=\"col-1709659777\" class=\"col small-12 large-12\"  >\n\t\t\t\t<div class=\"col-inner text-left\"  >\n\t\t\t\n\t\t\t\n\n<h1>Effettuate spedizioni nel mio paese?<\/h1>\n<p>Effettuiamo spedizioni nella maggior parte dei Paesi dell'UE. Potete trovarli nella tabella sottostante. Spediamo tutti i nostri pacchi nell'UE con DHL, DPD o PostNL a seconda dell'area. In questo modo possiamo offrire il miglior servizio possibile. Riceverete sempre un codice di tracciabilit\u00e0 per seguire il vostro pacco da porta a porta.<\/p>\n<table class=\"tblcal;\">\n<tbody>\n<tr>\n<th class=\"tblcall\">Paese<\/th>\n<th class=\"tblcalll\">Consegna<\/th>\n<th class=\"tblcallll\">Costi<\/th>\n<th class=\"tblcalllll\" style=\"text-align: left;\">Spedizione gratuita<\/th>\n<\/tr>\n<tr>\n<td>Austria<\/td>\n<td>2 &#8211; 3<\/td>\n<td>\u20ac11,95<\/td>\n<td style=\"text-align: left;\">\u20ac125,-<\/td>\n<\/tr>\n<tr>\n<td>Belgio<\/td>\n<td>1 &#8211; 2<\/td>\n<td>\u20ac7,95<\/td>\n<td style=\"text-align: left;\">\u20ac125,-<\/td>\n<\/tr>\n<tr>\n<td>Bulgaria<\/td>\n<td>6 &#8211; 8<\/td>\n<td>\u20ac21,95<\/td>\n<td style=\"text-align: left;\">\u20ac125,-<\/td>\n<\/tr>\n<tr>\n<td>Croazia<\/td>\n<td>3 &#8211; 5<\/td>\n<td>\u20ac17,95<\/td>\n<td style=\"text-align: left;\">\u20ac125,-<\/td>\n<\/tr>\n<tr>\n<td>Repubblica Ceca<\/td>\n<td>2 &#8211; 4<\/td>\n<td>\u20ac13,95<\/td>\n<td style=\"text-align: left;\">\u20ac125,-<\/td>\n<\/tr>\n<tr>\n<td>Estonia<\/td>\n<td>4 &#8211; 6<\/td>\n<td>\u20ac19,95<\/td>\n<td style=\"text-align: left;\">\u20ac125,-<\/td>\n<\/tr>\n<tr>\n<td>Francia<\/td>\n<td>2 &#8211; 3<\/td>\n<td>\u20ac10,95<\/td>\n<td style=\"text-align: left;\">\u20ac125,-<\/td>\n<\/tr>\n<tr>\n<td>Germania<\/td>\n<td>1 &#8211; 3<\/td>\n<td>\u20ac7,95<\/td>\n<td style=\"text-align: left;\">\u20ac125,-<\/td>\n<\/tr>\n<tr>\n<td>Grecia<\/td>\n<td>6 &#8211; 8<\/td>\n<td>\u20ac21,95<\/td>\n<td style=\"text-align: left;\">\u20ac125,-<\/td>\n<\/tr>\n<tr>\n<td>Irlanda<\/td>\n<td>3 &#8211; 4<\/td>\n<td>\u20ac16,95<\/td>\n<td style=\"text-align: left;\">\u20ac125,-<\/td>\n<\/tr>\n<tr>\n<td>Italia<\/td>\n<td>2 &#8211; 4<\/td>\n<td>\u20ac18,95<\/td>\n<td style=\"text-align: left;\">\u20ac125,-<\/td>\n<\/tr>\n<tr>\n<td>Lettonia<\/td>\n<td>3 &#8211; 5<\/td>\n<td>\u20ac15,95<\/td>\n<td style=\"text-align: left;\">\u20ac125,-<\/td>\n<\/tr>\n<tr>\n<td>Lituania<\/td>\n<td>3 &#8211; 5<\/td>\n<td>\u20ac22,95<\/td>\n<td style=\"text-align: left;\">\u20ac125,-<\/td>\n<\/tr>\n<tr>\n<td>Lussemburgo<\/td>\n<td>1 &#8211; 2<\/td>\n<td>\u20ac11,95<\/td>\n<td style=\"text-align: left;\">\u20ac125,-<\/td>\n<\/tr>\n<tr>\n<td>Paesi Bassi<\/td>\n<td>1 &#8211; 2<\/td>\n<td>\u20ac6,95<\/td>\n<td style=\"text-align: left;\">\u20ac125,-<\/td>\n<\/tr>\n<tr>\n<td>Polonia<\/td>\n<td>2 &#8211; 3<\/td>\n<td>\u20ac14,95<\/td>\n<td style=\"text-align: left;\">\u20ac125,-<\/td>\n<\/tr>\n<tr>\n<td>Portogallo<\/td>\n<td>3 &#8211; 4<\/td>\n<td>\u20ac20,95<\/td>\n<td style=\"text-align: left;\">\u20ac125,-<\/td>\n<\/tr>\n<tr>\n<td>Romania<\/td>\n<td>3 &#8211; 5<\/td>\n<td>\u20ac17,95<\/td>\n<td style=\"text-align: left;\">\u20ac125,-<\/td>\n<\/tr>\n<tr>\n<td>Slovacchia<\/td>\n<td>3 &#8211; 5<\/td>\n<td>\u20ac17,95<\/td>\n<td style=\"text-align: left;\">\u20ac125,-<\/td>\n<\/tr>\n<tr>\n<td>Slovenia<\/td>\n<td>2 &#8211; 3<\/td>\n<td>\u20ac17,95<\/td>\n<td style=\"text-align: left;\">\u20ac125,-<\/td>\n<\/tr>\n<tr>\n<td>Spagna<\/td>\n<td>2 &#8211; 3<\/td>\n<td>\u20ac14,95<\/td>\n<td style=\"text-align: left;\">\u20ac125,-<\/td>\n<\/tr>\n<\/tbody>\n<\/table>\n<p>* Le aree difficili da raggiungere, come le isole o altre regioni remote, costeranno circa 20 euro in pi\u00f9 a causa delle spese aggiuntive del vettore.<\/p>\n<p>Nota: cerchiamo di spedire tutti gli ordini entro 1 giorno lavorativo, tutti i tempi di consegna sono stimati e possono variare a causa del traffico e delle festivit\u00e0.<\/p>\n\n\t\t<\/div>\n\t\t\t\t\t<\/div>\n\n\t\n\n<\/div>\n\n\t<section class=\"section\" id=\"section_1016479434\">\n\t\t<div class=\"section-bg fill\" >\n\t\t\t\t\t\t\t\t\t<div class=\"section-bg-overlay absolute fill\"><\/div>\n\t\t\t\n\t<div class=\"is-border\"\n\t\tstyle=\"border-width:0px 0px 0px 0px;\">\n\t<\/div>\n\n\t\t<\/div>\n\n\t\t\n\n\t\t<div class=\"section-content relative\">\n\t\t\t\n\n<div class=\"row row-large align-middle\"  id=\"row-530583121\">\n\n\n\t<div id=\"col-182410519\" class=\"col medium-6 small-12 large-6\"  >\n\t\t\t\t<div class=\"col-inner text-left dark\"  >\n\t\t\t\n\t\t\t\n\n<h1>Spedizione discreta<\/h1>\n<p>Spediamo tutti i nostri pacchi UE con DHL, DPD o PostNL a seconda della zona.<\/p>\n<p>Tutti i nostri ordini sono confezionati e spediti in modo discreto. Non c'\u00e8 alcun riferimento a chi sia il mittente. Inoltre, non vi \u00e8 alcun riferimento al contenuto. Sulla confezione non \u00e8 presente alcun logo o testo che indichi \"Headshop\".<\/p>\n\n\t\t<\/div>\n\t\t\t\t\t<\/div>\n\n\t\n\n\t<div id=\"col-90433490\" class=\"col medium-6 small-12 large-6 small-col-first\"  >\n\t\t\t\t<div class=\"col-inner\"  >\n\t\t\t\n\t\t\t\n\n\t<div class=\"img has-hover x md-x lg-x y md-y lg-y\" id=\"image_1475868538\">\n\t\t\t\t\t\t\t\t<div class=\"img-inner image-cover dark\" style=\"padding-top:75%;\">\n\t\t\t<img loading=\"lazy\" decoding=\"async\" width=\"600\" height=\"400\" src=\"https:\/\/www.headshop.nl\/wp-content\/uploads\/2018\/05\/Discreet-Shipping-Tatanka.jpg\" class=\"attachment-original size-original\" alt=\"\" srcset=\"https:\/\/www.headshop.nl\/wp-content\/uploads\/2018\/05\/Discreet-Shipping-Tatanka.jpg 600w, https:\/\/www.headshop.nl\/wp-content\/uploads\/2018\/05\/Discreet-Shipping-Tatanka-420x280.jpg 420w, https:\/\/www.headshop.nl\/wp-content\/uploads\/2018\/05\/Discreet-Shipping-Tatanka-64x43.jpg 64w\" sizes=\"auto, (max-width: 600px) 100vw, 600px\">\t\t\t\t\t\t\n\t\t\t\t\t<\/div>\n\t\t\t\t\t\t\t\t\n<style>\n#image_1475868538 {\n  width: 100%;\n}\n<\/style>\n\t<\/div>\n\t\n\n\t<div id=\"gap-640002039\" class=\"gap-element clearfix\" style=\"display:block; height:auto;\">\n\t\t\n<style>\n#gap-640002039 {\n  padding-top: 30px;\n}\n<\/style>\n\t<\/div>\n\t\n\n\n\t\t<\/div>\n\t\t\t\t\t<\/div>\n\n\t\n\n<\/div>\n\n\t\t<\/div>\n\n\t\t\n<style>\n#section_1016479434 {\n  padding-top: 60px;\n  padding-bottom: 60px;\n}\n#section_1016479434 .section-bg-overlay {\n  background-color: #000000;\n}\n<\/style>\n\t<\/section>\n\t\n\t<div id=\"gap-1270527651\" class=\"gap-element clearfix\" style=\"display:block; height:auto;\">\n\t\t\n<style>\n#gap-1270527651 {\n  padding-top: 60px;\n}\n<\/style>\n\t<\/div>\n\t\n\n<div class=\"row row-large\"  id=\"row-971808900\">\n\n\n\t<div id=\"col-791455559\" class=\"col medium-6 small-12 large-6\"  >\n\t\t\t\t<div class=\"col-inner text-left\"  >\n\t\t\t\n\t\t\t\n\n\t<div class=\"img has-hover x md-x lg-x y md-y lg-y\" id=\"image_1981964687\">\n\t\t\t\t\t\t\t\t<div class=\"img-inner image-cover dark\" style=\"padding-top:75%;\">\n\t\t\t<img loading=\"lazy\" decoding=\"async\" width=\"500\" height=\"300\" src=\"https:\/\/www.headshop.nl\/wp-content\/uploads\/2018\/05\/Track-and-Trace-your-Package.jpg\" class=\"attachment-original size-original\" alt=\"\" srcset=\"https:\/\/www.headshop.nl\/wp-content\/uploads\/2018\/05\/Track-and-Trace-your-Package.jpg 500w, https:\/\/www.headshop.nl\/wp-content\/uploads\/2018\/05\/Track-and-Trace-your-Package-420x252.jpg 420w, https:\/\/www.headshop.nl\/wp-content\/uploads\/2018\/05\/Track-and-Trace-your-Package-64x38.jpg 64w\" sizes=\"auto, (max-width: 500px) 100vw, 500px\">\t\t\t\t\t\t\n\t\t\t\t\t<\/div>\n\t\t\t\t\t\t\t\t\n<style>\n#image_1981964687 {\n  width: 100%;\n}\n<\/style>\n\t<\/div>\n\t\n\n\t<div id=\"gap-1606039385\" class=\"gap-element clearfix\" style=\"display:block; height:auto;\">\n\t\t\n<style>\n#gap-1606039385 {\n  padding-top: 30px;\n}\n<\/style>\n\t<\/div>\n\t\n\n\n\t\t<\/div>\n\t\t\t\t\t<\/div>\n\n\t\n\n\t<div id=\"col-890671806\" class=\"col medium-6 small-12 large-6\"  >\n\t\t\t\t<div class=\"col-inner\"  >\n\t\t\t\n\t\t\t\n\n<h1>Tracciabilit\u00e0 della spedizione<\/h1>\n<p>Una volta che il corriere ha ricevuto il vostro pacco, riceverete un'e-mail con il link per la tracciabilit\u00e0.<\/p>\n<p>Se il pacco non \u00e8 stato consegnato, di solito il corriere cercher\u00e0 di consegnarlo di nuovo un paio di volte. Se il pacco viene consegnato altrove, il corriere lascer\u00e0 un biglietto con l'indirizzo dell'ufficio postale pi\u00f9 vicino per ritirarlo. In casi eccezionali, il corriere consegner\u00e0 il pacco ai vostri vicini. Ma non preoccupatevi, grazie alla spedizione discreta nessuno sa cosa contiene il pacco.<\/p>\n<p>\u00c8 possibile contattare il corriere con il numero di tracciabilit\u00e0 per evitare che ci rispediscano il pacco. Normalmente un pacco rimane nell'ufficio postale per 1 o 2 settimane.<\/p>\n<p><strong>Non avete ricevuto il numero di tracciabilit\u00e0?<\/strong> Controllare lo spam. Non c'\u00e8? Contattateci<strong>.<\/strong><\/p>\n\t<div id=\"gap-2085985046\" class=\"gap-element clearfix\" style=\"display:block; height:auto;\">\n\t\t\n<style>\n#gap-2085985046 {\n  padding-top: 30px;\n}\n<\/style>\n\t<\/div>\n\t\n\n\n\t\t<\/div>\n\t\t\t\t\t<\/div>\n\n\t\n\n<\/div>\n\n\t<section class=\"section\" id=\"section_1447504120\">\n\t\t<div class=\"section-bg fill\" >\n\t\t\t\t\t\t\t\t\t<div class=\"section-bg-overlay absolute fill\"><\/div>\n\t\t\t\n\t<div class=\"is-border\"\n\t\tstyle=\"border-width:0px 0px 0px 0px;\">\n\t<\/div>\n\n\t\t<\/div>\n\n\t\t\n\n\t\t<div class=\"section-content relative\">\n\t\t\t\n\n<div class=\"row row-large align-middle\"  id=\"row-831708320\">\n\n\n\t<div id=\"col-1002019617\" class=\"col medium-6 small-12 large-6\"  >\n\t\t\t\t<div class=\"col-inner dark\"  >\n\t\t\t\n\t\t\t\n\n<h1>Stato giuridico nel mio paese<\/h1>\n<p>Tutti i nostri prodotti sono naturali, integratori e legali nei Paesi Bassi. \u00c8 possibile ordinare solo se si \u00e8 maggiorenni. \u00c8 vostra responsabilit\u00e0 conoscere lo stato legale dei nostri prodotti nel vostro paese. Informatevi sulle leggi vigenti nel vostro paese prima di effettuare un acquisto.<\/p>\n<p><strong>Importante:<\/strong> Non rimborsiamo il vostro denaro se la dogana ha sequestrato il vostro pacco. La dogana pu\u00f2 sequestrare il pacco sia prima che dopo l'invio al vostro paese. Tuttavia, \u00e8 sempre possibile tracciare e rintracciare il pacco per seguirne lo stato pi\u00f9 recente.<\/p>\n<p>Si prega di leggere il nostro <span style=\"color: #749a00;\"><a style=\"color: #749a00;\" href=\"https:\/\/www.headshop.nl\/it\/terms-and-conditions\/\" rel=\"noopener\" target=\"_blank\"><strong>Termini e condizioni.<\/strong><\/a><\/span><\/p>\n\n\t\t<\/div>\n\t\t\t\t\t<\/div>\n\n\t\n\n\t<div id=\"col-293945257\" class=\"col medium-6 small-12 large-6 small-col-first\"  >\n\t\t\t\t<div class=\"col-inner\"  >\n\t\t\t\n\t\t\t\n\n\t<div class=\"img has-hover x md-x lg-x y md-y lg-y\" id=\"image_1640228593\">\n\t\t\t\t\t\t\t\t<div class=\"img-inner image-cover dark\" style=\"padding-top:75%;\">\n\t\t\t<img loading=\"lazy\" decoding=\"async\" width=\"500\" height=\"341\" src=\"https:\/\/www.headshop.nl\/wp-content\/uploads\/2018\/05\/Tatanka-delivery.jpg\" class=\"attachment-original size-original\" alt=\"\" srcset=\"https:\/\/www.headshop.nl\/wp-content\/uploads\/2018\/05\/Tatanka-delivery.jpg 500w, https:\/\/www.headshop.nl\/wp-content\/uploads\/2018\/05\/Tatanka-delivery-420x286.jpg 420w, https:\/\/www.headshop.nl\/wp-content\/uploads\/2018\/05\/Tatanka-delivery-64x44.jpg 64w\" sizes=\"auto, (max-width: 500px) 100vw, 500px\">\t\t\t\t\t\t\n\t\t\t\t\t<\/div>\n\t\t\t\t\t\t\t\t\n<style>\n#image_1640228593 {\n  width: 100%;\n}\n<\/style>\n\t<\/div>\n\t\n\n\t<div id=\"gap-250061774\" class=\"gap-element clearfix\" style=\"display:block; height:auto;\">\n\t\t\n<style>\n#gap-250061774 {\n  padding-top: 30px;\n}\n<\/style>\n\t<\/div>\n\t\n\n\n\t\t<\/div>\n\t\t\t\t\t<\/div>\n\n\t\n\n<\/div>\n\n\t\t<\/div>\n\n\t\t\n<style>\n#section_1447504120 {\n  padding-top: 60px;\n  padding-bottom: 60px;\n}\n#section_1447504120 .section-bg-overlay {\n  background-color: #000000;\n}\n<\/style>\n\t<\/section>\n\t\n\t<div id=\"gap-991408777\" class=\"gap-element clearfix\" style=\"display:block; height:auto;\">\n\t\t\n<style>\n#gap-991408777 {\n  padding-top: 40px;\n}\n<\/style>\n\t<\/div>\n\t\n\n<div class=\"row row-large align-middle\"  id=\"row-61989802\">\n\n\n\t<div id=\"col-1671628962\" class=\"col medium-6 small-12 large-6\"  >\n\t\t\t\t<div class=\"col-inner\"  >\n\t\t\t\n\t\t\t\n\n\t<div class=\"img has-hover x md-x lg-x y md-y lg-y\" id=\"image_77029912\">\n\t\t\t\t\t\t\t\t<div class=\"img-inner image-cover dark\" style=\"padding-top:75%;\">\n\t\t\t<img loading=\"lazy\" decoding=\"async\" width=\"600\" height=\"340\" src=\"https:\/\/www.headshop.nl\/wp-content\/uploads\/2018\/05\/Shipping-after-Payment.jpg\" class=\"attachment-original size-original\" alt=\"\" srcset=\"https:\/\/www.headshop.nl\/wp-content\/uploads\/2018\/05\/Shipping-after-Payment.jpg 600w, https:\/\/www.headshop.nl\/wp-content\/uploads\/2018\/05\/Shipping-after-Payment-420x238.jpg 420w, https:\/\/www.headshop.nl\/wp-content\/uploads\/2018\/05\/Shipping-after-Payment-64x36.jpg 64w\" sizes=\"auto, (max-width: 600px) 100vw, 600px\">\t\t\t\t\t\t\n\t\t\t\t\t<\/div>\n\t\t\t\t\t\t\t\t\n<style>\n#image_77029912 {\n  width: 100%;\n}\n<\/style>\n\t<\/div>\n\t\n\n\t<div id=\"gap-475285472\" class=\"gap-element clearfix\" style=\"display:block; height:auto;\">\n\t\t\n<style>\n#gap-475285472 {\n  padding-top: 30px;\n}\n<\/style>\n\t<\/div>\n\t\n\n\n\t\t<\/div>\n\t\t\t\t\t<\/div>\n\n\t\n\n\t<div id=\"col-376976618\" class=\"col medium-6 small-12 large-6\"  >\n\t\t\t\t<div class=\"col-inner text-left\"  >\n\t\t\t\n\t\t\t\n\n<h1><strong>Spediamo dopo aver ricevuto il pagamento<\/strong><\/h1>\n<p>Si prega di notare che possiamo preparare gli ordini solo dopo aver ricevuto il pagamento. Il vostro pacchetto viene preparato entro 24 ore dalla conferma del pagamento.<\/p>\n<p>Alcuni metodi di pagamento, come il bonifico bancario, richiedono fino a qualche giorno. Se si utilizza il metodo dell'Online banking, il pagamento viene ricevuto quasi immediatamente, in modo da poter spedire il pacco pi\u00f9 velocemente.<\/p>\n<a href=\"https:\/\/www.headshop.nl\/it\/payment-methods\/\" class=\"button primary box-shadow-2 box-shadow-4-hover\" target=\"_blank\" rel=\"noopener\">\n\t\t<span>Opzioni di pagamento<\/span>\n\t<\/a>\n\n\n\n\t\t<\/div>\n\t\t\t\t\t<\/div>\n\n\t\n\n<\/div>\n\t<div id=\"gap-2105605245\" class=\"gap-element clearfix\" style=\"display:block; height:auto;\">\n\t\t\n<style>\n#gap-2105605245 {\n  padding-top: 30px;\n}\n<\/style>\n\t<\/div>\n\t\n\n\n\t<section class=\"section\" id=\"section_386628821\">\n\t\t<div class=\"section-bg fill\" >\n\t\t\t\t\t\t\t\t\t\n\t\t\t\n\n\t\t<\/div>\n\n\t\t\n\n\t\t<div class=\"section-content relative\">\n\t\t\t\n\n<div class=\"row align-middle align-center\"  id=\"row-412627405\">\n\n\n\t<div id=\"col-2118323308\" class=\"col medium-6 small-12 large-6\"  >\n\t\t\t\t<div class=\"col-inner text-left dark\"  >\n\t\t\t\n\t\t\t\n\n\t<div id=\"gap-1772186096\" class=\"gap-element clearfix\" style=\"display:block; height:auto;\">\n\t\t\n<style>\n#gap-1772186096 {\n  padding-top: 30px;\n}\n<\/style>\n\t<\/div>\n\t\n\n<p>Effettuiamo consegne in quasi tutta l'UE. Tuttavia, siamo orgogliosi della nostra eredit\u00e0 olandese. Alcune citt\u00e0 olandesi che si affidano ai nostri servizi e prodotti sono:<\/p>\n\n\t\t<\/div>\n\t\t\t\t\t<\/div>\n\n\t\n\n\t<div id=\"col-1878426748\" class=\"col hide-for-small medium-6 small-12 large-6\"  >\n\t\t\t\t<div class=\"col-inner\"  >\n\t\t\t\n\t\t\t\n\n\n\t\t<\/div>\n\t\t\t\t\t<\/div>\n\n\t\n\n<\/div>\n<div class=\"row align-middle align-center\"  id=\"row-1438917086\">\n\n\n\t<div id=\"col-665145867\" class=\"col medium-3 small-12 large-3\"  >\n\t\t\t\t<div class=\"col-inner text-left dark\"  >\n\t\t\t\n\t\t\t\n\n<p><a href=\"https:\/\/www.headshop.nl\/it\/smartshop-alkmaar\/\">Alkmaar<\/a><br \/><a href=\"https:\/\/www.headshop.nl\/it\/smartshop-almere\/\">Almere<\/a><br \/><a href=\"https:\/\/www.headshop.nl\/it\/smartshop-amersfoort\/\">Amersfoort<\/a><br \/><a href=\"https:\/\/www.headshop.nl\/it\/smartshop-apeldoorn\/\">Apeldoorn<\/a><br \/><a href=\"https:\/\/www.headshop.nl\/it\/smartshop-arnhem\/\">Arnhem<\/a><br \/><a href=\"https:\/\/www.headshop.nl\/it\/smartshop-bergen-op-zoom\/\">Bergen Op Zoom<\/a><br \/><a href=\"https:\/\/www.headshop.nl\/it\/smartshop-breda\/\">Breda<\/a><br \/><a href=\"https:\/\/www.headshop.nl\/it\/smartshop-delft\/\">Delft<\/a><br \/><a href=\"https:\/\/www.headshop.nl\/it\/smartshop-den-bosch\/\">Den Bosch<\/a><br \/><a href=\"https:\/\/www.headshop.nl\/it\/smartshop-den-haag\/\">Den Haag<\/a><br \/><a href=\"https:\/\/www.headshop.nl\/it\/smartshop-eindhoven\/\">Eindhoven<\/a><br \/><a href=\"https:\/\/www.headshop.nl\/it\/smartshop-emmen\/\">Emmen<\/a><br \/><a href=\"https:\/\/www.headshop.nl\/it\/smartshop-enschede\/\">Enschede<\/a><br \/><a href=\"https:\/\/www.headshop.nl\/it\/smartshop-groningen\/\">Groninga<\/a><br \/><a href=\"https:\/\/www.headshop.nl\/it\/smartshop-haarlem\/\">Haarlem<\/a><br \/><a href=\"https:\/\/www.headshop.nl\/it\/smartshop-heerlen\/\">Heerlen<\/a><\/p>\n\n\t\t<\/div>\n\t\t\t\t\t<\/div>\n\n\t\n\n\t<div id=\"col-1530313570\" class=\"col medium-3 small-12 large-3\"  >\n\t\t\t\t<div class=\"col-inner text-left dark\"  >\n\t\t\t\n\t\t\t\n\n<p><a href=\"https:\/\/www.headshop.nl\/it\/smartshop-hengelo\/\">Hengelo<\/a><br \/><a href=\"https:\/\/www.headshop.nl\/it\/smartshop-hilversum\/\">Hilversum<\/a><br \/><a href=\"https:\/\/www.headshop.nl\/it\/smartshop-hoorn\/\">Hoorn<\/a><br \/><a href=\"https:\/\/www.headshop.nl\/it\/smartshop-leeuwarden\/\">Leeuwarden<\/a><br \/><a href=\"https:\/\/www.headshop.nl\/it\/smartshop-leiden\/\">Leida<\/a><br \/><a href=\"https:\/\/www.headshop.nl\/it\/smartshop-maastricht\/\">Maastricht<\/a><br \/><a href=\"https:\/\/www.headshop.nl\/it\/smartshop-nijmegen\/\">Nimega<\/a><br \/><a href=\"https:\/\/www.headshop.nl\/it\/smartshop-oss\/\">Oss<\/a><br \/><a href=\"https:\/\/www.headshop.nl\/it\/smartshop-roermond\/\">Roermond<\/a><br \/><a href=\"https:\/\/www.headshop.nl\/it\/smartshop-rotterdam\/\">Rotterdam<\/a><br \/><a href=\"https:\/\/www.headshop.nl\/it\/smartshop-tiel\/\">Tiel<\/a><br \/><a href=\"https:\/\/www.headshop.nl\/it\/smartshop-tilburg\/\">Tilburg<\/a><br \/><a href=\"https:\/\/www.headshop.nl\/it\/smartshop-utrecht\/\">Utrecht<\/a><br \/><a href=\"https:\/\/www.headshop.nl\/it\/smartshop-venlo\/\">Venlo<\/a><br \/><a href=\"https:\/\/www.headshop.nl\/it\/smartshop-vlaardingen\/\">Vlaardingen<\/a><br \/><a href=\"https:\/\/www.headshop.nl\/it\/smartshop-zwolle\/\">Zwolle<\/a><\/p>\n\n\t\t<\/div>\n\t\t\t\t\t<\/div>\n\n\t\n\n\t<div id=\"col-1569401378\" class=\"col medium-6 small-12 large-6\"  >\n\t\t\t\t<div class=\"col-inner\"  >\n\t\t\t\n\t\t\t\n\n\t<div class=\"img has-hover x md-x lg-x y md-y lg-y\" id=\"image_1056969995\">\n\t\t\t\t\t\t\t\t<div class=\"img-inner dark\" >\n\t\t\t<img loading=\"lazy\" decoding=\"async\" width=\"500\" height=\"434\" src=\"https:\/\/www.headshop.nl\/wp-content\/uploads\/2022\/02\/Europe-Headshop.png\" class=\"attachment-large size-large\" alt=\"Europa Headshop\" srcset=\"https:\/\/www.headshop.nl\/wp-content\/uploads\/2022\/02\/Europe-Headshop.png 500w, https:\/\/www.headshop.nl\/wp-content\/uploads\/2022\/02\/Europe-Headshop-380x330.png 380w, https:\/\/www.headshop.nl\/wp-content\/uploads\/2022\/02\/Europe-Headshop-420x365.png 420w, https:\/\/www.headshop.nl\/wp-content\/uploads\/2022\/02\/Europe-Headshop-64x56.png 64w\" sizes=\"auto, (max-width: 500px) 100vw, 500px\" \/>\t\t\t\t\t\t\n\t\t\t\t\t<\/div>\n\t\t\t\t\t\t\t\t\n<style>\n#image_1056969995 {\n  width: 100%;\n}\n<\/style>\n\t<\/div>\n\t\n\n\n\t\t<\/div>\n\t\t\t\t\t<\/div>\n\n\t\n\n<\/div>\n\n\t\t<\/div>\n\n\t\t\n<style>\n#section_386628821 {\n  padding-top: 30px;\n  padding-bottom: 30px;\n  background-color: rgb(0,0,0);\n}\n<\/style>\n\t<\/section>","protected":false},"excerpt":{"rendered":"","protected":false},"author":807,"featured_media":0,"parent":0,"menu_order":0,"comment_status":"closed","ping_status":"closed","template":"page-blank.php","meta":{"footnotes":""},"class_list":["post-1001","page","type-page","status-publish","hentry"],"_links":{"self":[{"href":"https:\/\/www.headshop.nl\/it\/wp-json\/wp\/v2\/pages\/1001","targetHints":{"allow":["GET"]}}],"collection":[{"href":"https:\/\/www.headshop.nl\/it\/wp-json\/wp\/v2\/pages"}],"about":[{"href":"https:\/\/www.headshop.nl\/it\/wp-json\/wp\/v2\/types\/page"}],"author":[{"embeddable":true,"href":"https:\/\/www.headshop.nl\/it\/wp-json\/wp\/v2\/users\/807"}],"replies":[{"embeddable":true,"href":"https:\/\/www.headshop.nl\/it\/wp-json\/wp\/v2\/comments?post=1001"}],"version-history":[{"count":2,"href":"https:\/\/www.headshop.nl\/it\/wp-json\/wp\/v2\/pages\/1001\/revisions"}],"predecessor-version":[{"id":84295,"href":"https:\/\/www.headshop.nl\/it\/wp-json\/wp\/v2\/pages\/1001\/revisions\/84295"}],"wp:attachment":[{"href":"https:\/\/www.headshop.nl\/it\/wp-json\/wp\/v2\/media?parent=1001"}],"curies":[{"name":"wp","href":"https:\/\/api.w.org\/{rel}","templated":true}]}}