{"id":8833,"date":"2018-01-12T09:17:48","date_gmt":"2018-01-12T09:17:48","guid":{"rendered":"http:\/\/headshop.nl\/?post_type=product&#038;p=8833"},"modified":"2024-09-17T10:49:34","modified_gmt":"2024-09-17T10:49:34","slug":"5ml-vial","status":"publish","type":"product","link":"https:\/\/www.headshop.nl\/fr\/5ml-vial\/","title":{"rendered":"Vials 5ML 100 pi\u00e8ces"},"content":{"rendered":"","protected":false},"excerpt":{"rendered":"<p><span style=\"color: #000000;\">Ces flacons en plastique conviennent au conditionnement de 5 ml de liquide et sont garantis avec un bouchon \u00e0 vis \u00e9tanche. Contient 100 pi\u00e8ces\/bouteilles.<br \/>\n<\/span><\/p>","protected":false},"featured_media":13044,"template":"","meta":[],"product_brand":[],"product_cat":[297,414,486],"product_tag":[],"class_list":{"0":"post-8833","1":"product","2":"type-product","3":"status-publish","4":"has-post-thumbnail","6":"product_cat-all-products","7":"product_cat-headshop","8":"product_cat-vials","9":"product_shipping_class-creditcard-on","11":"first","12":"instock","13":"taxable","14":"shipping-taxable","15":"purchasable","16":"product-type-simple"},"_links":{"self":[{"href":"https:\/\/www.headshop.nl\/fr\/wp-json\/wp\/v2\/product\/8833","targetHints":{"allow":["GET"]}}],"collection":[{"href":"https:\/\/www.headshop.nl\/fr\/wp-json\/wp\/v2\/product"}],"about":[{"href":"https:\/\/www.headshop.nl\/fr\/wp-json\/wp\/v2\/types\/product"}],"wp:featuredmedia":[{"embeddable":true,"href":"https:\/\/www.headshop.nl\/fr\/wp-json\/wp\/v2\/media\/13044"}],"wp:attachment":[{"href":"https:\/\/www.headshop.nl\/fr\/wp-json\/wp\/v2\/media?parent=8833"}],"wp:term":[{"taxonomy":"product_brand","embeddable":true,"href":"https:\/\/www.headshop.nl\/fr\/wp-json\/wp\/v2\/product_brand?post=8833"},{"taxonomy":"product_cat","embeddable":true,"href":"https:\/\/www.headshop.nl\/fr\/wp-json\/wp\/v2\/product_cat?post=8833"},{"taxonomy":"product_tag","embeddable":true,"href":"https:\/\/www.headshop.nl\/fr\/wp-json\/wp\/v2\/product_tag?post=8833"}],"curies":[{"name":"wp","href":"https:\/\/api.w.org\/{rel}","templated":true}]}}