{"id":8697,"date":"2018-01-09T11:53:35","date_gmt":"2018-01-09T11:53:35","guid":{"rendered":"http:\/\/headshop.nl\/?post_type=product&#038;p=8697"},"modified":"2024-09-17T10:49:40","modified_gmt":"2024-09-17T10:49:40","slug":"smoking-gold","status":"publish","type":"product","link":"https:\/\/www.headshop.nl\/fr\/smoking-gold\/","title":{"rendered":"Smoking Or, ultra-mince"},"content":{"rendered":"<h2><span style=\"color: #000000; font-size: 95%;\">Smoking Gold Rolling Paper, bo\u00eete.<\/span><strong><br \/>\n<\/strong><\/h2>\n<p><span style=\"color: #000000;\">Chaque papier est un papier de riz filigran\u00e9 et utilise de la gomme naturelle. Un bordereau de papier pli\u00e9 dans les feuilles vous rappellera que vous \u00eates \u00e0 court de papier. Un paquet contient 33 feuilles. Une bo\u00eete contient 50 paquets.<\/span><\/p>\n<p><span style=\"color: #000000;\"><strong>En effet, il s'agit d'un type d'activit\u00e9 :<\/strong> Papier de riz pur, ultra-l\u00e9ger et gomme naturelle<\/span><br \/>\n<span style=\"color: #000000;\"><strong> Papier \u00e0 rouler :<\/strong> 33 papiers par paquet<\/span><br \/>\n<span style=\"color: #000000;\"><strong> Bo\u00eete :<\/strong> Contient 50 paquets<\/span><br \/>\n<span style=\"color: #000000;\"><strong> Officielle :<\/strong> Certifi\u00e9 FSC<\/span><br \/>\n<span style=\"color: #000000;\"><strong> Taille :<\/strong> 108x44mm<\/span><br \/>\n<span style=\"color: #000000;\"><strong> Weight :<\/strong> 13 g\/m2<\/span><\/p>","protected":false},"excerpt":{"rendered":"<p><span style=\"color: #000000;\">Gold Smoking Kingsize Rolling Papers sont ultra l\u00e9g\u00e8res et fabriqu\u00e9es \u00e0 partir de papier de riz pur. Gr\u00e2ce \u00e0 l'utilisation de gomme naturelle, chaque feuille adh\u00e8re toujours. Un paquet contient 33 feuilles. Une bo\u00eete Kingsize contient 50 paquets.<br \/>\n<\/span><\/p>","protected":false},"featured_media":13227,"template":"","meta":[],"product_brand":[],"product_cat":[297,414,446,421],"product_tag":[],"class_list":{"0":"post-8697","1":"product","2":"type-product","3":"status-publish","4":"has-post-thumbnail","6":"product_cat-all-products","7":"product_cat-headshop","8":"product_cat-papers","9":"product_cat-rolling-papers","10":"product_shipping_class-creditcard-on","12":"first","13":"instock","14":"taxable","15":"shipping-taxable","16":"purchasable","17":"product-type-simple"},"_links":{"self":[{"href":"https:\/\/www.headshop.nl\/fr\/wp-json\/wp\/v2\/product\/8697","targetHints":{"allow":["GET"]}}],"collection":[{"href":"https:\/\/www.headshop.nl\/fr\/wp-json\/wp\/v2\/product"}],"about":[{"href":"https:\/\/www.headshop.nl\/fr\/wp-json\/wp\/v2\/types\/product"}],"wp:featuredmedia":[{"embeddable":true,"href":"https:\/\/www.headshop.nl\/fr\/wp-json\/wp\/v2\/media\/13227"}],"wp:attachment":[{"href":"https:\/\/www.headshop.nl\/fr\/wp-json\/wp\/v2\/media?parent=8697"}],"wp:term":[{"taxonomy":"product_brand","embeddable":true,"href":"https:\/\/www.headshop.nl\/fr\/wp-json\/wp\/v2\/product_brand?post=8697"},{"taxonomy":"product_cat","embeddable":true,"href":"https:\/\/www.headshop.nl\/fr\/wp-json\/wp\/v2\/product_cat?post=8697"},{"taxonomy":"product_tag","embeddable":true,"href":"https:\/\/www.headshop.nl\/fr\/wp-json\/wp\/v2\/product_tag?post=8697"}],"curies":[{"name":"wp","href":"https:\/\/api.w.org\/{rel}","templated":true}]}}