{"id":8690,"date":"2018-01-08T19:28:37","date_gmt":"2018-01-08T19:28:37","guid":{"rendered":"http:\/\/headshop.nl\/?post_type=product&#038;p=8690"},"modified":"2024-09-17T10:49:41","modified_gmt":"2024-09-17T10:49:41","slug":"smoking-brown","status":"publish","type":"product","link":"https:\/\/www.headshop.nl\/fr\/smoking-brown\/","title":{"rendered":"Smoking Marron, Ultra-mince"},"content":{"rendered":"<h2><span style=\"color: #000000; font-size: 95%;\">Smoking Papier \u00e0 rouler brun, bo\u00eete Kingsize.<\/span><strong><br \/>\n<\/strong><\/h2>\n<p><span style=\"color: #000000;\">Avec ce papier \u00e0 rouler, l'entreprise r\u00e9pond aux derni\u00e8res tendances en mati\u00e8re de tabagisme. Le papier \u00e0 rouler est non blanchi, ultrafin et se consume lentement. Cela rend le tabagisme beaucoup plus agr\u00e9able. Une bo\u00eete contient 50 paquets de papier \u00e0 rouler et chaque paquet contient 33 papiers \u00e0 rouler. La bo\u00eete compl\u00e8te contient 50 paquets. Ce produit vous permettra donc de durer longtemps !<\/span><\/p>\n<p><span style=\"color: #000000;\"><strong> En effet, il s'agit d'un type d'activit\u00e9 :<\/strong> Papier sans chlore et gomme naturelle<\/span><br \/>\n<span style=\"color: #000000;\"><strong> Weight :<\/strong> 13 g\/m2<\/span><br \/>\n<span style=\"color: #000000;\"><strong> Officielle :<\/strong> Certifi\u00e9 FSC<\/span><br \/>\n<span style=\"color: #000000;\"><strong> Papier \u00e0 rouler :<\/strong> 33 feuilles par paquet<\/span><br \/>\n<span style=\"color: #000000;\"><strong> Packs :<\/strong> La bo\u00eete contient 50 paquets<\/span><\/p>","protected":false},"excerpt":{"rendered":"<p><span style=\"color: #000000;\">Le papier brun \u00e9cru Kingsize Slim Rolling Papers est une nouveaut\u00e9 dans la gamme Smoking. Le papier lui-m\u00eame est non blanchi, sans chlore et n'a pas de go\u00fbt. Il est donc parfait pour profiter pleinement de la saveur ! Une bo\u00eete Kingsize contient 50 paquets.<br \/>\n<\/span><\/p>","protected":false},"featured_media":13218,"template":"","meta":[],"product_brand":[],"product_cat":[297,414,446,421],"product_tag":[],"class_list":{"0":"post-8690","1":"product","2":"type-product","3":"status-publish","4":"has-post-thumbnail","6":"product_cat-all-products","7":"product_cat-headshop","8":"product_cat-papers","9":"product_cat-rolling-papers","10":"product_shipping_class-creditcard-on","12":"first","13":"instock","14":"taxable","15":"shipping-taxable","16":"purchasable","17":"product-type-simple"},"_links":{"self":[{"href":"https:\/\/www.headshop.nl\/fr\/wp-json\/wp\/v2\/product\/8690","targetHints":{"allow":["GET"]}}],"collection":[{"href":"https:\/\/www.headshop.nl\/fr\/wp-json\/wp\/v2\/product"}],"about":[{"href":"https:\/\/www.headshop.nl\/fr\/wp-json\/wp\/v2\/types\/product"}],"wp:featuredmedia":[{"embeddable":true,"href":"https:\/\/www.headshop.nl\/fr\/wp-json\/wp\/v2\/media\/13218"}],"wp:attachment":[{"href":"https:\/\/www.headshop.nl\/fr\/wp-json\/wp\/v2\/media?parent=8690"}],"wp:term":[{"taxonomy":"product_brand","embeddable":true,"href":"https:\/\/www.headshop.nl\/fr\/wp-json\/wp\/v2\/product_brand?post=8690"},{"taxonomy":"product_cat","embeddable":true,"href":"https:\/\/www.headshop.nl\/fr\/wp-json\/wp\/v2\/product_cat?post=8690"},{"taxonomy":"product_tag","embeddable":true,"href":"https:\/\/www.headshop.nl\/fr\/wp-json\/wp\/v2\/product_tag?post=8690"}],"curies":[{"name":"wp","href":"https:\/\/api.w.org\/{rel}","templated":true}]}}