{"id":8688,"date":"2018-01-08T19:13:05","date_gmt":"2018-01-08T19:13:05","guid":{"rendered":"http:\/\/headshop.nl\/?post_type=product&#038;p=8688"},"modified":"2025-07-28T06:34:34","modified_gmt":"2025-07-28T06:34:34","slug":"smoking-blue","status":"publish","type":"product","link":"https:\/\/www.headshop.nl\/fr\/smoking-blue\/","title":{"rendered":"Smoking Bleu, Kingsize"},"content":{"rendered":"<h2><span style=\"font-size: 95%; color: #000000;\">Smoking Papier \u00e0 rouler bleu, bo\u00eete Kingsize.<\/span><strong><br \/>\n<\/strong><\/h2>\n<p><span style=\"color: #000000;\">Le papier bleu Smoking est l'un des papiers les plus populaires que nous vendons. Chaque feuille est fabriqu\u00e9e \u00e0 partir de papier de riz pur pour plus d'assurance et de gomme naturelle qui adh\u00e8re \u00e0 chaque fois. Un bordereau de papier pli\u00e9 avec les feuilles vous rappelle que vous \u00eates \u00e0 court d'argent. <\/span><\/p>\n<p><span style=\"color: #000000;\"><strong>En effet, il s'agit d'un type d'activit\u00e9 :<\/strong> Papier de riz pur et gomme naturelle<\/span><br \/>\n<span style=\"color: #000000;\"><strong>Rolling Papers :<\/strong> 33 feuilles par paquet<\/span><br \/>\n<span style=\"color: #000000;\"><strong>Emballages :<\/strong> 50 paquets<\/span><br \/>\n<span style=\"color: #000000;\"><strong> Taille :<\/strong> 108mm x 52mm<\/span><br \/>\n<span style=\"color: #000000;\"><strong> Officielle :<\/strong> Certifi\u00e9 FSC<\/span><br \/>\n<span style=\"color: #000000;\"><strong> Transparence :<\/strong> Maximum<\/span><\/p>","protected":false},"excerpt":{"rendered":"<p><span style=\"color: #000000;\">Tr\u00e8s pris\u00e9 par les consommateurs de marijuana, le paquet Smoking Blue contient 33 feuilles par paquet et 50 paquets dans la bo\u00eete kingsize. Cette version est \u00e9galement accompagn\u00e9e d'une gomme biologique qui peut \u00eatre l\u00e9ch\u00e9e et scell\u00e9e en toute s\u00e9curit\u00e9 gr\u00e2ce au papier de riz de qualit\u00e9 sup\u00e9rieure.<\/span><\/p>","protected":false},"featured_media":13261,"template":"","meta":[],"product_brand":[],"product_cat":[297,414,627,446,421],"product_tag":[],"class_list":{"0":"post-8688","1":"product","2":"type-product","3":"status-publish","4":"has-post-thumbnail","6":"product_cat-all-products","7":"product_cat-headshop","8":"product_cat-headshop-top-10","9":"product_cat-papers","10":"product_cat-rolling-papers","11":"product_shipping_class-creditcard-on","13":"first","14":"instock","15":"taxable","16":"shipping-taxable","17":"purchasable","18":"product-type-simple"},"_links":{"self":[{"href":"https:\/\/www.headshop.nl\/fr\/wp-json\/wp\/v2\/product\/8688","targetHints":{"allow":["GET"]}}],"collection":[{"href":"https:\/\/www.headshop.nl\/fr\/wp-json\/wp\/v2\/product"}],"about":[{"href":"https:\/\/www.headshop.nl\/fr\/wp-json\/wp\/v2\/types\/product"}],"wp:featuredmedia":[{"embeddable":true,"href":"https:\/\/www.headshop.nl\/fr\/wp-json\/wp\/v2\/media\/13261"}],"wp:attachment":[{"href":"https:\/\/www.headshop.nl\/fr\/wp-json\/wp\/v2\/media?parent=8688"}],"wp:term":[{"taxonomy":"product_brand","embeddable":true,"href":"https:\/\/www.headshop.nl\/fr\/wp-json\/wp\/v2\/product_brand?post=8688"},{"taxonomy":"product_cat","embeddable":true,"href":"https:\/\/www.headshop.nl\/fr\/wp-json\/wp\/v2\/product_cat?post=8688"},{"taxonomy":"product_tag","embeddable":true,"href":"https:\/\/www.headshop.nl\/fr\/wp-json\/wp\/v2\/product_tag?post=8688"}],"curies":[{"name":"wp","href":"https:\/\/api.w.org\/{rel}","templated":true}]}}