{"id":8685,"date":"2018-01-08T18:45:00","date_gmt":"2018-01-08T18:45:00","guid":{"rendered":"http:\/\/headshop.nl\/?post_type=product&#038;p=8685"},"modified":"2024-09-17T10:49:43","modified_gmt":"2024-09-17T10:49:43","slug":"smoking-black","status":"publish","type":"product","link":"https:\/\/www.headshop.nl\/fr\/smoking-black\/","title":{"rendered":"Smoking Noir, ultra-mince"},"content":{"rendered":"<h2><span style=\"color: #000000; font-size: 95%;\">Smoking Noir <\/span><span style=\"color: #000000; font-size: 95%;\">Papier \u00e0 rouler, bo\u00eete Kingsize.<\/span><strong><br \/>\n<\/strong><\/h2>\n<p><span style=\"color: #000000;\">Smoking Papers, \u00e9galement connu sous le nom de Smoking Rolling Papers, est probablement la marque de papier \u00e0 rouler long la plus connue au monde. En raison de ses dimensions r\u00e9duites, le Smoking Black est particuli\u00e8rement adapt\u00e9 aux tourneurs avanc\u00e9s. Avec ce long flow, il n'est pas n\u00e9cessaire de retourner les joints.<\/span><\/p>\n<p><span style=\"color: #000000;\"><strong>En effet, il s'agit d'un type d'activit\u00e9 :<\/strong> Format mince.<\/span><br \/>\n<span style=\"color: #000000;\"><strong>Emballages :<\/strong> 50 paquets.<\/span><br \/>\n<span style=\"color: #000000;\"><strong> Papier \u00e0 rouler :<\/strong> 33 papiers par paquet.<\/span><br \/>\n<strong><span style=\"color: #000000;\"> Dimensions :<\/span><\/strong><span style=\"color: #000000;\"> 110 x 44<\/span><br \/>\n<span style=\"color: #000000;\"><strong>Weight :<\/strong> 13 gr \/ m2<\/span><br \/>\n<span style=\"color: #000000;\"><strong>Officielle :<\/strong> Certifi\u00e9 FSC\u00ae.<\/span><\/p>","protected":false},"excerpt":{"rendered":"<p><span style=\"color: #000000;\">Smoking Black est appr\u00e9ci\u00e9 par les fumeurs les plus exp\u00e9riment\u00e9s. Le mat\u00e9riau est l\u00e9ger et fin ! Avec ce long flow extr\u00eamement serr\u00e9 du c\u00e9l\u00e8bre Smoking Papers, vous serrez les joints les plus serr\u00e9s qui soient. Contient 50 paquets.<br \/>\n<\/span><\/p>","protected":false},"featured_media":13222,"template":"","meta":[],"product_brand":[],"product_cat":[297,414,446,421],"product_tag":[],"class_list":{"0":"post-8685","1":"product","2":"type-product","3":"status-publish","4":"has-post-thumbnail","6":"product_cat-all-products","7":"product_cat-headshop","8":"product_cat-papers","9":"product_cat-rolling-papers","10":"product_shipping_class-creditcard-on","12":"first","13":"instock","14":"taxable","15":"shipping-taxable","16":"purchasable","17":"product-type-simple"},"_links":{"self":[{"href":"https:\/\/www.headshop.nl\/fr\/wp-json\/wp\/v2\/product\/8685","targetHints":{"allow":["GET"]}}],"collection":[{"href":"https:\/\/www.headshop.nl\/fr\/wp-json\/wp\/v2\/product"}],"about":[{"href":"https:\/\/www.headshop.nl\/fr\/wp-json\/wp\/v2\/types\/product"}],"wp:featuredmedia":[{"embeddable":true,"href":"https:\/\/www.headshop.nl\/fr\/wp-json\/wp\/v2\/media\/13222"}],"wp:attachment":[{"href":"https:\/\/www.headshop.nl\/fr\/wp-json\/wp\/v2\/media?parent=8685"}],"wp:term":[{"taxonomy":"product_brand","embeddable":true,"href":"https:\/\/www.headshop.nl\/fr\/wp-json\/wp\/v2\/product_brand?post=8685"},{"taxonomy":"product_cat","embeddable":true,"href":"https:\/\/www.headshop.nl\/fr\/wp-json\/wp\/v2\/product_cat?post=8685"},{"taxonomy":"product_tag","embeddable":true,"href":"https:\/\/www.headshop.nl\/fr\/wp-json\/wp\/v2\/product_tag?post=8685"}],"curies":[{"name":"wp","href":"https:\/\/api.w.org\/{rel}","templated":true}]}}