{"id":8674,"date":"2018-01-08T16:49:42","date_gmt":"2018-01-08T16:49:42","guid":{"rendered":"http:\/\/headshop.nl\/?post_type=product&#038;p=8674"},"modified":"2024-09-17T10:49:44","modified_gmt":"2024-09-17T10:49:44","slug":"greengo-king-size-rolling-paper","status":"publish","type":"product","link":"https:\/\/www.headshop.nl\/fr\/greengo-king-size-rolling-paper\/","title":{"rendered":"Greengo, Kingsize"},"content":{"rendered":"<h2><span style=\"color: #000000; font-size: 95%;\">Greengo Papier \u00e0 rouler, bo\u00eete Kingsize.<\/span><strong><br \/>\n<\/strong><\/h2>\n<p><span style=\"color: #000000;\">Le papier \u00e0 rouler Greengo a une \u00e9paisseur id\u00e9ale de 14 gr\/m2. L'emballage est fait de papier enti\u00e8rement recycl\u00e9 de 200 gr\/m2.<\/span><\/p>\n<p><span style=\"color: #000000;\"><strong>Rolling Papers :<\/strong> 33 feuilles par paquet.<br \/>\n<strong>Bo\u00eete :<\/strong> 50 paquets sur un pr\u00e9sentoir.<br \/>\n<strong>Taille :<\/strong> King Size (110 x 53 mm)<br \/>\n<strong>Prix :<\/strong> Fier laur\u00e9at des European Product Awards 2011 !<\/span><span style=\"color: #000000;\"><br \/>\n<\/span><\/p>","protected":false},"excerpt":{"rendered":"<p><span style=\"color: #000000;\">Le papier \u00e0 rouler Greengo est fabriqu\u00e9 \u00e0 partir de 100% de papier recycl\u00e9 non blanchi. Fabriqu\u00e9 \u00e0 partir de p\u00e2te \u00e0 papier certifi\u00e9e FSC. Des papiers purement naturels pour une fum\u00e9e purement naturelle ! Un paquet contient 33 feuilles. Une bo\u00eete contient 50 paquets.<br \/>\n<\/span><\/p>","protected":false},"featured_media":13256,"template":"","meta":[],"product_brand":[],"product_cat":[297,414,446,421],"product_tag":[],"class_list":{"0":"post-8674","1":"product","2":"type-product","3":"status-publish","4":"has-post-thumbnail","6":"product_cat-all-products","7":"product_cat-headshop","8":"product_cat-papers","9":"product_cat-rolling-papers","10":"product_shipping_class-creditcard-on","12":"first","13":"instock","14":"taxable","15":"shipping-taxable","16":"purchasable","17":"product-type-simple"},"_links":{"self":[{"href":"https:\/\/www.headshop.nl\/fr\/wp-json\/wp\/v2\/product\/8674","targetHints":{"allow":["GET"]}}],"collection":[{"href":"https:\/\/www.headshop.nl\/fr\/wp-json\/wp\/v2\/product"}],"about":[{"href":"https:\/\/www.headshop.nl\/fr\/wp-json\/wp\/v2\/types\/product"}],"wp:featuredmedia":[{"embeddable":true,"href":"https:\/\/www.headshop.nl\/fr\/wp-json\/wp\/v2\/media\/13256"}],"wp:attachment":[{"href":"https:\/\/www.headshop.nl\/fr\/wp-json\/wp\/v2\/media?parent=8674"}],"wp:term":[{"taxonomy":"product_brand","embeddable":true,"href":"https:\/\/www.headshop.nl\/fr\/wp-json\/wp\/v2\/product_brand?post=8674"},{"taxonomy":"product_cat","embeddable":true,"href":"https:\/\/www.headshop.nl\/fr\/wp-json\/wp\/v2\/product_cat?post=8674"},{"taxonomy":"product_tag","embeddable":true,"href":"https:\/\/www.headshop.nl\/fr\/wp-json\/wp\/v2\/product_tag?post=8674"}],"curies":[{"name":"wp","href":"https:\/\/api.w.org\/{rel}","templated":true}]}}