{"id":8656,"date":"2018-01-08T14:12:55","date_gmt":"2018-01-08T14:12:55","guid":{"rendered":"http:\/\/headshop.nl\/?post_type=product&#038;p=8656"},"modified":"2024-09-17T10:49:45","modified_gmt":"2024-09-17T10:49:45","slug":"solinder-grinder-big","status":"publish","type":"product","link":"https:\/\/www.headshop.nl\/fr\/solinder-grinder-big\/","title":{"rendered":"Solinder Grinder, Rouge"},"content":{"rendered":"<h2>Solinder Grinder, Rouge<\/h2>\n<p><span style=\"color: #000000;\">Impossible de passer \u00e0 c\u00f4t\u00e9 du Solinder ces derni\u00e8res ann\u00e9es : Un broyeur \u00e0 la finition parfaite qui offre un broyage d'une qualit\u00e9 incomparable. Son design est un peu plus sobre que le Thorinder mais fait le m\u00eame travail. Les dents sont en forme d'aileron de requin tout comme son pr\u00e9d\u00e9cesseur.<\/span><\/p>\n<p><span style=\"color: #000000;\">Compos\u00e9 de 4 parties, il est fourni dans une bo\u00eete avec une spatule pour la r\u00e9cup\u00e9ration des particules.<\/span><\/p>\n<p><span style=\"color: #000000;\">\u00a0<\/span><\/p>","protected":false},"excerpt":{"rendered":"<p><span style=\"color: #000000;\">Ce grinder Solinder Red vous rappellera peut-\u00eatre quelque chose avec ses finitions impeccables et son logo distinctif. Voici le nouveau mod\u00e8le de la marque. Le Solinder est fabriqu\u00e9 en aluminium anodis\u00e9 qui vous laissera sans voix !<\/span><\/p>","protected":false},"featured_media":12393,"template":"","meta":[],"product_brand":[],"product_cat":[440,297,420,414,437],"product_tag":[],"class_list":{"0":"post-8656","1":"product","2":"type-product","3":"status-publish","4":"has-post-thumbnail","6":"product_cat-4-part-grinders","7":"product_cat-all-products","8":"product_cat-grinders","9":"product_cat-headshop","10":"product_cat-metal","11":"product_shipping_class-creditcard-on","13":"first","14":"instock","15":"taxable","16":"shipping-taxable","17":"purchasable","18":"product-type-simple"},"_links":{"self":[{"href":"https:\/\/www.headshop.nl\/fr\/wp-json\/wp\/v2\/product\/8656","targetHints":{"allow":["GET"]}}],"collection":[{"href":"https:\/\/www.headshop.nl\/fr\/wp-json\/wp\/v2\/product"}],"about":[{"href":"https:\/\/www.headshop.nl\/fr\/wp-json\/wp\/v2\/types\/product"}],"wp:featuredmedia":[{"embeddable":true,"href":"https:\/\/www.headshop.nl\/fr\/wp-json\/wp\/v2\/media\/12393"}],"wp:attachment":[{"href":"https:\/\/www.headshop.nl\/fr\/wp-json\/wp\/v2\/media?parent=8656"}],"wp:term":[{"taxonomy":"product_brand","embeddable":true,"href":"https:\/\/www.headshop.nl\/fr\/wp-json\/wp\/v2\/product_brand?post=8656"},{"taxonomy":"product_cat","embeddable":true,"href":"https:\/\/www.headshop.nl\/fr\/wp-json\/wp\/v2\/product_cat?post=8656"},{"taxonomy":"product_tag","embeddable":true,"href":"https:\/\/www.headshop.nl\/fr\/wp-json\/wp\/v2\/product_tag?post=8656"}],"curies":[{"name":"wp","href":"https:\/\/api.w.org\/{rel}","templated":true}]}}