{"id":8561,"date":"2018-01-05T14:16:41","date_gmt":"2018-01-05T14:16:41","guid":{"rendered":"http:\/\/headshop.nl\/?post_type=product&#038;p=8561"},"modified":"2025-11-06T01:26:29","modified_gmt":"2025-11-06T01:26:29","slug":"ginkgo-biloba","status":"publish","type":"product","link":"https:\/\/www.headshop.nl\/fr\/ginkgo-biloba\/","title":{"rendered":"Ginkgo Biloba"},"content":{"rendered":"<h2>Qu'est-ce que Ginkgo Biloba ?<\/h2>\n<p>Ginkgo Biloba, commun\u00e9ment appel\u00e9 arbre du temple japonais ou arbre \u00e0 noix japonais, est l'une des plus anciennes esp\u00e8ces d'arbres vivants sur Terre, datant de plus de 270 millions d'ann\u00e9es. Originaire de Chine, le Ginkgo Biloba est aujourd'hui cultiv\u00e9 dans le monde entier en raison de ses remarquables bienfaits pour la sant\u00e9. Malgr\u00e9 les noms trompeurs, l'arbre produit des graines, et non des noix, qui sont \u00e0 l'origine de ses qualit\u00e9s m\u00e9dicinales.<\/p>\n<p>R\u00e9put\u00e9 pour sa teneur \u00e9lev\u00e9e en antioxydants, en particulier en flavono\u00efdes, ginkgolides et bilobalides, le Ginkgo Biloba est un produit de base de la m\u00e9decine traditionnelle. Ces compos\u00e9s sont connus pour leur capacit\u00e9 \u00e0 prot\u00e9ger l'organisme du stress oxydatif et \u00e0 am\u00e9liorer la circulation. Dans le domaine du bien-\u00eatre moderne, il est le plus souvent utilis\u00e9 pour promouvoir la sant\u00e9 cognitive, soutenir la m\u00e9moire et am\u00e9liorer la concentration. Indian Elements' Ginkgo Biloba est un compl\u00e9ment pur et efficace qui apporte ces bienfaits anciens sous une forme pratique et facile \u00e0 utiliser.<\/p>\n<h2>Historique de Ginkgo Biloba<\/h2>\n<p>Le Ginkgo Biloba est r\u00e9put\u00e9 non seulement pour ses bienfaits sur la sant\u00e9, mais aussi pour son extraordinaire r\u00e9sistance. Il s'agit de la seule esp\u00e8ce survivante d'un groupe d'arbres anciens qui existe depuis l'\u00e9poque des dinosaures. Les fossiles du Ginkgo Biloba remontent \u00e0 plus de 270 millions d'ann\u00e9es, ce qui en fait l'une des esp\u00e8ces d'arbres les plus anciennes de la plan\u00e8te. Sa capacit\u00e9 \u00e0 survivre dans divers environnements lui a valu le statut de symbole de long\u00e9vit\u00e9 et d'endurance.<\/p>\n<p>Historiquement, le Ginkgo Biloba est utilis\u00e9 dans la m\u00e9decine traditionnelle depuis des si\u00e8cles. Les anciens praticiens chinois l'appr\u00e9ciaient pour sa capacit\u00e9 \u00e0 am\u00e9liorer la m\u00e9moire, \u00e0 favoriser la long\u00e9vit\u00e9 et \u00e0 soutenir la vitalit\u00e9 g\u00e9n\u00e9rale. Les usages m\u00e9dicinaux de l'arbre se sont r\u00e9pandus dans toute l'Asie de l'Est et, au XVIIIe si\u00e8cle, le Ginkgo Biloba a commenc\u00e9 \u00e0 \u00eatre reconnu en Europe. Aujourd'hui, il est largement reconnu pour ses bienfaits dans l'am\u00e9lioration de la clart\u00e9 mentale et le soutien de la circulation sanguine, ce qui en fait un suppl\u00e9ment populaire pour la sant\u00e9 cognitive.<\/p>\n<h2>Comment utiliser Ginkgo Biloba<\/h2>\n<p>Le suppl\u00e9ment Indian Elements' Ginkgo Biloba est con\u00e7u pour s'int\u00e9grer facilement dans votre routine quotidienne. La dose recommand\u00e9e est de 1 gramme par jour, qui peut \u00eatre m\u00e9lang\u00e9 \u00e0 de l'eau, des smoothies ou d'autres boissons pour plus de commodit\u00e9. Pour des r\u00e9sultats optimaux, il est pr\u00e9f\u00e9rable de prendre Ginkgo Biloba r\u00e9guli\u00e8rement, car ses bienfaits s'accumulent avec le temps.<\/p>\n<p>Bien que le Ginkgo Biloba soit le plus souvent consomm\u00e9 sous forme de poudre ou de g\u00e9lules, il peut \u00e9galement \u00eatre consomm\u00e9 sous forme de th\u00e9, ce qui vous permet de profiter de ses propri\u00e9t\u00e9s dans une boisson chaude et apaisante. Gardez \u00e0 l'esprit que, comme pour tout suppl\u00e9ment, une utilisation r\u00e9guli\u00e8re est essentielle et qu'il peut s'\u00e9couler un certain temps avant que les effets ne soient perceptibles. Respectez toujours la posologie recommand\u00e9e et consultez un professionnel de la sant\u00e9 si vous avez des probl\u00e8mes de sant\u00e9 sous-jacents ou si vous prenez des m\u00e9dicaments.<\/p>\n<p>Indian Elements' Ginkgo Biloba est 100% naturel, v\u00e9g\u00e9talien et sans additifs, ce qui en fait une option propre et pure pour am\u00e9liorer votre concentration mentale et votre bien-\u00eatre g\u00e9n\u00e9ral.<\/p>\n<h2>Ingr\u00e9dients de Ginkgo Biloba<\/h2>\n<p>Indian Elements' Ginkgo Biloba ne contient qu'un seul ingr\u00e9dient cl\u00e9 : <strong>Ginkgo Biloba<\/strong>. Cet ingr\u00e9dient est riche en compos\u00e9s puissants tels que les flavono\u00efdes, les ginkgolides et les bilobalides, qui contribuent tous \u00e0 ses nombreux bienfaits pour la sant\u00e9. Ces substances sont connues pour leurs propri\u00e9t\u00e9s antioxydantes, qui contribuent \u00e0 prot\u00e9ger l'organisme des radicaux libres et \u00e0 r\u00e9duire l'inflammation.<\/p>\n<p>Les ginkgolides et les bilobalides contenus dans Ginkgo Biloba sont particuli\u00e8rement efficaces pour am\u00e9liorer la circulation sanguine et soutenir la sant\u00e9 cognitive. Ces compos\u00e9s contribuent \u00e0 accro\u00eetre la concentration mentale, \u00e0 am\u00e9liorer la m\u00e9moire et \u00e0 soutenir les fonctions c\u00e9r\u00e9brales. En outre, le Ginkgo Biloba a \u00e9t\u00e9 associ\u00e9 \u00e0 une meilleure sant\u00e9 cardiaque, car il peut favoriser la circulation sanguine et r\u00e9duire le risque de coagulation. Gr\u00e2ce \u00e0 sa formulation pure et naturelle, Indian Elements' Ginkgo Biloba garantit que vous b\u00e9n\u00e9ficiez de tous les avantages de cette plante puissante.<\/p>\n<p><strong>Avertissement :<\/strong><br \/>\nR\u00e9serv\u00e9 aux adultes de 18 ans et plus. Tenir hors de port\u00e9e des enfants.<br \/>\nD\u00e9conseill\u00e9 aux personnes souffrant de probl\u00e8mes cardiaques ou r\u00e9naux, d'hypertension ou d'hypotension, de diab\u00e8te, de m\u00e9dicaments, de drogues ou d'alcool. Il s'agit d'un compl\u00e9ment alimentaire qui doit \u00eatre utilis\u00e9 conform\u00e9ment aux instructions. Ne pas acheter si le sceau est bris\u00e9.<\/p>","protected":false},"excerpt":{"rendered":"<p>Le Ginkgo Biloba, \u00e9galement connu sous le nom d'arbre du temple japonais, est un superaliment puissant et riche en antioxydants, utilis\u00e9 depuis des milliers d'ann\u00e9es pour am\u00e9liorer la sant\u00e9. Connu pour favoriser la circulation, la concentration mentale et la m\u00e9moire, cet arbre ancien est aujourd'hui largement reconnu comme un moyen naturel de stimuler les fonctions cognitives et l'\u00e9nergie. Indian Elements' Ginkgo Biloba est fabriqu\u00e9 \u00e0 partir de 100% de feuilles de Ginkgo pures, offrant un compl\u00e9ment pratique et naturel pour am\u00e9liorer la concentration et le bien-\u00eatre g\u00e9n\u00e9ral.<\/p>","protected":false},"featured_media":82163,"template":"","meta":[],"product_brand":[],"product_cat":[297,455,389,457,814,407,384,456],"product_tag":[],"class_list":{"0":"post-8561","1":"product","2":"type-product","3":"status-publish","4":"has-post-thumbnail","6":"product_cat-all-products","7":"product_cat-healthshop","8":"product_cat-herbs","9":"product_cat-herbs-healthshop","10":"product_cat-indian-elements","11":"product_cat-medicinal-herbs","12":"product_cat-smartshop","13":"product_cat-supplements","15":"first","16":"instock","17":"taxable","18":"shipping-taxable","19":"purchasable","20":"product-type-variable","21":"has-default-attributes"},"_links":{"self":[{"href":"https:\/\/www.headshop.nl\/fr\/wp-json\/wp\/v2\/product\/8561","targetHints":{"allow":["GET"]}}],"collection":[{"href":"https:\/\/www.headshop.nl\/fr\/wp-json\/wp\/v2\/product"}],"about":[{"href":"https:\/\/www.headshop.nl\/fr\/wp-json\/wp\/v2\/types\/product"}],"wp:featuredmedia":[{"embeddable":true,"href":"https:\/\/www.headshop.nl\/fr\/wp-json\/wp\/v2\/media\/82163"}],"wp:attachment":[{"href":"https:\/\/www.headshop.nl\/fr\/wp-json\/wp\/v2\/media?parent=8561"}],"wp:term":[{"taxonomy":"product_brand","embeddable":true,"href":"https:\/\/www.headshop.nl\/fr\/wp-json\/wp\/v2\/product_brand?post=8561"},{"taxonomy":"product_cat","embeddable":true,"href":"https:\/\/www.headshop.nl\/fr\/wp-json\/wp\/v2\/product_cat?post=8561"},{"taxonomy":"product_tag","embeddable":true,"href":"https:\/\/www.headshop.nl\/fr\/wp-json\/wp\/v2\/product_tag?post=8561"}],"curies":[{"name":"wp","href":"https:\/\/api.w.org\/{rel}","templated":true}]}}