{"id":85448,"date":"2025-07-21T07:27:48","date_gmt":"2025-07-21T07:27:48","guid":{"rendered":"https:\/\/www.headshop.nl\/?post_type=product&#038;p=85448"},"modified":"2025-07-23T12:24:19","modified_gmt":"2025-07-23T12:24:19","slug":"kanna-blitz-focus","status":"publish","type":"product","link":"https:\/\/www.headshop.nl\/fr\/kanna-blitz-focus\/","title":{"rendered":"Kanna Blitz Focus"},"content":{"rendered":"<h2 dir=\"ltr\" data-pm-slice=\"1 1 []\">Qu'est-ce que le Kanna Blitz Focus ?<\/h2>\n<p dir=\"ltr\">Kanna Blitz Focus est un compl\u00e9ment sp\u00e9cialis\u00e9 con\u00e7u pour am\u00e9liorer les performances cognitives et maintenir la concentration lors d'activit\u00e9s exigeantes. Il associe le Sceletium tortuosum, une plante succulente d'Afrique du Sud riche en alcalo\u00efdes stimulant l'humeur comme le \u03947-mesembrenone, au CBD, un compos\u00e9 d\u00e9riv\u00e9 du chanvre connu pour ses propri\u00e9t\u00e9s apaisantes et favorisant la concentration. Cette combinaison unique offre un stimulant \u00e9quilibr\u00e9 et naturel, parfait pour les professionnels, les \u00e9tudiants ou les cr\u00e9atifs qui s'attaquent \u00e0 des projets complexes ou \u00e0 des examens. Kanna Blitz Focus favorise la clart\u00e9 mentale et une humeur positive, aidant les utilisateurs \u00e0 rester dans la zone sans surstimulation. Sans additifs artificiels, il offre une exp\u00e9rience pure et fiable. La synergie entre le kanna et le CBD assure une concentration soutenue tout en r\u00e9duisant le stress, ce qui le rend id\u00e9al pour les t\u00e2ches sous haute pression. Kanna Blitz Focus se distingue comme une alternative naturelle aux aides synth\u00e9tiques \u00e0 la concentration, permettant aux utilisateurs d'atteindre des performances mentales maximales avec clart\u00e9 et calme, qu'ils travaillent sur des t\u00e2ches complexes ou qu'ils poursuivent des efforts cr\u00e9atifs.<\/p>\n<h2 dir=\"ltr\">Historique de Kanna Blitz Focus<\/h2>\n<p dir=\"ltr\">Les origines de Kanna Blitz Focus remontent \u00e0 l'utilisation traditionnelle du kanna par les tribus Khoikhoi et San d'Afrique du Sud, qui se fiaient au Sceletium tortuosum pour am\u00e9liorer l'humeur et aiguiser la concentration mentale. Pendant des si\u00e8cles, le kanna a \u00e9t\u00e9 m\u00e2ch\u00e9 ou infus\u00e9 pour soutenir l'\u00e9quilibre \u00e9motionnel pendant les rituels et la vie quotidienne, avec le \u03947-mesembrenone comme alcalo\u00efde cl\u00e9. L'inclusion moderne du CBD, d\u00e9riv\u00e9 du chanvre, s'appuie sur cet h\u00e9ritage, en tirant parti de ses avantages en mati\u00e8re de r\u00e9duction du stress et d'am\u00e9lioration de la concentration. Kanna Blitz Focus combine ces \u00e9l\u00e9ments anciens et contemporains pour cr\u00e9er une formule adapt\u00e9e aux exigences du rythme rapide d'aujourd'hui. D\u00e9velopp\u00e9 pour r\u00e9pondre au besoin d'exhausteurs cognitifs naturels, il associe les propri\u00e9t\u00e9s stimulantes du kanna aux effets calmants du CBD, offrant ainsi une alternative propre aux stimulants. Sa popularit\u00e9 croissante parmi ceux qui recherchent la clart\u00e9 mentale refl\u00e8te son efficacit\u00e9 dans les contextes modernes. Kanna Blitz Focus honore les pratiques traditionnelles tout en adoptant les avanc\u00e9es scientifiques, offrant une solution puissante et naturelle pour une concentration soutenue et un bien-\u00eatre \u00e9motionnel au travail, dans les \u00e9tudes ou dans les activit\u00e9s cr\u00e9atives.<\/p>\n<h2 dir=\"ltr\">Ingr\u00e9dients de Kanna Blitz Focus<\/h2>\n<p dir=\"ltr\">Kanna Blitz Focus est con\u00e7u \u00e0 partir de deux ingr\u00e9dients principaux : L'extrait de Sceletium tortuosum et le CBD. L'extrait de kanna, normalis\u00e9 pour sa teneur \u00e9lev\u00e9e en \u03947-mesembrenone, a des effets stimulants sur l'humeur et les fonctions cognitives, favorisant la concentration et la clart\u00e9 d'esprit. Le CBD, issu de chanvre de qualit\u00e9 sup\u00e9rieure, favorise la relaxation et la r\u00e9duction du stress, compl\u00e9tant les propri\u00e9t\u00e9s stimulantes du kanna. Ce m\u00e9lange synergique cr\u00e9e une formule \u00e9quilibr\u00e9e qui am\u00e9liore la productivit\u00e9 sans surstimulation. Exempt d'agents de remplissage ou d'additifs artificiels, Kanna Blitz Focus garantit une exp\u00e9rience pure et naturelle. La \u03947-mesembrenone est soigneusement calibr\u00e9e pour une puissance constante, tandis que le CBD subit des tests rigoureux pour r\u00e9pondre aux normes de qualit\u00e9. Ce profil d'ingr\u00e9dients simplifi\u00e9 rend le produit efficace et accessible \u00e0 ceux qui recherchent un soutien cognitif naturel. Que ce soit pour le travail, les \u00e9tudes ou les t\u00e2ches cr\u00e9atives, Kanna Blitz Focus fournit une am\u00e9lioration fiable des performances mentales, aidant les utilisateurs \u00e0 rester concentr\u00e9s et calmes sous pression gr\u00e2ce \u00e0 une formule ancr\u00e9e dans la qualit\u00e9 et la simplicit\u00e9.<\/p>\n<p dir=\"ltr\"><strong>Avertissement<\/strong><br \/>\nKanna Blitz Focus est destin\u00e9 \u00e0 un usage adulte uniquement et ne convient pas aux femmes enceintes ou allaitantes. Consultez un professionnel de la sant\u00e9 avant d'utiliser ce produit si vous avez des probl\u00e8mes de sant\u00e9, en particulier des probl\u00e8mes de sant\u00e9 mentale, ou si vous prenez des m\u00e9dicaments tels que des antid\u00e9presseurs ou des s\u00e9datifs, car des interactions peuvent se produire. \u00c9vitez de d\u00e9passer la dose recommand\u00e9e afin de pr\u00e9venir les effets secondaires l\u00e9gers tels que les vertiges ou la fatigue. Ne pas combiner avec de l'alcool ou d'autres substances affectant le syst\u00e8me nerveux central. Tenir hors de port\u00e9e des enfants et conserver en lieu s\u00fbr.<\/p>","protected":false},"excerpt":{"rendered":"<p dir=\"ltr\" data-pm-slice=\"1 1 []\">Kanna Blitz Focus est un m\u00e9lange haut de gamme de kanna et de CBD, enrichi de \u03947-mesembrenone, con\u00e7u pour aiguiser la clart\u00e9 mentale et soutenir la concentration. Id\u00e9ale pour le travail, les \u00e9tudes ou les t\u00e2ches cr\u00e9atives, cette formule naturelle favorise un \u00e9tat d'esprit calme et productif, vous aidant \u00e0 rester engag\u00e9 sans distraction.<\/p>","protected":false},"featured_media":85567,"template":"","meta":[],"product_brand":[],"product_cat":[297,385,384],"product_tag":[],"class_list":{"0":"post-85448","1":"product","2":"type-product","3":"status-publish","4":"has-post-thumbnail","6":"product_cat-all-products","7":"product_cat-kanna","8":"product_cat-smartshop","10":"first","11":"instock","12":"taxable","13":"shipping-taxable","14":"purchasable","15":"product-type-variable","16":"has-default-attributes"},"_links":{"self":[{"href":"https:\/\/www.headshop.nl\/fr\/wp-json\/wp\/v2\/product\/85448","targetHints":{"allow":["GET"]}}],"collection":[{"href":"https:\/\/www.headshop.nl\/fr\/wp-json\/wp\/v2\/product"}],"about":[{"href":"https:\/\/www.headshop.nl\/fr\/wp-json\/wp\/v2\/types\/product"}],"wp:featuredmedia":[{"embeddable":true,"href":"https:\/\/www.headshop.nl\/fr\/wp-json\/wp\/v2\/media\/85567"}],"wp:attachment":[{"href":"https:\/\/www.headshop.nl\/fr\/wp-json\/wp\/v2\/media?parent=85448"}],"wp:term":[{"taxonomy":"product_brand","embeddable":true,"href":"https:\/\/www.headshop.nl\/fr\/wp-json\/wp\/v2\/product_brand?post=85448"},{"taxonomy":"product_cat","embeddable":true,"href":"https:\/\/www.headshop.nl\/fr\/wp-json\/wp\/v2\/product_cat?post=85448"},{"taxonomy":"product_tag","embeddable":true,"href":"https:\/\/www.headshop.nl\/fr\/wp-json\/wp\/v2\/product_tag?post=85448"}],"curies":[{"name":"wp","href":"https:\/\/api.w.org\/{rel}","templated":true}]}}