{"id":84466,"date":"2025-05-13T07:32:36","date_gmt":"2025-05-13T07:32:36","guid":{"rendered":"https:\/\/www.headshop.nl\/?post_type=product&#038;p=84466"},"modified":"2025-12-28T13:26:20","modified_gmt":"2025-12-28T13:26:20","slug":"peyote-lophophora-williamsii","status":"publish","type":"product","link":"https:\/\/www.headshop.nl\/fr\/peyote-lophophora-williamsii\/","title":{"rendered":"Peyote (Lophophora Williamsii)"},"content":{"rendered":"<h2 class=\"\" data-start=\"88\" data-end=\"117\">Qu'est-ce que le cactus Peyote ?<\/h2>\n<p class=\"\" data-start=\"119\" data-end=\"444\">Le cactus Peyote est une petite plante ronde, sans \u00e9pines, originaire des r\u00e9gions arides du nord Me du Mexique et du sud des \u00c9tats-Unis. Il est connu pour ses propri\u00e9t\u00e9s psychoactives, principalement en raison de sa teneur \u00e9lev\u00e9e en mescaline, un compos\u00e9 naturel qui induit des hallucinations vives, une perception alt\u00e9r\u00e9e et des exp\u00e9riences sensorielles uniques.<\/p>\n<p class=\"\" data-start=\"446\" data-end=\"799\">Ce cactus fleurit de d\u00e9licates fleurs roses et pousse tr\u00e8s lentement, mettant 8 \u00e0 15 ans pour atteindre la maturit\u00e9. Son utilisation a de profondes racines spirituelles dans les cultures indig\u00e8nes, et il est souvent utilis\u00e9 dans des contextes religieux et c\u00e9r\u00e9moniels. Le cactus est g\u00e9n\u00e9ralement consomm\u00e9 pour ses effets psychotropes, qui peuvent \u00eatre profonds et transformateurs lorsqu'ils sont abord\u00e9s avec pr\u00e9caution.<\/p>\n<p class=\"\" data-start=\"801\" data-end=\"1082\">Malgr\u00e9 son potentiel de d\u00e9couverte personnelle, le Peyote doit \u00eatre utilis\u00e9 de mani\u00e8re responsable. L'exp\u00e9rience doit se d\u00e9rouler dans un environnement s\u00fbr, en pr\u00e9sence d'une personne sobre. Les personnes souffrant de troubles physiques ou mentaux sous-jacents doivent \u00e9viter de consommer cette substance en raison de l'intensit\u00e9 de ses effets.<\/p>\n<h2 class=\"\" data-start=\"1089\" data-end=\"1120\">Histoire du Peyote Cactus<\/h2>\n<p class=\"\" data-start=\"1122\" data-end=\"1444\">Le cactus Peyote est un \u00e9l\u00e9ment central des pratiques spirituelles indig\u00e8nes depuis des si\u00e8cles. Des tribus telles que les Huichol et les Tarahumara l'utilisent depuis longtemps dans leurs c\u00e9r\u00e9monies pour faciliter les visions et le sentiment de connexion avec le divin. Consomm\u00e9 en commun, le Peyote a jou\u00e9 un r\u00f4le dans la promotion de l'introspection, de la gu\u00e9rison et de l'unit\u00e9.<\/p>\n<p class=\"\" data-start=\"1446\" data-end=\"1755\">Les explorateurs europ\u00e9ens ont document\u00e9 pour la premi\u00e8re fois l'utilisation du Peyote au XVIe si\u00e8cle, mais la compr\u00e9hension occidentale est rest\u00e9e limit\u00e9e jusqu'au XIXe si\u00e8cle, lorsque la mescaline a \u00e9t\u00e9 \u00e9tudi\u00e9e par les scientifiques. Au XXe si\u00e8cle, le Peyote a attir\u00e9 l'attention dans le cadre du mouvement de la contre-culture et a commenc\u00e9 \u00e0 appara\u00eetre en dehors des cercles indig\u00e8nes.<\/p>\n<p class=\"\" data-start=\"1757\" data-end=\"2065\">Malgr\u00e9 des restrictions l\u00e9gales dans certaines r\u00e9gions en raison de sa nature psychoactive, le Peyote reste l\u00e9galement prot\u00e9g\u00e9 pour certaines pratiques religieuses. Aujourd'hui, il est appr\u00e9ci\u00e9 \u00e0 la fois pour son h\u00e9ritage spirituel et ses effets psychologiques, bien que les utilisateurs modernes soient invit\u00e9s \u00e0 honorer ses origines culturelles et \u00e0 l'utiliser avec r\u00e9v\u00e9rence.<\/p>\n<h2 class=\"\" data-start=\"2072\" data-end=\"2103\">Comment utiliser le Cactus Peyote<\/h2>\n<p class=\"\" data-start=\"2105\" data-end=\"2364\">L'utilisation du Peyote n\u00e9cessite une pr\u00e9paration r\u00e9fl\u00e9chie et un comportement responsable. Il peut \u00eatre consomm\u00e9 frais ou s\u00e9ch\u00e9, souvent coup\u00e9 en petits disques d'environ 3 \u00e0 4,5 cm de large et 0,5 cm d'\u00e9paisseur. Certains utilisateurs pr\u00e9f\u00e8rent en faire du th\u00e9 pour rendre le go\u00fbt amer plus agr\u00e9able.<\/p>\n<p class=\"\" data-start=\"2366\" data-end=\"2662\">Pour des r\u00e9sultats optimaux, prendre Peyote \u00e0 jeun afin d'am\u00e9liorer l'absorption. Les effets commencent g\u00e9n\u00e9ralement dans les 30 \u00e0 60 minutes, atteignent leur maximum apr\u00e8s 1 \u00e0 2 heures et peuvent durer de 8 \u00e0 15 heures. L'exp\u00e9rience pouvant \u00eatre intense, il est important de se trouver dans un environnement familier et calme, en pr\u00e9sence d'un guide sobre.<\/p>\n<p class=\"\" data-start=\"2664\" data-end=\"2987\">Commencez par une dose faible, surtout si vous \u00eates novice en mati\u00e8re de substances psychoactives. \u00c9vitez de combiner le Peyote avec de l'alcool, d'autres drogues ou des m\u00e9dicaments. Il ne doit pas \u00eatre consomm\u00e9 par les mineurs, les femmes enceintes ou les personnes souffrant de probl\u00e8mes de sant\u00e9. Apr\u00e8s l'exp\u00e9rience, prenez le temps de vous reposer et de r\u00e9fl\u00e9chir afin d'int\u00e9grer pleinement les connaissances acquises.<\/p>\n<h2 dir=\"auto\">Lophophora williamsii comme plante ornementale<\/h2>\n<p dir=\"auto\">Lophophora williamsii, ou peyotl comme on l'appelle souvent, enchante les collectionneurs avec sa forme unique en bouton, sa construction robuste et son rythme de croissance tranquille, id\u00e9al pour enrichir les collections de plantes succulentes peu communes. Nous pr\u00e9sentons cet article sur notre site non seulement comme un ornement d\u00e9coratif, mais aussi comme une option \u00e0 multiples facettes qui met en valeur son charme esth\u00e9tique, de la surface douce vert bleut\u00e9 aux bords raffin\u00e9s et noueux qui apportent un flair artistique aux \u00e9tag\u00e8res, aux conservatoires ou aux arrangements \u00e9l\u00e9gants. Con\u00e7ues pour les march\u00e9s o\u00f9 elles sont l\u00e9galement disponibles, ces plantes cultiv\u00e9es en laboratoire respectent pleinement les lois en vigueur, \u00e9vitant toute allusion \u00e0 la consommation ou \u00e0 l'extraction, de sorte que les acheteurs peuvent simplement les appr\u00e9cier comme un \u00e9l\u00e9ment de d\u00e9coration captivant et naturel pour leurs espaces de vie ou leurs espaces ext\u00e9rieurs.<\/p>\n<h2 class=\"\" data-start=\"2994\" data-end=\"3029\">Ingr\u00e9dients du Cactus Peyote<\/h2>\n<p class=\"\" data-start=\"3031\" data-end=\"3322\">Le principal compos\u00e9 actif du Peyote est la mescaline (3,4,5-trim\u00e9thoxyph\u00e9n\u00e9thylamine), un puissant hallucinog\u00e8ne responsable des effets psychoactifs du cactus. La Mescaline produit des exp\u00e9riences visuelles et sensorielles intenses, ce qui en fait la principale raison de l'utilisation spirituelle et r\u00e9cr\u00e9ative de la plante.<\/p>\n<p class=\"\" data-start=\"3324\" data-end=\"3579\">Outre la mescaline, le Peyote contient plusieurs autres alcalo\u00efdes naturels en petites quantit\u00e9s, bien que leurs effets sp\u00e9cifiques soient moins bien compris. La puissance du cactus peut varier en fonction de facteurs environnementaux tels que le sol et le climat.<\/p>\n<p class=\"\" data-start=\"3581\" data-end=\"3885\">Peyote est un produit organique pur, exempt d'additifs artificiels. Son lent processus de maturation - jusqu'\u00e0 15 ans - permet aux compos\u00e9s actifs de se concentrer, ce qui donne une substance puissante. En raison de sa puissance, la mescaline doit \u00eatre utilis\u00e9e avec pr\u00e9caution, en particulier par les personnes dont la sant\u00e9 est fragile.<\/p>\n<p data-start=\"3892\" data-end=\"3928\"><strong>Avertissement<\/strong><\/p>\n<p class=\"\" data-start=\"3930\" data-end=\"4183\">Le Peyote n'est pas une substance occasionnelle - il contient de la mescaline, qui peut entra\u00eener des effets psychologiques intenses, notamment des hallucinations, une d\u00e9sorientation et de profonds changements \u00e9motionnels. Ne le consommez que dans un cadre s\u00e9curis\u00e9, avec l'aide d'une personne sobre si n\u00e9cessaire.<\/p>\n<p class=\"\" data-start=\"4185\" data-end=\"4445\">Ne consommez pas de Peyote si vous souffrez de troubles mentaux tels que l'anxi\u00e9t\u00e9, la d\u00e9pression ou la psychose, ou si vous avez des probl\u00e8mes de sant\u00e9 physique tels que des probl\u00e8mes cardiaques, le diab\u00e8te ou des probl\u00e8mes respiratoires. Les femmes enceintes et les mineurs doivent l'\u00e9viter totalement.<\/p>\n<p class=\"\" data-start=\"4447\" data-end=\"4690\">Ne m\u00e9langez jamais le Peyote avec de l'alcool, des m\u00e9dicaments ou d'autres substances psychoactives. Cela augmenterait le risque d'effets secondaires dangereux. \u00c9vitez de conduire ou d'utiliser des machines pendant ou apr\u00e8s l'utilisation du produit, et conservez-le toujours hors de port\u00e9e des enfants.<\/p>\n<p class=\"\" data-start=\"4692\" data-end=\"4855\">Bien que l'exp\u00e9rience puisse \u00eatre enrichissante, le Peyote doit \u00eatre utilis\u00e9 avec le plus grand respect et la plus grande prudence. Une approche attentive garantit un voyage plus s\u00fbr et plus significatif.<\/p>","protected":false},"excerpt":{"rendered":"<p>Le cactus Peyote, scientifiquement connu sous le nom de <em data-start=\"43\" data-end=\"66\">Lophophora williamsii<\/em>Le cactus est une petite plante sans \u00e9pines, c\u00e9l\u00e8bre pour ses puissants effets psychoactifs, principalement dus \u00e0 sa teneur naturelle en mescaline. Originaire du nord du Mexique et du sud des \u00c9tats-Unis, ce cactus remarquable est utilis\u00e9 depuis des si\u00e8cles dans des c\u00e9r\u00e9monies spirituelles, procurant des exp\u00e9riences de transformation profonde et d'expansion de la conscience.<\/p>","protected":false},"featured_media":84472,"template":"","meta":[],"product_brand":[],"product_cat":[394,297,384],"product_tag":[],"class_list":{"0":"post-84466","1":"product","2":"type-product","3":"status-publish","4":"has-post-thumbnail","6":"product_cat-mescaline-cacti","7":"product_cat-all-products","8":"product_cat-smartshop","9":"product_shipping_class-group-7","11":"first","12":"instock","13":"taxable","14":"shipping-taxable","15":"purchasable","16":"product-type-variable","17":"has-default-attributes"},"_links":{"self":[{"href":"https:\/\/www.headshop.nl\/fr\/wp-json\/wp\/v2\/product\/84466","targetHints":{"allow":["GET"]}}],"collection":[{"href":"https:\/\/www.headshop.nl\/fr\/wp-json\/wp\/v2\/product"}],"about":[{"href":"https:\/\/www.headshop.nl\/fr\/wp-json\/wp\/v2\/types\/product"}],"wp:featuredmedia":[{"embeddable":true,"href":"https:\/\/www.headshop.nl\/fr\/wp-json\/wp\/v2\/media\/84472"}],"wp:attachment":[{"href":"https:\/\/www.headshop.nl\/fr\/wp-json\/wp\/v2\/media?parent=84466"}],"wp:term":[{"taxonomy":"product_brand","embeddable":true,"href":"https:\/\/www.headshop.nl\/fr\/wp-json\/wp\/v2\/product_brand?post=84466"},{"taxonomy":"product_cat","embeddable":true,"href":"https:\/\/www.headshop.nl\/fr\/wp-json\/wp\/v2\/product_cat?post=84466"},{"taxonomy":"product_tag","embeddable":true,"href":"https:\/\/www.headshop.nl\/fr\/wp-json\/wp\/v2\/product_tag?post=84466"}],"curies":[{"name":"wp","href":"https:\/\/api.w.org\/{rel}","templated":true}]}}