{"id":84413,"date":"2025-05-09T09:09:26","date_gmt":"2025-05-09T09:09:26","guid":{"rendered":"https:\/\/www.headshop.nl\/?post_type=product&#038;p=84413"},"modified":"2025-11-06T01:26:29","modified_gmt":"2025-11-06T01:26:29","slug":"cutting-macrogona-25-29-cm","status":"publish","type":"product","link":"https:\/\/www.headshop.nl\/fr\/cutting-macrogona-25-29-cm\/","title":{"rendered":"Coupe Macrogona 25 - 29 cm"},"content":{"rendered":"<h2 dir=\"ltr\" data-pm-slice=\"1 1 []\">Qu'est-ce qu'un macrogone \u00e0 couper ?<\/h2>\n<p dir=\"ltr\">Le cactus Macrogona coupant, ou <em>Echinopsis macrogona<\/em>est un membre v\u00e9n\u00e9r\u00e9 mais peu connu de l'Union europ\u00e9enne. <em>Trichocereus<\/em> originaire des r\u00e9gions andines d'Am\u00e9rique du Sud. Sa teinte vert-bleu profond, ses longues \u00e9pines ac\u00e9r\u00e9es et sa forme de colonne \u00e0 croissance rapide la rendent visuellement frappante. Avec sa forte teneur en mescaline, elle est appr\u00e9ci\u00e9e pour ses exp\u00e9riences de m\u00e9decine v\u00e9g\u00e9tale profond\u00e9ment introspectives et qui ouvrent le c\u0153ur. En tant que bouture, elle peut \u00eatre cultiv\u00e9e ou pr\u00e9par\u00e9e pour un usage c\u00e9r\u00e9moniel, guidant les utilisateurs dans des voyages psych\u00e9d\u00e9liques puissants mais \u00e9quilibr\u00e9s. Elle favorise la connexion subconsciente, la gu\u00e9rison \u00e9motionnelle et la paix profonde, ce qui en fait un outil essentiel pour l'exploration spirituelle et la transformation personnelle.<\/p>\n<h2 dir=\"ltr\">Histoire de la coupe de Macrogona<\/h2>\n<p dir=\"ltr\">Le cactus Macrogona Cutting fait partie int\u00e9grante des pratiques spirituelles et m\u00e9dicinales andines depuis des si\u00e8cles, partageant la lign\u00e9e culturelle de cactus comme le San Pedro et le Bridgesii. Les chamans indig\u00e8nes l'utilisaient dans des rituels sacr\u00e9s pour communier avec le monde des esprits, nettoyer les blocages \u00e9nerg\u00e9tiques et b\u00e9n\u00e9ficier de la sagesse de la nature, bien qu'il soit moins document\u00e9 que les autres cactus de la m\u00eame famille. Enracin\u00e9es dans les traditions orales p\u00e9ruviennes et boliviennes, sa puissance et sa clart\u00e9 lui ont valu d'\u00eatre v\u00e9n\u00e9r\u00e9e. Alors que l'int\u00e9r\u00eat pour les plantes m\u00e9dicinales s'accro\u00eet dans le monde entier, le cactus Cutting Macrogona a \u00e9t\u00e9 reconnu pour ses effets \u00e9quilibr\u00e9s et profonds, faisant le lien entre les anciennes pratiques de gu\u00e9rison et les qu\u00eates modernes de v\u00e9rit\u00e9 et d'\u00e9veil.<\/p>\n<h2 dir=\"ltr\">Comment utiliser le macrogone de coupe<\/h2>\n<p dir=\"ltr\">Le cactus Macrogona Cutting est g\u00e9n\u00e9ralement consomm\u00e9 sous forme d'infusion c\u00e9r\u00e9monielle. La pr\u00e9paration consiste \u00e0 enlever la peau ext\u00e9rieure et les \u00e9pines, \u00e0 hacher la chair et \u00e0 la faire mijoter pendant plusieurs heures pour en extraire la mescaline et d'autres compos\u00e9s, ce qui donne un th\u00e9 sombre et amer. Consomm\u00e9 dans un cadre calme et sacr\u00e9, l'effet se fait sentir au bout d'une \u00e0 deux heures, atteint son maximum entre trois et six heures et dure de dix \u00e0 quatorze heures, apportant des images visuelles, une clart\u00e9 \u00e9motionnelle et un sentiment d'unit\u00e9. Un je\u00fbne pr\u00e9alable r\u00e9duit les naus\u00e9es et augmente les effets. Il est essentiel que le voyageur soit sobre et qu'il soit pr\u00eat mentalement et physiquement. Avec l'intention appropri\u00e9e, le cactus se transforme en un enseignant et un miroir de l'\u00e2me.<\/p>\n<h2 dir=\"ltr\">Ingr\u00e9dients de la coupe Macrogona<\/h2>\n<p dir=\"ltr\">Le principal compos\u00e9 psychoactif du cactus Cutting Macrogona est la mescaline, un alcalo\u00efde enth\u00e9og\u00e8ne qui agit sur les r\u00e9cepteurs de la s\u00e9rotonine, modifiant la perception, l'humeur et la conscience afin de faciliter l'exploration du subconscient et la lib\u00e9ration des \u00e9motions. Des alcalo\u00efdes mineurs comme l'anhalonidine et la tyramine renforcent ses effets. Physiquement, il est constitu\u00e9 de tissus fibreux riches en eau, d'une peau lisse d'un vert bleut\u00e9 et de longues \u00e9pines. Parmi les <em>Trichocereus<\/em> En raison de la diversit\u00e9 des esp\u00e8ces de plantes m\u00e9dicinales, son profil chimique intense se d\u00e9marque. Plante c\u00e9r\u00e9monielle et non ornementale, elle canalise le pouvoir de gu\u00e9rison de la nature et la sagesse ancestrale, guidant les utilisateurs \u00e0 travers des voyages transformateurs lorsqu'elle est respect\u00e9e et correctement pr\u00e9par\u00e9e.<\/p>\n<p dir=\"ltr\"><strong>Avertissement<\/strong><\/p>\n<p dir=\"ltr\">Ne consommez pas le cactus Cutting Macrogona si vous \u00eates enceinte, si vous allaitez, si vous avez moins de 18 ans ou si vous souffrez d'une maladie cardiaque, de probl\u00e8mes de tension art\u00e9rielle ou de troubles psychiatriques. Ne pas combiner avec de l'alcool, des m\u00e9dicaments ou d'autres substances psychoactives. Ne l'utilisez que dans un cadre s\u00e9curis\u00e9, avec une personne sobre et exp\u00e9riment\u00e9e. Ne pas conduire ou utiliser des machines sous son influence. Traiter le cactus Cutting Macrogona avec un profond respect - il s'agit d'une m\u00e9decine sacr\u00e9e et non d'une substance r\u00e9cr\u00e9ative.<\/p>","protected":false},"excerpt":{"rendered":"<p dir=\"ltr\" data-pm-slice=\"1 1 []\">Le cactus Cutting Macrogona est un partenaire pr\u00e9cieux pour le d\u00e9veloppement spirituel et personnel. C\u00e9l\u00e9br\u00e9 pour sa pr\u00e9sence sur terre et son pouvoir visionnaire, ce cactus sacr\u00e9 est utilis\u00e9 dans les rituels pour d\u00e9bloquer la sagesse int\u00e9rieure, lib\u00e9rer les obstacles \u00e9motionnels et favoriser l'harmonie de l'esprit et de l'\u00e2me.<\/p>","protected":false},"featured_media":84415,"template":"","meta":[],"product_brand":[],"product_cat":[394,297,384],"product_tag":[],"class_list":{"0":"post-84413","1":"product","2":"type-product","3":"status-publish","4":"has-post-thumbnail","6":"product_cat-mescaline-cacti","7":"product_cat-all-products","8":"product_cat-smartshop","9":"product_shipping_class-group-7","11":"first","12":"instock","13":"taxable","14":"shipping-taxable","15":"purchasable","16":"product-type-variable","17":"has-default-attributes"},"_links":{"self":[{"href":"https:\/\/www.headshop.nl\/fr\/wp-json\/wp\/v2\/product\/84413","targetHints":{"allow":["GET"]}}],"collection":[{"href":"https:\/\/www.headshop.nl\/fr\/wp-json\/wp\/v2\/product"}],"about":[{"href":"https:\/\/www.headshop.nl\/fr\/wp-json\/wp\/v2\/types\/product"}],"wp:featuredmedia":[{"embeddable":true,"href":"https:\/\/www.headshop.nl\/fr\/wp-json\/wp\/v2\/media\/84415"}],"wp:attachment":[{"href":"https:\/\/www.headshop.nl\/fr\/wp-json\/wp\/v2\/media?parent=84413"}],"wp:term":[{"taxonomy":"product_brand","embeddable":true,"href":"https:\/\/www.headshop.nl\/fr\/wp-json\/wp\/v2\/product_brand?post=84413"},{"taxonomy":"product_cat","embeddable":true,"href":"https:\/\/www.headshop.nl\/fr\/wp-json\/wp\/v2\/product_cat?post=84413"},{"taxonomy":"product_tag","embeddable":true,"href":"https:\/\/www.headshop.nl\/fr\/wp-json\/wp\/v2\/product_tag?post=84413"}],"curies":[{"name":"wp","href":"https:\/\/api.w.org\/{rel}","templated":true}]}}