{"id":84404,"date":"2025-05-09T08:59:05","date_gmt":"2025-05-09T08:59:05","guid":{"rendered":"https:\/\/www.headshop.nl\/?post_type=product&#038;p=84404"},"modified":"2025-10-16T07:05:23","modified_gmt":"2025-10-16T07:05:23","slug":"san-pedro-cutting-pachanoi-25-29-cm","status":"publish","type":"product","link":"https:\/\/www.headshop.nl\/fr\/san-pedro-cutting-pachanoi-25-29-cm\/","title":{"rendered":"Coupe San Pedro Pachanoi 25 - 29 cm"},"content":{"rendered":"<h2 dir=\"ltr\" data-pm-slice=\"1 1 []\">Qu'est-ce qu'un cactus Pachanoi \u00e0 couper ?<\/h2>\n<p dir=\"ltr\">Le cactus Pachanoi, connu sous le nom de San Pedro, est un cactus colonnaire \u00e0 croissance rapide originaire des Andes du P\u00e9rou, de l'\u00c9quateur et de la Bolivie. Appartenant \u00e0 la famille des <em>Echinopsis<\/em> (anciennement <em>Trichocereus<\/em>), elle se caract\u00e9rise par une peau verte et lisse, des \u00e9pines minimes et un pouvoir spirituel important. Contenant de la mescaline, un psych\u00e9d\u00e9lique naturel, elle est utilis\u00e9e depuis des mill\u00e9naires dans la m\u00e9decine et les c\u00e9r\u00e9monies andines. En tant que bouture, elle peut \u00eatre propag\u00e9e ou consomm\u00e9e \u00e0 des fins rituelles, offrant des effets doux mais transformateurs qui favorisent l'harmonie, la compassion et une connexion profonde avec soi-m\u00eame et l'univers. Sa nature nourrici\u00e8re et expansive en fait un guide de confiance pour les rituels sacr\u00e9s et la gu\u00e9rison personnelle.<\/p>\n<h2 dir=\"ltr\">Histoire du d\u00e9coupage du Pachanoi<\/h2>\n<p dir=\"ltr\">Le cactus Cutting Pachanoi a une histoire sacr\u00e9e de plus de 3 000 ans dans la culture andine. Des d\u00e9couvertes arch\u00e9ologiques, notamment des sculptures et des poteries, r\u00e9v\u00e8lent que les peuples indig\u00e8nes du P\u00e9rou et de la Bolivie l'utilisaient lors de c\u00e9r\u00e9monies pr\u00e9colombiennes, symbolisant le pouvoir divin et la communication spirituelle. Baptis\u00e9 San Pedro lors de la conqu\u00eate espagnole, il refl\u00e8te son r\u00f4le de cl\u00e9 d'acc\u00e8s \u00e0 la conscience sup\u00e9rieure, \u00e0 l'instar des cl\u00e9s c\u00e9lestes de saint Pierre. Les chamans l'utilisaient lors de rituels nocturnes pour traiter les douleurs int\u00e9rieures, lib\u00e9rer les blocages \u00e9motionnels et acc\u00e9der \u00e0 la sagesse ancestrale. Aujourd'hui, elle reste un outil essentiel dans les pratiques spirituelles, m\u00ealant les traditions anciennes aux qu\u00eates modernes de d\u00e9couverte de soi et de renouveau \u00e9nerg\u00e9tique.<\/p>\n<h2 dir=\"ltr\">Comment utiliser le pachano\u00ef de coupe<\/h2>\n<p dir=\"ltr\">Le cactus Pachanoi est g\u00e9n\u00e9ralement consomm\u00e9 sous forme de th\u00e9 amer. La pr\u00e9paration consiste \u00e0 enlever la peau ext\u00e9rieure et les \u00e9pines, \u00e0 hacher la chair int\u00e9rieure et \u00e0 la faire mijoter dans de l'eau pendant plusieurs heures. Le liquide obtenu peut \u00eatre consomm\u00e9 en petites doses, concentr\u00e9 davantage ou s\u00e9ch\u00e9 en r\u00e9sine pour \u00eatre conserv\u00e9. Les effets commencent au bout d'une \u00e0 deux heures, atteignent leur maximum entre trois et six heures et peuvent durer de douze \u00e0 quinze heures, entra\u00eenant une empathie accrue, une paix int\u00e9rieure, une stimulation visuelle et une introspection. A consommer dans un cadre calme et intentionnel - de pr\u00e9f\u00e9rence dans la nature - avec un compagnon de voyage sobre. Un je\u00fbne de 6 \u00e0 12 heures avant l'utilisation r\u00e9duit les naus\u00e9es, et des pratiques d'ancrage comme la tenue d'un journal am\u00e9liorent l'int\u00e9gration. Il convient de l'aborder avec r\u00e9v\u00e9rence, car il s'agit d'un enseignant qui favorise la gu\u00e9rison et la compr\u00e9hension.<\/p>\n<h2 dir=\"ltr\">Ingr\u00e9dients du Pachanoi \u00e0 couper<\/h2>\n<p dir=\"ltr\">Le principal compos\u00e9 actif du cactus Cutting Pachanoi est la mescaline, un psych\u00e9d\u00e9lique qui interagit avec les r\u00e9cepteurs de s\u00e9rotonine, induisant une am\u00e9lioration de la perception, une \u00e9l\u00e9vation de l'humeur et une r\u00e9flexion spirituelle. Bien qu'il contienne moins de mescaline que des esp\u00e8ces apparent\u00e9es comme le Bridgesii, il reste puissant et permet des exp\u00e9riences profondes, en particulier \u00e0 doses concentr\u00e9es. Des alcalo\u00efdes mineurs, dont l'anhalonidine, la tyramine et l'hord\u00e9nine, renforcent son profil \u00e9nerg\u00e9tique. Physiquement, le cactus est constitu\u00e9 de tissus riches en eau, d'une chair fibreuse et d'une peau protectrice. Sa croissance rapide et son faible nombre d'\u00e9pines le rendent id\u00e9al pour la culture et l'utilisation c\u00e9r\u00e9monielle, \u00e9quilibrant la puissance chimique avec la pr\u00e9sence spirituelle pour le travail sur les plantes sacr\u00e9es.<\/p>\n<p dir=\"ltr\"><strong>Avertissement<\/strong><\/p>\n<p dir=\"ltr\">Ne consommez pas le cactus Cutting Pachanoi si vous \u00eates enceinte, si vous allaitez, si vous avez moins de 18 ans ou si vous souffrez d'une maladie cardiaque, de probl\u00e8mes de tension art\u00e9rielle ou de troubles mentaux. Ne pas combiner avec de l'alcool, des m\u00e9dicaments ou d'autres substances. Ne consommer que dans un environnement s\u00fbr et paisible, en pr\u00e9sence d'un accompagnateur sobre. Ne conduisez pas et n'utilisez pas de machines sous son influence. Traiter cette plante avec respect et intention - il s'agit d'un outil c\u00e9r\u00e9moniel et non d'une substance r\u00e9cr\u00e9ative.<\/p>","protected":false},"excerpt":{"rendered":"<p dir=\"ltr\" data-pm-slice=\"1 1 []\">Le cactus Cutting Pachanoi, ou San Pedro, est un enseignant v\u00e9g\u00e9tal tr\u00e8s appr\u00e9ci\u00e9, c\u00e9l\u00e9br\u00e9 pour ses propri\u00e9t\u00e9s r\u00e9paratrices et centr\u00e9es sur le c\u0153ur. Utilis\u00e9 dans les c\u00e9r\u00e9monies sacr\u00e9es depuis des si\u00e8cles, il permet un voyage profond vers la tranquillit\u00e9 int\u00e9rieure, la compr\u00e9hension \u00e9motionnelle et l'illumination spirituelle.<\/p>","protected":false},"featured_media":84407,"template":"","meta":[],"product_brand":[],"product_cat":[394,297,384],"product_tag":[],"class_list":{"0":"post-84404","1":"product","2":"type-product","3":"status-publish","4":"has-post-thumbnail","6":"product_cat-mescaline-cacti","7":"product_cat-all-products","8":"product_cat-smartshop","9":"product_shipping_class-group-7","11":"first","12":"instock","13":"taxable","14":"shipping-taxable","15":"purchasable","16":"product-type-variable","17":"has-default-attributes"},"_links":{"self":[{"href":"https:\/\/www.headshop.nl\/fr\/wp-json\/wp\/v2\/product\/84404","targetHints":{"allow":["GET"]}}],"collection":[{"href":"https:\/\/www.headshop.nl\/fr\/wp-json\/wp\/v2\/product"}],"about":[{"href":"https:\/\/www.headshop.nl\/fr\/wp-json\/wp\/v2\/types\/product"}],"wp:featuredmedia":[{"embeddable":true,"href":"https:\/\/www.headshop.nl\/fr\/wp-json\/wp\/v2\/media\/84407"}],"wp:attachment":[{"href":"https:\/\/www.headshop.nl\/fr\/wp-json\/wp\/v2\/media?parent=84404"}],"wp:term":[{"taxonomy":"product_brand","embeddable":true,"href":"https:\/\/www.headshop.nl\/fr\/wp-json\/wp\/v2\/product_brand?post=84404"},{"taxonomy":"product_cat","embeddable":true,"href":"https:\/\/www.headshop.nl\/fr\/wp-json\/wp\/v2\/product_cat?post=84404"},{"taxonomy":"product_tag","embeddable":true,"href":"https:\/\/www.headshop.nl\/fr\/wp-json\/wp\/v2\/product_tag?post=84404"}],"curies":[{"name":"wp","href":"https:\/\/api.w.org\/{rel}","templated":true}]}}