{"id":83209,"date":"2025-02-04T15:24:38","date_gmt":"2025-02-04T15:24:38","guid":{"rendered":"https:\/\/www.headshop.nl\/?post_type=product&#038;p=83209"},"modified":"2026-02-19T01:26:18","modified_gmt":"2026-02-19T01:26:18","slug":"love-caps-6-capsules","status":"publish","type":"product","link":"https:\/\/www.headshop.nl\/fr\/love-caps-6-capsules\/","title":{"rendered":"Love Caps - 6 g\u00e9lules"},"content":{"rendered":"<p><strong>Contenu :<\/strong> 6 g\u00e9lules<br \/>\n<strong>Marque :<\/strong> Ultimate69<\/p>\n<p>Les Love Caps d'Ultimate69 sont con\u00e7ues pour ajouter une touche suppl\u00e9mentaire de plaisir \u00e9rotique pour elle et lui. Faites l'exp\u00e9rience de la sensation ultime \u00e0 deux avec ces nouvelles capsules, fabriqu\u00e9es \u00e0 partir d'extraits de plantes soigneusement s\u00e9lectionn\u00e9s. Elles stimulent la libido, l'\u00e9nergie, l'endurance et procurent une l\u00e9g\u00e8re sensation de picotement. Ensemble, vous atteindrez l'apog\u00e9e ! Amusez-vous et profitez des Love Caps Ultimate 69 !<\/p>\n<p><strong>Ingr\u00e9dients :<\/strong><\/p>\n<p>150 mg de GABA, 100 mg de L-arginine, 100 mg de L-citrulline, 100 mg d'extrait de maca noir, 50 mg de kanna, 50 mg d'extrait de ginseng, 50 mg d'extrait de damiana, 50 mg d'extrait de passiflore, 50 mg de taurine, 50 mg d'extrait de cacao, 50 mg de vitamine C, 25 mg d'extrait de m\u00e9lisse, 10 mg de niacine, 10 mg de zinc, 2 mg de pip\u00e9rine, et de l'amidon de riz comme excipient.<\/p>\n<p><strong>Dosage :<\/strong><\/p>\n<p>Prendre les Love Caps une heure avant l'activit\u00e9 sexuelle. Commencez par une g\u00e9lule pour ressentir l'effet, et si n\u00e9cessaire, prenez une deuxi\u00e8me g\u00e9lule apr\u00e8s une demi-heure. Le nombre maximum de g\u00e9lules par personne et par jour est de 2.<\/p>\n<p><strong>Avertissement :<\/strong><\/p>\n<p>Tenir hors de port\u00e9e des enfants. Consultez votre m\u00e9decin avant d'utiliser ce produit si vous \u00eates enceinte, si vous allaitez ou si vous avez des probl\u00e8mes de sant\u00e9. Il s'agit d'un compl\u00e9ment alimentaire qui doit \u00eatre utilis\u00e9 comme tel.<\/p>\n<p><strong>Conseils de stockage :<\/strong><\/p>\n<p>Conserver dans un endroit frais et sombre.<\/p>","protected":false},"excerpt":{"rendered":"<p>Am\u00e9liorez votre intimit\u00e9 avec Ultimate69 Love Caps, con\u00e7u pour elle et lui. Fabriqu\u00e9es \u00e0 partir d'extraits de plantes soigneusement s\u00e9lectionn\u00e9s, elles stimulent la libido, l'\u00e9nergie et l'endurance tout en procurant une l\u00e9g\u00e8re sensation de picotement.<\/p>","protected":false},"featured_media":83213,"template":"","meta":[],"product_brand":[],"product_cat":[705,297,395,384],"product_tag":[],"class_list":{"0":"post-83209","1":"product","2":"type-product","3":"status-publish","4":"has-post-thumbnail","6":"product_cat-sex-shop","7":"product_cat-all-products","8":"product_cat-aphrodisiacs","9":"product_cat-smartshop","11":"first","12":"instock","13":"taxable","14":"shipping-taxable","15":"purchasable","16":"product-type-variable","17":"has-default-attributes"},"_links":{"self":[{"href":"https:\/\/www.headshop.nl\/fr\/wp-json\/wp\/v2\/product\/83209","targetHints":{"allow":["GET"]}}],"collection":[{"href":"https:\/\/www.headshop.nl\/fr\/wp-json\/wp\/v2\/product"}],"about":[{"href":"https:\/\/www.headshop.nl\/fr\/wp-json\/wp\/v2\/types\/product"}],"wp:featuredmedia":[{"embeddable":true,"href":"https:\/\/www.headshop.nl\/fr\/wp-json\/wp\/v2\/media\/83213"}],"wp:attachment":[{"href":"https:\/\/www.headshop.nl\/fr\/wp-json\/wp\/v2\/media?parent=83209"}],"wp:term":[{"taxonomy":"product_brand","embeddable":true,"href":"https:\/\/www.headshop.nl\/fr\/wp-json\/wp\/v2\/product_brand?post=83209"},{"taxonomy":"product_cat","embeddable":true,"href":"https:\/\/www.headshop.nl\/fr\/wp-json\/wp\/v2\/product_cat?post=83209"},{"taxonomy":"product_tag","embeddable":true,"href":"https:\/\/www.headshop.nl\/fr\/wp-json\/wp\/v2\/product_tag?post=83209"}],"curies":[{"name":"wp","href":"https:\/\/api.w.org\/{rel}","templated":true}]}}