{"id":82816,"date":"2025-01-10T13:47:34","date_gmt":"2025-01-10T13:47:34","guid":{"rendered":"https:\/\/www.headshop.nl\/?post_type=product&#038;p=82816"},"modified":"2025-05-23T09:10:06","modified_gmt":"2025-05-23T09:10:06","slug":"somango-autoflower-soma-sacred-seeds","status":"publish","type":"product","link":"https:\/\/www.headshop.nl\/fr\/somango-autoflower-soma-sacred-seeds\/","title":{"rendered":"Somango Autoflower - Soma Sacred Seeds"},"content":{"rendered":"<h2>Qu'est-ce que le Somango Autoflower ?<\/h2>\n<p>La Somango Autoflower est une vari\u00e9t\u00e9 de cannabis hybride r\u00e9sultant de la combinaison des g\u00e9n\u00e9tiques cor\u00e9ennes Jack Herer et Big Skunk. R\u00e9put\u00e9e pour son ar\u00f4me et sa saveur de mangue tropicale, cette vari\u00e9t\u00e9 pr\u00e9sente une composition de 75% Indica et 25% Sativa, offrant une exp\u00e9rience bien \u00e9quilibr\u00e9e, \u00e0 la fois physiquement relaxante et mentalement stimulante. Sa nature autofloraison en fait un excellent choix pour les cultivateurs \u00e0 la recherche de simplicit\u00e9, car elle ne n\u00e9cessite pas de gestion stricte du cycle lumineux.<\/p>\n<p>Connue pour ses effets stimulants, la Somango Autoflower procure un effet euphorique qui stimule la cr\u00e9ativit\u00e9 sans provoquer de s\u00e9dation lourde. Avec un temps de floraison de 9 \u00e0 10 semaines, chaque plante produit environ 25 grammes de bourgeons. Les bourgeons sont recouverts de cristaux, ce qui les rend parfaits pour la production de haschisch. Cette vari\u00e9t\u00e9 se d\u00e9veloppe mieux avec des nutriments organiques et ses feuilles violettes vibrantes ajoutent \u00e0 son attrait visuel. Que ce soit pour la culture ou pour le plaisir, la Somango Autoflower s'adresse aussi bien aux novices qu'aux amateurs de cannabis exp\u00e9riment\u00e9s.<\/p>\n<h2>Histoire de la Somango Autoflower<\/h2>\n<p>La lign\u00e9e de la Somango Autoflower provient de ses vari\u00e9t\u00e9s parentes, la Jack Herer et la Big Skunk Korean. Original Anciennement appel\u00e9e Soma #5, la vari\u00e9t\u00e9 a \u00e9t\u00e9 rebaptis\u00e9e Somango pour mettre en valeur son parfum de mangue tropicale, qui la distingue des autres vari\u00e9t\u00e9s. Cet hybride capture les effets stimulants de la Jack Herer et les saveurs terreuses et piquantes de la Big Skunk cor\u00e9enne, cr\u00e9ant ainsi une vari\u00e9t\u00e9 qui offre le meilleur des deux mondes.<\/p>\n<p>D\u00e9velopp\u00e9e par Soma Sacred Seeds, un leader dans la s\u00e9lection du cannabis, la Somango a \u00e9t\u00e9 con\u00e7ue pour offrir des saveurs fruit\u00e9es exceptionnelles et des effets puissants. La version autofloraison a \u00e9t\u00e9 introduite pour simplifier la culture, permettant aux cultivateurs de ne pas avoir \u00e0 g\u00e9rer le cycle de lumi\u00e8re. Au fil du temps, la Somango a acquis un public d\u00e9vou\u00e9, c\u00e9l\u00e9br\u00e9 pour sa puissance, sa saveur et sa polyvalence. Ses effets euphorisants et son ar\u00f4me de mangue caract\u00e9ristique en ont fait une vari\u00e9t\u00e9 \u00e0 part dans la collection de Soma.<\/p>\n<h2>Comment utiliser Somango Autoflower<\/h2>\n<p>La Somango Autoflower peut \u00eatre consomm\u00e9e de diff\u00e9rentes mani\u00e8res, selon les pr\u00e9f\u00e9rences de chacun. Les fumeurs peuvent la rouler dans des joints, la mettre dans des pipes ou l'utiliser dans des bongs pour profiter pleinement de sa saveur de mangue tropicale et de sa fum\u00e9e douce. La vaporisation est une autre option int\u00e9ressante, car elle pr\u00e9serve les terp\u00e8nes d\u00e9licats de la vari\u00e9t\u00e9 et offre un effet plus net et plus savoureux.<\/p>\n<p>Les effets stimulants de cette vari\u00e9t\u00e9 la rendent id\u00e9ale pour les activit\u00e9s cr\u00e9atives, telles que l'\u00e9criture, l'art ou les sessions de brainstorming. C'est une excellente option pour la journ\u00e9e, offrant une stimulation mentale sans provoquer de l\u00e9thargie ou de s\u00e9dation. Pour les cultivateurs, la Somango Autoflower est facile \u00e0 cultiver, n\u00e9cessitant un minimum de soins tout en produisant des bourgeons de haute qualit\u00e9. Sa g\u00e9n\u00e9tique autofloraison assure une maturation ind\u00e9pendante de la plante, ce qui la rend appropri\u00e9e pour les cultivateurs ayant peu d'exp\u00e9rience.<\/p>\n<h2>Ingr\u00e9dients de Somango Autoflower<\/h2>\n<p>Les effets et les saveurs uniques de la Somango Autoflower r\u00e9sultent de sa g\u00e9n\u00e9tique hybride, m\u00e9langeant les traits cor\u00e9ens de la Jack Herer et de la Big Skunk. Sa composition 75% Indica et 25% Sativa procure une relaxation physique et des effets apaisants gr\u00e2ce \u00e0 l'Indica, tandis que la Sativa contribue \u00e0 un effet euphorisant, ce qui en fait une vari\u00e9t\u00e9 bien \u00e9quilibr\u00e9e.<\/p>\n<p>La saveur de mangue tropicale caract\u00e9ristique de la vari\u00e9t\u00e9 provient de son riche profil terp\u00e9nique, qui comprend des notes d'agrumes et de fruits sucr\u00e9s. Ces terp\u00e8nes am\u00e9liorent non seulement le go\u00fbt mais aussi l'exp\u00e9rience aromatique. Les bourgeons de la Somango sont recouverts d'une \u00e9paisse couche de cristaux, indiquant une forte production de r\u00e9sine, ce qui rend cette vari\u00e9t\u00e9 id\u00e9ale pour la fabrication de haschisch. La qualit\u00e9 de la r\u00e9sine permet la cr\u00e9ation d'un finger hash exceptionnel, pr\u00e9servant la saveur et la puissance de la vari\u00e9t\u00e9. Ces attributs font de la Somango Autoflower un excellent choix pour ceux qui recherchent une exp\u00e9rience de cannabis savoureuse et de haute qualit\u00e9.<\/p>\n<p>&nbsp;<\/p>\n<p><strong>Avertissement<\/strong><\/p>\n<p>Comme toute vari\u00e9t\u00e9 de cannabis, la Somango Autoflower doit \u00eatre consomm\u00e9e de mani\u00e8re responsable. Ses effets stimulants peuvent entra\u00eener une stimulation mentale qui peut nuire \u00e0 la concentration dans des situations exigeant une grande attention. Les d\u00e9butants devraient commencer par une petite dose pour \u00e9valuer ses effets. Gardez toujours cette vari\u00e9t\u00e9 hors de port\u00e9e des enfants et des animaux domestiques, et \u00e9vitez d'utiliser des machines lourdes apr\u00e8s l'avoir consomm\u00e9e.<\/p>","protected":false},"excerpt":{"rendered":"<p>La Somango Autoflower est une vari\u00e9t\u00e9 de cannabis fruit\u00e9e et savoureuse, connue pour ses effets euphorisants et stimulants. Hybride de Jack Herer et de Big Skunk Korean, cette vari\u00e9t\u00e9 offre un ar\u00f4me de mangue tropicale et constitue un excellent choix pour les personnes cr\u00e9atives \u00e0 la recherche d'une exp\u00e9rience euphorique et alerte. Avec des rendements mod\u00e9r\u00e9s et une teinte violette vibrante, la Somango Autoflower produit \u00e9galement un hash exceptionnel gr\u00e2ce \u00e0 ses bourgeons riches en r\u00e9sine.<\/p>","protected":false},"featured_media":82820,"template":"","meta":[],"product_brand":[],"product_cat":[949,297,466,465],"product_tag":[],"class_list":{"0":"post-82816","1":"product","2":"type-product","3":"status-publish","4":"has-post-thumbnail","6":"product_cat-soma-sacred-seeds","7":"product_cat-all-products","8":"product_cat-autoflowering-seeds","9":"product_cat-seedshop","11":"first","12":"instock","13":"taxable","14":"shipping-taxable","15":"purchasable","16":"product-type-variable","17":"has-default-attributes"},"_links":{"self":[{"href":"https:\/\/www.headshop.nl\/fr\/wp-json\/wp\/v2\/product\/82816","targetHints":{"allow":["GET"]}}],"collection":[{"href":"https:\/\/www.headshop.nl\/fr\/wp-json\/wp\/v2\/product"}],"about":[{"href":"https:\/\/www.headshop.nl\/fr\/wp-json\/wp\/v2\/types\/product"}],"wp:featuredmedia":[{"embeddable":true,"href":"https:\/\/www.headshop.nl\/fr\/wp-json\/wp\/v2\/media\/82820"}],"wp:attachment":[{"href":"https:\/\/www.headshop.nl\/fr\/wp-json\/wp\/v2\/media?parent=82816"}],"wp:term":[{"taxonomy":"product_brand","embeddable":true,"href":"https:\/\/www.headshop.nl\/fr\/wp-json\/wp\/v2\/product_brand?post=82816"},{"taxonomy":"product_cat","embeddable":true,"href":"https:\/\/www.headshop.nl\/fr\/wp-json\/wp\/v2\/product_cat?post=82816"},{"taxonomy":"product_tag","embeddable":true,"href":"https:\/\/www.headshop.nl\/fr\/wp-json\/wp\/v2\/product_tag?post=82816"}],"curies":[{"name":"wp","href":"https:\/\/api.w.org\/{rel}","templated":true}]}}