{"id":82801,"date":"2025-01-10T13:32:51","date_gmt":"2025-01-10T13:32:51","guid":{"rendered":"https:\/\/www.headshop.nl\/?post_type=product&#038;p=82801"},"modified":"2025-05-23T09:10:21","modified_gmt":"2025-05-23T09:10:21","slug":"somango-soma-sacred-seeds","status":"publish","type":"product","link":"https:\/\/www.headshop.nl\/fr\/somango-soma-sacred-seeds\/","title":{"rendered":"Somango - Soma Sacred Seeds"},"content":{"rendered":"<h2>Qu'est-ce que le somango ?<\/h2>\n<p>Somango est une vari\u00e9t\u00e9 hybride savoureuse cr\u00e9\u00e9e par Soma Sacred Seeds, combinant les c\u00e9l\u00e8bres Jack Herer et Big Skunk Korean. Connue pour son ar\u00f4me de mangue tropicale, cette vari\u00e9t\u00e9 se distingue comme l'une des plus aromatiques et des plus savoureuses de la collection de Soma. Avec une composition g\u00e9n\u00e9tique de 75% Indica et 25% Sativa, la Somango offre une exp\u00e9rience \u00e9quilibr\u00e9e, m\u00ealant relaxation et stimulation mentale.<\/p>\n<p>La plante est bien adapt\u00e9e \u00e0 la culture en int\u00e9rieur, en particulier dans une installation \u00e0 branches multiples ou en utilisant la m\u00e9thode Sea of Green (SOG). Ses bourgeons riches en trichomes ont un aspect cristallin, ce qui les rend excellents pour l'extraction du haschisch. Lorsqu'elle est correctement cultiv\u00e9e, la Somango produit un profil de saveur doux et fruit\u00e9 avec des notes de mangue, procurant un effet euphorique qui stimule la cr\u00e9ativit\u00e9 sans provoquer de s\u00e9dation. Il s'agit donc d'une excellente option pour un usage diurne ou pour des activit\u00e9s cr\u00e9atives.<\/p>\n<h2>Histoire du Somango<\/h2>\n<p>Initialement appel\u00e9e Soma #5, la Somango a \u00e9t\u00e9 d\u00e9velopp\u00e9e par Soma Sacred Seeds pour cr\u00e9er une vari\u00e9t\u00e9 aux saveurs et aux effets uniques. En croisant la Jack Herer, connue pour ses effets c\u00e9r\u00e9braux, avec la Big Skunk Korean, appr\u00e9ci\u00e9e pour sa structure robuste, on a obtenu une vari\u00e9t\u00e9 pr\u00e9sentant les meilleurs traits des deux parents.<\/p>\n<p>L'ar\u00f4me et la saveur distinctifs de la mangue ont incit\u00e9 Soma \u00e0 la renommer Somango, afin de capturer son essence tropicale et fruit\u00e9e. Ses effets \u00e9quilibr\u00e9s et sa composition g\u00e9n\u00e9tique complexe en ont rapidement fait la favorite des amateurs de cannabis. Aujourd'hui, la Somango est un \u00e9l\u00e9ment essentiel de la gamme de Soma Sacred Seeds, c\u00e9l\u00e9br\u00e9e pour sa capacit\u00e9 \u00e0 am\u00e9liorer la cr\u00e9ativit\u00e9, \u00e0 \u00e9lever l'humeur et \u00e0 fournir une exp\u00e9rience polyvalente pour la relaxation et la concentration.<\/p>\n<h2>Comment utiliser Somango<\/h2>\n<p>Le Somango peut \u00eatre appr\u00e9ci\u00e9 de diff\u00e9rentes mani\u00e8res, qu'il soit consomm\u00e9 sous forme de fleurs ou transform\u00e9 en hash. Pour les cultivateurs, la g\u00e9n\u00e9tique de la plante encourage la croissance lat\u00e9rale, ce qui la rend id\u00e9ale pour une installation \u00e0 branches multiples. Bien que la m\u00e9thode Sea of Green (SOG) soit une option, sa hauteur et sa ramification peuvent n\u00e9cessiter une gestion. Soma recommande de cultiver la Somango dans un sol organique avec des nutriments naturels, bien qu'elle puisse prosp\u00e9rer dans d'autres milieux.<\/p>\n<p>Lorsqu'elle est consomm\u00e9e, la Somango procure un \u00e9tat d'euphorie et d'\u00e9l\u00e9vation, parfait pour les activit\u00e9s cr\u00e9atives ou pour surmonter les blocages mentaux. Elle peut \u00eatre fum\u00e9e dans des joints, des pipes ou des vaporisateurs, chaque bouff\u00e9e mettant en valeur sa saveur de mangue tropicale. Pour ceux qui recherchent des formes concentr\u00e9es, ses bourgeons riches en r\u00e9sine sont parfaits pour produire du hasch. Que vous soyez cultivateur ou consommateur, la Somango offre une exp\u00e9rience polyvalente et agr\u00e9able.<\/p>\n<h2>Ingr\u00e9dients du Somango<\/h2>\n<p>Les effets et les saveurs distinctifs de la Somango sont le r\u00e9sultat d'une combinaison unique de terp\u00e8nes et de cannabino\u00efdes. Les principaux terp\u00e8nes sont les suivants :<\/p>\n<ul>\n<li><strong>Myrc\u00e8ne<\/strong>: Il a un effet calmant et contribue \u00e0 l'ar\u00f4me de terre et d'herbes.<\/li>\n<li><strong>Limon\u00e8ne<\/strong>: Ajoute une note d'agrumes qui rehausse la saveur de la mangue.<\/li>\n<li><strong>Pin\u00e8ne<\/strong>: Offre une note bois\u00e9e rafra\u00eechissante, ajoutant de la complexit\u00e9 au profil de la vari\u00e9t\u00e9.<\/li>\n<\/ul>\n<p>Les niveaux mod\u00e9r\u00e9s de THC de la Somango contribuent \u00e0 sa puissance, procurant un high qui combine la relaxation physique et la stimulation mentale. Ses g\u00e9n\u00e9tiques 75% Indica et 25% Sativa cr\u00e9ent une exp\u00e9rience bien \u00e9quilibr\u00e9e, ce qui la rend adapt\u00e9e \u00e0 un usage \u00e0 la fois r\u00e9cr\u00e9atif et th\u00e9rapeutique. L'interaction entre les cannabino\u00efdes et les terp\u00e8nes dans la Somango assure un buzz enivrant, \u00e0 plusieurs niveaux, qui stimule la cr\u00e9ativit\u00e9 et \u00e9l\u00e8ve l'humeur.<\/p>\n<p><strong>Avertissement<\/strong><\/p>\n<p>Les effets de la Somango peuvent varier en fonction de la tol\u00e9rance individuelle. Si vous ne connaissez pas encore cette vari\u00e9t\u00e9, commencez par une petite dose pour en \u00e9valuer l'intensit\u00e9, car ses effets euphorisants peuvent \u00eatre accablants pour certains utilisateurs. Consommez toujours de mani\u00e8re responsable et respectez les lois locales sur le cannabis.<\/p>","protected":false},"excerpt":{"rendered":"<p>La Somango est une vari\u00e9t\u00e9 hybride tropicale-fruit\u00e9e connue pour ses effets stimulants et son profil aromatique. Ce m\u00e9lange 75% Indica et 25% Sativa offre une stimulation mentale qui la rend id\u00e9ale pour les activit\u00e9s cr\u00e9atives. Avec un temps de floraison de 9 \u00e0 10 semaines et un rendement allant jusqu'\u00e0 25 grammes par plante, la Somango est une plante \u00e0 rendement mod\u00e9r\u00e9 qui vous r\u00e9compense avec de belles feuilles teint\u00e9es de violet et un tapis de cristaux. Elle est parfaite pour ceux qui veulent profiter d'exp\u00e9riences euphoriques sans \u00eatre bloqu\u00e9s sur le canap\u00e9.<\/p>","protected":false},"featured_media":82805,"template":"","meta":[],"product_brand":[],"product_cat":[949,297,467,465],"product_tag":[],"class_list":{"0":"post-82801","1":"product","2":"type-product","3":"status-publish","4":"has-post-thumbnail","6":"product_cat-soma-sacred-seeds","7":"product_cat-all-products","8":"product_cat-feminized-seeds","9":"product_cat-seedshop","11":"first","12":"instock","13":"taxable","14":"shipping-taxable","15":"purchasable","16":"product-type-variable","17":"has-default-attributes"},"_links":{"self":[{"href":"https:\/\/www.headshop.nl\/fr\/wp-json\/wp\/v2\/product\/82801","targetHints":{"allow":["GET"]}}],"collection":[{"href":"https:\/\/www.headshop.nl\/fr\/wp-json\/wp\/v2\/product"}],"about":[{"href":"https:\/\/www.headshop.nl\/fr\/wp-json\/wp\/v2\/types\/product"}],"wp:featuredmedia":[{"embeddable":true,"href":"https:\/\/www.headshop.nl\/fr\/wp-json\/wp\/v2\/media\/82805"}],"wp:attachment":[{"href":"https:\/\/www.headshop.nl\/fr\/wp-json\/wp\/v2\/media?parent=82801"}],"wp:term":[{"taxonomy":"product_brand","embeddable":true,"href":"https:\/\/www.headshop.nl\/fr\/wp-json\/wp\/v2\/product_brand?post=82801"},{"taxonomy":"product_cat","embeddable":true,"href":"https:\/\/www.headshop.nl\/fr\/wp-json\/wp\/v2\/product_cat?post=82801"},{"taxonomy":"product_tag","embeddable":true,"href":"https:\/\/www.headshop.nl\/fr\/wp-json\/wp\/v2\/product_tag?post=82801"}],"curies":[{"name":"wp","href":"https:\/\/api.w.org\/{rel}","templated":true}]}}