{"id":82796,"date":"2025-01-10T13:28:56","date_gmt":"2025-01-10T13:28:56","guid":{"rendered":"https:\/\/www.headshop.nl\/?post_type=product&#038;p=82796"},"modified":"2025-05-23T09:10:28","modified_gmt":"2025-05-23T09:10:28","slug":"true-og-soma-sacred-seeds","status":"publish","type":"product","link":"https:\/\/www.headshop.nl\/fr\/true-og-soma-sacred-seeds\/","title":{"rendered":"True OG - Soma Sacred Seeds"},"content":{"rendered":"<h2>Qu'est-ce que le True OG ?<\/h2>\n<p>La True OG est une vari\u00e9t\u00e9 de cannabis r\u00e9put\u00e9e, d\u00e9riv\u00e9e de l'embl\u00e9matique OG Kush, dont les origines remontent au sud de la Californie. Le nom \"OG\" signifie \"cultiv\u00e9 dans l'oc\u00e9an\", ce qui refl\u00e8te les racines c\u00f4ti\u00e8res de la vari\u00e9t\u00e9. Avec une composition g\u00e9n\u00e9tique de 80% Indica et 20% Sativa, la True OG offre des effets relaxants et moelleux associ\u00e9s \u00e0 un effet de t\u00eate concentr\u00e9. Son profil de saveurs douces et terreuses en fait un produit de choix pour ceux qui recherchent une relaxation profonde sans s\u00e9dation lourde.<\/p>\n<p>Souche facile \u00e0 cultiver, la True OG peut prosp\u00e9rer \u00e0 l'int\u00e9rieur ou \u00e0 l'ext\u00e9rieur dans les bonnes conditions. Elle pr\u00e9f\u00e8re les climats plus secs en raison de sa susceptibilit\u00e9 \u00e0 la pourriture des bourgeons en cas d'humidit\u00e9 \u00e9lev\u00e9e, mais elle peut \u00e9galement prosp\u00e9rer dans des installations int\u00e9rieures contr\u00f4l\u00e9es. Ses bourgeons denses et remplis de r\u00e9sine sont appr\u00e9ci\u00e9s pour la production d'un haschisch de haute qualit\u00e9, ce qui la rend populaire aupr\u00e8s des utilisateurs r\u00e9cr\u00e9atifs et des amateurs de haschisch.<\/p>\n<h2>Histoire de True OG<\/h2>\n<p>La True OG est originaire du sud de la Californie, o\u00f9 le terme \"OG\" a d'abord \u00e9t\u00e9 utilis\u00e9 pour signifier \"cultiv\u00e9 dans l'oc\u00e9an\". Ce terme d\u00e9signait les vari\u00e9t\u00e9s cultiv\u00e9es pr\u00e8s de la c\u00f4te, b\u00e9n\u00e9ficiant de conditions environnementales uniques. En tant que ph\u00e9notype de la l\u00e9gendaire OG Kush, la True OG h\u00e9rite de la puissance et de la saveur unique de sa souche m\u00e8re, tout en offrant ses propres caract\u00e9ristiques.<\/p>\n<p>S\u00e9lectionn\u00e9e pour son go\u00fbt exceptionnel, sa puissance et ses caract\u00e9ristiques de croissance, la True OG est rapidement devenue la pr\u00e9f\u00e9r\u00e9e des amateurs de cannabis. Depuis 2008, Soma Sacred Seeds cultive cette vari\u00e9t\u00e9, appr\u00e9ciant son profil terp\u00e9nique sup\u00e9rieur et son potentiel de production de haschisch. Aujourd'hui, la True OG est appr\u00e9ci\u00e9e pour ses effets \u00e9quilibr\u00e9s, qui d\u00e9tendent le corps tout en stimulant l'esprit, sans provoquer de s\u00e9dation excessive.<\/p>\n<h2>Comment utiliser le True OG<\/h2>\n<p>La True OG est polyvalente et peut \u00eatre consomm\u00e9e sous diff\u00e9rentes formes. Lorsqu'elle est fum\u00e9e, elle offre une saveur douce et terreuse qui rehausse l'exp\u00e9rience. Ses effets relaxants mais concentr\u00e9s la rendent id\u00e9ale pour une consommation en soir\u00e9e ou pour se d\u00e9tendre apr\u00e8s une longue journ\u00e9e. Le high \u00e9quilibr\u00e9 de cette vari\u00e9t\u00e9 la rend \u00e9galement adapt\u00e9e aux situations sociales, car elle favorise le calme sans alt\u00e9rer la clart\u00e9 mentale.<\/p>\n<p>La True OG est \u00e9galement populaire pour la production de haschisch en raison de ses bourgeons denses et riches en r\u00e9sine. Cette vari\u00e9t\u00e9 est parfaite pour cr\u00e9er des concentr\u00e9s savoureux et puissants. Lors de la culture de la True OG, les cultivateurs doivent maintenir des temp\u00e9ratures optimales entre 18 et 29\u00b0C et contr\u00f4ler les niveaux d'humidit\u00e9 pour \u00e9viter la pourriture des bourgeons. Qu'elle soit consomm\u00e9e sous forme de fleur ou de concentr\u00e9, la True OG offre une exp\u00e9rience apaisante et savoureuse.<\/p>\n<h2>Ingr\u00e9dients de True OG<\/h2>\n<p>Les effets et le profil aromatique de la True OG proviennent de sa combinaison de cannabino\u00efdes et de terp\u00e8nes :<\/p>\n<ul>\n<li><strong>Myrc\u00e8ne<\/strong>: Contribue \u00e0 son ar\u00f4me de terre et de plantes et \u00e0 ses propri\u00e9t\u00e9s relaxantes.<\/li>\n<li><strong>Limon\u00e8ne<\/strong>: Ajoute une note d'agrumes, rehausse la saveur et am\u00e9liore l'effet high.<\/li>\n<li><strong>Pin\u00e8ne<\/strong>: Procure un parfum rafra\u00eechissant, semblable \u00e0 celui du pin, qui compl\u00e8te les tons terreux.<\/li>\n<\/ul>\n<p>La True OG contient \u00e9galement une forte concentration de THC, ce qui renforce ses effets puissants. Ses g\u00e9n\u00e9tiques 80% Indica et 20% Sativa offrent une exp\u00e9rience relaxante et douce avec une t\u00eate claire et concentr\u00e9e. Ce m\u00e9lange unique de cannabino\u00efdes et de terp\u00e8nes fait de la True OG un choix de premier ordre pour le soulagement du stress et la relaxation.<\/p>\n<p>&nbsp;<\/p>\n<p><strong>Avertissement<\/strong><\/p>\n<p>La True OG est une vari\u00e9t\u00e9 puissante, dont les effets peuvent \u00eatre intenses pour certains utilisateurs. Les d\u00e9butants ou ceux qui ont une faible tol\u00e9rance devraient commencer par de petites doses pour \u00e9viter la surconsommation. Les cultivateurs doivent prendre des pr\u00e9cautions pendant la culture, car les bourgeons denses de la vari\u00e9t\u00e9 sont susceptibles de pourrir dans des conditions humides. Consommez toujours de mani\u00e8re responsable et respectez les lois locales lorsque vous utilisez la True OG.<\/p>","protected":false},"excerpt":{"rendered":"<p>True OG est un puissant hybride \u00e0 dominance Indica qui offre des exp\u00e9riences terreuses et savoureuses. Avec les g\u00e9n\u00e9tiques 80% Indica et 20% Sativa, elle offre des effets durables et doux ainsi qu?un effet de t\u00eate concentr\u00e9. Connue pour son excellent potentiel de production de haschisch, la True OG s?\u00e9panouit aussi bien en int\u00e9rieur qu?en ext\u00e9rieur, ce qui en fait une option polyvalente pour les cultivateurs. Ses bourgeons riches et denses et ses d\u00e9licieux terp\u00e8nes en font une favorite pour ceux qui appr\u00e9cient une fum\u00e9e douce et savoureuse et une relaxation de longue dur\u00e9e.<\/p>","protected":false},"featured_media":82800,"template":"","meta":[],"product_brand":[],"product_cat":[949,297,467,465],"product_tag":[],"class_list":{"0":"post-82796","1":"product","2":"type-product","3":"status-publish","4":"has-post-thumbnail","6":"product_cat-soma-sacred-seeds","7":"product_cat-all-products","8":"product_cat-feminized-seeds","9":"product_cat-seedshop","11":"first","12":"instock","13":"taxable","14":"shipping-taxable","15":"purchasable","16":"product-type-variable","17":"has-default-attributes"},"_links":{"self":[{"href":"https:\/\/www.headshop.nl\/fr\/wp-json\/wp\/v2\/product\/82796","targetHints":{"allow":["GET"]}}],"collection":[{"href":"https:\/\/www.headshop.nl\/fr\/wp-json\/wp\/v2\/product"}],"about":[{"href":"https:\/\/www.headshop.nl\/fr\/wp-json\/wp\/v2\/types\/product"}],"wp:featuredmedia":[{"embeddable":true,"href":"https:\/\/www.headshop.nl\/fr\/wp-json\/wp\/v2\/media\/82800"}],"wp:attachment":[{"href":"https:\/\/www.headshop.nl\/fr\/wp-json\/wp\/v2\/media?parent=82796"}],"wp:term":[{"taxonomy":"product_brand","embeddable":true,"href":"https:\/\/www.headshop.nl\/fr\/wp-json\/wp\/v2\/product_brand?post=82796"},{"taxonomy":"product_cat","embeddable":true,"href":"https:\/\/www.headshop.nl\/fr\/wp-json\/wp\/v2\/product_cat?post=82796"},{"taxonomy":"product_tag","embeddable":true,"href":"https:\/\/www.headshop.nl\/fr\/wp-json\/wp\/v2\/product_tag?post=82796"}],"curies":[{"name":"wp","href":"https:\/\/api.w.org\/{rel}","templated":true}]}}