{"id":82781,"date":"2025-01-10T13:11:11","date_gmt":"2025-01-10T13:11:11","guid":{"rendered":"https:\/\/www.headshop.nl\/?post_type=product&#038;p=82781"},"modified":"2025-05-23T09:10:45","modified_gmt":"2025-05-23T09:10:45","slug":"lavender-soma-sacred-seeds","status":"publish","type":"product","link":"https:\/\/www.headshop.nl\/fr\/lavender-soma-sacred-seeds\/","title":{"rendered":"Lavande - Soma Sacred Seeds"},"content":{"rendered":"<h2>Qu'est-ce que la lavande ?<\/h2>\n<p>La Lavande est une vari\u00e9t\u00e9 de cannabis remarquable, c\u00e9l\u00e8bre pour son apparence vibrante et son patrimoine g\u00e9n\u00e9tique diversifi\u00e9. Elle est le r\u00e9sultat d'un croisement unique \u00e0 trois voies, m\u00e9langeant des g\u00e9n\u00e9tiques d'Afghanistan, d'Hawa\u00ef, de Cor\u00e9e, des \u00c9tats-Unis et d'Europe. Cette combinaison cr\u00e9e une plante visuellement captivante aux teintes violettes profondes qui peuvent s'assombrir jusqu'\u00e0 devenir presque noires \u00e0 l'extr\u00e9mit\u00e9 des feuilles.<\/p>\n<p>Les bourgeons denses de la Lavender \u00e9mettent un ar\u00f4me \u00e9pic\u00e9 rappelant le hasch afghan, ce qui ajoute \u00e0 son attrait exotique. La vari\u00e9t\u00e9 est facile \u00e0 manucurer, gr\u00e2ce \u00e0 son rapport calice\/feuilles \u00e9lev\u00e9, ce qui en fait une favorite parmi les cultivateurs. Bien qu'elle ne soit pas aussi grande que les vari\u00e9t\u00e9s Haze, la Lavender peut atteindre une hauteur significative avec une p\u00e9riode v\u00e9g\u00e9tative prolong\u00e9e. Cette vari\u00e9t\u00e9 polyvalente prosp\u00e8re aussi bien \u00e0 l'int\u00e9rieur qu'\u00e0 l'ext\u00e9rieur, offrant un rendement g\u00e9n\u00e9reux de bourgeons de haute qualit\u00e9. Qu'elle soit cultiv\u00e9e dans une mer de verdure ou en tant que plante \u00e0 branches multiples, la Lavender offre une exp\u00e9rience aussi impressionnante que son apparence.<\/p>\n<h2>Histoire de la lavande<\/h2>\n<p>La riche histoire de la lavande refl\u00e8te sa lign\u00e9e g\u00e9n\u00e9tique mondiale, qui tire ses influences de l'Afghanistan, d'Hawa\u00ef, de la Cor\u00e9e, des \u00c9tats-Unis et de l'Europe. Ce m\u00e9lange de vari\u00e9t\u00e9s r\u00e9gionales de cannabis aboutit \u00e0 une vari\u00e9t\u00e9 qui capture les meilleurs traits de chacune d'entre elles, offrant ainsi une exp\u00e9rience exceptionnelle.<\/p>\n<p>Les g\u00e8nes afghans conf\u00e8rent \u00e0 la lavande son ar\u00f4me \u00e9pic\u00e9 distinct, semblable \u00e0 celui du haschisch, tandis que les influences Hawaiian et am\u00e9ricaines renforcent sa puissance et son attrait. Au fil du temps, les caract\u00e9ristiques uniques de la Lavande ont \u00e9t\u00e9 soigneusement affin\u00e9es, ce qui a donn\u00e9 une plante \u00e0 la fois polyvalente et r\u00e9sistante. Elle s'\u00e9panouit dans diverses conditions de culture, que ce soit en int\u00e9rieur ou en ext\u00e9rieur, ce qui en fait l'une des pr\u00e9f\u00e9r\u00e9es des cultivateurs. La belle coloration violette de la vari\u00e9t\u00e9 et son profil de saveurs complexes ont consolid\u00e9 sa r\u00e9putation de choix exceptionnel dans le monde du cannabis, appr\u00e9ci\u00e9 pour ses effets apaisants et son attrait esth\u00e9tique.<\/p>\n<h2>Comment utiliser la lavande<\/h2>\n<p>La lavande est une vari\u00e9t\u00e9 polyvalente qui r\u00e9pond \u00e0 diverses pr\u00e9f\u00e9rences, que vous aimiez fumer, vaper ou utiliser des concentr\u00e9s. Sa saveur riche et \u00e9pic\u00e9e, qui rappelle le hasch afghan, rehausse l'exp\u00e9rience globale, ce qui en fait la pr\u00e9f\u00e9r\u00e9e des connaisseurs du cannabis.<\/p>\n<p>Pour les d\u00e9butants, il est conseill\u00e9 de commencer par une petite dose pour comprendre ses effets. Les propri\u00e9t\u00e9s calmantes de la lavande en font un excellent choix pour le soir, car elle aide \u00e0 soulager le stress et l'anxi\u00e9t\u00e9 tout en favorisant la relaxation. De nombreux utilisateurs la consid\u00e8rent comme une aide \u00e0 l'endormissement, procurant tranquillit\u00e9 et satisfaction. Que vous cherchiez un moyen de vous d\u00e9tendre apr\u00e8s une longue journ\u00e9e ou un compagnon apaisant pour une soir\u00e9e tranquille, la lavande offre une exp\u00e9rience fiable et agr\u00e9able adapt\u00e9e \u00e0 la relaxation.<\/p>\n<h2>Ingr\u00e9dients de la lavande<\/h2>\n<p>Les effets et la saveur uniques de la lavande sont le r\u00e9sultat de sa riche composition en cannabino\u00efdes et en terp\u00e8nes. Avec une teneur \u00e9lev\u00e9e en THC, la Lavande procure un high puissant et relaxant, parfait pour se d\u00e9tendre. Son profil cannabino\u00efde comprend \u00e9galement du CBD, qui renforce ses propri\u00e9t\u00e9s th\u00e9rapeutiques, telles que le soulagement du stress et la relaxation.<\/p>\n<p>Les terp\u00e8nes de la lavande contribuent de mani\u00e8re significative \u00e0 sa saveur et \u00e0 son ar\u00f4me. Le myrc\u00e8ne, le terp\u00e8ne dominant, apporte des nuances terreuses et musqu\u00e9es, tandis que le limon\u00e8ne ajoute une touche de zeste d'agrumes. Le caryophyll\u00e8ne apporte un ar\u00f4me \u00e9pic\u00e9 et poivr\u00e9 qui compl\u00e8te son profil g\u00e9n\u00e9ral. Ensemble, ces compos\u00e9s cr\u00e9ent le go\u00fbt \u00e9pic\u00e9 et terreux caract\u00e9ristique de la lavande, ce qui en fait un choix remarquable pour ceux qui appr\u00e9cient les saveurs complexes et les effets calmants.<\/p>\n<p>&nbsp;<\/p>\n<p><strong>Avertissement :<\/strong><br \/>\nLa lavande est une vari\u00e9t\u00e9 puissante, dont les effets peuvent \u00eatre intenses pour les nouveaux utilisateurs ou ceux qui ont une faible tol\u00e9rance. Commencez par une petite quantit\u00e9 pour \u00e9valuer l'impact et \u00e9viter la surconsommation. Ses propri\u00e9t\u00e9s relaxantes la destinent \u00e0 un usage en soir\u00e9e, car elle peut induire de la somnolence. Consommez de mani\u00e8re responsable, en particulier lorsque vous vous engagez dans des activit\u00e9s n\u00e9cessitant de la concentration, et respectez toujours les lois et r\u00e9glementations locales en mati\u00e8re de cannabis.<\/p>","protected":false},"excerpt":{"rendered":"<p>La Lavande est une vari\u00e9t\u00e9 de cannabis \u00e9tonnante et exotique avec une histoire g\u00e9n\u00e9tique riche, combinant des influences de l'Afghanistan, d'Hawa\u00ef, de la Cor\u00e9e, des \u00c9tats-Unis et de l'Europe. Connue pour sa coloration violette intense et ses bourgeons denses, cette vari\u00e9t\u00e9 offre un ar\u00f4me \u00e9pic\u00e9, semblable \u00e0 celui du hash afghan, ainsi qu'un effet calmant et doux. La lavande prosp\u00e8re dans les climats temp\u00e9r\u00e9s, produisant un rendement exceptionnel avec un processus de culture simplifi\u00e9. Id\u00e9ale pour un usage en soir\u00e9e, elle procure un effet relaxant et apaisant, parfait pour se d\u00e9tendre ou induire le sommeil.<\/p>","protected":false},"featured_media":82785,"template":"","meta":[],"product_brand":[],"product_cat":[949,297,467,465],"product_tag":[],"class_list":{"0":"post-82781","1":"product","2":"type-product","3":"status-publish","4":"has-post-thumbnail","6":"product_cat-soma-sacred-seeds","7":"product_cat-all-products","8":"product_cat-feminized-seeds","9":"product_cat-seedshop","11":"first","12":"instock","13":"taxable","14":"shipping-taxable","15":"purchasable","16":"product-type-variable","17":"has-default-attributes"},"_links":{"self":[{"href":"https:\/\/www.headshop.nl\/fr\/wp-json\/wp\/v2\/product\/82781","targetHints":{"allow":["GET"]}}],"collection":[{"href":"https:\/\/www.headshop.nl\/fr\/wp-json\/wp\/v2\/product"}],"about":[{"href":"https:\/\/www.headshop.nl\/fr\/wp-json\/wp\/v2\/types\/product"}],"wp:featuredmedia":[{"embeddable":true,"href":"https:\/\/www.headshop.nl\/fr\/wp-json\/wp\/v2\/media\/82785"}],"wp:attachment":[{"href":"https:\/\/www.headshop.nl\/fr\/wp-json\/wp\/v2\/media?parent=82781"}],"wp:term":[{"taxonomy":"product_brand","embeddable":true,"href":"https:\/\/www.headshop.nl\/fr\/wp-json\/wp\/v2\/product_brand?post=82781"},{"taxonomy":"product_cat","embeddable":true,"href":"https:\/\/www.headshop.nl\/fr\/wp-json\/wp\/v2\/product_cat?post=82781"},{"taxonomy":"product_tag","embeddable":true,"href":"https:\/\/www.headshop.nl\/fr\/wp-json\/wp\/v2\/product_tag?post=82781"}],"curies":[{"name":"wp","href":"https:\/\/api.w.org\/{rel}","templated":true}]}}