{"id":82414,"date":"2024-12-06T14:29:54","date_gmt":"2024-12-06T14:29:54","guid":{"rendered":"https:\/\/www.headshop.nl\/?post_type=product&#038;p=82414"},"modified":"2025-11-18T14:37:54","modified_gmt":"2025-11-18T14:37:54","slug":"maeng-da-x-bali-kratom","status":"publish","type":"product","link":"https:\/\/www.headshop.nl\/fr\/maeng-da-x-bali-kratom\/","title":{"rendered":"Maeng Da X Bali Kratom"},"content":{"rendered":"<h2>Qu'est-ce que le Maeng Da X Bali Kratom ?<\/h2>\n<p>Kratopia Maeng Da X Bali Kratom est un m\u00e9lange soigneusement \u00e9labor\u00e9 de deux puissantes vari\u00e9t\u00e9s de Kratom. La Maeng Da, connue pour ses propri\u00e9t\u00e9s stimulantes et \u00e9nergisantes, est l'une des souches les plus puissantes de Kratom, originaire des \u00eeles indon\u00e9siennes de Born\u00e9o et de Sumatra. Le Bali Kratom, quant \u00e0 lui, est plus connu pour ses qualit\u00e9s antidouleur et calmantes, procurant aux utilisateurs un sentiment de tranquillit\u00e9. Ce m\u00e9lange combine le meilleur des deux mondes : les effets \u00e9nergisants du Maeng Da et l'influence calmante du Bali Kratom. Le r\u00e9sultat est un produit qui agit efficacement sur le corps et l'esprit. La combinaison aide \u00e0 r\u00e9duire la douleur, \u00e0 am\u00e9liorer la vitalit\u00e9 et \u00e0 promouvoir un \u00e9tat d'esprit \u00e9quilibr\u00e9, offrant ce que les utilisateurs d\u00e9crivent comme un \"calme serein\" et une \u00e9nergie concentr\u00e9e. Ce m\u00e9lange est particuli\u00e8rement appr\u00e9ci\u00e9 pour sa capacit\u00e9 \u00e0 stimuler la production de dopamine et de s\u00e9rotonine, contribuant \u00e0 un sentiment d'euphorie et de bien-\u00eatre.<\/p>\n<h2>Histoire du Maeng Da X Bali Kratom<\/h2>\n<p>L'histoire du Maeng Da Kratom commence en Indon\u00e9sie, o\u00f9 les agriculteurs cultivent et croisent des arbres Kratom depuis des g\u00e9n\u00e9rations pour cr\u00e9er une vari\u00e9t\u00e9 \u00e0 plus forte teneur en alcalo\u00efdes. La souche Maeng Da a \u00e9t\u00e9 sp\u00e9cialement s\u00e9lectionn\u00e9e pour maximiser la puissance, ce qui en fait l'une des souches les plus recherch\u00e9es. Le nom \"Maeng Da\" lui-m\u00eame se traduit par \"pimp grade\", ce qui fait r\u00e9f\u00e9rence \u00e0 sa qualit\u00e9 et \u00e0 sa puissance sup\u00e9rieures. Le Bali Kratom, quant \u00e0 lui, tire son nom de l'\u00eele de Bali, o\u00f9 il est traditionnellement utilis\u00e9 pour ses effets calmants et th\u00e9rapeutiques. La fusion de ces deux vari\u00e9t\u00e9s - les propri\u00e9t\u00e9s stimulantes du Maeng Da et les effets apaisants du Bali - cr\u00e9e un m\u00e9lange harmonieux qui procure \u00e0 la fois \u00e9nergie et tranquillit\u00e9. Ce m\u00e9lange de Maeng Da X Bali est encore am\u00e9lior\u00e9 par l'ajout d'un blanc malaisien sp\u00e9cial, le Kratom, qui apporte une couche suppl\u00e9mentaire d'efficacit\u00e9. Au fil du temps, le Kratom a gagn\u00e9 en popularit\u00e9 dans le monde entier, la recherche ayant d\u00e9montr\u00e9 ses bienfaits en mati\u00e8re de soulagement de la douleur, de r\u00e9duction du stress et d'am\u00e9lioration de l'humeur. Aujourd'hui, ce m\u00e9lange est largement utilis\u00e9 pour sa capacit\u00e9 \u00e0 \u00e9quilibrer le bien-\u00eatre physique et mental.<\/p>\n<h2>Comment utiliser Maeng Da X Bali Kratom<\/h2>\n<p>Pour profiter des bienfaits du Kratopia Maeng Da X Bali Kratom, les utilisateurs dissolvent g\u00e9n\u00e9ralement la dose recommand\u00e9e (4-5 grammes) de poudre de Kratom dans une tasse de th\u00e9 chaud, en y ajoutant souvent du miel pour un go\u00fbt plus doux. Il s'agit de l'une des m\u00e9thodes les plus courantes et les plus efficaces pour consommer le Kratom. Il faut laisser le th\u00e9 infuser pendant plusieurs minutes, ce qui permet aux alcalo\u00efdes actifs d'\u00eatre lib\u00e9r\u00e9s et absorb\u00e9s par l'organisme. Bien qu'il s'agisse de la m\u00e9thode la plus simple, le Kratom peut \u00e9galement \u00eatre pris sous forme de g\u00e9lules ou m\u00e9lang\u00e9 \u00e0 des smoothies. Pour les nouveaux utilisateurs, il est conseill\u00e9 de commencer par un dosage plus faible afin d'\u00e9valuer la tol\u00e9rance individuelle. Comme le Kratom a des effets diff\u00e9rents selon la quantit\u00e9 consomm\u00e9e, il est recommand\u00e9 aux d\u00e9butants de commencer par 3 \u00e0 5 grammes. Ceux qui recherchent un effet plus puissant peuvent augmenter progressivement leur dose. Il est important de respecter les doses recommand\u00e9es et de consulter un professionnel de la sant\u00e9 en cas d'utilisation du Kratom \u00e0 des fins m\u00e9dicales ou en association avec d'autres m\u00e9dicaments.<\/p>\n<h2>Ingr\u00e9dients de Maeng Da X Bali Kratom<\/h2>\n<p>L'ingr\u00e9dient principal du Kratopia Maeng Da X Bali Kratom est le suivant <em>Mitragyna speciosa<\/em>le nom scientifique du Kratom. Ce suppl\u00e9ment \u00e0 base de plantes contient un m\u00e9lange de Maeng Da Kratom, de Bali Kratom et d'un Kratom blanc malaisien sp\u00e9cial, chacun apportant ses propri\u00e9t\u00e9s uniques. Le Maeng Da Kratom est connu pour sa forte concentration en alcalo\u00efdes, en particulier la mitragynine et la 7-hydroxymitragynine, qui sont responsables de ses effets stimulants et \u00e9nergisants. Le Bali Kratom, quant \u00e0 lui, contient des alcalo\u00efdes qui favorisent la relaxation et le soulagement de la douleur, notamment une combinaison de mitragynine et de speciogynine. L'ajout du Malaysian white Kratom apporte une couche suppl\u00e9mentaire d'\u00e9nergie et de concentration, renfor\u00e7ant encore les effets du m\u00e9lange. Ces alcalo\u00efdes travaillent ensemble pour fournir une exp\u00e9rience \u00e9quilibr\u00e9e qui favorise la vitalit\u00e9 physique, la r\u00e9duction de la douleur et la clart\u00e9 mentale. En outre, le Kratom est exempt d'additifs et est g\u00e9n\u00e9ralement consomm\u00e9 sous sa forme pure, en poudre, ce qui en fait une solution naturelle et efficace pour am\u00e9liorer l'humeur et les niveaux d'\u00e9nergie.<\/p>\n<p><strong>Avertissement<\/strong><br \/>\nLa vente et l'utilisation de ce produit sont interdites aux personnes de moins de 18 ans. Conserver dans un endroit frais et sec, hors de port\u00e9e des enfants. Ne pas d\u00e9passer la dose recommand\u00e9e.<\/p>","protected":false},"excerpt":{"rendered":"<p>Kratopia Maeng Da X Bali Kratom est un m\u00e9lange puissant qui associe deux des vari\u00e9t\u00e9s les plus populaires de Kratom : Maeng Da et Bali. Ce m\u00e9lange offre un effet stimulant et \u00e9nergisant, associ\u00e9 \u00e0 un sentiment de calme serein. Il est id\u00e9al pour ceux qui cherchent \u00e0 stimuler leur vitalit\u00e9, \u00e0 soulager la douleur et \u00e0 faire l'exp\u00e9rience de la clart\u00e9 mentale. Avec une combinaison unique de Borneo, Sumatra et Malaysian Kratom, ce m\u00e9lange est con\u00e7u pour am\u00e9liorer le bien-\u00eatre physique et mental.<\/p>","protected":false},"featured_media":82417,"template":"","meta":[],"product_brand":[],"product_cat":[817,297,389,390,407,405,384],"product_tag":[],"class_list":{"0":"post-82414","1":"product","2":"type-product","3":"status-publish","4":"has-post-thumbnail","6":"product_cat-kratopia","7":"product_cat-all-products","8":"product_cat-herbs","9":"product_cat-kratom","10":"product_cat-medicinal-herbs","11":"product_cat-relax-herbs","12":"product_cat-smartshop","13":"product_shipping_class-group-7","15":"first","16":"instock","17":"taxable","18":"shipping-taxable","19":"purchasable","20":"product-type-variable","21":"has-default-attributes"},"_links":{"self":[{"href":"https:\/\/www.headshop.nl\/fr\/wp-json\/wp\/v2\/product\/82414","targetHints":{"allow":["GET"]}}],"collection":[{"href":"https:\/\/www.headshop.nl\/fr\/wp-json\/wp\/v2\/product"}],"about":[{"href":"https:\/\/www.headshop.nl\/fr\/wp-json\/wp\/v2\/types\/product"}],"wp:featuredmedia":[{"embeddable":true,"href":"https:\/\/www.headshop.nl\/fr\/wp-json\/wp\/v2\/media\/82417"}],"wp:attachment":[{"href":"https:\/\/www.headshop.nl\/fr\/wp-json\/wp\/v2\/media?parent=82414"}],"wp:term":[{"taxonomy":"product_brand","embeddable":true,"href":"https:\/\/www.headshop.nl\/fr\/wp-json\/wp\/v2\/product_brand?post=82414"},{"taxonomy":"product_cat","embeddable":true,"href":"https:\/\/www.headshop.nl\/fr\/wp-json\/wp\/v2\/product_cat?post=82414"},{"taxonomy":"product_tag","embeddable":true,"href":"https:\/\/www.headshop.nl\/fr\/wp-json\/wp\/v2\/product_tag?post=82414"}],"curies":[{"name":"wp","href":"https:\/\/api.w.org\/{rel}","templated":true}]}}