{"id":82409,"date":"2024-12-06T13:50:39","date_gmt":"2024-12-06T13:50:39","guid":{"rendered":"https:\/\/www.headshop.nl\/?post_type=product&#038;p=82409"},"modified":"2026-03-27T13:13:52","modified_gmt":"2026-03-27T13:13:52","slug":"blue-lilly","status":"publish","type":"product","link":"https:\/\/www.headshop.nl\/fr\/blue-lilly\/","title":{"rendered":"Blue Lilly"},"content":{"rendered":"<h2>Qu'est-ce que le Blue Lilly ?<\/h2>\n<p>Blue Lilly, \u00e9galement connue sous le nom de Blue Lotus ou Lotus d'\u00c9gypte, est une fleur remarquable originaire d'Afrique de l'Est. Cette plante, dont le nom scientifique est <em>Nymphaea caerulea<\/em>Depuis des si\u00e8cles, le cannabis est v\u00e9n\u00e9r\u00e9 en raison de ses propri\u00e9t\u00e9s psychoactives. Les anciens \u00c9gyptiens tenaient la Blue Lilly en haute estime, l'utilisant souvent pour ses effets calmants et euphorisants, et dans le cadre de pratiques spirituelles et c\u00e9r\u00e9monielles. Ce sont les alcalo\u00efdes contenus dans la fleur qui la rendent si sp\u00e9ciale, offrant aux utilisateurs une exp\u00e9rience sereine et relaxante, suivie d'un l\u00e9ger regain d'\u00e9nergie. Les effets de la plante sont souvent compar\u00e9s \u00e0 ceux du Kratom, et les deux sont parfois utilis\u00e9s ensemble pour renforcer les b\u00e9n\u00e9fices et prolonger leur impact. Le Blue Lilly gagne r\u00e9guli\u00e8rement en popularit\u00e9 dans les cercles de bien-\u00eatre modernes pour ses qualit\u00e9s naturelles et apaisantes et sa capacit\u00e9 \u00e0 promouvoir la relaxation, la clart\u00e9 mentale et la concentration.<\/p>\n<h2>Historique de Blue Lilly<\/h2>\n<p>L'histoire du Blue Lilly remonte \u00e0 des milliers d'ann\u00e9es, notamment \u00e0 l'\u00c9gypte ancienne. La fleur, qui pousse dans le Nil, \u00e9tait utilis\u00e9e par les \u00c9gyptiens pour ses propri\u00e9t\u00e9s psychoactives dans le cadre de pratiques m\u00e9dicinales et religieuses. Elle \u00e9tait tr\u00e8s appr\u00e9ci\u00e9e pour ses effets calmants et sa capacit\u00e9 \u00e0 induire l'euphorie, qualit\u00e9s qui en faisaient un \u00e9l\u00e9ment essentiel de divers rituels et c\u00e9r\u00e9monies. On trouve d'ailleurs des repr\u00e9sentations de la fleur dans l'art \u00e9gyptien et dans les hi\u00e9roglyphes, symbolisant souvent la renaissance, la puret\u00e9 et l'illumination. Au-del\u00e0 de sa signification spirituelle, la plante \u00e9tait \u00e9galement utilis\u00e9e comme m\u00e9dicament pour lutter contre le stress, soulager la douleur et d'autres affections. La pr\u00e9sence de la Blue Lilly dans la culture \u00e9gyptienne a laiss\u00e9 un h\u00e9ritage durable, influen\u00e7ant les civilisations ult\u00e9rieures en Afrique et au-del\u00e0. Au fil du temps, les effets th\u00e9rapeutiques de la fleur ont continu\u00e9 \u00e0 \u00eatre explor\u00e9s, faisant d'elle une plante v\u00e9n\u00e9r\u00e9e dans l'herboristerie moderne.<\/p>\n<h2>Comment utiliser Blue Lilly<\/h2>\n<p>Blue Lilly peut \u00eatre consomm\u00e9 de diff\u00e9rentes mani\u00e8res, ce qui en fait un compl\u00e9ment v\u00e9g\u00e9tal polyvalent. La m\u00e9thode la plus courante consiste \u00e0 infuser les fleurs s\u00e9ch\u00e9es dans un th\u00e9 calmant. Pour ce faire, utilisez environ 4 \u00e0 5 grammes de p\u00e9tales de Blue Lilly s\u00e9ch\u00e9s, infus\u00e9s dans de l'eau chaude pendant plusieurs minutes. L'ajout de miel \u00e0 la tisane peut en rehausser le go\u00fbt et apporter des bienfaits apaisants suppl\u00e9mentaires. Le dosage recommand\u00e9 doit \u00eatre respect\u00e9 pour garantir une exp\u00e9rience s\u00fbre, et il est conseill\u00e9 aux d\u00e9butants de commencer par une plus petite quantit\u00e9. Pour ceux qui combinent le Kratom avec le Blue Lilly, il peut \u00eatre n\u00e9cessaire d'ajuster le dosage, car les deux plantes agissent en synergie pour amplifier leurs effets. Une autre m\u00e9thode de consommation consiste \u00e0 ajouter le Blue Lilly \u00e0 un smoothie ou \u00e0 l'incorporer \u00e0 un bain relaxant. Quelle que soit la m\u00e9thode, le Blue Lilly est connu pour favoriser un sentiment de calme, suivi d'un regain d'\u00e9nergie, ce qui en fait un choix id\u00e9al pour les personnes qui recherchent un soulagement naturel du stress ou de l'anxi\u00e9t\u00e9.<\/p>\n<h2>Ingr\u00e9dients de Blue Lilly<\/h2>\n<p>L'ingr\u00e9dient principal de Kratopia Blue Lilly est la fleur elle-m\u00eame, scientifiquement connue sous le nom de <em>Nymphaea caerulea<\/em>. Les puissants alcalo\u00efdes de la plante sont responsables de ses effets psychoactifs, qui comprennent une sensation de calme suivie d'un regain d'\u00e9nergie. Ce sont ces alcalo\u00efdes qui distinguent le Blue Lilly des autres plantes et qui en font une plante si recherch\u00e9e dans le domaine du bien-\u00eatre par les plantes. Les compos\u00e9s naturels pr\u00e9sents dans le Blue Lilly contribuent \u00e0 sa capacit\u00e9 \u00e0 promouvoir la relaxation, \u00e0 am\u00e9liorer l'humeur et \u00e0 apporter de la clart\u00e9 mentale. En outre, le Blue Lilly contient diverses vitamines et min\u00e9raux qui peuvent contribuer \u00e0 la sant\u00e9 et au bien-\u00eatre g\u00e9n\u00e9ral. En tant que produit naturel, Blue Lilly est exempt d'additifs synth\u00e9tiques, offrant une exp\u00e9rience pure et inalt\u00e9r\u00e9e. Pour ceux qui recherchent une alternative naturelle pour soulager le stress et am\u00e9liorer l'humeur, Blue Lilly se distingue comme une plante tr\u00e8s efficace et v\u00e9n\u00e9r\u00e9e avec une longue histoire d'utilisation.<\/p>\n<p><strong>Avertissement<\/strong><br \/>\nLa vente et l'utilisation de ce produit sont interdites aux personnes de moins de 18 ans. Conserver dans un endroit frais et sec, hors de port\u00e9e des enfants. Ne pas d\u00e9passer la dose recommand\u00e9e.<\/p>","protected":false},"excerpt":{"rendered":"<p>Kratopia Blue Lilly est une fleur unique d'Afrique de l'Est connue pour ses effets calmants et euphorisants, souvent compar\u00e9s aux effets du Kratom. \u00c9galement connue sous le nom de Blue Lotus, cette plante a une riche histoire qui remonte \u00e0 l'\u00c9gypte ancienne. Aujourd'hui, elle est appr\u00e9ci\u00e9e pour ses alcalo\u00efdes psychoactifs qui procurent un regain d'\u00e9nergie apr\u00e8s une exp\u00e9rience apaisante.<\/p>","protected":false},"featured_media":82412,"template":"","meta":[],"product_brand":[],"product_cat":[817,297,389,390,407,405,384],"product_tag":[],"class_list":{"0":"post-82409","1":"product","2":"type-product","3":"status-publish","4":"has-post-thumbnail","6":"product_cat-kratopia","7":"product_cat-all-products","8":"product_cat-herbs","9":"product_cat-kratom","10":"product_cat-medicinal-herbs","11":"product_cat-relax-herbs","12":"product_cat-smartshop","13":"product_shipping_class-group-7","15":"first","16":"instock","17":"taxable","18":"shipping-taxable","19":"purchasable","20":"product-type-variable","21":"has-default-attributes"},"_links":{"self":[{"href":"https:\/\/www.headshop.nl\/fr\/wp-json\/wp\/v2\/product\/82409","targetHints":{"allow":["GET"]}}],"collection":[{"href":"https:\/\/www.headshop.nl\/fr\/wp-json\/wp\/v2\/product"}],"about":[{"href":"https:\/\/www.headshop.nl\/fr\/wp-json\/wp\/v2\/types\/product"}],"wp:featuredmedia":[{"embeddable":true,"href":"https:\/\/www.headshop.nl\/fr\/wp-json\/wp\/v2\/media\/82412"}],"wp:attachment":[{"href":"https:\/\/www.headshop.nl\/fr\/wp-json\/wp\/v2\/media?parent=82409"}],"wp:term":[{"taxonomy":"product_brand","embeddable":true,"href":"https:\/\/www.headshop.nl\/fr\/wp-json\/wp\/v2\/product_brand?post=82409"},{"taxonomy":"product_cat","embeddable":true,"href":"https:\/\/www.headshop.nl\/fr\/wp-json\/wp\/v2\/product_cat?post=82409"},{"taxonomy":"product_tag","embeddable":true,"href":"https:\/\/www.headshop.nl\/fr\/wp-json\/wp\/v2\/product_tag?post=82409"}],"curies":[{"name":"wp","href":"https:\/\/api.w.org\/{rel}","templated":true}]}}