{"id":82404,"date":"2024-12-06T13:42:45","date_gmt":"2024-12-06T13:42:45","guid":{"rendered":"https:\/\/www.headshop.nl\/?post_type=product&#038;p=82404"},"modified":"2025-11-18T14:37:55","modified_gmt":"2025-11-18T14:37:55","slug":"all-in-one-kratom","status":"publish","type":"product","link":"https:\/\/www.headshop.nl\/fr\/all-in-one-kratom\/","title":{"rendered":"Tout en un Kratom"},"content":{"rendered":"<h2>Qu'est-ce que Kratopia All in One Kratom ?<\/h2>\n<p>Kratopia All in One Kratom est un m\u00e9lange unique et \u00e9quilibr\u00e9 de diff\u00e9rents types de Kratom, y compris les vari\u00e9t\u00e9s Green, Red et White Vein, avec la force suppl\u00e9mentaire du Maeng Da. Ce m\u00e9lange soigneusement \u00e9labor\u00e9 combine les avantages de tous ces types de Kratom pour offrir une gamme compl\u00e8te d'effets. Que vous recherchiez l'\u00e9nergie, la relaxation ou le soulagement de la douleur, Kratopia All in One Kratom offre une exp\u00e9rience adaptable, en fonction de l'\u00e9tat personnel de l'utilisateur et du dosage.<\/p>\n<p>La formulation de ce m\u00e9lange tient compte de divers facteurs, tels que l'environnement dans lequel les arbres Kratom sont cultiv\u00e9s, le moment de la r\u00e9colte et la mani\u00e8re dont les feuilles sont trait\u00e9es. Chaque \u00e9l\u00e9ment contribue aux effets finaux que vous pouvez ressentir. Avec un dosage appropri\u00e9, les utilisateurs peuvent ressentir tout ce qu'ils veulent, de la stimulation l\u00e9g\u00e8re \u00e0 la relaxation compl\u00e8te, ce qui en fait une option polyvalente pour ceux qui recherchent des r\u00e9sultats diff\u00e9rents \u00e0 des moments diff\u00e9rents.<\/p>\n<p>Kratopia All in One Kratom n'est pas seulement un m\u00e9lange de feuilles, c'est une combinaison r\u00e9fl\u00e9chie qui s'adresse aussi bien aux utilisateurs novices qu'aux utilisateurs exp\u00e9riment\u00e9s. Gr\u00e2ce \u00e0 sa composition unique, il peut aider \u00e0 g\u00e9rer le stress, \u00e0 am\u00e9liorer les niveaux d'\u00e9nergie ou m\u00eame \u00e0 soulager la douleur, en fonction de la mani\u00e8re dont il est utilis\u00e9.<\/p>\n<hr \/>\n<h2>Historique de Kratopia All in One Kratom<\/h2>\n<p>L'histoire de Kratopia All in One Kratom commence par la longue tradition d'utilisation de Kratom en Asie du Sud-Est, o\u00f9 elle est employ\u00e9e depuis des si\u00e8cles comme rem\u00e8de naturel pour diverses affections. La plante, connue sous le nom scientifique de <em>Mitragyna speciosa<\/em>Le Kratom a \u00e9t\u00e9 utilis\u00e9 pour ses effets stimulants et analg\u00e9siques. Le Kratom est devenu plus populaire ces derni\u00e8res ann\u00e9es, en particulier dans les pays occidentaux, car les gens recherchent des alternatives naturelles pour g\u00e9rer la douleur, le stress et la fatigue.<\/p>\n<p>La marque Kratopia est n\u00e9e de cet int\u00e9r\u00eat croissant pour la Kratom, dans le but de cr\u00e9er un m\u00e9lange complet qui maximise les avantages des diverses souches de la Kratom. En combinant les Kratom Green, Red et White Vein avec le Maeng Da, Kratopia All in One Kratom offre un produit qui d\u00e9livre un \u00e9ventail d'effets. L'objectif de l'entreprise est de fournir aux utilisateurs une exp\u00e9rience Kratom \u00e9quilibr\u00e9e et de haute qualit\u00e9, quel que soit leur niveau d'exp\u00e9rience avec les produits Kratom.<\/p>\n<p>Tout au long de son d\u00e9veloppement, Kratopia All in One Kratom a fait l'objet d'une formulation minutieuse afin de garantir des r\u00e9sultats constants et fiables, avec un \u00e9quilibre parfait entre les effets stimulants et calmants. Au fil du temps, la marque a acquis la r\u00e9putation de produire un produit qui convient \u00e0 un large \u00e9ventail d'utilisateurs.<\/p>\n<hr \/>\n<h2>Comment utiliser Kratopia All in One Kratom<\/h2>\n<p>L'utilisation de Kratopia All in One Kratom est simple et directe. Pour commencer, mesurez la dose souhait\u00e9e, g\u00e9n\u00e9ralement entre 4 et 5 grammes, en fonction de votre niveau d'exp\u00e9rience et des effets recherch\u00e9s. Vous pouvez utiliser une petite balance ou une cuill\u00e8re sp\u00e9cifique au Kratom pour plus de pr\u00e9cision.<\/p>\n<p>Une fois que vous avez mesur\u00e9 votre Kratom, la fa\u00e7on la plus courante de le consommer est de le m\u00e9langer \u00e0 une tasse d'eau chaude ou de th\u00e9. Pour un go\u00fbt plus doux et pour aider \u00e0 masquer la saveur terreuse du Kratom, vous pouvez ajouter un peu de miel ou un autre \u00e9dulcorant. Remuez bien et buvez le th\u00e9 lentement pour que les effets commencent \u00e0 se faire sentir.<\/p>\n<p>Les effets du Kratopia All in One Kratom peuvent varier en fonction de votre poids corporel, de votre sensibilit\u00e9 et du dosage utilis\u00e9. Il est important de commencer par une petite dose si vous ne connaissez pas le Kratom ou si vous n'\u00eates pas s\u00fbr de la r\u00e9action de votre organisme. Rappelez-vous qu'avec Kratopia All in One Kratom, l'exp\u00e9rience est hautement personnalisable - ajustez le dosage pour trouver le bon \u00e9quilibre pour vos besoins.<\/p>\n<hr \/>\n<h2>Ingr\u00e9dients de Kratopia Tout en un Kratom<\/h2>\n<p>L'ingr\u00e9dient principal de Kratopia All in One Kratom est <em>Mitragyna speciosa<\/em>le nom botanique de Kratom. Cette plante est originaire d'Asie du Sud-Est, o\u00f9 ses feuilles sont r\u00e9colt\u00e9es et s\u00e9ch\u00e9es pour \u00eatre utilis\u00e9es pour leurs diverses propri\u00e9t\u00e9s. Le Kratopia All in One Kratom est fabriqu\u00e9 en combinant trois types principaux de veines Kratom : Green, Red et White, chacune offrant ses propres effets.<\/p>\n<p>La Green Vein Kratom est connue pour ses effets \u00e9quilibr\u00e9s, offrant une l\u00e9g\u00e8re stimulation tout en favorisant la concentration et l'\u00e9nergie. Le Red Vein Kratom, quant \u00e0 lui, est plus calmant et est souvent utilis\u00e9 pour le soulagement de la douleur et la relaxation. Le White Vein Kratom est reconnu pour ses propri\u00e9t\u00e9s \u00e9nergisantes et sa capacit\u00e9 \u00e0 am\u00e9liorer la clart\u00e9 mentale. L'ajout de la Maeng Da Kratom, connue pour sa puissance et sa capacit\u00e9 \u00e0 renforcer les effets des autres souches, donne un coup de pouce suppl\u00e9mentaire au m\u00e9lange, faisant de la Kratopia All in One Kratom un m\u00e9lange puissant.<\/p>\n<p>Ces ingr\u00e9dients sont obtenus et m\u00e9lang\u00e9s avec pr\u00e9cision, ce qui garantit que chaque lot de Kratopia All in One Kratom donne des r\u00e9sultats constants et fiables aux utilisateurs.<\/p>\n<hr \/>\n<p><strong>Avertissement :<\/strong><\/p>\n<p>L'utilisation de Kratopia All in One Kratom est r\u00e9serv\u00e9e aux personnes \u00e2g\u00e9es de plus de 18 ans. Tenez-le hors de port\u00e9e des enfants. Le Kratom doit \u00eatre utilis\u00e9 de mani\u00e8re responsable et avec mod\u00e9ration. Consultez toujours un professionnel de la sant\u00e9 avant de commencer \u00e0 prendre un nouveau suppl\u00e9ment, en particulier si vous \u00eates enceinte, si vous allaitez ou si vous avez des probl\u00e8mes de sant\u00e9.<\/p>","protected":false},"excerpt":{"rendered":"<p>Kratopia All in One Kratom est un puissant m\u00e9lange de Green, Red et White Vein Kratom, rehauss\u00e9 d'une touche de Maeng Da. Ce m\u00e9lange polyvalent offre une gamme d'effets allant du soulagement de la douleur \u00e0 l'augmentation de l'\u00e9nergie, en passant par la relaxation et la r\u00e9duction du stress. Adaptez votre exp\u00e9rience en choisissant le bon dosage, car les effets peuvent varier selon les circonstances.<\/p>","protected":false},"featured_media":82407,"template":"","meta":[],"product_brand":[],"product_cat":[817,297,389,390,407,405,384],"product_tag":[],"class_list":{"0":"post-82404","1":"product","2":"type-product","3":"status-publish","4":"has-post-thumbnail","6":"product_cat-kratopia","7":"product_cat-all-products","8":"product_cat-herbs","9":"product_cat-kratom","10":"product_cat-medicinal-herbs","11":"product_cat-relax-herbs","12":"product_cat-smartshop","13":"product_shipping_class-group-7","15":"first","16":"instock","17":"taxable","18":"shipping-taxable","19":"purchasable","20":"product-type-variable","21":"has-default-attributes"},"_links":{"self":[{"href":"https:\/\/www.headshop.nl\/fr\/wp-json\/wp\/v2\/product\/82404","targetHints":{"allow":["GET"]}}],"collection":[{"href":"https:\/\/www.headshop.nl\/fr\/wp-json\/wp\/v2\/product"}],"about":[{"href":"https:\/\/www.headshop.nl\/fr\/wp-json\/wp\/v2\/types\/product"}],"wp:featuredmedia":[{"embeddable":true,"href":"https:\/\/www.headshop.nl\/fr\/wp-json\/wp\/v2\/media\/82407"}],"wp:attachment":[{"href":"https:\/\/www.headshop.nl\/fr\/wp-json\/wp\/v2\/media?parent=82404"}],"wp:term":[{"taxonomy":"product_brand","embeddable":true,"href":"https:\/\/www.headshop.nl\/fr\/wp-json\/wp\/v2\/product_brand?post=82404"},{"taxonomy":"product_cat","embeddable":true,"href":"https:\/\/www.headshop.nl\/fr\/wp-json\/wp\/v2\/product_cat?post=82404"},{"taxonomy":"product_tag","embeddable":true,"href":"https:\/\/www.headshop.nl\/fr\/wp-json\/wp\/v2\/product_tag?post=82404"}],"curies":[{"name":"wp","href":"https:\/\/api.w.org\/{rel}","templated":true}]}}