{"id":82384,"date":"2024-12-06T12:41:06","date_gmt":"2024-12-06T12:41:06","guid":{"rendered":"https:\/\/www.headshop.nl\/?post_type=product&#038;p=82384"},"modified":"2025-10-31T08:51:55","modified_gmt":"2025-10-31T08:51:55","slug":"tremella-fuciformis-extract-capsules","status":"publish","type":"product","link":"https:\/\/www.headshop.nl\/fr\/tremella-fuciformis-extract-capsules\/","title":{"rendered":"G\u00e9lules d'extrait de Tremella Fuciformis"},"content":{"rendered":"<h2>Que sont les McMyco Tremella Fuciformis Capsules ?<\/h2>\n<p>McMyco Tremella Fuciformis Capsules est un suppl\u00e9ment \u00e0 base de plantes fabriqu\u00e9 \u00e0 partir de 100% d'extrait de champignon Tremella Fuciformis biologique. \u00c9galement appel\u00e9 \"champignon \u00e0 oreille argent\u00e9e\", ce champignon unique est r\u00e9put\u00e9 pour sa capacit\u00e9 \u00e0 soutenir la sant\u00e9 immunitaire, \u00e0 am\u00e9liorer l'hydratation de la peau et \u00e0 fournir une protection antioxydante. Avec les polysaccharides 30% et les b\u00eata-glucanes, ces g\u00e9lules contiennent de puissants compos\u00e9s bioactifs qui contribuent \u00e0 leurs impressionnants bienfaits pour la sant\u00e9.<\/p>\n<p>Chaque g\u00e9lule est enrichie en vitamine C, qui prot\u00e8ge les cellules contre le stress oxydatif et contribue \u00e0 la production de collag\u00e8ne, et en zinc, un min\u00e9ral essentiel \u00e0 la fonction immunitaire et \u00e0 la sant\u00e9 cellulaire. Ces g\u00e9lules pratiques sont faciles \u00e0 int\u00e9grer dans votre routine quotidienne et conviennent aux v\u00e9g\u00e9taliens, ce qui garantit qu'elles r\u00e9pondent \u00e0 une vari\u00e9t\u00e9 de besoins di\u00e9t\u00e9tiques.<\/p>\n<hr \/>\n<h2>Histoire de Tremella Fuciformis<\/h2>\n<p>Le Tremella Fuciformis a une histoire riche, en particulier dans la m\u00e9decine traditionnelle chinoise, o\u00f9 il est utilis\u00e9 depuis des si\u00e8cles pour am\u00e9liorer la beaut\u00e9 et tonifier la sant\u00e9. Connu sous le nom de \"champignon de la beaut\u00e9\", il \u00e9tait tr\u00e8s appr\u00e9ci\u00e9 par la noblesse chinoise pour sa capacit\u00e9 \u00e0 favoriser la jeunesse de la peau et \u00e0 soutenir la vitalit\u00e9 g\u00e9n\u00e9rale.<\/p>\n<p>Originalrouvant son origine dans les climats tropicaux, Tremella Fuciformis pousse sur du bois en d\u00e9composition et se caract\u00e9rise par son aspect translucide et g\u00e9latineux. Au fil du temps, la r\u00e9putation de ce champignon s'est r\u00e9pandue et il est devenu un \u00e9l\u00e9ment essentiel des pratiques m\u00e9dicinales orientales. Aujourd'hui, il est cultiv\u00e9 dans le monde entier et reconnu dans les cercles de bien-\u00eatre modernes pour ses propri\u00e9t\u00e9s hydratantes, sa capacit\u00e9 \u00e0 soutenir le syst\u00e8me immunitaire et ses niveaux \u00e9lev\u00e9s d'antioxydants.<\/p>\n<hr \/>\n<h2>Comment utiliser McMyco Tremella Fuciformis Capsules<\/h2>\n<p>Pour des r\u00e9sultats optimaux, prenez une g\u00e9lule McMyco Tremella Fuciformis deux fois par jour pendant les repas avec de l'eau. Cette routine simple garantit que votre corps absorbe efficacement les puissants nutriments, vous aidant ainsi \u00e0 maintenir un syst\u00e8me immunitaire fort, une peau saine et un bien-\u00eatre g\u00e9n\u00e9ral.<\/p>\n<p>Les g\u00e9lules sont faciles \u00e0 int\u00e9grer dans votre emploi du temps quotidien, que vous cherchiez \u00e0 am\u00e9liorer votre r\u00e9gime de beaut\u00e9 ou \u00e0 renforcer vos d\u00e9fenses naturelles. L'association du compl\u00e9ment \u00e0 un r\u00e9gime alimentaire \u00e9quilibr\u00e9 et \u00e0 un mode de vie actif maximisera ses bienfaits. Une utilisation r\u00e9guli\u00e8re pendant plusieurs semaines peut entra\u00eener des am\u00e9liorations notables de la texture de la peau, de l'hydratation et des niveaux d'\u00e9nergie.<\/p>\n<p>Il est essentiel de respecter la dose recommand\u00e9e et de ne pas la d\u00e9passer. La prise d'une quantit\u00e9 sup\u00e9rieure \u00e0 celle indiqu\u00e9e n'augmentera pas les b\u00e9n\u00e9fices et peut entra\u00eener des effets secondaires. Si vous avez des doutes, consultez un professionnel de la sant\u00e9 avant d'incorporer ce suppl\u00e9ment dans votre routine.<\/p>\n<hr \/>\n<h2>Ingr\u00e9dients de McMyco Tremella Fuciformis Capsules<\/h2>\n<p>Chaque g\u00e9lule, adapt\u00e9e aux besoins des v\u00e9g\u00e9tariens, contient<\/p>\n<ul>\n<li><strong>400 mg d'extrait de Tremella Fuciformis biologique :<\/strong> Provenant de 100% fructifications, fournissant 30% polysaccharides et b\u00eata-glucanes pour la sant\u00e9 immunitaire et cutan\u00e9e.<\/li>\n<li><strong>15 mg de vitamine C :<\/strong> Connue pour ses propri\u00e9t\u00e9s antioxydantes, la vitamine C favorise la production de collag\u00e8ne et prot\u00e8ge contre les dommages caus\u00e9s par les radicaux libres.<\/li>\n<li><strong>10 mg de zinc :<\/strong> Essentiel pour un syst\u00e8me immunitaire robuste, la cicatrisation des plaies et le maintien des fonctions cellulaires.<\/li>\n<\/ul>\n<p>La formule comprend \u00e9galement du citrate de magn\u00e9sium et du dioxyde de silicium en tant qu'excipients naturels, ce qui garantit la stabilit\u00e9 et la facilit\u00e9 de digestion des g\u00e9lules. Les produits McMyco respectent des normes de qualit\u00e9 strictes, offrant des suppl\u00e9ments exempts d'additifs artificiels et convenant aux v\u00e9g\u00e9taliens.<\/p>\n<hr \/>\n<p><strong>Avertissement<\/strong><br \/>\nMcMyco Tremella Fuciformis Capsules sont des compl\u00e9ments alimentaires et doivent \u00eatre utilis\u00e9s comme tels. Ne pas d\u00e9passer la dose journali\u00e8re recommand\u00e9e. Tenir le produit hors de port\u00e9e des enfants. Consultez votre m\u00e9decin avant d'utiliser ce produit si vous \u00eates enceinte, si vous allaitez ou si vous avez des probl\u00e8mes de sant\u00e9.<\/p>","protected":false},"excerpt":{"rendered":"<p>McMyco Tremella Fuciformis Capsules, enrichi de vitamine C et de zinc, est un suppl\u00e9ment v\u00e9g\u00e9talien de premi\u00e8re qualit\u00e9 con\u00e7u pour soutenir le syst\u00e8me immunitaire, promouvoir la sant\u00e9 de la peau et am\u00e9liorer le bien-\u00eatre g\u00e9n\u00e9ral. Cette formule puissante associe les bienfaits de Tremella Fuciformis, connu pour sa richesse en polysaccharides et en antioxydants, \u00e0 des nutriments essentiels pour vous aider \u00e0 adopter un mode de vie plus sain.<\/p>","protected":false},"featured_media":87971,"template":"","meta":[],"product_brand":[],"product_cat":[813,297,455,462,399],"product_tag":[978],"class_list":{"0":"post-82384","1":"product","2":"type-product","3":"status-publish","4":"has-post-thumbnail","6":"product_cat-mcmyco","7":"product_cat-all-products","8":"product_cat-healthshop","9":"product_cat-medicinal-mushrooms-healthshop","10":"product_cat-shroomshop","11":"product_tag-shrdeal","13":"first","14":"instock","15":"taxable","16":"shipping-taxable","17":"purchasable","18":"product-type-variable","19":"has-default-attributes"},"_links":{"self":[{"href":"https:\/\/www.headshop.nl\/fr\/wp-json\/wp\/v2\/product\/82384","targetHints":{"allow":["GET"]}}],"collection":[{"href":"https:\/\/www.headshop.nl\/fr\/wp-json\/wp\/v2\/product"}],"about":[{"href":"https:\/\/www.headshop.nl\/fr\/wp-json\/wp\/v2\/types\/product"}],"wp:featuredmedia":[{"embeddable":true,"href":"https:\/\/www.headshop.nl\/fr\/wp-json\/wp\/v2\/media\/87971"}],"wp:attachment":[{"href":"https:\/\/www.headshop.nl\/fr\/wp-json\/wp\/v2\/media?parent=82384"}],"wp:term":[{"taxonomy":"product_brand","embeddable":true,"href":"https:\/\/www.headshop.nl\/fr\/wp-json\/wp\/v2\/product_brand?post=82384"},{"taxonomy":"product_cat","embeddable":true,"href":"https:\/\/www.headshop.nl\/fr\/wp-json\/wp\/v2\/product_cat?post=82384"},{"taxonomy":"product_tag","embeddable":true,"href":"https:\/\/www.headshop.nl\/fr\/wp-json\/wp\/v2\/product_tag?post=82384"}],"curies":[{"name":"wp","href":"https:\/\/api.w.org\/{rel}","templated":true}]}}