{"id":82381,"date":"2024-12-06T12:29:39","date_gmt":"2024-12-06T12:29:39","guid":{"rendered":"https:\/\/www.headshop.nl\/?post_type=product&#038;p=82381"},"modified":"2025-10-31T08:52:13","modified_gmt":"2025-10-31T08:52:13","slug":"shiitake-extract-capsules","status":"publish","type":"product","link":"https:\/\/www.headshop.nl\/fr\/shiitake-extract-capsules\/","title":{"rendered":"G\u00e9lules d'extrait de shiitake"},"content":{"rendered":"<h2>Que sont les McMyco Shiitake Capsules ?<\/h2>\n<p>McMyco Shiitake Capsules sont un compl\u00e9ment alimentaire de haute qualit\u00e9 contenant 100% d'extrait de champignon Shiitake, enrichi de vitamine C et de zinc pour apporter un soutien suppl\u00e9mentaire au syst\u00e8me immunitaire. Les g\u00e9lules sont fabriqu\u00e9es \u00e0 partir de la fructification du champignon Shiitake (Lentinula edodes), connu pour ses nombreux bienfaits pour la sant\u00e9. Ces champignons ne sont pas seulement appr\u00e9ci\u00e9s pour leur utilisation culinaire, mais aussi dans la m\u00e9decine traditionnelle pour leur capacit\u00e9 \u00e0 promouvoir le bien-\u00eatre.<\/p>\n<p>Les g\u00e9lules contiennent un extrait \u00e0 spectre complet, ce qui signifie qu'elles sont con\u00e7ues pour pr\u00e9server le large \u00e9ventail de compos\u00e9s b\u00e9n\u00e9fiques pr\u00e9sents dans les champignons, tels que les b\u00eata-glucanes et les polysaccharides. Ces compos\u00e9s sont cens\u00e9s renforcer la fonction immunitaire, am\u00e9liorer la sant\u00e9 intestinale et r\u00e9duire l'inflammation. En plus de ces ingr\u00e9dients actifs, chaque capsule est \u00e9galement enrichie en vitamine C, qui aide \u00e0 prot\u00e9ger les cellules des dommages oxydatifs et \u00e0 absorber le fer, et en zinc, qui soutient les fonctions cognitives et l'activit\u00e9 normale du syst\u00e8me immunitaire.<\/p>\n<hr \/>\n<h2>Histoire des champignons shiitake<\/h2>\n<p>Les champignons shiitake ont une longue histoire en Asie de l'Est, en particulier en Chine et au Japon, o\u00f9 ils sont cultiv\u00e9s depuis plus de mille ans. Le champignon shiitake, connu sous le nom de \"roi des champignons\", est r\u00e9put\u00e9 non seulement pour sa riche saveur umami, mais aussi pour ses propri\u00e9t\u00e9s m\u00e9dicinales. Dans la Chine ancienne, il \u00e9tait utilis\u00e9 pour traiter toute une s\u00e9rie de maladies, des d\u00e9ficiences du syst\u00e8me immunitaire aux probl\u00e8mes digestifs. Ces champignons \u00e9taient souvent r\u00e9serv\u00e9s \u00e0 l'\u00e9lite en raison des pouvoirs de gu\u00e9rison qu'on leur attribuait.<\/p>\n<p>La culture du shiitake a d\u00e9but\u00e9 au Japon, o\u00f9 il \u00e9tait cultiv\u00e9 sur des troncs d'arbre dans les for\u00eats, une pratique qui se poursuit encore aujourd'hui. Au fil du temps, les champignons shiitake se sont r\u00e9pandus dans le monde entier, gagnant en popularit\u00e9 \u00e0 la fois pour leur polyvalence culinaire et pour leurs bienfaits potentiels pour la sant\u00e9. Aujourd'hui, des \u00e9tudes scientifiques confirment bon nombre des utilisations traditionnelles du shiitake, notamment sa capacit\u00e9 \u00e0 renforcer la fonction immunitaire, \u00e0 promouvoir la sant\u00e9 intestinale et \u00e0 r\u00e9duire l'inflammation.<\/p>\n<hr \/>\n<h2>Comment utiliser McMyco Shiitake Capsules<\/h2>\n<p>Pour tirer le meilleur parti de McMyco Shiitake Capsules, il est recommand\u00e9 de prendre une g\u00e9lule deux fois par jour au cours d'un repas, accompagn\u00e9e d'eau. Ce dosage permet \u00e0 votre corps d'absorber correctement les ingr\u00e9dients actifs pour un b\u00e9n\u00e9fice maximal. Que vous cherchiez \u00e0 renforcer votre syst\u00e8me immunitaire ou \u00e0 am\u00e9liorer votre sant\u00e9 digestive, la r\u00e9gularit\u00e9 est essentielle. Les g\u00e9lules sont faciles \u00e0 incorporer dans votre routine quotidienne et peuvent \u00eatre prises en m\u00eame temps que d'autres compl\u00e9ments pour des b\u00e9n\u00e9fices optimaux en termes de sant\u00e9.<\/p>\n<p>Lors de l'utilisation des g\u00e9lules, il est important de respecter le dosage recommand\u00e9. Une prise sup\u00e9rieure \u00e0 la quantit\u00e9 sugg\u00e9r\u00e9e n'apportera pas n\u00e9cessairement de b\u00e9n\u00e9fices suppl\u00e9mentaires et pourrait entra\u00eener des effets secondaires inutiles. Les g\u00e9lules doivent toujours \u00eatre prises au cours d'un repas, afin d'am\u00e9liorer l'absorption des nutriments. Si vous n'\u00eates pas s\u00fbr de l'interaction entre le suppl\u00e9ment et d'autres m\u00e9dicaments ou conditions de sant\u00e9, il est sage de consulter votre fournisseur de soins de sant\u00e9.<\/p>\n<hr \/>\n<h2>Ingr\u00e9dients de McMyco Shiitake Capsules<\/h2>\n<p>Chaque g\u00e9lule de McMyco Shiitake contient 400 mg d'extrait de champignon Shiitake biologique, d\u00e9riv\u00e9 de 100% corps fructif\u00e8res. Cet extrait est \u00e0 spectre complet, ce qui signifie qu'il conserve toute la gamme des compos\u00e9s b\u00e9n\u00e9fiques pr\u00e9sents dans le Shiitake, y compris 30% b\u00eata-glucanes et polysaccharides, qui sont cens\u00e9s soutenir la fonction immunitaire et lutter contre l'inflammation. La formule est \u00e9galement enrichie de 15 mg de vitamine C et de 10 mg de zinc. La vitamine C joue un r\u00f4le crucial dans la synth\u00e8se du collag\u00e8ne et prot\u00e8ge contre les dommages oxydatifs, tandis que le zinc soutient le syst\u00e8me immunitaire et les fonctions cognitives.<\/p>\n<p>Les g\u00e9lules sont fabriqu\u00e9es \u00e0 partir d'ingr\u00e9dients v\u00e9g\u00e9tariens, ce qui garantit qu'elles conviennent \u00e0 un large \u00e9ventail de pr\u00e9f\u00e9rences alimentaires. Elles contiennent \u00e9galement de la cellulose microcristalline en tant qu'excipient, ce qui garantit la stabilit\u00e9 et la facilit\u00e9 de digestion des g\u00e9lules.<\/p>\n<hr \/>\n<p><strong>Avertissement<\/strong><br \/>\nMcMyco Shiitake Capsules est un compl\u00e9ment alimentaire et doit \u00eatre utilis\u00e9 comme tel. Ne pas d\u00e9passer la dose journali\u00e8re recommand\u00e9e. Tenir hors de port\u00e9e des enfants. Nous ne sommes pas des professionnels de la sant\u00e9 et ne pouvons pas poser de diagnostic m\u00e9dical, prescrire des traitements ou donner des conseils m\u00e9dicaux. Consultez votre m\u00e9decin avant d'utiliser ce produit si vous \u00eates enceinte, si vous allaitez ou si vous avez des probl\u00e8mes de sant\u00e9.<\/p>","protected":false},"excerpt":{"rendered":"<p>McMyco Shiitake Capsules est un compl\u00e9ment puissant compos\u00e9 de 100% d'extrait de champignon Shiitake, enrichi de vitamine C et de zinc pour le soutien immunitaire. Ces g\u00e9lules offrent un moyen naturel de renforcer la sant\u00e9 g\u00e9n\u00e9rale, en favorisant un syst\u00e8me immunitaire plus fort et une meilleure sant\u00e9 intestinale. Avec 30% b\u00eata-glucanes et polysaccharides, ces g\u00e9lules sont un moyen pratique de profiter des bienfaits des champignons Shiitake.<\/p>","protected":false},"featured_media":87973,"template":"","meta":[],"product_brand":[],"product_cat":[813,297,455,462,399],"product_tag":[978],"class_list":{"0":"post-82381","1":"product","2":"type-product","3":"status-publish","4":"has-post-thumbnail","6":"product_cat-mcmyco","7":"product_cat-all-products","8":"product_cat-healthshop","9":"product_cat-medicinal-mushrooms-healthshop","10":"product_cat-shroomshop","11":"product_tag-shrdeal","13":"first","14":"instock","15":"taxable","16":"shipping-taxable","17":"purchasable","18":"product-type-variable","19":"has-default-attributes"},"_links":{"self":[{"href":"https:\/\/www.headshop.nl\/fr\/wp-json\/wp\/v2\/product\/82381","targetHints":{"allow":["GET"]}}],"collection":[{"href":"https:\/\/www.headshop.nl\/fr\/wp-json\/wp\/v2\/product"}],"about":[{"href":"https:\/\/www.headshop.nl\/fr\/wp-json\/wp\/v2\/types\/product"}],"wp:featuredmedia":[{"embeddable":true,"href":"https:\/\/www.headshop.nl\/fr\/wp-json\/wp\/v2\/media\/87973"}],"wp:attachment":[{"href":"https:\/\/www.headshop.nl\/fr\/wp-json\/wp\/v2\/media?parent=82381"}],"wp:term":[{"taxonomy":"product_brand","embeddable":true,"href":"https:\/\/www.headshop.nl\/fr\/wp-json\/wp\/v2\/product_brand?post=82381"},{"taxonomy":"product_cat","embeddable":true,"href":"https:\/\/www.headshop.nl\/fr\/wp-json\/wp\/v2\/product_cat?post=82381"},{"taxonomy":"product_tag","embeddable":true,"href":"https:\/\/www.headshop.nl\/fr\/wp-json\/wp\/v2\/product_tag?post=82381"}],"curies":[{"name":"wp","href":"https:\/\/api.w.org\/{rel}","templated":true}]}}