{"id":81647,"date":"2024-10-22T11:35:04","date_gmt":"2024-10-22T11:35:04","guid":{"rendered":"https:\/\/www.headshop.nl\/?post_type=product&#038;p=81647"},"modified":"2025-10-16T07:02:43","modified_gmt":"2025-10-16T07:02:43","slug":"marshmallow-shrooms-grow-kit","status":"publish","type":"product","link":"https:\/\/www.headshop.nl\/fr\/marshmallow-shrooms-grow-kit\/","title":{"rendered":"Marshmallow Kit de culture de champignons"},"content":{"rendered":"<h2 dir=\"auto\">Que sont les champignons Marshmallow ?<\/h2>\n<p dir=\"auto\">Les champignons Marshmallow, une variante hybride unique de cubensis cr\u00e9\u00e9e par McSmart, sont con\u00e7us pour offrir une exp\u00e9rience psych\u00e9d\u00e9lique puissante. Connus sous le nom de \"bigger, fat, better\", ces champignons magiques sont appr\u00e9ci\u00e9s pour leur taille robuste et leurs effets puissants, ce qui en fait un choix exceptionnel pour les amateurs \u00e0 la recherche d'images vibrantes et d'un voyage immersif.<\/p>\n<p dir=\"auto\">Le kit de culture tout-en-un simplifie la culture, en fournissant tout ce qui est n\u00e9cessaire pour cultiver des champignons Marshmallow \u00e0 la maison, avec seulement de l'eau et des instructions de base. Avec un rendement d'environ 400-500 grammes lors de la premi\u00e8re r\u00e9colte et jusqu'\u00e0 trois r\u00e9coltes, le kit reste viable pendant environ six mois lorsqu'il est conserv\u00e9 \u00e0 une temp\u00e9rature comprise entre 2 et 4 \u00b0C. Il s'agit d'une option accessible et gratifiante pour les cultivateurs novices et exp\u00e9riment\u00e9s.<\/p>\n<h2 dir=\"auto\">Historique des champignons Marshmallow<\/h2>\n<p dir=\"auto\">D\u00e9velopp\u00e9s par McSmart, les champignons Marshmallow repr\u00e9sentent une perc\u00e9e dans la culture des champignons magiques gr\u00e2ce \u00e0 des ann\u00e9es de s\u00e9lection visant \u00e0 combiner les meilleures caract\u00e9ristiques de diverses souches de cubensis. Cet hybride a \u00e9t\u00e9 con\u00e7u pour une puissance \u00e9lev\u00e9e et des rendements substantiels, avec des fructifications plus grandes et plus denses qui donnent aux champignons leur aspect \"marshmallow\" distinctif.<\/p>\n<p dir=\"auto\">L'introduction du kit de culture tout-en-un a r\u00e9volutionn\u00e9 l'acc\u00e8s, permettant \u00e0 tout un chacun de cultiver ces champignons exceptionnels \u00e0 la maison. En \u00e9dition limit\u00e9e, les champignons Marshmallow incarnent une mycologie de pointe, offrant une exp\u00e9rience psych\u00e9d\u00e9lique puissante et constante qui les distingue dans le paysage \u00e9volutif des champignons alt\u00e9rant la conscience.<\/p>\n<h2 dir=\"auto\">Comment utiliser les champignons Marshmallow<\/h2>\n<p dir=\"auto\">La culture des champignons Marshmallow est facile \u00e0 utiliser gr\u00e2ce au kit de culture tout-en-un. Commencez par nettoyer vos mains et le kit, puis trempez-le dans de l'eau ti\u00e8de (20\u00b0C) pendant cinq minutes, \u00e9gouttez-le et placez-le dans le sac de culture fourni avec 200-250 ml d'eau. Fermez le sac, maintenez-le \u00e0 une temp\u00e9rature de 20-25\u00b0C \u00e0 l'abri de la lumi\u00e8re du soleil et assurez une humidit\u00e9 \u00e9lev\u00e9e jusqu'\u00e0 l'apparition des t\u00eates d'\u00e9pingle, au bout de 10-20 jours.<\/p>\n<p dir=\"auto\">Une fois que les t\u00eates d'\u00e9pingle se forment, a\u00e9rez le sac tous les jours et brumisez l\u00e9g\u00e8rement, en r\u00e9coltant les champignons juste avant que le voile ne se brise en les tordant doucement pour les faire sortir. Pour des r\u00e9coltes suppl\u00e9mentaires, r\u00e9p\u00e9tez le processus de trempage et de culture, ce qui permet aux cultivateurs amateurs d'obtenir des r\u00e9coltes multiples et de vivre une exp\u00e9rience enrichissante et puissante.<\/p>\n<h2 dir=\"auto\">Ingr\u00e9dients des champignons Marshmallow<\/h2>\n<p dir=\"auto\">Le composant principal de Marshmallow Shrooms est le Psilocybe Qubit, une souche hybride cubensis exclusive \u00e0 McSmart. Le kit de culture \"tout-en-un\" comprend un substrat pr\u00e9inocul\u00e9 et riche en nutriments adapt\u00e9 \u00e0 cette souche, un sac de culture avec des filtres \u00e0 air et deux trombones, fournissant tous les \u00e9l\u00e9ments essentiels pour la culture sans mat\u00e9riel suppl\u00e9mentaire.<\/p>\n<p dir=\"auto\">Le substrat favorise la croissance de champignons puissants et de grande taille, permettant d'obtenir 400 \u00e0 500 grammes dans des conditions optimales. La psilocybine et la psilocine, des compos\u00e9s naturels, produisent les effets psych\u00e9d\u00e9liques en influen\u00e7ant les r\u00e9cepteurs de la s\u00e9rotonine, produisant des hallucinations vives et une conscience alt\u00e9r\u00e9e sans n\u00e9cessiter d'additifs externes, ce qui garantit une puret\u00e9 naturelle.<\/p>\n<p dir=\"auto\"><strong>Avertissement<\/strong><\/p>\n<p dir=\"auto\">Marshmallow Les champignons contiennent de la psilocybine et de la psilocine, de puissants hallucinog\u00e8nes qui peuvent induire des effets intenses de modification de la conscience et des hallucinations. A utiliser avec pr\u00e9caution et \u00e0 tenir hors de port\u00e9e des enfants en raison de leurs fortes propri\u00e9t\u00e9s psychoactives.<\/p>\n<p dir=\"auto\">Consultez un professionnel en cas de doute sur leurs effets ou leur utilisation en toute s\u00e9curit\u00e9.<\/p>","protected":false},"excerpt":{"rendered":"<p>Meet les Marshmallow Shrooms, une vari\u00e9t\u00e9 hybride cubensis exclusive cr\u00e9\u00e9e par McSmart. Ces champignons se distinguent par leur taille plus grande et leurs effets plus puissants, offrant une exp\u00e9rience profonde et riche en sensations. Avec un rendement d'environ 500 grammes pour un kit de culture de 1200 cm3, ils procurent un voyage psych\u00e9d\u00e9lique robuste avec des images vives et des sensations profondes. Pour ceux qui cherchent \u00e0 repousser les limites de leur exp\u00e9rience psych\u00e9d\u00e9lique, les Limited Edition Marshmallow Shrooms sont \u00e0 essayer absolument.<\/p>","protected":false},"featured_media":81654,"template":"","meta":[],"product_brand":[],"product_cat":[400,297,399,626,384,834],"product_tag":[978],"class_list":{"0":"post-81647","1":"product","2":"type-product","3":"status-publish","4":"has-post-thumbnail","6":"product_cat-magic-mushroom-grow-kits","7":"product_cat-all-products","8":"product_cat-shroomshop","9":"product_cat-shroomshop-top-10","10":"product_cat-smartshop","11":"product_cat-strong-magic-mushrooms","12":"product_tag-shrdeal","13":"product_shipping_class-group-7","15":"first","16":"instock","17":"taxable","18":"shipping-taxable","19":"purchasable","20":"product-type-variable","21":"has-default-attributes"},"_links":{"self":[{"href":"https:\/\/www.headshop.nl\/fr\/wp-json\/wp\/v2\/product\/81647","targetHints":{"allow":["GET"]}}],"collection":[{"href":"https:\/\/www.headshop.nl\/fr\/wp-json\/wp\/v2\/product"}],"about":[{"href":"https:\/\/www.headshop.nl\/fr\/wp-json\/wp\/v2\/types\/product"}],"wp:featuredmedia":[{"embeddable":true,"href":"https:\/\/www.headshop.nl\/fr\/wp-json\/wp\/v2\/media\/81654"}],"wp:attachment":[{"href":"https:\/\/www.headshop.nl\/fr\/wp-json\/wp\/v2\/media?parent=81647"}],"wp:term":[{"taxonomy":"product_brand","embeddable":true,"href":"https:\/\/www.headshop.nl\/fr\/wp-json\/wp\/v2\/product_brand?post=81647"},{"taxonomy":"product_cat","embeddable":true,"href":"https:\/\/www.headshop.nl\/fr\/wp-json\/wp\/v2\/product_cat?post=81647"},{"taxonomy":"product_tag","embeddable":true,"href":"https:\/\/www.headshop.nl\/fr\/wp-json\/wp\/v2\/product_tag?post=81647"}],"curies":[{"name":"wp","href":"https:\/\/api.w.org\/{rel}","templated":true}]}}