{"id":78389,"date":"2023-10-11T10:42:19","date_gmt":"2023-10-11T10:42:19","guid":{"rendered":"https:\/\/www.headshop.nl\/?post_type=product&#038;p=78389"},"modified":"2025-10-10T01:26:26","modified_gmt":"2025-10-10T01:26:26","slug":"smart-x","status":"publish","type":"product","link":"https:\/\/www.headshop.nl\/fr\/smart-x\/","title":{"rendered":"Smart X"},"content":{"rendered":"<h2>Qu'est-ce que Smart X ?<\/h2>\n<p>Smart X est une pilule r\u00e9volutionnaire qui vous permet de passer \u00e0 la vitesse sup\u00e9rieure. Ce produit contient 6 g\u00e9lules, chacune contenant un m\u00e9lange d'ingr\u00e9dients naturels puissants con\u00e7us pour am\u00e9liorer votre exp\u00e9rience de la f\u00eate. Le Smart X est compos\u00e9 de 3 formules diff\u00e9rentes : 2 capsules rouges Speed X pour une \u00e9nergie turbo, 2 capsules roses Sexy X pour des sensations euphoriques, et 2 capsules orange Party X pour l'ultime ambiance de f\u00eate hollandaise. Chaque capsule est soigneusement \u00e9labor\u00e9e avec un m\u00e9lange d'ingr\u00e9dients pour aider \u00e0 stimuler l'\u00e9nergie, \u00e9lever l'humeur et promouvoir l'euphorie, garantissant une atmosph\u00e8re amusante et vibrante.<\/p>\n<p>Smart X est con\u00e7u pour ceux qui veulent vivre l'ultime soir\u00e9e de f\u00eate avec \u00e9nergie et excitation. Les capsules offrent la possibilit\u00e9 de m\u00e9langer et d'assortir diff\u00e9rentes formules, ce qui permet de cr\u00e9er une exp\u00e9rience festive personnalis\u00e9e. Que vous recherchiez plus d'\u00e9nergie ou un plaisir accru, Smart X offre une solution sur mesure pour rendre votre nuit inoubliable. Avec suffisamment de capsules pour deux personnes, c'est le compagnon id\u00e9al pour tous ceux qui veulent passer un moment inoubliable.<\/p>\n<h2>Histoire de Smart X<\/h2>\n<p>Smart X a \u00e9t\u00e9 cr\u00e9\u00e9 dans le but d'offrir une exp\u00e9rience festive unique qui combine les meilleurs aspects de l'\u00e9nergie, de l'euphorie et du plaisir. Le produit est une \u00e9volution de la gamme de pilules festives DNX, qui est populaire parmi les f\u00eatards depuis des ann\u00e9es. La combinaison de Speed X, Sexy X et Party X est le r\u00e9sultat de recherches et d'exp\u00e9rimentations approfondies visant \u00e0 cr\u00e9er le m\u00e9lange parfait d'ingr\u00e9dients susceptibles de rehausser l'atmosph\u00e8re de la f\u00eate.<\/p>\n<p>L'histoire de Smart X est profond\u00e9ment ancr\u00e9e dans le d\u00e9sir de fournir aux consommateurs un produit s\u00fbr, agr\u00e9able et puissant. Ses ingr\u00e9dients naturels sont soigneusement s\u00e9lectionn\u00e9s pour am\u00e9liorer \u00e0 la fois l'\u00e9nergie physique et le bien-\u00eatre mental, cr\u00e9ant ainsi une exp\u00e9rience inoubliable. Au fil du temps, Smart X est devenu l'un des meilleurs choix pour ceux qui recherchent une pilule festive de qualit\u00e9 sup\u00e9rieure offrant un m\u00e9lange \u00e9quilibr\u00e9 d'euphorie et d'\u00e9nergie. Aujourd'hui, il est connu pour \u00eatre un choix de premier ordre parmi les f\u00eatards qui veulent un coup de pouce qui dure toute la nuit.<\/p>\n<h2>Comment utiliser Smart X<\/h2>\n<p>L'utilisation de Smart X est simple et directe. Pour obtenir les meilleurs r\u00e9sultats, il est recommand\u00e9 de prendre la combinaison de g\u00e9lules souhait\u00e9e 30 \u00e0 45 minutes avant l'effet d\u00e9sir\u00e9 avec de l'eau ou du jus de fruit. La dose journali\u00e8re recommand\u00e9e est de 3 g\u00e9lules, et vous ne devez pas d\u00e9passer la dose journali\u00e8re maximale autoris\u00e9e.<\/p>\n<p>La flexibilit\u00e9 de Smart X vous permet de combiner les capsules en fonction de vos besoins. Par exemple, la combinaison des capsules roses Sexy X avec les capsules rouges Speed X cr\u00e9e un \u00e9quilibre parfait d'\u00e9nergie et d'euphorie. Par ailleurs, le m\u00e9lange des trois couleurs - rouge, rose et orange - offre une exp\u00e9rience intense con\u00e7ue pour une ambiance de f\u00eate hardcore. Soyez toujours \u00e0 l'\u00e9coute de votre corps et commencez par un dosage plus faible si vous \u00eates novice en mati\u00e8re de Smart X, puis ajustez-le en fonction de vos pr\u00e9f\u00e9rences personnelles.<\/p>\n<h2>Ingr\u00e9dients de Smart X<\/h2>\n<p>Smart X contient une puissante combinaison d'ingr\u00e9dients soigneusement s\u00e9lectionn\u00e9s pour leur capacit\u00e9 \u00e0 am\u00e9liorer votre exp\u00e9rience de la f\u00eate. La capsule rouge Speed X contient de la DL-Phenylalanine, de l'Eviodiamine, de la caf\u00e9ine et du citrus aurantium pour fournir un puissant regain d'\u00e9nergie. La capsule rose Sexy X contient des ingr\u00e9dients tels que l'extrait de Damiana, Gaba, Ginkgo Biloba, Kanna et la fleur de la passion, qui agissent ensemble pour favoriser l'euphorie, la relaxation et la clart\u00e9 mentale. La capsule orange Party X contient du Black Maca, de l'extrait de Kanna et du zinc, con\u00e7us pour aider \u00e0 \u00e9lever l'humeur et l'endurance.<\/p>\n<p>Chacun de ces ingr\u00e9dients joue un r\u00f4le cl\u00e9 dans l'obtention des effets d\u00e9sir\u00e9s, tels que l'augmentation de l'\u00e9nergie, l'am\u00e9lioration de l'humeur et l'augmentation du plaisir. Ces ingr\u00e9dients naturels sont m\u00e9lang\u00e9s dans des proportions pr\u00e9cises pour garantir une exp\u00e9rience \u00e9quilibr\u00e9e et efficace. La formulation de Smart X a \u00e9t\u00e9 d\u00e9velopp\u00e9e avec soin pour fournir des r\u00e9sultats constants et puissants, vous donnant la confiance n\u00e9cessaire pour profiter de votre f\u00eate sans vous soucier de la qualit\u00e9 ou de la s\u00e9curit\u00e9 du produit.<\/p>\n<p><strong>Avertissements :<\/strong><\/p>\n<p>Smart X ne doit pas \u00eatre utilis\u00e9 comme substitut d'un r\u00e9gime alimentaire vari\u00e9. Tenir hors de port\u00e9e des enfants. L'utilisation n'est autoris\u00e9e que pour les personnes \u00e2g\u00e9es de plus de 18 ans. Ne pas combiner avec des m\u00e9dicaments ou d'autres stimulants, en particulier en cas d'hypertension ou d'hypotension, de probl\u00e8mes cardiaques, de troubles de la thyro\u00efde, de maladies r\u00e9nales, de d\u00e9pression, de nervosit\u00e9, de troubles physiques ou mentaux ou d'utilisation d'inhibiteurs de la monoamine oxydase (MAO). Soyez prudent en cas de consommation excessive d'alcool. Consulter un professionnel de la sant\u00e9 en cas de doute.<\/p>","protected":false},"excerpt":{"rendered":"<p>Faites l'exp\u00e9rience de la f\u00eate ultime avec Smart X ! Cette pilule r\u00e9volutionnaire pour faire la f\u00eate allie \u00e9nergie, euphorie et sensations in\u00e9gal\u00e9es dans un m\u00e9lange magique de six g\u00e9lules naturelles. Que vous recherchiez un regain d'\u00e9nergie, une exp\u00e9rience sensuelle euphorisante ou la v\u00e9ritable vibration n\u00e9erlandaise Party, Smart X a tout ce qu'il vous faut. Parfait pour partager avec un ami ou un partenaire, ce set vous donne la libert\u00e9 de m\u00e9langer et d'assortir pour obtenir votre combo id\u00e9al pour la f\u00eate. Optez pour un Hardcore Sex Party en combinant le rose, le rouge et l'orange, et d\u00e9couvrez le plaisir ultime. Avec Smart X, chaque f\u00eate est une aventure inoubliable. M\u00e9langez, assortissez et appr\u00e9ciez avec Smart X - votre ticket pour des f\u00eates sans fin !<\/p>","protected":false},"featured_media":78397,"template":"","meta":[],"product_brand":[],"product_cat":[408,386,384,412],"product_tag":[],"class_list":{"0":"post-78389","1":"product","2":"type-product","3":"status-publish","4":"has-post-thumbnail","6":"product_cat-dnx","7":"product_cat-party-pills","8":"product_cat-smartshop","9":"product_cat-trippy-pills","11":"first","12":"instock","13":"taxable","14":"shipping-taxable","15":"purchasable","16":"product-type-variable","17":"has-default-attributes"},"_links":{"self":[{"href":"https:\/\/www.headshop.nl\/fr\/wp-json\/wp\/v2\/product\/78389","targetHints":{"allow":["GET"]}}],"collection":[{"href":"https:\/\/www.headshop.nl\/fr\/wp-json\/wp\/v2\/product"}],"about":[{"href":"https:\/\/www.headshop.nl\/fr\/wp-json\/wp\/v2\/types\/product"}],"wp:featuredmedia":[{"embeddable":true,"href":"https:\/\/www.headshop.nl\/fr\/wp-json\/wp\/v2\/media\/78397"}],"wp:attachment":[{"href":"https:\/\/www.headshop.nl\/fr\/wp-json\/wp\/v2\/media?parent=78389"}],"wp:term":[{"taxonomy":"product_brand","embeddable":true,"href":"https:\/\/www.headshop.nl\/fr\/wp-json\/wp\/v2\/product_brand?post=78389"},{"taxonomy":"product_cat","embeddable":true,"href":"https:\/\/www.headshop.nl\/fr\/wp-json\/wp\/v2\/product_cat?post=78389"},{"taxonomy":"product_tag","embeddable":true,"href":"https:\/\/www.headshop.nl\/fr\/wp-json\/wp\/v2\/product_tag?post=78389"}],"curies":[{"name":"wp","href":"https:\/\/api.w.org\/{rel}","templated":true}]}}