{"id":77217,"date":"2021-08-09T12:30:58","date_gmt":"2021-08-09T12:30:58","guid":{"rendered":"https:\/\/www.headshop.nl\/?post_type=product&#038;p=77217"},"modified":"2026-02-08T13:26:32","modified_gmt":"2026-02-08T13:26:32","slug":"mcmicrodose-starterkit","status":"publish","type":"product","link":"https:\/\/www.headshop.nl\/fr\/mcmicrodose-starterkit\/","title":{"rendered":"McMicrodose Starterkit"},"content":{"rendered":"<h2>McMicrodose Starterkit Truffes magiques pour Microdosing<\/h2>\n<p>McMicrodose Starter Le kit contient un blister avec des truffes dos\u00e9es Mexicana de 6x 1 gramme. Les truffes contiennent de la psilocybine naturelle et ont \u00e9t\u00e9 sp\u00e9cialement s\u00e9lectionn\u00e9es pour leurs propri\u00e9t\u00e9s permettant un microdosage optimal. Le kit Starter est id\u00e9al pour ceux qui veulent se familiariser avec le microdosage de truffes.<\/p>\n<p>Si vous avez d\u00e9j\u00e0 de l'exp\u00e9rience en mati\u00e8re de microdosage, vous pouvez passer \u00e0 : <a href=\"https:\/\/www.headshop.nl\/fr\/mcmicrodose-magic-truffles\/\">McMicrodose 2\u00d75 grammes ou 2\u00d710 grammes<\/a>. Ces produits offrent la possibilit\u00e9 de baser le microdosage davantage sur les besoins personnels.<\/p>","protected":false},"excerpt":{"rendered":"<p>McMicrodose est un produit de pointe pour ceux qui veulent explorer le monde excitant et b\u00e9n\u00e9fique des psych\u00e9d\u00e9liques tout en restant en toute s\u00e9curit\u00e9 en dessous du seuil de perception. Prenez McMicrodose aussi souvent qu'une fois par jour (les microdoseurs varient sur le nombre de jours par semaine qu'ils microdosent) pour vous-m\u00eame ou partagez-les avec vos amis ! Le Microdosing fait l'objet de recherches scientifiques, mais comme toute autre substance psychoactive, il ne doit pas \u00eatre consomm\u00e9 sans une formation ad\u00e9quate et des conseils de professionnels exp\u00e9riment\u00e9s.<\/p>","protected":false},"featured_media":77225,"template":"","meta":[],"product_brand":[],"product_cat":[401,297,831,402,925,812,706,398,399,384],"product_tag":[978],"class_list":{"0":"post-77217","1":"product","2":"type-product","3":"status-publish","4":"has-post-thumbnail","6":"product_cat-microdosing","7":"product_cat-all-products","8":"product_cat-beginner-magic-truffles","9":"product_cat-magic-truffles","10":"product_cat-mcmicrodose","11":"product_cat-mcsmart-truffles","12":"product_cat-microdosing-truffles","13":"product_cat-mushrooms","14":"product_cat-shroomshop","15":"product_cat-smartshop","16":"product_tag-shrdeal","17":"product_shipping_class-group-7","19":"first","20":"instock","21":"taxable","22":"shipping-taxable","23":"purchasable","24":"product-type-variable","25":"has-default-attributes"},"_links":{"self":[{"href":"https:\/\/www.headshop.nl\/fr\/wp-json\/wp\/v2\/product\/77217","targetHints":{"allow":["GET"]}}],"collection":[{"href":"https:\/\/www.headshop.nl\/fr\/wp-json\/wp\/v2\/product"}],"about":[{"href":"https:\/\/www.headshop.nl\/fr\/wp-json\/wp\/v2\/types\/product"}],"wp:featuredmedia":[{"embeddable":true,"href":"https:\/\/www.headshop.nl\/fr\/wp-json\/wp\/v2\/media\/77225"}],"wp:attachment":[{"href":"https:\/\/www.headshop.nl\/fr\/wp-json\/wp\/v2\/media?parent=77217"}],"wp:term":[{"taxonomy":"product_brand","embeddable":true,"href":"https:\/\/www.headshop.nl\/fr\/wp-json\/wp\/v2\/product_brand?post=77217"},{"taxonomy":"product_cat","embeddable":true,"href":"https:\/\/www.headshop.nl\/fr\/wp-json\/wp\/v2\/product_cat?post=77217"},{"taxonomy":"product_tag","embeddable":true,"href":"https:\/\/www.headshop.nl\/fr\/wp-json\/wp\/v2\/product_tag?post=77217"}],"curies":[{"name":"wp","href":"https:\/\/api.w.org\/{rel}","templated":true}]}}