{"id":75809,"date":"2023-10-10T09:09:04","date_gmt":"2023-10-10T09:09:04","guid":{"rendered":"https:\/\/www.headshop.nl\/?post_type=product&#038;p=75809"},"modified":"2025-06-06T06:27:13","modified_gmt":"2025-06-06T06:27:13","slug":"party-x","status":"publish","type":"product","link":"https:\/\/www.headshop.nl\/fr\/party-x\/","title":{"rendered":"Party X"},"content":{"rendered":"<h2>Que sont les capsules Party X Dutch Party ?<\/h2>\n<p>Party X Dutch Party Caps sont des compl\u00e9ments alimentaires cr\u00e9\u00e9s pour am\u00e9liorer votre exp\u00e9rience de la f\u00eate. Formul\u00e9es avec un m\u00e9lange unique d'ingr\u00e9dients naturels, ces capsules sont con\u00e7ues pour vous donner un effet euphorique et \u00e9nergisant. La formule est con\u00e7ue pour vous aider \u00e0 profiter pleinement des joies de la f\u00eate, en vous permettant de rester actif, social et engag\u00e9 lors de tout \u00e9v\u00e9nement. Id\u00e9al pour ceux qui veulent profiter au maximum de chaque instant, Party X est votre choix pour une exp\u00e9rience stimulante et inoubliable. Que vous dansiez jusqu'au bout de la nuit ou que vous vous retrouviez entre amis, les casquettes n\u00e9erlandaises Party X sont parfaites pour maintenir l'\u00e9nergie et assurer une atmosph\u00e8re anim\u00e9e lors de n'importe quelle f\u00eate.<\/p>\n<h2>Historique des capsules n\u00e9erlandaises Party X Party<\/h2>\n<p>Les casquettes Party X Dutch Party ont \u00e9t\u00e9 con\u00e7ues pour porter l'essence de la culture festive n\u00e9erlandaise sur la sc\u00e8ne mondiale. Connue pour ses f\u00eates vibrantes et amusantes, la culture festive hollandaise a inspir\u00e9 la cr\u00e9ation de ce produit. Les fondateurs ont cherch\u00e9 \u00e0 cr\u00e9er un suppl\u00e9ment qui pourrait correspondre \u00e0 l'\u00e9nergie et \u00e0 l'euphorie d'une f\u00eate hollandaise typique. Apr\u00e8s des ann\u00e9es de recherche et de tests, Party X a vu le jour, combinant des ingr\u00e9dients naturels puissants comme le Black Maca, l'extrait de Kanna et le zinc pour produire une formule qui capture l'esprit de n'importe quelle f\u00eate. Depuis son lancement, Party X est devenu un choix populaire pour les personnes qui cherchent \u00e0 am\u00e9liorer leur exp\u00e9rience de la f\u00eate, en veillant \u00e0 ce que chaque \u00e9v\u00e9nement soit rempli d'\u00e9nergie et de joie.<\/p>\n<h2>Comment utiliser les capsules Party X Dutch Party<\/h2>\n<p>Pour obtenir les meilleurs r\u00e9sultats avec Party X Dutch Party Caps, il suffit de prendre une g\u00e9lule 30 \u00e0 45 minutes avant d'en ressentir les effets. Pour des r\u00e9sultats optimaux, il est recommand\u00e9 de prendre la g\u00e9lule avec de l'eau ou du jus de fruit, ce qui facilite l'absorption. La dose journali\u00e8re recommand\u00e9e est de deux g\u00e9lules, et vous ne devez pas d\u00e9passer le maximum de deux g\u00e9lules par 24 heures. Ce timing vous permettra de ressentir les effets \u00e9nergisants et euphorisants exactement au moment o\u00f9 vous en avez le plus besoin, ce qui vous permettra de profiter de chaque instant de votre f\u00eate. Respectez toujours les instructions de dosage pour garantir une exp\u00e9rience s\u00fbre et agr\u00e9able. N'oubliez pas que le Party X est con\u00e7u pour am\u00e9liorer votre \u00e9nergie sociale et physique, alors ne le prenez que lorsque vous pr\u00e9voyez de vous engager dans des activit\u00e9s qui n\u00e9cessitent ce coup de pouce suppl\u00e9mentaire.<\/p>\n<h2>Ingr\u00e9dients de Party X Dutch Party Caps<\/h2>\n<p>Chaque g\u00e9lule v\u00e9g\u00e9tale de Party X Dutch Party Caps contient une puissante combinaison d'ingr\u00e9dients naturels soigneusement s\u00e9lectionn\u00e9s pour vous offrir une exp\u00e9rience festive compl\u00e8te. Les principaux ingr\u00e9dients comprennent l'acide ascorbique (80 mg), qui soutient le syst\u00e8me immunitaire et aide \u00e0 augmenter les niveaux d'\u00e9nergie. Le Black Maca (350 mg) est connu pour ses propri\u00e9t\u00e9s \u00e9nergisantes, tandis que l'extrait de Kanna (200 mg) est inclus pour ses effets stimulants sur l'humeur, vous aidant \u00e0 rester positif et social. Le zinc (10 mg) fait \u00e9galement partie de la formule, jouant un r\u00f4le crucial dans le maintien d'un m\u00e9tabolisme sain et soutenant l'\u00e9quilibre de votre corps. Ensemble, ces ingr\u00e9dients agissent en synergie pour fournir la formule parfaite pour am\u00e9liorer votre humeur, votre \u00e9nergie et votre engagement social, vous assurant ainsi de rester dans le coup tout au long de l'\u00e9v\u00e9nement.<\/p>\n<p><strong>Avertissement :<\/strong><\/p>\n<p>Ne pas utiliser ce compl\u00e9ment alimentaire comme substitut d'un r\u00e9gime alimentaire vari\u00e9. Tenir hors de port\u00e9e des enfants. N'utiliser que si vous avez plus de 18 ans. Ne pas utiliser en combinaison avec des m\u00e9dicaments ou d'autres stimulants, en particulier si vous souffrez d'hypertension ou d'hypotension, de probl\u00e8mes cardiaques, de troubles de la thyro\u00efde, de maladies r\u00e9nales, de d\u00e9pression, de nervosit\u00e9 ou de probl\u00e8mes mentaux\/physiques. \u00c9vitez la consommation excessive d'alcool pendant l'utilisation de ce produit. En cas de doute, consultez votre m\u00e9decin.<\/p>","protected":false},"excerpt":{"rendered":"<p><span data-sheets-value=\"{&quot;1&quot;:2,&quot;2&quot;:&quot;Immerse yourself in a realm of thrilling festivities with Party X from the DNX Partypills line, your key to accessing an exuberant party haven. Discover the endless energy and social magnetism emblematic of the iconic Dutch revelry, right within your grasp. With Party X, you're not merely attending a party; you're embarking on a jubilant cultural expedition that heightens the joy in every beat, every laugh, and every cherished exchange.\\n\\nYour Portal to the Pinnacle of Party Experiences\\n\\nParty X epitomizes the zenith of party enhancers, injecting the vivacious spirit of Dutch party culture into every soiree. Expertly crafted with a potent concoction of natural ingredients, Party X is sculpted to fashion an indelible experience, ensuring that you bask in every moment to its fullest extent.\\n\\nEcstasy, Vitality, and Social Harmony\\n\\nThe effects of Party X are commonly portrayed as euphoric, invigorating, and socially harmonizing. It transcends being just a party pill; it's your passport to surpassing commonplace social interactions and delving into a communal festivity. Party X is hailed as the Holy Dutch Grail of parties, emerging as a favored selection for party aficionados.\\n\\nParty X Dutch Party Caps - Your Quintessential Party Ally\\n\\nThe allure is encapsulated within the convenient Party X Dutch Party Caps, transforming each event into an unforgettable adventure. Whether you're ruling the dance floor or delving into meaningful dialogues, these party caps ensure a constant flow of energetic vibes and social synergy. Embrace the genuine spirit of festivity with Party X and elevate every gathering to an iconic status.\\n\\nRelish the Unforgettable with Party X from DNX Partypills\\n\\nElevate every celebration to an iconic stature with Party X from DNX Partypills, embodying the authentic essence of Dutch party culture in a pill. Each capsule not only delivers a burst of energy, but also a passport to a mesmerizing domain where every moment is intensified with joy and communal exuberance. The rhythmic beats, the melodious laughter, and the euphoric camaraderie beckon; with Party X, you're not just part of the party, you become the essence of the party.&quot;}\" data-sheets-userformat=\"{&quot;2&quot;:769,&quot;3&quot;:{&quot;1&quot;:0},&quot;11&quot;:3,&quot;12&quot;:0}\">Plongez dans un univers de festivit\u00e9s palpitantes avec Party X de la ligne DNX Partypills, votre cl\u00e9 d'acc\u00e8s \u00e0 un paradis de la f\u00eate exub\u00e9rante. D\u00e9couvrez l'\u00e9nergie in\u00e9puisable et le magn\u00e9tisme social embl\u00e9matique de l'embl\u00e9matique f\u00eate hollandaise, \u00e0 port\u00e9e de main. Avec Party X, vous ne vous contentez pas d'assister \u00e0 une f\u00eate ; vous vous embarquez dans une exp\u00e9dition culturelle jubilatoire qui exalte la joie de chaque rythme, de chaque rire et de chaque \u00e9change pr\u00e9cieux.<\/span><\/p>","protected":false},"featured_media":75813,"template":"","meta":[],"product_brand":[],"product_cat":[408,386,384,412],"product_tag":[],"class_list":{"0":"post-75809","1":"product","2":"type-product","3":"status-publish","4":"has-post-thumbnail","6":"product_cat-dnx","7":"product_cat-party-pills","8":"product_cat-smartshop","9":"product_cat-trippy-pills","10":"product_shipping_class-not-allowed-group-1","12":"first","13":"instock","14":"taxable","15":"shipping-taxable","16":"purchasable","17":"product-type-variable","18":"has-default-attributes"},"_links":{"self":[{"href":"https:\/\/www.headshop.nl\/fr\/wp-json\/wp\/v2\/product\/75809","targetHints":{"allow":["GET"]}}],"collection":[{"href":"https:\/\/www.headshop.nl\/fr\/wp-json\/wp\/v2\/product"}],"about":[{"href":"https:\/\/www.headshop.nl\/fr\/wp-json\/wp\/v2\/types\/product"}],"wp:featuredmedia":[{"embeddable":true,"href":"https:\/\/www.headshop.nl\/fr\/wp-json\/wp\/v2\/media\/75813"}],"wp:attachment":[{"href":"https:\/\/www.headshop.nl\/fr\/wp-json\/wp\/v2\/media?parent=75809"}],"wp:term":[{"taxonomy":"product_brand","embeddable":true,"href":"https:\/\/www.headshop.nl\/fr\/wp-json\/wp\/v2\/product_brand?post=75809"},{"taxonomy":"product_cat","embeddable":true,"href":"https:\/\/www.headshop.nl\/fr\/wp-json\/wp\/v2\/product_cat?post=75809"},{"taxonomy":"product_tag","embeddable":true,"href":"https:\/\/www.headshop.nl\/fr\/wp-json\/wp\/v2\/product_tag?post=75809"}],"curies":[{"name":"wp","href":"https:\/\/api.w.org\/{rel}","templated":true}]}}