{"id":75677,"date":"2023-09-26T14:01:50","date_gmt":"2023-09-26T14:01:50","guid":{"rendered":"https:\/\/www.headshop.nl\/?post_type=product&#038;p=75677"},"modified":"2026-02-23T01:26:20","modified_gmt":"2026-02-23T01:26:20","slug":"molly-x","status":"publish","type":"product","link":"https:\/\/www.headshop.nl\/fr\/molly-x\/","title":{"rendered":"Molly X"},"content":{"rendered":"<h2>Que sont les capsules Molly X Intense Ecstasy ?<\/h2>\n<p>Molly X Intense Ecstasy Caps est un compl\u00e9ment alimentaire sp\u00e9cialement formul\u00e9 pour am\u00e9liorer votre exp\u00e9rience de la f\u00eate. Ces capsules sont cr\u00e9\u00e9es pour fournir des effets puissants, euphoriques et immersifs, \u00e9levant votre humeur et votre \u00e9nergie. Que vous soyez dans une rave, un club ou n'importe quelle f\u00eate, Molly X vous aide \u00e0 vous immerger compl\u00e8tement dans le rythme de l'\u00e9v\u00e9nement, vous permettant de vivre la musique et l'\u00e9nergie comme jamais auparavant. Le m\u00e9lange d'ingr\u00e9dients naturels agit en synergie pour vous donner un sentiment accru de joie et de connexion, vous assurant de rester engag\u00e9 et \u00e9nergis\u00e9 tout au long de la nuit. Si vous \u00eates \u00e0 la recherche d'un stimulant intense et inoubliable pour votre soir\u00e9e, Molly X est le choix id\u00e9al pour faire passer votre f\u00eate au niveau sup\u00e9rieur.<\/p>\n<h2>Historique des capsules Molly X Intense Ecstasy<\/h2>\n<p>Les capsules Molly X Intense Ecstasy ont \u00e9t\u00e9 cr\u00e9\u00e9es dans un but pr\u00e9cis : offrir une exp\u00e9rience puissante et immersive aux f\u00eatards d\u00e9sireux d'\u00e9lever leurs nuits. Inspir\u00e9s par les environnements euphoriques et \u00e0 haute \u00e9nergie des f\u00eates de danse et des festivals, les cr\u00e9ateurs de Molly X voulaient cr\u00e9er un suppl\u00e9ment qui am\u00e9liorerait l'humeur et l'\u00e9nergie de la foule. Apr\u00e8s des recherches et des tests approfondis, ils ont mis au point un m\u00e9lange unique d'ingr\u00e9dients qui procurent le type d'exp\u00e9rience intense que les gens recherchent. Depuis son lancement, Molly X a \u00e9t\u00e9 adopt\u00e9 par ceux qui appr\u00e9cient le sentiment exaltant et lib\u00e9rateur de se connecter profond\u00e9ment \u00e0 la musique, \u00e0 la danse et aux interactions sociales. Aujourd'hui, il s'agit d'un produit de choix pour les personnes \u00e0 la recherche d'une exp\u00e9rience festive \u00e9nergique et inoubliable.<\/p>\n<h2>Comment utiliser Molly X Intense Ecstasy Caps<\/h2>\n<p>Pour utiliser Molly X Intense Ecstasy Caps efficacement, prenez une g\u00e9lule 30 \u00e0 45 minutes avant le moment o\u00f9 vous souhaitez ressentir les effets. La meilleure fa\u00e7on de consommer la g\u00e9lule est avec de l'eau ou du jus de fruit, ce qui facilite l'absorption. La dose journali\u00e8re recommand\u00e9e est de deux g\u00e9lules, mais il ne faut pas d\u00e9passer la limite maximale de deux g\u00e9lules par 24 heures. Le choix du moment est essentiel pour ressentir pleinement les effets euphorisants ; prenez donc les g\u00e9lules lorsque vous \u00eates pr\u00eat \u00e0 profiter pleinement de l'intensit\u00e9 de la f\u00eate. Suivez toujours attentivement les instructions de dosage pour vous assurer une exp\u00e9rience s\u00fbre et agr\u00e9able. Avec Molly X, vous serez pr\u00eat \u00e0 plonger dans un monde de sensations \u00e9lectrisantes et de joie inoubliable.<\/p>\n<h2>Ingr\u00e9dients de Molly X Intense Ecstasy Caps<\/h2>\n<p>Molly X Intense Ecstasy Caps contient une combinaison unique d'ingr\u00e9dients naturels, chacun choisi pour son r\u00f4le sp\u00e9cifique dans l'am\u00e9lioration de l'exp\u00e9rience de la f\u00eate. Le gingembre noir (300 mg) est inclus pour ses propri\u00e9t\u00e9s \u00e9nergisantes et stimulantes, vous aidant \u00e0 rester actif et engag\u00e9. La DL-Ph\u00e9nylalanine (200 mg) stimule l'humeur et favorise les sentiments d'euphorie, cr\u00e9ant ainsi l'atmosph\u00e8re mentale parfaite pour une f\u00eate. L'extrait de Kanna (100 mg) contribue \u00e0 r\u00e9duire le stress et \u00e0 augmenter les interactions sociales, ce qui vous permet de profiter pleinement de la compagnie des autres. Enfin, le zinc (10 mg) soutient les fonctions naturelles de votre corps et aide \u00e0 maintenir l'\u00e9quilibre tout au long de la nuit. Ensemble, ces ingr\u00e9dients forment un m\u00e9lange puissant qui offre une exp\u00e9rience immersive et euphorique, garantissant que Molly X est le compagnon de f\u00eate id\u00e9al.<\/p>\n<p><strong>Avertissement :<\/strong><\/p>\n<p>Ne pas utiliser ce compl\u00e9ment alimentaire comme substitut d'un r\u00e9gime alimentaire vari\u00e9. Tenir hors de port\u00e9e des enfants. N'utiliser que si vous avez plus de 18 ans. Ne pas utiliser en combinaison avec des m\u00e9dicaments ou d'autres stimulants, en particulier si vous souffrez d'hypertension ou d'hypotension, de probl\u00e8mes cardiaques, de troubles de la thyro\u00efde, de maladies r\u00e9nales, de d\u00e9pression, de nervosit\u00e9 ou de probl\u00e8mes mentaux\/physiques. \u00c9vitez la consommation excessive d'alcool pendant l'utilisation de ce produit. En cas de doute, consultez votre m\u00e9decin.<\/p>","protected":false},"excerpt":{"rendered":"<p>Revitalisez votre \u00e9nergie et plongez dans l'intensit\u00e9 avec les Dynamic Party Enhancers de Molly X ! Entrez dans un monde de vitalit\u00e9 illimit\u00e9e et d'exp\u00e9riences immersives avec les Dynamic Party Enhancers de Molly X - les catalyseurs ultimes con\u00e7us pour cr\u00e9er une atmosph\u00e8re de f\u00eate inoubliable. Con\u00e7u pour ceux qui ont soif d'intensit\u00e9, notre puissant m\u00e9lange d'ingr\u00e9dients naturels \u00e9l\u00e8vera votre exp\u00e9rience de la f\u00eate, vous permettant de transcender le chaos et de savourer pleinement l'\u00e9nergie vibrante qui vous enveloppe. Pr\u00e9parez-vous \u00e0 \u00eatre transport\u00e9 dans un royaume o\u00f9 l'euphorie \u00e9lectrisante et la joie illimit\u00e9e convergent, tout cela gr\u00e2ce \u00e0 Molly X.<\/p>","protected":false},"featured_media":75681,"template":"","meta":[],"product_brand":[],"product_cat":[408,386,384,412],"product_tag":[],"class_list":{"0":"post-75677","1":"product","2":"type-product","3":"status-publish","4":"has-post-thumbnail","6":"product_cat-dnx","7":"product_cat-party-pills","8":"product_cat-smartshop","9":"product_cat-trippy-pills","10":"product_shipping_class-not-allowed-group-1","12":"first","13":"instock","14":"taxable","15":"shipping-taxable","16":"purchasable","17":"product-type-variable","18":"has-default-attributes"},"_links":{"self":[{"href":"https:\/\/www.headshop.nl\/fr\/wp-json\/wp\/v2\/product\/75677","targetHints":{"allow":["GET"]}}],"collection":[{"href":"https:\/\/www.headshop.nl\/fr\/wp-json\/wp\/v2\/product"}],"about":[{"href":"https:\/\/www.headshop.nl\/fr\/wp-json\/wp\/v2\/types\/product"}],"wp:featuredmedia":[{"embeddable":true,"href":"https:\/\/www.headshop.nl\/fr\/wp-json\/wp\/v2\/media\/75681"}],"wp:attachment":[{"href":"https:\/\/www.headshop.nl\/fr\/wp-json\/wp\/v2\/media?parent=75677"}],"wp:term":[{"taxonomy":"product_brand","embeddable":true,"href":"https:\/\/www.headshop.nl\/fr\/wp-json\/wp\/v2\/product_brand?post=75677"},{"taxonomy":"product_cat","embeddable":true,"href":"https:\/\/www.headshop.nl\/fr\/wp-json\/wp\/v2\/product_cat?post=75677"},{"taxonomy":"product_tag","embeddable":true,"href":"https:\/\/www.headshop.nl\/fr\/wp-json\/wp\/v2\/product_tag?post=75677"}],"curies":[{"name":"wp","href":"https:\/\/api.w.org\/{rel}","templated":true}]}}