{"id":75383,"date":"2023-08-21T12:19:47","date_gmt":"2023-08-21T12:19:47","guid":{"rendered":"https:\/\/www.headshop.nl\/?post_type=product&#038;p=75383"},"modified":"2025-05-23T09:21:43","modified_gmt":"2025-05-23T09:21:43","slug":"mulungu","status":"publish","type":"product","link":"https:\/\/www.headshop.nl\/fr\/mulungu\/","title":{"rendered":"Mulungu"},"content":{"rendered":"<h2><strong>Mulungu tincture<\/strong><\/h2>\n<p><span data-sheets-value=\"{&quot;1&quot;:2,&quot;2&quot;:&quot;Discover the powerful properties of the Erythrina mulungu tree in a concentrated liquid form with our Mulungu Tincture. Hailing from the tropical regions of South America, this tree has been revered by indigenous communities for centuries, thanks to its believed calming and relaxing effects.\\n\\nOur Mulungu Tincture is carefully crafted through the extraction of the bark and bark of the Mulungu tree, concentrating the active components to ensure the efficacy of this natural supplement. With no synthetic or artificial ingredients, it seamlessly becomes a part of your daily routine.\\n\\nExperience the profound connection with nature by adding our Mulungu to water, tea, or your favorite drink. Integrate this powerful supplement into your daily regimen and embrace the harmony and serenity that Mulungu can offer. Unleash the potential of Mulungu with our revitalizing 10ml tincture.&quot;}\" data-sheets-userformat=\"{&quot;2&quot;:15235,&quot;3&quot;:{&quot;1&quot;:0},&quot;4&quot;:{&quot;1&quot;:2,&quot;2&quot;:15987699},&quot;10&quot;:2,&quot;11&quot;:3,&quot;12&quot;:0,&quot;14&quot;:{&quot;1&quot;:2,&quot;2&quot;:0},&quot;15&quot;:&quot;Calibri, sans-serif&quot;,&quot;16&quot;:12}\">Our Mulungu Tincture is carefully crafted through the extraction of the bark and bark of the Mulungu tree, concentrating the active components to ensure the efficacy of this natural supplement. With no synthetic or artificial ingredients, it seamlessly becomes a part of your daily routine.<\/span><\/p>\n<p>Experience the profound connection with nature by adding our Mulungu to water, tea, or your favorite drink. Integrate this powerful supplement into your daily regimen and embrace the harmony and serenity that Mulungu can offer. Unleash the potential of Mulungu with our revitalizing 10ml tincture.<\/p>\n<p><span data-sheets-value=\"{&quot;1&quot;:2,&quot;2&quot;:&quot;Dosage:\\nLow dosage: 1-2 drop per day.\\nHigh dosage: 3-5 drops per day.&quot;}\" data-sheets-userformat=\"{&quot;2&quot;:15235,&quot;3&quot;:{&quot;1&quot;:0},&quot;4&quot;:{&quot;1&quot;:2,&quot;2&quot;:15987699},&quot;10&quot;:2,&quot;11&quot;:3,&quot;12&quot;:0,&quot;14&quot;:{&quot;1&quot;:2,&quot;2&quot;:0},&quot;15&quot;:&quot;Calibri, sans-serif&quot;,&quot;16&quot;:12}\" data-sheets-formula=\"=GOOGLETRANSLATE(R[0]C[-1];&quot;NL&quot;;&quot;EN&quot;)\"><strong>Dosage:<\/strong><br \/>\nLow dosage: 1-2 drop per day.<br \/>\nHigh dosage: 3-5 drops per day.<\/span><\/p>\n<p><span data-sheets-value=\"{&quot;1&quot;:2,&quot;2&quot;:&quot;Ingredients: Erythrina Mulungu 12.5 extract, 20% alcohol.&quot;}\" data-sheets-userformat=\"{&quot;2&quot;:15235,&quot;3&quot;:{&quot;1&quot;:0},&quot;4&quot;:{&quot;1&quot;:2,&quot;2&quot;:15987699},&quot;10&quot;:2,&quot;11&quot;:3,&quot;12&quot;:0,&quot;14&quot;:{&quot;1&quot;:2,&quot;2&quot;:0},&quot;15&quot;:&quot;Calibri, sans-serif&quot;,&quot;16&quot;:12}\" data-sheets-formula=\"=GOOGLETRANSLATE(R[0]C[-1];&quot;NL&quot;;&quot;EN&quot;)\"><strong>Ingredients:<\/strong><br \/>\nErythrina Mulungu 12.5 extract, 20% alcohol.<\/span><\/p>\n<p><span data-sheets-value=\"{&quot;1&quot;:2,&quot;2&quot;:&quot;Warning:nKeep out of reach of children. Do not use with high or low blood pressure, heart and\/or lung complaints, diabetes, pregnancy, when using medicines, drugs or alcohol. Store dark and cool.&quot;}\" data-sheets-userformat=\"{&quot;2&quot;:15235,&quot;3&quot;:{&quot;1&quot;:0},&quot;4&quot;:{&quot;1&quot;:2,&quot;2&quot;:15987699},&quot;10&quot;:2,&quot;11&quot;:3,&quot;12&quot;:0,&quot;14&quot;:{&quot;1&quot;:2,&quot;2&quot;:0},&quot;15&quot;:&quot;Calibri, sans-serif&quot;,&quot;16&quot;:12}\" data-sheets-formula=\"=GOOGLETRANSLATE(R[0]C[-1];&quot;NL&quot;;&quot;EN&quot;)\"><strong>Warning:<\/strong><br \/>\nKeep out of reach of children. Do not use with high or low blood pressure, heart and\/or lung complaints, diabetes, pregnancy, when using medicines, drugs or alcohol. Store dark and cool.<\/span><\/p>\n","protected":false},"excerpt":{"rendered":"<p><span data-sheets-value=\"{&quot;1&quot;:2,&quot;2&quot;:&quot;Discover the powerful properties of the Erythrina mulungu tree in a concentrated liquid form with our Mulungu Tincture. Hailing from the tropical regions of South America, this tree has been revered by indigenous communities for centuries, thanks to its believed calming and relaxing effects.\\n\\nOur Mulungu Tincture is carefully crafted through the extraction of the bark and bark of the Mulungu tree, concentrating the active components to ensure the efficacy of this natural supplement. With no synthetic or artificial ingredients, it seamlessly becomes a part of your daily routine.\\n\\nExperience the profound connection with nature by adding our Mulungu to water, tea, or your favorite drink. Integrate this powerful supplement into your daily regimen and embrace the harmony and serenity that Mulungu can offer. Unleash the potential of Mulungu with our revitalizing 10ml tincture.&quot;}\" data-sheets-userformat=\"{&quot;2&quot;:15235,&quot;3&quot;:{&quot;1&quot;:0},&quot;4&quot;:{&quot;1&quot;:2,&quot;2&quot;:15987699},&quot;10&quot;:2,&quot;11&quot;:3,&quot;12&quot;:0,&quot;14&quot;:{&quot;1&quot;:2,&quot;2&quot;:0},&quot;15&quot;:&quot;Calibri, sans-serif&quot;,&quot;16&quot;:12}\">D\u00e9couvrez les puissantes propri\u00e9t\u00e9s de l'arbre Erythrina mulungu sous une forme liquide concentr\u00e9e avec notre teinture Mulungu. Originaire des r\u00e9gions tropicales d'Am\u00e9rique du Sud, cet arbre est v\u00e9n\u00e9r\u00e9 par les communaut\u00e9s indig\u00e8nes depuis des si\u00e8cles, gr\u00e2ce \u00e0 ses effets calmants et relaxants suppos\u00e9s.<\/span><\/p>","protected":false},"featured_media":75387,"template":"","meta":[],"product_brand":[],"product_cat":[902,297,903],"product_tag":[],"class_list":{"0":"post-75383","1":"product","2":"type-product","3":"status-publish","4":"has-post-thumbnail","6":"product_cat-shamanita","7":"product_cat-all-products","8":"product_cat-tinctures","10":"first","11":"instock","12":"taxable","13":"shipping-taxable","14":"purchasable","15":"product-type-variable","16":"has-default-attributes"},"_links":{"self":[{"href":"https:\/\/www.headshop.nl\/fr\/wp-json\/wp\/v2\/product\/75383","targetHints":{"allow":["GET"]}}],"collection":[{"href":"https:\/\/www.headshop.nl\/fr\/wp-json\/wp\/v2\/product"}],"about":[{"href":"https:\/\/www.headshop.nl\/fr\/wp-json\/wp\/v2\/types\/product"}],"wp:featuredmedia":[{"embeddable":true,"href":"https:\/\/www.headshop.nl\/fr\/wp-json\/wp\/v2\/media\/75387"}],"wp:attachment":[{"href":"https:\/\/www.headshop.nl\/fr\/wp-json\/wp\/v2\/media?parent=75383"}],"wp:term":[{"taxonomy":"product_brand","embeddable":true,"href":"https:\/\/www.headshop.nl\/fr\/wp-json\/wp\/v2\/product_brand?post=75383"},{"taxonomy":"product_cat","embeddable":true,"href":"https:\/\/www.headshop.nl\/fr\/wp-json\/wp\/v2\/product_cat?post=75383"},{"taxonomy":"product_tag","embeddable":true,"href":"https:\/\/www.headshop.nl\/fr\/wp-json\/wp\/v2\/product_tag?post=75383"}],"curies":[{"name":"wp","href":"https:\/\/api.w.org\/{rel}","templated":true}]}}