{"id":74816,"date":"2023-06-20T07:37:09","date_gmt":"2023-06-20T07:37:09","guid":{"rendered":"https:\/\/www.headshop.nl\/?post_type=product&#038;p=74816"},"modified":"2025-06-06T06:35:06","modified_gmt":"2025-06-06T06:35:06","slug":"trippy-x","status":"publish","type":"product","link":"https:\/\/www.headshop.nl\/fr\/trippy-x\/","title":{"rendered":"Trippy X"},"content":{"rendered":"<h2>Qu'est-ce que Trippy X ?<\/h2>\n<p>Trippy X est une pilule festive unique et puissante qui entra\u00eene les utilisateurs dans une aventure kal\u00e9idoscopique sans pr\u00e9c\u00e9dent. Il combine des ingr\u00e9dients naturels soigneusement choisis pour cr\u00e9er une exp\u00e9rience captivante qui am\u00e9liore votre perception et vous invite \u00e0 explorer les profondeurs de votre imagination. Que vous cherchiez \u00e0 rehausser une f\u00eate ou \u00e0 profiter d'un voyage personnel de d\u00e9couverte de soi, Trippy X offre une exp\u00e9rience inoubliable qui encourage la cr\u00e9ativit\u00e9, l'exploration et de nouvelles perspectives. Ces capsules sont formul\u00e9es pour favoriser une transformation visuelle et sensorielle, permettant aux utilisateurs de se connecter \u00e0 leur environnement d'une mani\u00e8re plus profonde. En am\u00e9liorant votre perception et en modifiant la fa\u00e7on dont vous percevez le monde qui vous entoure, Trippy X ouvre de nouveaux horizons de possibilit\u00e9s et de plaisir. Avec son m\u00e9lange unique d'ingr\u00e9dients naturels, Trippy X offre une exp\u00e9rience hypnotique qui vous transporte dans un monde de sensations et d'images vives, parfait pour ceux qui recherchent une aventure plus profonde et plus intense.<\/p>\n<h2>Histoire de Trippy X<\/h2>\n<p>Trippy X s'appuie sur des si\u00e8cles de tradition et de gu\u00e9rison naturelle, en incorporant des ingr\u00e9dients qui ont longtemps \u00e9t\u00e9 c\u00e9l\u00e9br\u00e9s pour leurs propri\u00e9t\u00e9s d'expansion de l'esprit. L'utilisation de plantes pour am\u00e9liorer les facult\u00e9s cognitives et perceptives remonte aux civilisations anciennes. Les cultures du monde entier ont exploit\u00e9 le pouvoir de la nature pour induire des \u00e9tats modifi\u00e9s de conscience, d\u00e9bloquant ainsi de nouvelles fa\u00e7ons de voir et d'exp\u00e9rimenter le monde. Trippy X est une \u00e9volution moderne de ces pratiques anciennes, combinant le meilleur de la sagesse traditionnelle avec la recherche de pointe en mati\u00e8re de suppl\u00e9ments naturels. Le m\u00e9lange d'ingr\u00e9dients de Trippy X est con\u00e7u pour maximiser l'exp\u00e9rience d'expansion de l'esprit, en aidant les utilisateurs \u00e0 exploiter leur cr\u00e9ativit\u00e9, leurs \u00e9motions et leur conscience sensorielle. Inspir\u00e9 par les voyages psych\u00e9d\u00e9liques du pass\u00e9, Trippy X vise \u00e0 offrir un moyen s\u00fbr et naturel d'explorer son monde int\u00e9rieur. En encapsulant ces ingr\u00e9dients puissants dans une forme facile \u00e0 consommer, Trippy X offre un moyen pratique et contr\u00f4l\u00e9 de se lancer dans un voyage d'exploration et de d\u00e9couverte de soi.<\/p>\n<h2>Comment utiliser Trippy X<\/h2>\n<p>Pour profiter pleinement des effets de Trippy X, prenez une g\u00e9lule 30 \u00e0 45 minutes avant l'effet d\u00e9sir\u00e9. Le dosage recommand\u00e9 est d'une g\u00e9lule, \u00e0 prendre avec de l'eau ou du jus de fruit pour une absorption optimale. Veillez \u00e0 respecter le dosage recommand\u00e9, car il est d\u00e9conseill\u00e9 de d\u00e9passer le maximum d'une g\u00e9lule par jour. Trippy X est con\u00e7u pour offrir une exp\u00e9rience profond\u00e9ment immersive et kal\u00e9idoscopique, et le choix du moment est essentiel pour s'assurer que vous profitez pleinement des effets. La formule agit graduellement, donc prendre la capsule au bon moment vous permet d'entrer dans le voyage quand vous \u00eates pr\u00eat \u00e0 l'appr\u00e9cier pleinement. Il est important de se rappeler que Trippy X est un suppl\u00e9ment puissant qui doit \u00eatre utilis\u00e9 avec respect. Que vous l'utilisiez lors d'une f\u00eate ou pour une exp\u00e9rience personnelle, le fait de cr\u00e9er un environnement ad\u00e9quat favorisera votre voyage. Assurez-vous toujours d'\u00eatre dans un espace s\u00fbr et confortable o\u00f9 vous pourrez profiter pleinement de l'exp\u00e9rience. Soyez pr\u00eat \u00e0 ouvrir votre esprit et \u00e0 explorer de nouvelles dimensions de cr\u00e9ativit\u00e9 et de perception.<\/p>\n<h2>Ingr\u00e9dients de Trippy X<\/h2>\n<p>Les g\u00e9lules Trippy X contiennent un m\u00e9lange unique d'ingr\u00e9dients soigneusement s\u00e9lectionn\u00e9s pour leurs propri\u00e9t\u00e9s d'expansion de l'esprit et de stimulation sensorielle. L'ingr\u00e9dient principal, le Baby Hawaiian Woodrose (175 mg), est utilis\u00e9 depuis des si\u00e8cles dans la m\u00e9decine traditionnelle pour sa capacit\u00e9 \u00e0 induire des visions vivantes et \u00e0 am\u00e9liorer la cr\u00e9ativit\u00e9. Il est connu pour sa puissance et sa capacit\u00e9 \u00e0 transporter les utilisateurs dans des \u00e9tats de conscience modifi\u00e9s. La passiflore 10% (250 mg) est un autre ingr\u00e9dient cl\u00e9, appr\u00e9ci\u00e9 pour ses effets calmants et sa capacit\u00e9 \u00e0 soulager l'anxi\u00e9t\u00e9, permettant aux utilisateurs d'entamer leur voyage avec un sentiment de facilit\u00e9 et de concentration. La passiflore aide \u00e9galement \u00e0 maintenir un \u00e9quilibre entre la relaxation et la stimulation, ce qui est essentiel pour une exp\u00e9rience agr\u00e9able. Le zinc (10 mg) est inclus pour soutenir la fonction cognitive globale et le bien-\u00eatre, en veillant \u00e0 ce que le corps puisse traiter pleinement les effets d'expansion de l'esprit des autres ingr\u00e9dients. Ensemble, ces ingr\u00e9dients cr\u00e9ent une formule puissante qui guide les utilisateurs dans un voyage kal\u00e9idoscopique, d\u00e9bloquant de nouvelles perceptions et des sensations accrues. Avec Trippy X, vous pouvez faire l'exp\u00e9rience d'un voyage plus profond et plus immersif qui stimule votre imagination et encourage le d\u00e9veloppement personnel.<\/p>\n<p><strong>Avertissement :<\/strong><\/p>\n<p>Ne pas utiliser ce compl\u00e9ment alimentaire comme substitut d'un r\u00e9gime alimentaire vari\u00e9. Tenir hors de port\u00e9e des enfants. N'utiliser que si vous avez plus de 18 ans. Ne pas utiliser en combinaison avec des m\u00e9dicaments ou d'autres stimulants, en particulier si vous souffrez d'hypertension ou d'hypotension, de probl\u00e8mes cardiaques, de troubles de la thyro\u00efde, de maladies r\u00e9nales, de d\u00e9pression, de nervosit\u00e9 ou de probl\u00e8mes de sant\u00e9 mentale\/physique. \u00c9vitez la consommation excessive d'alcool pendant l'utilisation de ce produit. En cas de doute, consultez votre m\u00e9decin.<\/p>","protected":false},"excerpt":{"rendered":"<p>Lib\u00e9rez la magie de votre esprit avec Trippy X, la premi\u00e8re pilule festive con\u00e7ue pour vous escorter dans un labyrinthe de teintes vibrantes et d'aventures sensorielles in\u00e9gal\u00e9es. Fabriqu\u00e9es avec une concoction distinctive d'ingr\u00e9dients d'origine terrestre, nos capsules kal\u00e9idoscopiques vous invitent \u00e0 une exploration transformatrice, dans les territoires inexplor\u00e9s de votre imagination. Abandonnez-vous \u00e0 la puissance captivante de Trippy X et pr\u00e9parez-vous \u00e0 \u00eatre \u00e9bloui par un voyage hypnotique comme vous n'en avez jamais connu auparavant. \u00c9levez votre exp\u00e9rience festive \u00e0 un niveau sup\u00e9rieur \u00e0 l'ordinaire avec Trippy X, votre passeport pour une escapade inoubliable et envo\u00fbtante.<\/p>","protected":false},"featured_media":75407,"template":"","meta":[],"product_brand":[],"product_cat":[408,386,384,412],"product_tag":[],"class_list":{"0":"post-74816","1":"product","2":"type-product","3":"status-publish","4":"has-post-thumbnail","6":"product_cat-dnx","7":"product_cat-party-pills","8":"product_cat-smartshop","9":"product_cat-trippy-pills","10":"product_shipping_class-not-allowed-group-3","12":"first","13":"instock","14":"taxable","15":"shipping-taxable","16":"purchasable","17":"product-type-variable","18":"has-default-attributes"},"_links":{"self":[{"href":"https:\/\/www.headshop.nl\/fr\/wp-json\/wp\/v2\/product\/74816","targetHints":{"allow":["GET"]}}],"collection":[{"href":"https:\/\/www.headshop.nl\/fr\/wp-json\/wp\/v2\/product"}],"about":[{"href":"https:\/\/www.headshop.nl\/fr\/wp-json\/wp\/v2\/types\/product"}],"wp:featuredmedia":[{"embeddable":true,"href":"https:\/\/www.headshop.nl\/fr\/wp-json\/wp\/v2\/media\/75407"}],"wp:attachment":[{"href":"https:\/\/www.headshop.nl\/fr\/wp-json\/wp\/v2\/media?parent=74816"}],"wp:term":[{"taxonomy":"product_brand","embeddable":true,"href":"https:\/\/www.headshop.nl\/fr\/wp-json\/wp\/v2\/product_brand?post=74816"},{"taxonomy":"product_cat","embeddable":true,"href":"https:\/\/www.headshop.nl\/fr\/wp-json\/wp\/v2\/product_cat?post=74816"},{"taxonomy":"product_tag","embeddable":true,"href":"https:\/\/www.headshop.nl\/fr\/wp-json\/wp\/v2\/product_tag?post=74816"}],"curies":[{"name":"wp","href":"https:\/\/api.w.org\/{rel}","templated":true}]}}