{"id":60094,"date":"2023-01-16T12:03:25","date_gmt":"2023-01-16T12:03:25","guid":{"rendered":"https:\/\/www.headshop.nl\/?post_type=product&#038;p=60094"},"modified":"2025-05-23T09:24:32","modified_gmt":"2025-05-23T09:24:32","slug":"cbd-sleep-well-gummies","status":"publish","type":"product","link":"https:\/\/www.headshop.nl\/fr\/cbd-sleep-well-gummies\/","title":{"rendered":"CBD Sleep Well Gummies"},"content":{"rendered":"<p><strong>CBD Sleep well Gummies (gommes \u00e0 m\u00e2cher) :<\/strong><br \/>\nLes probl\u00e8mes de sommeil sont fr\u00e9quents et ont un impact n\u00e9gatif majeur sur votre vie quotidienne. Si vous souffrez de nuits blanches, vous devriez prendre Dr. Candy CBD Sleep Well Gummies \u00e0 base de CBD et de m\u00e9latonine. Le CBD est connu pour ses propri\u00e9t\u00e9s s\u00e9datives et analg\u00e9siques. 1TP374La m\u00e9latonine est une substance que votre corps produit naturellement et qui joue un r\u00f4le dans la r\u00e9gulation du rythme veille-sommeil.<\/p>\n<p>Il y a peu de choses plus frustrantes que les troubles du sommeil. Pendant la journ\u00e9e, vous vous sentez somnolent, d\u00e9concentr\u00e9 et irrit\u00e9 parce que vous n'avez pas assez dormi. Mais lorsque vous vous mettez au lit le soir et que vous voulez profiter d'une nuit de sommeil paisible, vous restez \u00e9veill\u00e9, les yeux ouverts. Peut-\u00eatre que votre esprit tourne en rond ou que vous n'arrivez pas \u00e0 vous d\u00e9tendre physiquement. Certaines personnes s'endorment, mais se r\u00e9veillent soudainement au milieu de la nuit. Plus vous essayez de vous endormir, moins vous y parvenez.<\/p>\n<p>Les causes d'un sommeil perturb\u00e9 peuvent \u00eatre multiples. Par exemple, le stress et l'anxi\u00e9t\u00e9 peuvent expliquer que vous restiez \u00e9veill\u00e9, un rythme diurne et nocturne perturb\u00e9 ou m\u00eame des douleurs. Heureusement, le CBD et la m\u00e9latonine peuvent aider \u00e0 r\u00e9soudre bon nombre de ces probl\u00e8mes. Ce sont deux substances naturelles qui aident le corps et l'esprit \u00e0 se d\u00e9tendre, facilitant ainsi l'endormissement et un meilleur sommeil. Chaque Gummie Sleep Well contient 10 mg de CBD et 0,3 mg de m\u00e9latonine.<\/p>\n<p><strong>Utilisation :<\/strong><br \/>\nLe CBD agit dans le corps lorsqu'un miroir a \u00e9t\u00e9 cr\u00e9\u00e9. Vous construisez ce miroir en prenant du cannabidiol tous les jours. Nous recommandons toujours de commencer la premi\u00e8re semaine avec un ou plusieurs gommes par jour et d'augmenter si n\u00e9cessaire. Le CBD a de nombreuses propri\u00e9t\u00e9s positives. Une surdose de CBD est tr\u00e8s peu probable. Cependant, nous ne recommandons pas de prendre plus de 100 mg de CBD par jour.<\/p>\n<p><strong>Conseils de conservation :<\/strong><br \/>\nConservez ce produit de Dr. Candy dans un endroit frais et sombre, tel qu'un placard de cuisine, et gardez-le hors de port\u00e9e des enfants.<\/p>\n<p><strong>Ingr\u00e9dients :<\/strong><br \/>\nGlucose, sucre, colorants et ar\u00f4mes naturels, g\u00e9latine, acide citrique, CBD, Melatonine<\/p>\n<p><strong>Avertissement :<\/strong><br \/>\nCe produit ne convient pas aux femmes enceintes et aux enfants.<\/p>","protected":false},"excerpt":{"rendered":"<p>Les bonbons CBD Sleep Well Gummies font partie de la collection de bonbons de Dr. Candy et contiennent du CBD. Appr\u00e9ciez la douceur et profitez des nombreux bienfaits du CBD pour le corps et l'esprit. Ces bonbons sont parfaits pour les p\u00e9riodes interm\u00e9diaires ou simplement parce qu'ils sont savoureux. Dr. Candy est la marque de r\u00e9f\u00e9rence en mati\u00e8re de bonbons au CBD.<\/p>","protected":false},"featured_media":58142,"template":"","meta":[],"product_brand":[],"product_cat":[839,297,847],"product_tag":[],"class_list":{"0":"post-60094","1":"product","2":"type-product","3":"status-publish","4":"has-post-thumbnail","6":"product_cat-dr-candy","7":"product_cat-all-products","8":"product_cat-edibles-2","10":"first","11":"instock","12":"taxable","13":"shipping-taxable","14":"purchasable","15":"product-type-variable","16":"has-default-attributes"},"_links":{"self":[{"href":"https:\/\/www.headshop.nl\/fr\/wp-json\/wp\/v2\/product\/60094","targetHints":{"allow":["GET"]}}],"collection":[{"href":"https:\/\/www.headshop.nl\/fr\/wp-json\/wp\/v2\/product"}],"about":[{"href":"https:\/\/www.headshop.nl\/fr\/wp-json\/wp\/v2\/types\/product"}],"wp:featuredmedia":[{"embeddable":true,"href":"https:\/\/www.headshop.nl\/fr\/wp-json\/wp\/v2\/media\/58142"}],"wp:attachment":[{"href":"https:\/\/www.headshop.nl\/fr\/wp-json\/wp\/v2\/media?parent=60094"}],"wp:term":[{"taxonomy":"product_brand","embeddable":true,"href":"https:\/\/www.headshop.nl\/fr\/wp-json\/wp\/v2\/product_brand?post=60094"},{"taxonomy":"product_cat","embeddable":true,"href":"https:\/\/www.headshop.nl\/fr\/wp-json\/wp\/v2\/product_cat?post=60094"},{"taxonomy":"product_tag","embeddable":true,"href":"https:\/\/www.headshop.nl\/fr\/wp-json\/wp\/v2\/product_tag?post=60094"}],"curies":[{"name":"wp","href":"https:\/\/api.w.org\/{rel}","templated":true}]}}